{"id":1071,"date":"2024-05-16T07:17:36","date_gmt":"2024-05-16T05:17:36","guid":{"rendered":"https:\/\/www.foldingbikeshouse.com\/politica-de-privadesa\/"},"modified":"2025-12-11T11:33:16","modified_gmt":"2025-12-11T10:33:16","slug":"politica-de-privadesa","status":"publish","type":"page","link":"https:\/\/www.foldingbikeshouse.com\/ca\/politica-de-privadesa\/","title":{"rendered":"Pol\u00edtica de privadesa"},"content":{"rendered":"\t\t<div data-elementor-type=\"wp-page\" data-elementor-id=\"1071\" class=\"elementor elementor-1071 elementor-3\" data-elementor-settings=\"{&quot;ha_cmc_init_switcher&quot;:&quot;no&quot;}\" data-elementor-post-type=\"page\">\n\t\t\t\t<div class=\"elementor-element elementor-element-580a0002 e-flex e-con-boxed wpr-particle-no wpr-jarallax-no wpr-parallax-no wpr-sticky-section-no e-con e-parent\" data-id=\"580a0002\" data-element_type=\"container\" data-settings=\"{&quot;_ha_eqh_enable&quot;:false}\">\n\t\t\t\t\t<div class=\"e-con-inner\">\n\t\t\t\t<div class=\"elementor-element elementor-element-6abcf3ec elementor-widget elementor-widget-text-editor\" data-id=\"6abcf3ec\" data-element_type=\"widget\" data-widget_type=\"text-editor.default\">\n\t\t\t\t<div class=\"elementor-widget-container\">\n\t\t\t\t\t\t\t\t\t<div class=\"wpb_column vc_column_container vc_col-sm-12 mpc-column\" data-column-id=\"mpc_column-4866557a1be4e75\"><div class=\"vc_column-inner\"><div class=\"wpb_wrapper\"><div class=\"wpb_text_column wpb_content_element \"><div class=\"wpb_wrapper\"><table><tbody><tr><td colspan=\"2\" width=\"595\"><strong>RESPONSABLE<\/strong><\/td><\/tr><tr><td width=\"225\">Identitat i dades de contacte<\/td><td width=\"371\">Pedaloop, S.L.<\/td><\/tr><tr><td width=\"225\">NIF<\/td><td width=\"371\">B22776322<\/td><\/tr><tr><td width=\"225\">Direcci\u00f3 postal<\/td><td width=\"371\">Consell de Cent 72, Local 1, 08015 de Barcelona<\/td><\/tr><tr><td width=\"225\">Correu electr\u00f2nic<\/td><td width=\"371\"><a href=\"mailto:info@foldingbikeshouse.com\">info@foldingbikeshouse.com<\/a><\/td><\/tr><\/tbody><\/table><p>En compliment del que es disposa en l&#8217;article 11 de la Llei org\u00e0nica 3\/2018, de 5 de desembre, de Protecci\u00f3 de Dades Personals i garantia dels drets digitals (d&#8217;ara endavant, LOPDGDD), Pedaloop, S.L. l&#8217;informa que les dades de car\u00e0cter personal que ens proporcioni durant la seva navegaci\u00f3 i\/o mitjan\u00e7ant l&#8217;emplenament dels formularis del WEBSITE seran objecte de tractament per part de Pedaloop, S.L., el qual t\u00e9 per FINALITAT gestionar els serveis oferts. Tractem la informaci\u00f3 que ens facilita com a client i de les persones de contacte que participen de la relaci\u00f3 comercial durant el per\u00edode de vig\u00e8ncia de la mateixa per tal de mantenir la relaci\u00f3 contractual i comercial, realitzar tasques administratives relacionades amb aquests serveis i oferir-li un servei \u00f2ptim i de qualitat per mitj\u00e0 del WEBSITE i\/o la indicada a la cl\u00e0usula de protecci\u00f3 de dades que es troba al costat del formulari que vost\u00e8 acaba d&#8217;emplenar.<\/p><p><strong>COM UTILITZEM LES SEVES DADES?<\/strong><\/p><p><strong> <\/strong>En Pedaloop, S.L. tractem la informaci\u00f3 que ens faciliten els nostres clients, amb la finalitat de gestionar el seu enc\u00e0rrec de serveis jur\u00eddics.<\/p><p>Usem la informaci\u00f3 de qu\u00e8 disposem, segons les seves decisions, per proporcionar-li un servei de qualitat, aix\u00ed com per assegurar-ne el funcionament. La informaci\u00f3 proporcionada tamb\u00e9 us servir\u00e0 per accedir i utilitzar el nostre WEBSITE i proporcionar informaci\u00f3 sobre els productes i serveis que desitgi.<\/p><p>A m\u00e9s utilitzem la informaci\u00f3 de qu\u00e8 disposem per combatre conductes perjudicials, sospitoses o infraccions de les nostres condicions i pol\u00edtiques, detectar i prevenir spam i conservar la integritat dels nostres productes, serveis i dades recopilades, prenent les MESURES DE SEGURETAT pertinents conforme a les dades recopilades ia les finalitats del tractament per garantir la confidencialitat i seguretat de les seves dades de car\u00e0cter personal quan aquestes s\u00f3n objecte de tractament en la mesura que la nostra entitat t\u00e9 implantades les pol\u00edtiques de tractament i mesures de seguretat a qu\u00e8 fa refer\u00e8ncia la normativa europea vigent de protecci\u00f3 de dades. Les pol\u00edtiques de tractament i mesures de seguretat implantades en Pedaloop, S.L. tenen la finalitat d&#8217;evitar l&#8217;alteraci\u00f3, p\u00e8rdua, tractament o \u00fas no autoritzat de les seves dades de car\u00e0cter personal.<\/p><p>Tamb\u00e9 utilitzem la informaci\u00f3 que ens proporciona per respondre-us quan es posa en contacte amb nosaltres o per comunicar-nos amb vost\u00e8 en els casos en qu\u00e8 est\u00e0 legalment perm\u00e8s.<\/p><p>L&#8217;usuari, marcant i acceptant la casella corresponent a comunicacions comercials (check-box) consent expressament que Pedaloop, S.L. li remeti un NEWSLETTER (butllet\u00ed informatiu) amb novetats, missatges de m\u00e0rqueting, publicitat i\/o informacions relacionades amb la nostra entitat, els serveis que prestem i\/o els nostres productes, a m\u00e9s d&#8217;informar-lo sobre les nostres pol\u00edtiques i condicions.<\/p><p>Les dades recollides no seran tractades de manera incompatible amb els fins indicats.<\/p><p><em> <\/em><\/p><p><strong>QUINA INFORMACI\u00d3 RECOLLIM?<\/strong><\/p><p>El tipus d&#8217;informaci\u00f3 recollida per Pedaloop, S.L. dep\u00e8n de l&#8217;\u00fas que vost\u00e8 faci del WEBSITE, la informaci\u00f3 sobre la informaci\u00f3 que recopilem i com eliminar-la la trobar\u00e0 en l&#8217;apartat relatiu a l&#8217;exercici de drets d&#8217;aquesta Pol\u00edtica de Privacitat.<\/p><ul><li>Recopilem la informaci\u00f3 que ens proporciona quan navega pel nostre WEBSITE, espec\u00edficament les dades d&#8217;identificaci\u00f3 i registre incloses en formularis o dades i missatges que ens comuniqui mitjan\u00e7ant aquests. Aquestes dades poden incloure: el vostre nom i cognoms, tel\u00e8fon i correu electr\u00f2nic a m\u00e9s d&#8217;altres dades necess\u00e0ries per processar la vostra sol\u00b7licitud o comunicaci\u00f3.<\/li><li>Podem rebre informaci\u00f3 identificativa quan ens envieu un correu electr\u00f2nic o quan contacteu amb nosaltres.<\/li><li>Podem rebre, actualment o en un futur, informaci\u00f3 identificativa quan accediu o inicieu sessi\u00f3 en una altra p\u00e0gina, com per exemple una xarxa social, des del nostre WEBSITE. Aix\u00f2 pot incloure text i\/o imatges de la vostra informaci\u00f3 personal identificable disponible en aquestes terceres p\u00e0gines.<\/li><\/ul><p>La RESPOSTA als formularis plantejats per a rebre informaci\u00f3 dels serveis oferts per Pedaloop, S.L., aix\u00ed com de qualsevol altre q\u00fcestionari que pugui facilitar-se en un futur, \u00e9s totalment potestativa. No obstant aix\u00f2, la negativa del client o usuari a facilitar determinades dades podr\u00e0 impossibilitar la prestaci\u00f3 dels serveis oferts per Pedaloop, S.L. <\/p><p>Us informem que tamb\u00e9 utilitzem (o podem utilitzar) cookies mentre visita el nostre WEBSITE. Per a m\u00e9s informaci\u00f3 sobre el nostre \u00fas de cookies, si us plau, adreceu-vos a la nostra <em><u>\u201cPol\u00edtica de Cookies\u201d<\/u><\/em> <\/p><p><strong>D&#8217;ON PROCEDEIX LA INFORMACI\u00d3 RECOLLIDA?<\/strong><\/p><p>La informaci\u00f3 que recollim mitjan\u00e7ant el WEBSITE prov\u00e9 exclusivament de vosaltres. No rebem dades de tercers ni fonts d&#8217;acc\u00e9s p\u00fablic.<\/p><p><em> <\/em><\/p><p><strong>QUINA BASE LEGAL ENS LEGITIMA PER TRACTAR LES DADES RECOLLIDES?<\/strong><\/p><p>La base legal per al tractament de les vostres dades \u00e9s la seg\u00fcent:<\/p><ul><li>L&#8217;execuci\u00f3 del contracte en el qual vost\u00e8 \u00e9s part o l&#8217;empresa a la qual representa i Pedaloop, S.L. o per a l&#8217;aplicaci\u00f3 de mesures precontractuals.<\/li><li>El consentiment prestat mitjan\u00e7ant l&#8217;acceptaci\u00f3 expressa de la present Pol\u00edtica de privadesa, el qual pot revocar en qualsevol moment. Per a m\u00e9s informaci\u00f3 sobre la possibilitat de revocar el vostre consentiment adreceu-vos a l&#8217;apartat relatiu a l&#8217;exercici de drets d&#8217;aquesta Pol\u00edtica.<\/li><li>L&#8217;inter\u00e8s leg\u00edtim de Pedaloop, S.L.<\/li><li>El compliment d&#8217;obligacions legals de Pedaloop, S.L. <\/li><\/ul><p><strong>CONSERVEM LES SEVES DADES?<\/strong><\/p><p>Les dades personals proporcionades es conservaran durant el temps necessari per al compliment de les finalitats previstes del tractament. El temps durant el qual conservem les seves dades dependr\u00e0 de les finalitats per a les quals s\u00f3n recollits i el compliment d&#8217;obligacions legals de Pedaloop, S.L. Les dades es conservaran mentre no se sol\u00b7liciti la seva supressi\u00f3 per l&#8217;interessat. Per a m\u00e9s informaci\u00f3 sobre com suprimir les vostres dades, adreceu-vos a l&#8217;apartat referit a l&#8217;exercici de drets de la present Pol\u00edtica de Privadesa. Les dades obtingudes es conservaran durant el manteniment de l&#8217;enlla\u00e7 contractual amb el client i despr\u00e9s de la finalitzaci\u00f3 de la relaci\u00f3, fins que es puguin exigir responsabilitats d&#8217;acord amb la legislaci\u00f3 vigent en \u00e0mbit mercantil, fiscal i per complir les obligacions relacionades amb l&#8217;\u00e0mbit professional .<\/p><p><em> <\/em><br><strong>COM ACTUALITZEM LA SEVA INFORMACI\u00d3?<\/strong><\/p><p>Tota la informaci\u00f3 que faciliti l&#8217;usuari a trav\u00e9s del registre o emplenant els formularis del WEBSITE haur\u00e0 de ser vera\u00e7. D&#8217;igual forma, ser\u00e0 responsabilitat de l&#8217;usuari mantenir tota la informaci\u00f3 facilitada a Pedaloop, S.L. permanentment actualitzada de manera que respongui, a cada moment, a la situaci\u00f3 real de l&#8217;usuari. L&#8217;usuari ser\u00e0 l&#8217;\u00fanic responsable de les manifestacions falses o inexactes que realitzi i dels perjudicis que causi a Pedaloop, S.L. o a tercers per la informaci\u00f3 que faciliti. <\/p><p>Preguem que comuniqui de manera immediata a Pedaloop, S.L. qualsevol canvi o modificaci\u00f3 que es produeixi en relaci\u00f3 a les dades que ens ha proporcionat, amb la finalitat que aquests responguin amb veracitat a la seva situaci\u00f3 personal en tot moment.<\/p><p><strong>COM POT EXERCIR ELS SEUS DRETS?<\/strong><\/p><p>De conformitat amb la LOPDGDD, vost\u00e8 disposa dels drets seg\u00fcents:<\/p><ul><li>Dret a obtenir confirmaci\u00f3 sobre si en Pedaloop, S.L. estem tractant dades personals que el concerneixen, o no.<\/li><li>Dret a sol\u00b7licitar l&#8217;acc\u00e9s a les dades personals de qu\u00e8 disposem relatives a la vostra persona<\/li><li>Dret a sol\u00b7licitar la seva rectificaci\u00f3 o supressi\u00f3, per exemple, podr\u00e0 demanar que la seva adre\u00e7a de correu electr\u00f2nic es rectifiqui si la mateixa \u00e9s err\u00f2nia o demanar la supressi\u00f3 de les dades que Pedaloop, S.L. disposa quan, entre altres motius, ja no siguin necessaris per als fins que van ser recollits. En el moment de la supressi\u00f3 de les dades, nom\u00e9s les conservarem bloquejades per complir obligacions legals.<\/li><li>Dret a sol\u00b7licitar la limitaci\u00f3 del seu tractament, per exemple, t\u00e9 dret a limitar el tractament de les seves dades per a fins de m\u00e0rqueting, podent comunicar-se amb nosaltres perqu\u00e8 es doni de baixa la subscripci\u00f3 al NEWSLETTER o comunicacions comercials. En aquest cas, nom\u00e9s conservarem les dades per a lexercici o la defensa de reclamacions.<\/li><li>Dret a oposar-se al tractament i retirar el consentiment en qualsevol moment, per exemple, pot demanar a Pedaloop, S.L. deixi de tractar les seves dades, sense que aix\u00f2 afecti la licitud del tractament basat en el consentiment previ a la seva retirada, Pedaloop, S.L. deixant de tractar les dades excepte per motius leg\u00edtims o l&#8217;exercici o la defensa davant possibles reclamacions.<\/li><li>Dret a la portabilitat de les dades en suport automatitzat a un altre responsable en els sup\u00f2sits de tractament que permet la LOPDGDD.<\/li><\/ul><p>Podeu exercir aquests drets enviant un email a <a href=\"mailto:info@foldingbikeshouse.com\">info@foldingbikeshouse.com<\/a> qualsevol indicant a l&#8217;assumpte \u201cExercici de drets LOPDGDD\u201d i el contingut seg\u00fcent:<\/p><ul><li>El vostre nom i cognoms o nom d&#8217;usuari,<\/li><li>DNI\/NIE<\/li><li>Correu electr\u00f2nic<\/li><li>Dret que es vol exercir<\/li><li>Informaci\u00f3 sobre la qual voleu tenir acc\u00e9s, rectificar, suprimir, limitar el tractament o exercir el vostre dret de portabilitat<\/li><\/ul><p>Aix\u00ed mateix, els interessats podran <strong><em>presentar una reclamaci\u00f3<\/em><\/strong> davant l&#8217;Autoritat de Control en mat\u00e8ria de Protecci\u00f3 de Dades competent, especialment quan no hagi obtingut satisfacci\u00f3 en l&#8217;exercici dels seus drets, mitjan\u00e7ant el seg\u00fcent enlla\u00e7:<\/p><p><a href=\"https:\/\/sedeagpd.gob.es\/sede-electronica-web\/vistas\/formNuevaReclamacion\/solicitudReclamacion.jsf;jsessionid=58939FC9F6DAB8144DD8E79FC94D0A40\">https:\/\/sedeagpd.gob.es\/sede-electronica-web\/vistas\/formNuevaReclamacion\/solicitudReclamacion.jsf;jsessionid=58939FC9F6DAB8144DD8E79FC94D0A40<\/a><\/p><p><strong>TRANSFERIM O CEDIM LES SEVES DADES A TERCERS?<\/strong><\/p><p><strong> <\/strong><\/p><p>Les dades no es comunicaran ni transferiran a tercers, tret dels possibles Encarregats de Tractament (prove\u00efdor que presta servei a la nostra entitat).<\/p><p>Pedaloop, S.L. pot compartir la seva informaci\u00f3 amb diverses autoritats governamentals en resposta a compareixences, ordres judicials o altres processos legals o per a qualsevol altre assumpte requerit per la llei. Les vostres dades no es comunicaran a tercers excepte per obligaci\u00f3 legal a l&#8217;Ag\u00e8ncia Tribut\u00e0ria, Jutjats i Tribunals, a Bancs i Entitats financeres per a q\u00fcestions relacionades amb el pagament dels serveis i als nostres corresponsables en el cas que fos necessari per complir amb el servei encarregat.<\/p><p>Per a la vostra comoditat i inter\u00e8s podem proporcionar enlla\u00e7os a p\u00e0gines que gestionen organitzadors diferents (\u00abP\u00e0gines de tercers\u00bb). No divulguem la vostra informaci\u00f3 a aquestes P\u00e0gines de tercers sense el vostre consentiment. Tot i aix\u00ed, no aprovam i no som responsables de les pr\u00e0ctiques de privadesa d&#8217;aquestes p\u00e0gines. Si decidiu entrar en un enlla\u00e7 d&#8217;una d&#8217;aquestes p\u00e0gines de tercers, haur\u00edeu de revisar la Pol\u00edtica de Privadesa publicada en aquesta p\u00e0gina, per entendre com aquesta p\u00e0gina de tercers recull i utilitza les vostres dades personals.<\/p><\/div><\/div><\/div><\/div><\/div>\t\t\t\t\t\t\t\t<\/div>\n\t\t\t\t<\/div>\n\t\t\t\t\t<\/div>\n\t\t\t\t<\/div>\n\t\t\t\t<\/div>\n\t\t","protected":false},"excerpt":{"rendered":"<p>RESPONSABLE Identitat i dades de contacte Pedaloop, S.L. NIF B22776322 Direcci\u00f3 postal Consell de Cent 72, Local 1, 08015 de<\/p>\n","protected":false},"author":1,"featured_media":0,"parent":0,"menu_order":0,"comment_status":"closed","ping_status":"closed","template":"","meta":{"site-sidebar-layout":"default","site-content-layout":"","ast-site-content-layout":"","site-content-style":"default","site-sidebar-style":"default","ast-global-header-display":"","ast-banner-title-visibility":"","ast-main-header-display":"","ast-hfb-above-header-display":"","ast-hfb-below-header-display":"","ast-hfb-mobile-header-display":"","site-post-title":"","ast-breadcrumbs-content":"","ast-featured-img":"","footer-sml-layout":"","theme-transparent-header-meta":"","adv-header-id-meta":"","stick-header-meta":"","header-above-stick-meta":"","header-main-stick-meta":"","header-below-stick-meta":"","astra-migrate-meta-layouts":"default","ast-page-background-enabled":"default","ast-page-background-meta":{"desktop":{"background-color":"var(--ast-global-color-4)","background-image":"","background-repeat":"repeat","background-position":"center center","background-size":"auto","background-attachment":"scroll","background-type":"","background-media":"","overlay-type":"","overlay-color":"","overlay-gradient":""},"tablet":{"background-color":"","background-image":"","background-repeat":"repeat","background-position":"center center","background-size":"auto","background-attachment":"scroll","background-type":"","background-media":"","overlay-type":"","overlay-color":"","overlay-gradient":""},"mobile":{"background-color":"","background-image":"","background-repeat":"repeat","background-position":"center center","background-size":"auto","background-attachment":"scroll","background-type":"","background-media":"","overlay-type":"","overlay-color":"","overlay-gradient":""}},"ast-content-background-meta":{"desktop":{"background-color":"var(--ast-global-color-5)","background-image":"","background-repeat":"repeat","background-position":"center center","background-size":"auto","background-attachment":"scroll","background-type":"","background-media":"","overlay-type":"","overlay-color":"","overlay-gradient":""},"tablet":{"background-color":"var(--ast-global-color-5)","background-image":"","background-repeat":"repeat","background-position":"center center","background-size":"auto","background-attachment":"scroll","background-type":"","background-media":"","overlay-type":"","overlay-color":"","overlay-gradient":""},"mobile":{"background-color":"var(--ast-global-color-5)","background-image":"","background-repeat":"repeat","background-position":"center center","background-size":"auto","background-attachment":"scroll","background-type":"","background-media":"","overlay-type":"","overlay-color":"","overlay-gradient":""}},"footnotes":""},"categories":[],"bicicletas":[],"class_list":["post-1071","page","type-page","status-publish","hentry"],"yoast_head":"<!-- This site is optimized with the Yoast SEO plugin v27.4 - https:\/\/yoast.com\/product\/yoast-seo-wordpress\/ -->\n<title>Pol\u00edtica de privadesa - Folding Bikes House<\/title>\n<meta name=\"robots\" content=\"index, follow, max-snippet:-1, max-image-preview:large, max-video-preview:-1\" \/>\n<link rel=\"canonical\" href=\"https:\/\/www.foldingbikeshouse.com\/ca\/politica-de-privadesa\/\" \/>\n<meta property=\"og:locale\" content=\"ca_ES\" \/>\n<meta property=\"og:type\" content=\"article\" \/>\n<meta property=\"og:title\" content=\"Pol\u00edtica de privadesa - Folding Bikes House\" \/>\n<meta property=\"og:description\" content=\"RESPONSABLE Identitat i dades de contacte Pedaloop, S.L. NIF B22776322 Direcci\u00f3 postal Consell de Cent 72, Local 1, 08015 de\" \/>\n<meta property=\"og:url\" content=\"https:\/\/www.foldingbikeshouse.com\/ca\/politica-de-privadesa\/\" \/>\n<meta property=\"og:site_name\" content=\"Folding Bikes House\" \/>\n<meta property=\"article:publisher\" content=\"https:\/\/www.facebook.com\/foldingbikeshousebcn\/\" \/>\n<meta property=\"article:modified_time\" content=\"2025-12-11T10:33:16+00:00\" \/>\n<meta name=\"twitter:card\" content=\"summary_large_image\" \/>\n<meta name=\"twitter:label1\" content=\"Temps estimat de lectura\" \/>\n\t<meta name=\"twitter:data1\" content=\"9 minuts\" \/>\n<script type=\"application\/ld+json\" class=\"yoast-schema-graph\">{\"@context\":\"https:\\\/\\\/schema.org\",\"@graph\":[{\"@type\":\"WebPage\",\"@id\":\"https:\\\/\\\/www.foldingbikeshouse.com\\\/ca\\\/politica-de-privadesa\\\/\",\"url\":\"https:\\\/\\\/www.foldingbikeshouse.com\\\/ca\\\/politica-de-privadesa\\\/\",\"name\":\"Pol\u00edtica de privadesa - Folding Bikes House\",\"isPartOf\":{\"@id\":\"https:\\\/\\\/www.foldingbikeshouse.com\\\/ca\\\/#website\"},\"datePublished\":\"2024-05-16T05:17:36+00:00\",\"dateModified\":\"2025-12-11T10:33:16+00:00\",\"breadcrumb\":{\"@id\":\"https:\\\/\\\/www.foldingbikeshouse.com\\\/ca\\\/politica-de-privadesa\\\/#breadcrumb\"},\"inLanguage\":\"ca\",\"potentialAction\":[{\"@type\":\"ReadAction\",\"target\":[\"https:\\\/\\\/www.foldingbikeshouse.com\\\/ca\\\/politica-de-privadesa\\\/\"]}]},{\"@type\":\"BreadcrumbList\",\"@id\":\"https:\\\/\\\/www.foldingbikeshouse.com\\\/ca\\\/politica-de-privadesa\\\/#breadcrumb\",\"itemListElement\":[{\"@type\":\"ListItem\",\"position\":1,\"name\":\"Portada\",\"item\":\"https:\\\/\\\/www.foldingbikeshouse.com\\\/ca\\\/\"},{\"@type\":\"ListItem\",\"position\":2,\"name\":\"Pol\u00edtica de privadesa\"}]},{\"@type\":\"WebSite\",\"@id\":\"https:\\\/\\\/www.foldingbikeshouse.com\\\/ca\\\/#website\",\"url\":\"https:\\\/\\\/www.foldingbikeshouse.com\\\/ca\\\/\",\"name\":\"Folding Bikes House\",\"description\":\"\",\"publisher\":{\"@id\":\"https:\\\/\\\/www.foldingbikeshouse.com\\\/ca\\\/#organization\"},\"potentialAction\":[{\"@type\":\"SearchAction\",\"target\":{\"@type\":\"EntryPoint\",\"urlTemplate\":\"https:\\\/\\\/www.foldingbikeshouse.com\\\/ca\\\/?s={search_term_string}\"},\"query-input\":{\"@type\":\"PropertyValueSpecification\",\"valueRequired\":true,\"valueName\":\"search_term_string\"}}],\"inLanguage\":\"ca\"},{\"@type\":\"Organization\",\"@id\":\"https:\\\/\\\/www.foldingbikeshouse.com\\\/ca\\\/#organization\",\"name\":\"Folding Bikes House\",\"url\":\"https:\\\/\\\/www.foldingbikeshouse.com\\\/ca\\\/\",\"logo\":{\"@type\":\"ImageObject\",\"inLanguage\":\"ca\",\"@id\":\"https:\\\/\\\/www.foldingbikeshouse.com\\\/ca\\\/#\\\/schema\\\/logo\\\/image\\\/\",\"url\":\"https:\\\/\\\/www.foldingbikeshouse.com\\\/wp-content\\\/uploads\\\/2024\\\/05\\\/logofbh-1.png\",\"contentUrl\":\"https:\\\/\\\/www.foldingbikeshouse.com\\\/wp-content\\\/uploads\\\/2024\\\/05\\\/logofbh-1.png\",\"width\":900,\"height\":900,\"caption\":\"Folding Bikes House\"},\"image\":{\"@id\":\"https:\\\/\\\/www.foldingbikeshouse.com\\\/ca\\\/#\\\/schema\\\/logo\\\/image\\\/\"},\"sameAs\":[\"https:\\\/\\\/www.facebook.com\\\/foldingbikeshousebcn\\\/\",\"https:\\\/\\\/www.instagram.com\\\/foldingbikeshousebcn\\\/\",\"https:\\\/\\\/www.youtube.com\\\/channel\\\/UC4CfEpAN0fWBp-_ca86OvuA\"]}]}<\/script>\n<!-- \/ Yoast SEO plugin. -->","yoast_head_json":{"title":"Pol\u00edtica de privadesa - Folding Bikes House","robots":{"index":"index","follow":"follow","max-snippet":"max-snippet:-1","max-image-preview":"max-image-preview:large","max-video-preview":"max-video-preview:-1"},"canonical":"https:\/\/www.foldingbikeshouse.com\/ca\/politica-de-privadesa\/","og_locale":"ca_ES","og_type":"article","og_title":"Pol\u00edtica de privadesa - Folding Bikes House","og_description":"RESPONSABLE Identitat i dades de contacte Pedaloop, S.L. NIF B22776322 Direcci\u00f3 postal Consell de Cent 72, Local 1, 08015 de","og_url":"https:\/\/www.foldingbikeshouse.com\/ca\/politica-de-privadesa\/","og_site_name":"Folding Bikes House","article_publisher":"https:\/\/www.facebook.com\/foldingbikeshousebcn\/","article_modified_time":"2025-12-11T10:33:16+00:00","twitter_card":"summary_large_image","twitter_misc":{"Temps estimat de lectura":"9 minuts"},"schema":{"@context":"https:\/\/schema.org","@graph":[{"@type":"WebPage","@id":"https:\/\/www.foldingbikeshouse.com\/ca\/politica-de-privadesa\/","url":"https:\/\/www.foldingbikeshouse.com\/ca\/politica-de-privadesa\/","name":"Pol\u00edtica de privadesa - Folding Bikes House","isPartOf":{"@id":"https:\/\/www.foldingbikeshouse.com\/ca\/#website"},"datePublished":"2024-05-16T05:17:36+00:00","dateModified":"2025-12-11T10:33:16+00:00","breadcrumb":{"@id":"https:\/\/www.foldingbikeshouse.com\/ca\/politica-de-privadesa\/#breadcrumb"},"inLanguage":"ca","potentialAction":[{"@type":"ReadAction","target":["https:\/\/www.foldingbikeshouse.com\/ca\/politica-de-privadesa\/"]}]},{"@type":"BreadcrumbList","@id":"https:\/\/www.foldingbikeshouse.com\/ca\/politica-de-privadesa\/#breadcrumb","itemListElement":[{"@type":"ListItem","position":1,"name":"Portada","item":"https:\/\/www.foldingbikeshouse.com\/ca\/"},{"@type":"ListItem","position":2,"name":"Pol\u00edtica de privadesa"}]},{"@type":"WebSite","@id":"https:\/\/www.foldingbikeshouse.com\/ca\/#website","url":"https:\/\/www.foldingbikeshouse.com\/ca\/","name":"Folding Bikes House","description":"","publisher":{"@id":"https:\/\/www.foldingbikeshouse.com\/ca\/#organization"},"potentialAction":[{"@type":"SearchAction","target":{"@type":"EntryPoint","urlTemplate":"https:\/\/www.foldingbikeshouse.com\/ca\/?s={search_term_string}"},"query-input":{"@type":"PropertyValueSpecification","valueRequired":true,"valueName":"search_term_string"}}],"inLanguage":"ca"},{"@type":"Organization","@id":"https:\/\/www.foldingbikeshouse.com\/ca\/#organization","name":"Folding Bikes House","url":"https:\/\/www.foldingbikeshouse.com\/ca\/","logo":{"@type":"ImageObject","inLanguage":"ca","@id":"https:\/\/www.foldingbikeshouse.com\/ca\/#\/schema\/logo\/image\/","url":"https:\/\/www.foldingbikeshouse.com\/wp-content\/uploads\/2024\/05\/logofbh-1.png","contentUrl":"https:\/\/www.foldingbikeshouse.com\/wp-content\/uploads\/2024\/05\/logofbh-1.png","width":900,"height":900,"caption":"Folding Bikes House"},"image":{"@id":"https:\/\/www.foldingbikeshouse.com\/ca\/#\/schema\/logo\/image\/"},"sameAs":["https:\/\/www.facebook.com\/foldingbikeshousebcn\/","https:\/\/www.instagram.com\/foldingbikeshousebcn\/","https:\/\/www.youtube.com\/channel\/UC4CfEpAN0fWBp-_ca86OvuA"]}]}},"_links":{"self":[{"href":"https:\/\/www.foldingbikeshouse.com\/ca\/wp-json\/wp\/v2\/pages\/1071","targetHints":{"allow":["GET"]}}],"collection":[{"href":"https:\/\/www.foldingbikeshouse.com\/ca\/wp-json\/wp\/v2\/pages"}],"about":[{"href":"https:\/\/www.foldingbikeshouse.com\/ca\/wp-json\/wp\/v2\/types\/page"}],"author":[{"embeddable":true,"href":"https:\/\/www.foldingbikeshouse.com\/ca\/wp-json\/wp\/v2\/users\/1"}],"replies":[{"embeddable":true,"href":"https:\/\/www.foldingbikeshouse.com\/ca\/wp-json\/wp\/v2\/comments?post=1071"}],"version-history":[{"count":0,"href":"https:\/\/www.foldingbikeshouse.com\/ca\/wp-json\/wp\/v2\/pages\/1071\/revisions"}],"wp:attachment":[{"href":"https:\/\/www.foldingbikeshouse.com\/ca\/wp-json\/wp\/v2\/media?parent=1071"}],"wp:term":[{"taxonomy":"category","embeddable":true,"href":"https:\/\/www.foldingbikeshouse.com\/ca\/wp-json\/wp\/v2\/categories?post=1071"},{"taxonomy":"bicicletas","embeddable":true,"href":"https:\/\/www.foldingbikeshouse.com\/ca\/wp-json\/wp\/v2\/bicicletas?post=1071"}],"curies":[{"name":"wp","href":"https:\/\/api.w.org\/{rel}","templated":true}]}}