{"id":4905,"date":"2024-06-03T11:09:57","date_gmt":"2024-06-03T09:09:57","guid":{"rendered":"https:\/\/www.foldingbikeshouse.com\/brompton-edicions-especials\/"},"modified":"2024-06-03T11:58:06","modified_gmt":"2024-06-03T09:58:06","slug":"edicio-especial","status":"publish","type":"page","link":"https:\/\/www.foldingbikeshouse.com\/ca\/edicio-especial\/","title":{"rendered":"Brompton Edicions Especials"},"content":{"rendered":"\t\t<div data-elementor-type=\"wp-page\" data-elementor-id=\"4905\" class=\"elementor elementor-4905 elementor-4886\" data-elementor-settings=\"{&quot;ha_cmc_init_switcher&quot;:&quot;no&quot;}\" data-elementor-post-type=\"page\">\n\t\t\t\t<div class=\"elementor-element elementor-element-16784a1 e-flex e-con-boxed wpr-particle-no wpr-jarallax-no wpr-parallax-no wpr-sticky-section-no e-con e-parent\" data-id=\"16784a1\" data-element_type=\"container\" data-settings=\"{&quot;background_background&quot;:&quot;classic&quot;,&quot;_ha_eqh_enable&quot;:false}\">\n\t\t\t\t\t<div class=\"e-con-inner\">\n\t\t\t\t<div class=\"elementor-element elementor-element-876ff2d elementor-widget elementor-widget-heading\" data-id=\"876ff2d\" data-element_type=\"widget\" data-widget_type=\"heading.default\">\n\t\t\t\t<div class=\"elementor-widget-container\">\n\t\t\t\t\t<h1 class=\"elementor-heading-title elementor-size-default\">Coneix els nostres  <br>models especials Brompton!\n<\/h1>\t\t\t\t<\/div>\n\t\t\t\t<\/div>\n\t\t\t\t<div class=\"elementor-element elementor-element-e0f7322 elementor-widget elementor-widget-text-editor\" data-id=\"e0f7322\" data-element_type=\"widget\" data-widget_type=\"text-editor.default\">\n\t\t\t\t<div class=\"elementor-widget-container\">\n\t\t\t\t\t\t\t\t\t\n\nBrompton fabrica cada cert temps edicions limitades de bicicletes Brompton amb caracter\u00edstiques \u00faniques i singulars.\n\t\t\t\t\t\t\t\t<\/div>\n\t\t\t\t<\/div>\n\t\t\t\t\t<\/div>\n\t\t\t\t<\/div>\n\t\t<div class=\"elementor-element elementor-element-86eaa4f e-flex e-con-boxed wpr-particle-no wpr-jarallax-no wpr-parallax-no wpr-sticky-section-no e-con e-parent\" data-id=\"86eaa4f\" data-element_type=\"container\" data-settings=\"{&quot;_ha_eqh_enable&quot;:false}\">\n\t\t\t\t\t<div class=\"e-con-inner\">\n\t\t<div class=\"elementor-element elementor-element-091e1bc e-con-full e-flex wpr-particle-no wpr-jarallax-no wpr-parallax-no wpr-sticky-section-no e-con e-child\" data-id=\"091e1bc\" data-element_type=\"container\" data-settings=\"{&quot;_ha_eqh_enable&quot;:false}\">\n\t\t\t\t<div class=\"elementor-element elementor-element-052ecb3 elementor-widget elementor-widget-image\" data-id=\"052ecb3\" data-element_type=\"widget\" data-widget_type=\"image.default\">\n\t\t\t\t<div class=\"elementor-widget-container\">\n\t\t\t\t\t\t\t\t\t\t\t\t\t\t\t<img fetchpriority=\"high\" decoding=\"async\" width=\"800\" height=\"600\" src=\"https:\/\/www.foldingbikeshouse.com\/wp-content\/uploads\/2024\/06\/BROMPTON_BEAR_GRYLLS_5.jpg\" class=\"attachment-large size-large wp-image-4891\" alt=\"\" srcset=\"https:\/\/www.foldingbikeshouse.com\/wp-content\/uploads\/2024\/06\/BROMPTON_BEAR_GRYLLS_5.jpg 800w, https:\/\/www.foldingbikeshouse.com\/wp-content\/uploads\/2024\/06\/BROMPTON_BEAR_GRYLLS_5-300x225.jpg 300w, https:\/\/www.foldingbikeshouse.com\/wp-content\/uploads\/2024\/06\/BROMPTON_BEAR_GRYLLS_5-600x450.jpg 600w, https:\/\/www.foldingbikeshouse.com\/wp-content\/uploads\/2024\/06\/BROMPTON_BEAR_GRYLLS_5-768x576.jpg 768w\" sizes=\"(max-width: 800px) 100vw, 800px\" \/>\t\t\t\t\t\t\t\t\t\t\t\t\t\t\t<\/div>\n\t\t\t\t<\/div>\n\t\t\t\t<\/div>\n\t\t<div class=\"elementor-element elementor-element-1cdde94 e-con-full e-flex wpr-particle-no wpr-jarallax-no wpr-parallax-no wpr-sticky-section-no e-con e-child\" data-id=\"1cdde94\" data-element_type=\"container\" data-settings=\"{&quot;_ha_eqh_enable&quot;:false}\">\n\t\t\t\t<div class=\"elementor-element elementor-element-52f8bcc elementor-widget elementor-widget-heading\" data-id=\"52f8bcc\" data-element_type=\"widget\" data-widget_type=\"heading.default\">\n\t\t\t\t<div class=\"elementor-widget-container\">\n\t\t\t\t\t<h2 class=\"elementor-heading-title elementor-size-default\">Brompton x Bear Grylls<\/h2>\t\t\t\t<\/div>\n\t\t\t\t<\/div>\n\t\t\t\t<div class=\"elementor-element elementor-element-68c5cd5 elementor-widget elementor-widget-text-editor\" data-id=\"68c5cd5\" data-element_type=\"widget\" data-widget_type=\"text-editor.default\">\n\t\t\t\t<div class=\"elementor-widget-container\">\n\t\t\t\t\t\t\t\t\t<p><strong>Bear Grylls \u00e9s un aventurer brit\u00e0nic que traspassa els l\u00edmits de l&#8217;exploraci\u00f3 humana<\/strong> i mostra una passi\u00f3 indestructible per les aventures a l&#8217;aire lliure.<\/p>\n<div class=\"br-rte\">\n<div>\n<p>Els propietaris de bicicletes <strong>Brompton<\/strong> porten molt de temps <strong>fregant el l\u00edmit de l&#8217;aventura<\/strong> .<\/p>\n<p>Des de Heinz Stucke pedalant pel m\u00f3n fins a un cient\u00edfic muntant al Pol Sud. <strong>Inspirats per les seves aventures sense fi, ens encanta veure dies fora del com\u00fa amb la teva bici Brompton<\/strong> .<\/p>\n<\/div>\n<\/div>\n<p><script src=\"moz-extension:\/\/1a2375a1-956d-4f12-b3cc-c9d9694baf34\/js\/app.js\" type=\"text\/javascript\"><\/script><\/p>\n\t\t\t\t\t\t\t\t<\/div>\n\t\t\t\t<\/div>\n\t\t\t\t<\/div>\n\t\t\t\t\t<\/div>\n\t\t\t\t<\/div>\n\t\t<div class=\"elementor-element elementor-element-5fce390 e-flex e-con-boxed wpr-particle-no wpr-jarallax-no wpr-parallax-no wpr-sticky-section-no e-con e-parent\" data-id=\"5fce390\" data-element_type=\"container\" data-settings=\"{&quot;_ha_eqh_enable&quot;:false}\">\n\t\t\t\t\t<div class=\"e-con-inner\">\n\t\t<div class=\"elementor-element elementor-element-79c1084 e-con-full e-flex wpr-particle-no wpr-jarallax-no wpr-parallax-no wpr-sticky-section-no e-con e-child\" data-id=\"79c1084\" data-element_type=\"container\" data-settings=\"{&quot;_ha_eqh_enable&quot;:false}\">\n\t\t\t\t<div class=\"elementor-element elementor-element-9d86935 elementor-widget elementor-widget-image\" data-id=\"9d86935\" data-element_type=\"widget\" data-widget_type=\"image.default\">\n\t\t\t\t<div class=\"elementor-widget-container\">\n\t\t\t\t\t\t\t\t\t\t\t\t\t\t\t<img decoding=\"async\" width=\"1024\" height=\"683\" src=\"https:\/\/www.foldingbikeshouse.com\/wp-content\/uploads\/2024\/06\/Brompton_x_CHPT3_04-1024x683.jpg\" class=\"attachment-large size-large wp-image-4893\" alt=\"\" srcset=\"https:\/\/www.foldingbikeshouse.com\/wp-content\/uploads\/2024\/06\/Brompton_x_CHPT3_04-1024x683.jpg 1024w, https:\/\/www.foldingbikeshouse.com\/wp-content\/uploads\/2024\/06\/Brompton_x_CHPT3_04-600x400.jpg 600w, https:\/\/www.foldingbikeshouse.com\/wp-content\/uploads\/2024\/06\/Brompton_x_CHPT3_04-300x200.jpg 300w, https:\/\/www.foldingbikeshouse.com\/wp-content\/uploads\/2024\/06\/Brompton_x_CHPT3_04-768x512.jpg 768w, https:\/\/www.foldingbikeshouse.com\/wp-content\/uploads\/2024\/06\/Brompton_x_CHPT3_04.jpg 1180w\" sizes=\"(max-width: 1024px) 100vw, 1024px\" \/>\t\t\t\t\t\t\t\t\t\t\t\t\t\t\t<\/div>\n\t\t\t\t<\/div>\n\t\t\t\t<\/div>\n\t\t<div class=\"elementor-element elementor-element-40b3233 e-con-full e-flex wpr-particle-no wpr-jarallax-no wpr-parallax-no wpr-sticky-section-no e-con e-child\" data-id=\"40b3233\" data-element_type=\"container\" data-settings=\"{&quot;_ha_eqh_enable&quot;:false}\">\n\t\t\t\t<div class=\"elementor-element elementor-element-f563444 elementor-widget elementor-widget-heading\" data-id=\"f563444\" data-element_type=\"widget\" data-widget_type=\"heading.default\">\n\t\t\t\t<div class=\"elementor-widget-container\">\n\t\t\t\t\t<h2 class=\"elementor-heading-title elementor-size-default\">Brompton x CHPT3<\/h2>\t\t\t\t<\/div>\n\t\t\t\t<\/div>\n\t\t\t\t<div class=\"elementor-element elementor-element-14e2fa2 elementor-widget elementor-widget-text-editor\" data-id=\"14e2fa2\" data-element_type=\"widget\" data-widget_type=\"text-editor.default\">\n\t\t\t\t<div class=\"elementor-widget-container\">\n\t\t\t\t\t\t\t\t\t<div class=\"checkerboard__marketing-text br-rte\" data-v-1277f382=\"\">\n<p>L&#8217;\u00faltima col\u00b7laboraci\u00f3 de <strong>Brompton i CHPT3 inicia una nova etapa en la seva hist\u00f2ria i aporta una nova din\u00e0mica d&#8217;efic\u00e0cia provada<\/strong> .<\/p>\n<p>Despr\u00e9s de les darreres tres col\u00b7laboracions anteriors amb <strong>David Millar, amb CHPT3 passem a la p\u00e0gina 4, i l&#8217;horitz\u00f3 s&#8217;amplia<\/strong> . Una bicicleta que va n\u00e9ixer com a mitj\u00e0 de transport urb\u00e0 i es va convertir en l&#8217;eina de treball di\u00e0ria de David, un antic ciclista professional, <strong>ara gaudeix del suport d&#8217;una comunitat que no es conforma a anar del punt A al punt B<\/strong> .<\/p>\n<\/div>\n<p><script src=\"moz-extension:\/\/1a2375a1-956d-4f12-b3cc-c9d9694baf34\/js\/app.js\" type=\"text\/javascript\"><\/script><\/p>\n\t\t\t\t\t\t\t\t<\/div>\n\t\t\t\t<\/div>\n\t\t\t\t<\/div>\n\t\t\t\t\t<\/div>\n\t\t\t\t<\/div>\n\t\t<div class=\"elementor-element elementor-element-0914bfd e-flex e-con-boxed wpr-particle-no wpr-jarallax-no wpr-parallax-no wpr-sticky-section-no e-con e-parent\" data-id=\"0914bfd\" data-element_type=\"container\" data-settings=\"{&quot;_ha_eqh_enable&quot;:false}\">\n\t\t\t\t\t<div class=\"e-con-inner\">\n\t\t<div class=\"elementor-element elementor-element-103b20a e-con-full e-flex wpr-particle-no wpr-jarallax-no wpr-parallax-no wpr-sticky-section-no e-con e-child\" data-id=\"103b20a\" data-element_type=\"container\" data-settings=\"{&quot;_ha_eqh_enable&quot;:false}\">\n\t\t\t\t<div class=\"elementor-element elementor-element-f9e7b2d elementor-widget elementor-widget-image\" data-id=\"f9e7b2d\" data-element_type=\"widget\" data-widget_type=\"image.default\">\n\t\t\t\t<div class=\"elementor-widget-container\">\n\t\t\t\t\t\t\t\t\t\t\t\t\t\t\t<img decoding=\"async\" width=\"1024\" height=\"683\" src=\"https:\/\/www.foldingbikeshouse.com\/wp-content\/uploads\/2024\/06\/Barbour_Brompton_WEB_16-1024x683.webp\" class=\"attachment-large size-large wp-image-4895\" alt=\"\" srcset=\"https:\/\/www.foldingbikeshouse.com\/wp-content\/uploads\/2024\/06\/Barbour_Brompton_WEB_16-1024x683.webp 1024w, https:\/\/www.foldingbikeshouse.com\/wp-content\/uploads\/2024\/06\/Barbour_Brompton_WEB_16-600x400.webp 600w, https:\/\/www.foldingbikeshouse.com\/wp-content\/uploads\/2024\/06\/Barbour_Brompton_WEB_16-300x200.webp 300w, https:\/\/www.foldingbikeshouse.com\/wp-content\/uploads\/2024\/06\/Barbour_Brompton_WEB_16-768x512.webp 768w, https:\/\/www.foldingbikeshouse.com\/wp-content\/uploads\/2024\/06\/Barbour_Brompton_WEB_16.webp 1180w\" sizes=\"(max-width: 1024px) 100vw, 1024px\" \/>\t\t\t\t\t\t\t\t\t\t\t\t\t\t\t<\/div>\n\t\t\t\t<\/div>\n\t\t\t\t<\/div>\n\t\t<div class=\"elementor-element elementor-element-9da7aa5 e-con-full e-flex wpr-particle-no wpr-jarallax-no wpr-parallax-no wpr-sticky-section-no e-con e-child\" data-id=\"9da7aa5\" data-element_type=\"container\" data-settings=\"{&quot;_ha_eqh_enable&quot;:false}\">\n\t\t\t\t<div class=\"elementor-element elementor-element-fb867d0 elementor-widget elementor-widget-heading\" data-id=\"fb867d0\" data-element_type=\"widget\" data-widget_type=\"heading.default\">\n\t\t\t\t<div class=\"elementor-widget-container\">\n\t\t\t\t\t<h2 class=\"elementor-heading-title elementor-size-default\">Barbour x Brompton<\/h2>\t\t\t\t<\/div>\n\t\t\t\t<\/div>\n\t\t\t\t<div class=\"elementor-element elementor-element-29119b2 elementor-widget elementor-widget-text-editor\" data-id=\"29119b2\" data-element_type=\"widget\" data-widget_type=\"text-editor.default\">\n\t\t\t\t<div class=\"elementor-widget-container\">\n\t\t\t\t\t\t\t\t\t<p>L&#8217;edici\u00f3 especial de la bicicleta <strong>C Line Explore est\u00e0 pensada per a l&#8217;aventura<\/strong> .<\/p>\n<p>La col\u00b7laboraci\u00f3 entre <strong>Barbour i Brompton neix de la nostra experi\u00e8ncia compartida en el disseny i la fabricaci\u00f3 brit\u00e0nics<\/strong> . I de fabricar productes que siguin realment \u00fatils.<\/p>\n<p><script src=\"moz-extension:\/\/1a2375a1-956d-4f12-b3cc-c9d9694baf34\/js\/app.js\" type=\"text\/javascript\"><\/script><\/p>\n\t\t\t\t\t\t\t\t<\/div>\n\t\t\t\t<\/div>\n\t\t\t\t<\/div>\n\t\t\t\t\t<\/div>\n\t\t\t\t<\/div>\n\t\t\t\t<\/div>\n\t\t","protected":false},"excerpt":{"rendered":"<p>Coneix els nostres models especials Brompton! Brompton fabrica cada cert temps edicions limitades de bicicletes Brompton amb caracter\u00edstiques \u00faniques i<\/p>\n","protected":false},"author":1,"featured_media":0,"parent":0,"menu_order":0,"comment_status":"closed","ping_status":"closed","template":"","meta":{"site-sidebar-layout":"no-sidebar","site-content-layout":"","ast-site-content-layout":"full-width-container","site-content-style":"default","site-sidebar-style":"default","ast-global-header-display":"","ast-banner-title-visibility":"","ast-main-header-display":"","ast-hfb-above-header-display":"","ast-hfb-below-header-display":"","ast-hfb-mobile-header-display":"","site-post-title":"disabled","ast-breadcrumbs-content":"","ast-featured-img":"disabled","footer-sml-layout":"","theme-transparent-header-meta":"","adv-header-id-meta":"","stick-header-meta":"","header-above-stick-meta":"","header-main-stick-meta":"","header-below-stick-meta":"","astra-migrate-meta-layouts":"default","ast-page-background-enabled":"default","ast-page-background-meta":{"desktop":{"background-color":"var(--ast-global-color-4)","background-image":"","background-repeat":"repeat","background-position":"center center","background-size":"auto","background-attachment":"scroll","background-type":"","background-media":"","overlay-type":"","overlay-color":"","overlay-gradient":""},"tablet":{"background-color":"","background-image":"","background-repeat":"repeat","background-position":"center center","background-size":"auto","background-attachment":"scroll","background-type":"","background-media":"","overlay-type":"","overlay-color":"","overlay-gradient":""},"mobile":{"background-color":"","background-image":"","background-repeat":"repeat","background-position":"center center","background-size":"auto","background-attachment":"scroll","background-type":"","background-media":"","overlay-type":"","overlay-color":"","overlay-gradient":""}},"ast-content-background-meta":{"desktop":{"background-color":"var(--ast-global-color-5)","background-image":"","background-repeat":"repeat","background-position":"center center","background-size":"auto","background-attachment":"scroll","background-type":"","background-media":"","overlay-type":"","overlay-color":"","overlay-gradient":""},"tablet":{"background-color":"var(--ast-global-color-5)","background-image":"","background-repeat":"repeat","background-position":"center center","background-size":"auto","background-attachment":"scroll","background-type":"","background-media":"","overlay-type":"","overlay-color":"","overlay-gradient":""},"mobile":{"background-color":"var(--ast-global-color-5)","background-image":"","background-repeat":"repeat","background-position":"center center","background-size":"auto","background-attachment":"scroll","background-type":"","background-media":"","overlay-type":"","overlay-color":"","overlay-gradient":""}},"footnotes":""},"categories":[],"bicicletas":[],"class_list":["post-4905","page","type-page","status-publish","hentry"],"yoast_head":"<!-- This site is optimized with the Yoast SEO plugin v27.4 - https:\/\/yoast.com\/product\/yoast-seo-wordpress\/ -->\n<title>Brompton Edicions Especials Limitades a \u25c1 Folding Bikes House \u00ae<\/title>\n<meta name=\"description\" content=\"Vine a veure les nostres Edicions Especials \u2b50 a Brompton Premier Store Barcelona Center. Marca la Difer\u00e8ncia i Gaudeix de l\u00b4Exclusivitat dels models que portem per a tu. Entra a veure-les!\" \/>\n<meta name=\"robots\" content=\"index, follow, max-snippet:-1, max-image-preview:large, max-video-preview:-1\" \/>\n<link rel=\"canonical\" href=\"https:\/\/www.foldingbikeshouse.com\/ca\/edicio-especial\/\" \/>\n<meta property=\"og:locale\" content=\"ca_ES\" \/>\n<meta property=\"og:type\" content=\"article\" \/>\n<meta property=\"og:title\" content=\"Brompton Edicions Especials Limitades a \u25c1 Folding Bikes House \u00ae\" \/>\n<meta property=\"og:description\" content=\"Vine a veure les nostres Edicions Especials \u2b50 a Brompton Premier Store Barcelona Center. Marca la Difer\u00e8ncia i Gaudeix de l\u00b4Exclusivitat dels models que portem per a tu. Entra a veure-les!\" \/>\n<meta property=\"og:url\" content=\"https:\/\/www.foldingbikeshouse.com\/ca\/edicio-especial\/\" \/>\n<meta property=\"og:site_name\" content=\"Folding Bikes House\" \/>\n<meta property=\"article:publisher\" content=\"https:\/\/www.facebook.com\/foldingbikeshousebcn\/\" \/>\n<meta property=\"article:modified_time\" content=\"2024-06-03T09:58:06+00:00\" \/>\n<meta property=\"og:image\" content=\"https:\/\/www.foldingbikeshouse.com\/wp-content\/uploads\/2024\/06\/BROMPTON_BEAR_GRYLLS_5.jpg\" \/>\n<meta name=\"twitter:card\" content=\"summary_large_image\" \/>\n<meta name=\"twitter:label1\" content=\"Temps estimat de lectura\" \/>\n\t<meta name=\"twitter:data1\" content=\"1 minut\" \/>\n<script type=\"application\/ld+json\" class=\"yoast-schema-graph\">{\"@context\":\"https:\\\/\\\/schema.org\",\"@graph\":[{\"@type\":\"WebPage\",\"@id\":\"https:\\\/\\\/www.foldingbikeshouse.com\\\/ca\\\/edicio-especial\\\/\",\"url\":\"https:\\\/\\\/www.foldingbikeshouse.com\\\/ca\\\/edicio-especial\\\/\",\"name\":\"Brompton Edicions Especials Limitades a \u25c1 Folding Bikes House \u00ae\",\"isPartOf\":{\"@id\":\"https:\\\/\\\/www.foldingbikeshouse.com\\\/ca\\\/#website\"},\"primaryImageOfPage\":{\"@id\":\"https:\\\/\\\/www.foldingbikeshouse.com\\\/ca\\\/edicio-especial\\\/#primaryimage\"},\"image\":{\"@id\":\"https:\\\/\\\/www.foldingbikeshouse.com\\\/ca\\\/edicio-especial\\\/#primaryimage\"},\"thumbnailUrl\":\"https:\\\/\\\/www.foldingbikeshouse.com\\\/wp-content\\\/uploads\\\/2024\\\/06\\\/BROMPTON_BEAR_GRYLLS_5.jpg\",\"datePublished\":\"2024-06-03T09:09:57+00:00\",\"dateModified\":\"2024-06-03T09:58:06+00:00\",\"description\":\"Vine a veure les nostres Edicions Especials \u2b50 a Brompton Premier Store Barcelona Center. Marca la Difer\u00e8ncia i Gaudeix de l\u00b4Exclusivitat dels models que portem per a tu. Entra a veure-les!\",\"breadcrumb\":{\"@id\":\"https:\\\/\\\/www.foldingbikeshouse.com\\\/ca\\\/edicio-especial\\\/#breadcrumb\"},\"inLanguage\":\"ca\",\"potentialAction\":[{\"@type\":\"ReadAction\",\"target\":[\"https:\\\/\\\/www.foldingbikeshouse.com\\\/ca\\\/edicio-especial\\\/\"]}]},{\"@type\":\"ImageObject\",\"inLanguage\":\"ca\",\"@id\":\"https:\\\/\\\/www.foldingbikeshouse.com\\\/ca\\\/edicio-especial\\\/#primaryimage\",\"url\":\"https:\\\/\\\/www.foldingbikeshouse.com\\\/wp-content\\\/uploads\\\/2024\\\/06\\\/BROMPTON_BEAR_GRYLLS_5.jpg\",\"contentUrl\":\"https:\\\/\\\/www.foldingbikeshouse.com\\\/wp-content\\\/uploads\\\/2024\\\/06\\\/BROMPTON_BEAR_GRYLLS_5.jpg\"},{\"@type\":\"BreadcrumbList\",\"@id\":\"https:\\\/\\\/www.foldingbikeshouse.com\\\/ca\\\/edicio-especial\\\/#breadcrumb\",\"itemListElement\":[{\"@type\":\"ListItem\",\"position\":1,\"name\":\"Portada\",\"item\":\"https:\\\/\\\/www.foldingbikeshouse.com\\\/ca\\\/\"},{\"@type\":\"ListItem\",\"position\":2,\"name\":\"Brompton Edicions Especials\"}]},{\"@type\":\"WebSite\",\"@id\":\"https:\\\/\\\/www.foldingbikeshouse.com\\\/ca\\\/#website\",\"url\":\"https:\\\/\\\/www.foldingbikeshouse.com\\\/ca\\\/\",\"name\":\"Folding Bikes House\",\"description\":\"\",\"publisher\":{\"@id\":\"https:\\\/\\\/www.foldingbikeshouse.com\\\/ca\\\/#organization\"},\"potentialAction\":[{\"@type\":\"SearchAction\",\"target\":{\"@type\":\"EntryPoint\",\"urlTemplate\":\"https:\\\/\\\/www.foldingbikeshouse.com\\\/ca\\\/?s={search_term_string}\"},\"query-input\":{\"@type\":\"PropertyValueSpecification\",\"valueRequired\":true,\"valueName\":\"search_term_string\"}}],\"inLanguage\":\"ca\"},{\"@type\":\"Organization\",\"@id\":\"https:\\\/\\\/www.foldingbikeshouse.com\\\/ca\\\/#organization\",\"name\":\"Folding Bikes House\",\"url\":\"https:\\\/\\\/www.foldingbikeshouse.com\\\/ca\\\/\",\"logo\":{\"@type\":\"ImageObject\",\"inLanguage\":\"ca\",\"@id\":\"https:\\\/\\\/www.foldingbikeshouse.com\\\/ca\\\/#\\\/schema\\\/logo\\\/image\\\/\",\"url\":\"https:\\\/\\\/www.foldingbikeshouse.com\\\/wp-content\\\/uploads\\\/2024\\\/05\\\/logofbh-1.png\",\"contentUrl\":\"https:\\\/\\\/www.foldingbikeshouse.com\\\/wp-content\\\/uploads\\\/2024\\\/05\\\/logofbh-1.png\",\"width\":900,\"height\":900,\"caption\":\"Folding Bikes House\"},\"image\":{\"@id\":\"https:\\\/\\\/www.foldingbikeshouse.com\\\/ca\\\/#\\\/schema\\\/logo\\\/image\\\/\"},\"sameAs\":[\"https:\\\/\\\/www.facebook.com\\\/foldingbikeshousebcn\\\/\",\"https:\\\/\\\/www.instagram.com\\\/foldingbikeshousebcn\\\/\",\"https:\\\/\\\/www.youtube.com\\\/channel\\\/UC4CfEpAN0fWBp-_ca86OvuA\"]}]}<\/script>\n<!-- \/ Yoast SEO plugin. -->","yoast_head_json":{"title":"Brompton Edicions Especials Limitades a \u25c1 Folding Bikes House \u00ae","description":"Vine a veure les nostres Edicions Especials \u2b50 a Brompton Premier Store Barcelona Center. Marca la Difer\u00e8ncia i Gaudeix de l\u00b4Exclusivitat dels models que portem per a tu. Entra a veure-les!","robots":{"index":"index","follow":"follow","max-snippet":"max-snippet:-1","max-image-preview":"max-image-preview:large","max-video-preview":"max-video-preview:-1"},"canonical":"https:\/\/www.foldingbikeshouse.com\/ca\/edicio-especial\/","og_locale":"ca_ES","og_type":"article","og_title":"Brompton Edicions Especials Limitades a \u25c1 Folding Bikes House \u00ae","og_description":"Vine a veure les nostres Edicions Especials \u2b50 a Brompton Premier Store Barcelona Center. Marca la Difer\u00e8ncia i Gaudeix de l\u00b4Exclusivitat dels models que portem per a tu. Entra a veure-les!","og_url":"https:\/\/www.foldingbikeshouse.com\/ca\/edicio-especial\/","og_site_name":"Folding Bikes House","article_publisher":"https:\/\/www.facebook.com\/foldingbikeshousebcn\/","article_modified_time":"2024-06-03T09:58:06+00:00","og_image":[{"url":"https:\/\/www.foldingbikeshouse.com\/wp-content\/uploads\/2024\/06\/BROMPTON_BEAR_GRYLLS_5.jpg","type":"","width":"","height":""}],"twitter_card":"summary_large_image","twitter_misc":{"Temps estimat de lectura":"1 minut"},"schema":{"@context":"https:\/\/schema.org","@graph":[{"@type":"WebPage","@id":"https:\/\/www.foldingbikeshouse.com\/ca\/edicio-especial\/","url":"https:\/\/www.foldingbikeshouse.com\/ca\/edicio-especial\/","name":"Brompton Edicions Especials Limitades a \u25c1 Folding Bikes House \u00ae","isPartOf":{"@id":"https:\/\/www.foldingbikeshouse.com\/ca\/#website"},"primaryImageOfPage":{"@id":"https:\/\/www.foldingbikeshouse.com\/ca\/edicio-especial\/#primaryimage"},"image":{"@id":"https:\/\/www.foldingbikeshouse.com\/ca\/edicio-especial\/#primaryimage"},"thumbnailUrl":"https:\/\/www.foldingbikeshouse.com\/wp-content\/uploads\/2024\/06\/BROMPTON_BEAR_GRYLLS_5.jpg","datePublished":"2024-06-03T09:09:57+00:00","dateModified":"2024-06-03T09:58:06+00:00","description":"Vine a veure les nostres Edicions Especials \u2b50 a Brompton Premier Store Barcelona Center. Marca la Difer\u00e8ncia i Gaudeix de l\u00b4Exclusivitat dels models que portem per a tu. Entra a veure-les!","breadcrumb":{"@id":"https:\/\/www.foldingbikeshouse.com\/ca\/edicio-especial\/#breadcrumb"},"inLanguage":"ca","potentialAction":[{"@type":"ReadAction","target":["https:\/\/www.foldingbikeshouse.com\/ca\/edicio-especial\/"]}]},{"@type":"ImageObject","inLanguage":"ca","@id":"https:\/\/www.foldingbikeshouse.com\/ca\/edicio-especial\/#primaryimage","url":"https:\/\/www.foldingbikeshouse.com\/wp-content\/uploads\/2024\/06\/BROMPTON_BEAR_GRYLLS_5.jpg","contentUrl":"https:\/\/www.foldingbikeshouse.com\/wp-content\/uploads\/2024\/06\/BROMPTON_BEAR_GRYLLS_5.jpg"},{"@type":"BreadcrumbList","@id":"https:\/\/www.foldingbikeshouse.com\/ca\/edicio-especial\/#breadcrumb","itemListElement":[{"@type":"ListItem","position":1,"name":"Portada","item":"https:\/\/www.foldingbikeshouse.com\/ca\/"},{"@type":"ListItem","position":2,"name":"Brompton Edicions Especials"}]},{"@type":"WebSite","@id":"https:\/\/www.foldingbikeshouse.com\/ca\/#website","url":"https:\/\/www.foldingbikeshouse.com\/ca\/","name":"Folding Bikes House","description":"","publisher":{"@id":"https:\/\/www.foldingbikeshouse.com\/ca\/#organization"},"potentialAction":[{"@type":"SearchAction","target":{"@type":"EntryPoint","urlTemplate":"https:\/\/www.foldingbikeshouse.com\/ca\/?s={search_term_string}"},"query-input":{"@type":"PropertyValueSpecification","valueRequired":true,"valueName":"search_term_string"}}],"inLanguage":"ca"},{"@type":"Organization","@id":"https:\/\/www.foldingbikeshouse.com\/ca\/#organization","name":"Folding Bikes House","url":"https:\/\/www.foldingbikeshouse.com\/ca\/","logo":{"@type":"ImageObject","inLanguage":"ca","@id":"https:\/\/www.foldingbikeshouse.com\/ca\/#\/schema\/logo\/image\/","url":"https:\/\/www.foldingbikeshouse.com\/wp-content\/uploads\/2024\/05\/logofbh-1.png","contentUrl":"https:\/\/www.foldingbikeshouse.com\/wp-content\/uploads\/2024\/05\/logofbh-1.png","width":900,"height":900,"caption":"Folding Bikes House"},"image":{"@id":"https:\/\/www.foldingbikeshouse.com\/ca\/#\/schema\/logo\/image\/"},"sameAs":["https:\/\/www.facebook.com\/foldingbikeshousebcn\/","https:\/\/www.instagram.com\/foldingbikeshousebcn\/","https:\/\/www.youtube.com\/channel\/UC4CfEpAN0fWBp-_ca86OvuA"]}]}},"_links":{"self":[{"href":"https:\/\/www.foldingbikeshouse.com\/ca\/wp-json\/wp\/v2\/pages\/4905","targetHints":{"allow":["GET"]}}],"collection":[{"href":"https:\/\/www.foldingbikeshouse.com\/ca\/wp-json\/wp\/v2\/pages"}],"about":[{"href":"https:\/\/www.foldingbikeshouse.com\/ca\/wp-json\/wp\/v2\/types\/page"}],"author":[{"embeddable":true,"href":"https:\/\/www.foldingbikeshouse.com\/ca\/wp-json\/wp\/v2\/users\/1"}],"replies":[{"embeddable":true,"href":"https:\/\/www.foldingbikeshouse.com\/ca\/wp-json\/wp\/v2\/comments?post=4905"}],"version-history":[{"count":0,"href":"https:\/\/www.foldingbikeshouse.com\/ca\/wp-json\/wp\/v2\/pages\/4905\/revisions"}],"wp:attachment":[{"href":"https:\/\/www.foldingbikeshouse.com\/ca\/wp-json\/wp\/v2\/media?parent=4905"}],"wp:term":[{"taxonomy":"category","embeddable":true,"href":"https:\/\/www.foldingbikeshouse.com\/ca\/wp-json\/wp\/v2\/categories?post=4905"},{"taxonomy":"bicicletas","embeddable":true,"href":"https:\/\/www.foldingbikeshouse.com\/ca\/wp-json\/wp\/v2\/bicicletas?post=4905"}],"curies":[{"name":"wp","href":"https:\/\/api.w.org\/{rel}","templated":true}]}}