{"id":4907,"date":"2024-06-03T10:58:49","date_gmt":"2024-06-03T08:58:49","guid":{"rendered":"https:\/\/www.foldingbikeshouse.com\/sortides-brompton\/"},"modified":"2024-06-03T11:22:32","modified_gmt":"2024-06-03T09:22:32","slug":"sortides-brompton","status":"publish","type":"page","link":"https:\/\/www.foldingbikeshouse.com\/ca\/sortides-brompton\/","title":{"rendered":"Sortides Brompton"},"content":{"rendered":"\t\t<div data-elementor-type=\"wp-page\" data-elementor-id=\"4907\" class=\"elementor elementor-4907 elementor-4876\" data-elementor-settings=\"{&quot;ha_cmc_init_switcher&quot;:&quot;no&quot;}\" data-elementor-post-type=\"page\">\n\t\t\t\t<div class=\"elementor-element elementor-element-16784a1 e-flex e-con-boxed wpr-particle-no wpr-jarallax-no wpr-parallax-no wpr-sticky-section-no e-con e-parent\" data-id=\"16784a1\" data-element_type=\"container\" data-settings=\"{&quot;background_background&quot;:&quot;classic&quot;,&quot;_ha_eqh_enable&quot;:false}\">\n\t\t\t\t\t<div class=\"e-con-inner\">\n\t\t\t\t<div class=\"elementor-element elementor-element-876ff2d elementor-widget elementor-widget-heading\" data-id=\"876ff2d\" data-element_type=\"widget\" data-widget_type=\"heading.default\">\n\t\t\t\t<div class=\"elementor-widget-container\">\n\t\t\t\t\t<h1 class=\"elementor-heading-title elementor-size-default\">Sortides Brompton<\/h1>\t\t\t\t<\/div>\n\t\t\t\t<\/div>\n\t\t\t\t\t<\/div>\n\t\t\t\t<\/div>\n\t\t<div class=\"elementor-element elementor-element-86eaa4f e-flex e-con-boxed wpr-particle-no wpr-jarallax-no wpr-parallax-no wpr-sticky-section-no e-con e-parent\" data-id=\"86eaa4f\" data-element_type=\"container\" data-settings=\"{&quot;_ha_eqh_enable&quot;:false}\">\n\t\t\t\t\t<div class=\"e-con-inner\">\n\t\t<div class=\"elementor-element elementor-element-091e1bc e-con-full e-flex wpr-particle-no wpr-jarallax-no wpr-parallax-no wpr-sticky-section-no e-con e-child\" data-id=\"091e1bc\" data-element_type=\"container\" data-settings=\"{&quot;background_background&quot;:&quot;classic&quot;,&quot;_ha_eqh_enable&quot;:false}\">\n\t\t\t\t<div class=\"elementor-element elementor-element-23e4fb3 elementor-widget elementor-widget-spacer\" data-id=\"23e4fb3\" data-element_type=\"widget\" data-widget_type=\"spacer.default\">\n\t\t\t\t<div class=\"elementor-widget-container\">\n\t\t\t\t\t\t\t<div class=\"elementor-spacer\">\n\t\t\t<div class=\"elementor-spacer-inner\"><\/div>\n\t\t<\/div>\n\t\t\t\t\t\t<\/div>\n\t\t\t\t<\/div>\n\t\t\t\t<\/div>\n\t\t<div class=\"elementor-element elementor-element-1cdde94 e-con-full e-flex wpr-particle-no wpr-jarallax-no wpr-parallax-no wpr-sticky-section-no e-con e-child\" data-id=\"1cdde94\" data-element_type=\"container\" data-settings=\"{&quot;_ha_eqh_enable&quot;:false}\">\n\t\t\t\t<div class=\"elementor-element elementor-element-68c5cd5 elementor-widget elementor-widget-text-editor\" data-id=\"68c5cd5\" data-element_type=\"widget\" data-widget_type=\"text-editor.default\">\n\t\t\t\t<div class=\"elementor-widget-container\">\n\t\t\t\t\t\t\t\t\t<p>A Folding Bike House promovem la socialitzaci\u00f3 de la nostra passi\u00f3 pel ciclisme i per aix\u00f2  <strong>organitzem de forma peri\u00f2dica sortides urbanes  <\/strong><strong>amb els nostres clients i amics<\/strong>, en qu\u00e8 gaudim tant de les nostres Brompton com de propostes originals a cada sortida: Microteatre, Fabricaci\u00f3 de Cervesa artesanal, Visites a monuments desconeguts, Un restaurant nom\u00e9s per a nosaltres, Un cocktail en una terrassa espectacular\u2026 alguna parelleta ha sortit d&#8217;aqu\u00ed  <strong>qui sap que ser\u00e0 el proper!<\/strong><\/p>\n<p>Tamb\u00e9 <strong>organitzem sortides de llarg recorregut un cop l&#8217;any<\/strong> on<br \/>escapar-nos un dia sencer per demostrar que amb una Brompton podem fer tamb\u00e9 grans reptes\u2026&#8230; en fi <strong>t&#8217;esperem a la propera sortida<\/strong> .<\/p>\n<p><script src=\"moz-extension:\/\/1a2375a1-956d-4f12-b3cc-c9d9694baf34\/js\/app.js\" type=\"text\/javascript\"><\/script><\/p>\n\t\t\t\t\t\t\t\t<\/div>\n\t\t\t\t<\/div>\n\t\t\t\t<\/div>\n\t\t\t\t\t<\/div>\n\t\t\t\t<\/div>\n\t\t\t\t<\/div>\n\t\t","protected":false},"excerpt":{"rendered":"<p>Sortides Brompton A Folding Bike House promovem la socialitzaci\u00f3 de la nostra passi\u00f3 pel ciclisme i per aix\u00f2 organitzem de<\/p>\n","protected":false},"author":1,"featured_media":0,"parent":0,"menu_order":0,"comment_status":"closed","ping_status":"closed","template":"","meta":{"site-sidebar-layout":"no-sidebar","site-content-layout":"","ast-site-content-layout":"full-width-container","site-content-style":"default","site-sidebar-style":"default","ast-global-header-display":"","ast-banner-title-visibility":"","ast-main-header-display":"","ast-hfb-above-header-display":"","ast-hfb-below-header-display":"","ast-hfb-mobile-header-display":"","site-post-title":"disabled","ast-breadcrumbs-content":"","ast-featured-img":"disabled","footer-sml-layout":"","theme-transparent-header-meta":"","adv-header-id-meta":"","stick-header-meta":"","header-above-stick-meta":"","header-main-stick-meta":"","header-below-stick-meta":"","astra-migrate-meta-layouts":"default","ast-page-background-enabled":"default","ast-page-background-meta":{"desktop":{"background-color":"var(--ast-global-color-4)","background-image":"","background-repeat":"repeat","background-position":"center center","background-size":"auto","background-attachment":"scroll","background-type":"","background-media":"","overlay-type":"","overlay-color":"","overlay-gradient":""},"tablet":{"background-color":"","background-image":"","background-repeat":"repeat","background-position":"center center","background-size":"auto","background-attachment":"scroll","background-type":"","background-media":"","overlay-type":"","overlay-color":"","overlay-gradient":""},"mobile":{"background-color":"","background-image":"","background-repeat":"repeat","background-position":"center center","background-size":"auto","background-attachment":"scroll","background-type":"","background-media":"","overlay-type":"","overlay-color":"","overlay-gradient":""}},"ast-content-background-meta":{"desktop":{"background-color":"var(--ast-global-color-5)","background-image":"","background-repeat":"repeat","background-position":"center center","background-size":"auto","background-attachment":"scroll","background-type":"","background-media":"","overlay-type":"","overlay-color":"","overlay-gradient":""},"tablet":{"background-color":"var(--ast-global-color-5)","background-image":"","background-repeat":"repeat","background-position":"center center","background-size":"auto","background-attachment":"scroll","background-type":"","background-media":"","overlay-type":"","overlay-color":"","overlay-gradient":""},"mobile":{"background-color":"var(--ast-global-color-5)","background-image":"","background-repeat":"repeat","background-position":"center center","background-size":"auto","background-attachment":"scroll","background-type":"","background-media":"","overlay-type":"","overlay-color":"","overlay-gradient":""}},"footnotes":""},"categories":[],"bicicletas":[],"class_list":["post-4907","page","type-page","status-publish","hentry"],"yoast_head":"<!-- This site is optimized with the Yoast SEO plugin v26.4 - https:\/\/yoast.com\/wordpress\/plugins\/seo\/ -->\n<title>Club House \ud83e\udd47 a Barcelona | Brompton Barcelona Center \u00ae<\/title>\n<meta name=\"description\" content=\"Forma part del nostre Club House, si tens una de les nostres bicis pots ser membre a petici\u00f3 a Brompton Barcelona Center \u00ae. Descobreix com unir-te!\" \/>\n<meta name=\"robots\" content=\"index, follow, max-snippet:-1, max-image-preview:large, max-video-preview:-1\" \/>\n<link rel=\"canonical\" href=\"https:\/\/www.foldingbikeshouse.com\/ca\/sortides-brompton\/\" \/>\n<meta property=\"og:locale\" content=\"ca_ES\" \/>\n<meta property=\"og:type\" content=\"article\" \/>\n<meta property=\"og:title\" content=\"Club House \ud83e\udd47 a Barcelona | Brompton Barcelona Center \u00ae\" \/>\n<meta property=\"og:description\" content=\"Forma part del nostre Club House, si tens una de les nostres bicis pots ser membre a petici\u00f3 a Brompton Barcelona Center \u00ae. Descobreix com unir-te!\" \/>\n<meta property=\"og:url\" content=\"https:\/\/www.foldingbikeshouse.com\/ca\/sortides-brompton\/\" \/>\n<meta property=\"og:site_name\" content=\"Folding Bikes House\" \/>\n<meta property=\"article:publisher\" content=\"https:\/\/www.facebook.com\/foldingbikeshousebcn\/\" \/>\n<meta property=\"article:modified_time\" content=\"2024-06-03T09:22:32+00:00\" \/>\n<meta name=\"twitter:card\" content=\"summary_large_image\" \/>\n<meta name=\"twitter:label1\" content=\"Temps estimat de lectura\" \/>\n\t<meta name=\"twitter:data1\" content=\"1 minut\" \/>\n<script type=\"application\/ld+json\" class=\"yoast-schema-graph\">{\"@context\":\"https:\/\/schema.org\",\"@graph\":[{\"@type\":\"WebPage\",\"@id\":\"https:\/\/www.foldingbikeshouse.com\/ca\/sortides-brompton\/\",\"url\":\"https:\/\/www.foldingbikeshouse.com\/ca\/sortides-brompton\/\",\"name\":\"Club House \ud83e\udd47 a Barcelona | Brompton Barcelona Center \u00ae\",\"isPartOf\":{\"@id\":\"https:\/\/www.foldingbikeshouse.com\/ca\/#website\"},\"datePublished\":\"2024-06-03T08:58:49+00:00\",\"dateModified\":\"2024-06-03T09:22:32+00:00\",\"description\":\"Forma part del nostre Club House, si tens una de les nostres bicis pots ser membre a petici\u00f3 a Brompton Barcelona Center \u00ae. Descobreix com unir-te!\",\"breadcrumb\":{\"@id\":\"https:\/\/www.foldingbikeshouse.com\/ca\/sortides-brompton\/#breadcrumb\"},\"inLanguage\":\"ca\",\"potentialAction\":[{\"@type\":\"ReadAction\",\"target\":[\"https:\/\/www.foldingbikeshouse.com\/ca\/sortides-brompton\/\"]}]},{\"@type\":\"BreadcrumbList\",\"@id\":\"https:\/\/www.foldingbikeshouse.com\/ca\/sortides-brompton\/#breadcrumb\",\"itemListElement\":[{\"@type\":\"ListItem\",\"position\":1,\"name\":\"Portada\",\"item\":\"https:\/\/www.foldingbikeshouse.com\/ca\/\"},{\"@type\":\"ListItem\",\"position\":2,\"name\":\"Sortides Brompton\"}]},{\"@type\":\"WebSite\",\"@id\":\"https:\/\/www.foldingbikeshouse.com\/ca\/#website\",\"url\":\"https:\/\/www.foldingbikeshouse.com\/ca\/\",\"name\":\"Folding Bikes House\",\"description\":\"\",\"publisher\":{\"@id\":\"https:\/\/www.foldingbikeshouse.com\/ca\/#organization\"},\"potentialAction\":[{\"@type\":\"SearchAction\",\"target\":{\"@type\":\"EntryPoint\",\"urlTemplate\":\"https:\/\/www.foldingbikeshouse.com\/ca\/?s={search_term_string}\"},\"query-input\":{\"@type\":\"PropertyValueSpecification\",\"valueRequired\":true,\"valueName\":\"search_term_string\"}}],\"inLanguage\":\"ca\"},{\"@type\":\"Organization\",\"@id\":\"https:\/\/www.foldingbikeshouse.com\/ca\/#organization\",\"name\":\"Folding Bikes House\",\"url\":\"https:\/\/www.foldingbikeshouse.com\/ca\/\",\"logo\":{\"@type\":\"ImageObject\",\"inLanguage\":\"ca\",\"@id\":\"https:\/\/www.foldingbikeshouse.com\/ca\/#\/schema\/logo\/image\/\",\"url\":\"https:\/\/www.foldingbikeshouse.com\/wp-content\/uploads\/2024\/05\/logofbh-1.png\",\"contentUrl\":\"https:\/\/www.foldingbikeshouse.com\/wp-content\/uploads\/2024\/05\/logofbh-1.png\",\"width\":900,\"height\":900,\"caption\":\"Folding Bikes House\"},\"image\":{\"@id\":\"https:\/\/www.foldingbikeshouse.com\/ca\/#\/schema\/logo\/image\/\"},\"sameAs\":[\"https:\/\/www.facebook.com\/foldingbikeshousebcn\/\",\"https:\/\/www.instagram.com\/foldingbikeshousebcn\/\",\"https:\/\/www.youtube.com\/channel\/UC4CfEpAN0fWBp-_ca86OvuA\"]}]}<\/script>\n<!-- \/ Yoast SEO plugin. -->","yoast_head_json":{"title":"Club House \ud83e\udd47 a Barcelona | Brompton Barcelona Center \u00ae","description":"Forma part del nostre Club House, si tens una de les nostres bicis pots ser membre a petici\u00f3 a Brompton Barcelona Center \u00ae. Descobreix com unir-te!","robots":{"index":"index","follow":"follow","max-snippet":"max-snippet:-1","max-image-preview":"max-image-preview:large","max-video-preview":"max-video-preview:-1"},"canonical":"https:\/\/www.foldingbikeshouse.com\/ca\/sortides-brompton\/","og_locale":"ca_ES","og_type":"article","og_title":"Club House \ud83e\udd47 a Barcelona | Brompton Barcelona Center \u00ae","og_description":"Forma part del nostre Club House, si tens una de les nostres bicis pots ser membre a petici\u00f3 a Brompton Barcelona Center \u00ae. Descobreix com unir-te!","og_url":"https:\/\/www.foldingbikeshouse.com\/ca\/sortides-brompton\/","og_site_name":"Folding Bikes House","article_publisher":"https:\/\/www.facebook.com\/foldingbikeshousebcn\/","article_modified_time":"2024-06-03T09:22:32+00:00","twitter_card":"summary_large_image","twitter_misc":{"Temps estimat de lectura":"1 minut"},"schema":{"@context":"https:\/\/schema.org","@graph":[{"@type":"WebPage","@id":"https:\/\/www.foldingbikeshouse.com\/ca\/sortides-brompton\/","url":"https:\/\/www.foldingbikeshouse.com\/ca\/sortides-brompton\/","name":"Club House \ud83e\udd47 a Barcelona | Brompton Barcelona Center \u00ae","isPartOf":{"@id":"https:\/\/www.foldingbikeshouse.com\/ca\/#website"},"datePublished":"2024-06-03T08:58:49+00:00","dateModified":"2024-06-03T09:22:32+00:00","description":"Forma part del nostre Club House, si tens una de les nostres bicis pots ser membre a petici\u00f3 a Brompton Barcelona Center \u00ae. Descobreix com unir-te!","breadcrumb":{"@id":"https:\/\/www.foldingbikeshouse.com\/ca\/sortides-brompton\/#breadcrumb"},"inLanguage":"ca","potentialAction":[{"@type":"ReadAction","target":["https:\/\/www.foldingbikeshouse.com\/ca\/sortides-brompton\/"]}]},{"@type":"BreadcrumbList","@id":"https:\/\/www.foldingbikeshouse.com\/ca\/sortides-brompton\/#breadcrumb","itemListElement":[{"@type":"ListItem","position":1,"name":"Portada","item":"https:\/\/www.foldingbikeshouse.com\/ca\/"},{"@type":"ListItem","position":2,"name":"Sortides Brompton"}]},{"@type":"WebSite","@id":"https:\/\/www.foldingbikeshouse.com\/ca\/#website","url":"https:\/\/www.foldingbikeshouse.com\/ca\/","name":"Folding Bikes House","description":"","publisher":{"@id":"https:\/\/www.foldingbikeshouse.com\/ca\/#organization"},"potentialAction":[{"@type":"SearchAction","target":{"@type":"EntryPoint","urlTemplate":"https:\/\/www.foldingbikeshouse.com\/ca\/?s={search_term_string}"},"query-input":{"@type":"PropertyValueSpecification","valueRequired":true,"valueName":"search_term_string"}}],"inLanguage":"ca"},{"@type":"Organization","@id":"https:\/\/www.foldingbikeshouse.com\/ca\/#organization","name":"Folding Bikes House","url":"https:\/\/www.foldingbikeshouse.com\/ca\/","logo":{"@type":"ImageObject","inLanguage":"ca","@id":"https:\/\/www.foldingbikeshouse.com\/ca\/#\/schema\/logo\/image\/","url":"https:\/\/www.foldingbikeshouse.com\/wp-content\/uploads\/2024\/05\/logofbh-1.png","contentUrl":"https:\/\/www.foldingbikeshouse.com\/wp-content\/uploads\/2024\/05\/logofbh-1.png","width":900,"height":900,"caption":"Folding Bikes House"},"image":{"@id":"https:\/\/www.foldingbikeshouse.com\/ca\/#\/schema\/logo\/image\/"},"sameAs":["https:\/\/www.facebook.com\/foldingbikeshousebcn\/","https:\/\/www.instagram.com\/foldingbikeshousebcn\/","https:\/\/www.youtube.com\/channel\/UC4CfEpAN0fWBp-_ca86OvuA"]}]}},"_links":{"self":[{"href":"https:\/\/www.foldingbikeshouse.com\/ca\/wp-json\/wp\/v2\/pages\/4907","targetHints":{"allow":["GET"]}}],"collection":[{"href":"https:\/\/www.foldingbikeshouse.com\/ca\/wp-json\/wp\/v2\/pages"}],"about":[{"href":"https:\/\/www.foldingbikeshouse.com\/ca\/wp-json\/wp\/v2\/types\/page"}],"author":[{"embeddable":true,"href":"https:\/\/www.foldingbikeshouse.com\/ca\/wp-json\/wp\/v2\/users\/1"}],"replies":[{"embeddable":true,"href":"https:\/\/www.foldingbikeshouse.com\/ca\/wp-json\/wp\/v2\/comments?post=4907"}],"version-history":[{"count":0,"href":"https:\/\/www.foldingbikeshouse.com\/ca\/wp-json\/wp\/v2\/pages\/4907\/revisions"}],"wp:attachment":[{"href":"https:\/\/www.foldingbikeshouse.com\/ca\/wp-json\/wp\/v2\/media?parent=4907"}],"wp:term":[{"taxonomy":"category","embeddable":true,"href":"https:\/\/www.foldingbikeshouse.com\/ca\/wp-json\/wp\/v2\/categories?post=4907"},{"taxonomy":"bicicletas","embeddable":true,"href":"https:\/\/www.foldingbikeshouse.com\/ca\/wp-json\/wp\/v2\/bicicletas?post=4907"}],"curies":[{"name":"wp","href":"https:\/\/api.w.org\/{rel}","templated":true}]}}