{"id":1084,"date":"2024-10-17T09:32:59","date_gmt":"2024-10-17T07:32:59","guid":{"rendered":"https:\/\/www.foldingbikeshouse.com\/?post_type=product&#038;p=1084"},"modified":"2026-04-13T08:00:29","modified_gmt":"2026-04-13T06:00:29","slug":"brm-metro-waterproof-pouch","status":"publish","type":"product","link":"https:\/\/www.foldingbikeshouse.com\/ca\/producto\/brm-metro-waterproof-pouch\/","title":{"rendered":"BRM METRO WATERPROOF POUCH"},"content":{"rendered":"<p>La bolsa impermeable Brompton Metro tiene el tama\u00f1o perfecto para llevar tus cosas esenciales. Es una bolsa peque\u00f1a, elegante y pr\u00e1ctica que ofrece un acceso r\u00e1pido y f\u00e1cil a tu tel\u00e9fono, llaves, dinero y otras cosas. Es sorprendentemente espaciosa para una bolsa, ya que tiene una capacidad de 2 litros, ideal para viajar con todo lo que necesitas, pero manteniendo las cosas ligeras y f\u00e1ciles de manejar. Tambi\u00e9n se puede utilizar para obtener capacidad adicional en d\u00edas m\u00e1s grandes, m\u00e1s aventureros y espont\u00e1neos en la ciudad y m\u00e1s all\u00e1, \u00a1para que puedas estar preparado para cualquier cosa! <\/p>\n<p>Puedes hacer las demandas, no el clima, con nuestra bolsa impermeable Metro porque es completamente impermeable al agua. Monta con confianza bajo la lluvia, sabiendo que tus pertenencias est\u00e1n bien protegidas, incluso en las condiciones m\u00e1s adversas. Esta bolsa tiene una parte superior enrollable que se puede sujetar a cualquier manillar o sill\u00edn y tambi\u00e9n funciona como un asa de transporte conveniente. Tiene un bolsillo frontal con cremallera para un acceso r\u00e1pido y f\u00e1cil, perfecto para tu billetera o tel\u00e9fono.<\/p>\n<p>Hace m\u00e1s que lo obvio; se convertir\u00e1 en parte de tu equipo de ciclismo y un gran compa\u00f1ero de viaje del que no podr\u00e1s prescindir. Aproveche al m\u00e1ximo su viaje con nuestra bolsa impermeable Metro para que pueda llevar m\u00e1s cosas y viajar gratis.<\/p>\n","protected":false},"excerpt":{"rendered":"<p>La bolsa impermeable Brompton Metro tiene el tama\u00f1o perfecto para llevar tus cosas esenciales. Es una bolsa peque\u00f1a, elegante y pr\u00e1ctica que ofrece un acceso r\u00e1pido y f\u00e1cil a tu tel\u00e9fono, llaves, dinero y otras cosas. Es sorprendentemente espaciosa para una bolsa, ya que tiene una capacidad de 2 litros, ideal para viajar con todo lo que necesitas, pero manteniendo las cosas ligeras y f\u00e1ciles de manejar. Tambi\u00e9n se puede utilizar para obtener capacidad adicional en d\u00edas m\u00e1s grandes, m\u00e1s aventureros y espont\u00e1neos en la ciudad y m\u00e1s all\u00e1, \u00a1para que puedas estar preparado para cualquier cosa! <\/p>\n<p>Puedes hacer las demandas, no el clima, con nuestra bolsa impermeable Metro porque es completamente impermeable al agua. Monta con confianza bajo la lluvia, sabiendo que tus pertenencias est\u00e1n bien protegidas, incluso en las condiciones m\u00e1s adversas. Esta bolsa tiene una parte superior enrollable que se puede sujetar a cualquier manillar o sill\u00edn y tambi\u00e9n funciona como un asa de transporte conveniente. Tiene un bolsillo frontal con cremallera para un acceso r\u00e1pido y f\u00e1cil, perfecto para tu billetera o tel\u00e9fono.<\/p>\n<p>Hace m\u00e1s que lo obvio; se convertir\u00e1 en parte de tu equipo de ciclismo y un gran compa\u00f1ero de viaje del que no podr\u00e1s prescindir. Aproveche al m\u00e1ximo su viaje con nuestra bolsa impermeable Metro para que pueda llevar m\u00e1s cosas y viajar gratis.<\/p>\n","protected":false},"featured_media":88526,"comment_status":"open","ping_status":"closed","template":"","meta":{"site-sidebar-layout":"default","site-content-layout":"","ast-site-content-layout":"","site-content-style":"default","site-sidebar-style":"default","ast-global-header-display":"","ast-banner-title-visibility":"","ast-main-header-display":"","ast-hfb-above-header-display":"","ast-hfb-below-header-display":"","ast-hfb-mobile-header-display":"","site-post-title":"","ast-breadcrumbs-content":"","ast-featured-img":"","footer-sml-layout":"","theme-transparent-header-meta":"","adv-header-id-meta":"","stick-header-meta":"","header-above-stick-meta":"","header-main-stick-meta":"","header-below-stick-meta":"","astra-migrate-meta-layouts":"default","ast-page-background-enabled":"default","ast-page-background-meta":{"desktop":{"background-color":"var(--ast-global-color-4)","background-image":"","background-repeat":"repeat","background-position":"center center","background-size":"auto","background-attachment":"scroll","background-type":"","background-media":"","overlay-type":"","overlay-color":"","overlay-gradient":""},"tablet":{"background-color":"","background-image":"","background-repeat":"repeat","background-position":"center center","background-size":"auto","background-attachment":"scroll","background-type":"","background-media":"","overlay-type":"","overlay-color":"","overlay-gradient":""},"mobile":{"background-color":"","background-image":"","background-repeat":"repeat","background-position":"center center","background-size":"auto","background-attachment":"scroll","background-type":"","background-media":"","overlay-type":"","overlay-color":"","overlay-gradient":""}},"ast-content-background-meta":{"desktop":{"background-color":"var(--ast-global-color-5)","background-image":"","background-repeat":"repeat","background-position":"center center","background-size":"auto","background-attachment":"scroll","background-type":"","background-media":"","overlay-type":"","overlay-color":"","overlay-gradient":""},"tablet":{"background-color":"var(--ast-global-color-5)","background-image":"","background-repeat":"repeat","background-position":"center center","background-size":"auto","background-attachment":"scroll","background-type":"","background-media":"","overlay-type":"","overlay-color":"","overlay-gradient":""},"mobile":{"background-color":"var(--ast-global-color-5)","background-image":"","background-repeat":"repeat","background-position":"center center","background-size":"auto","background-attachment":"scroll","background-type":"","background-media":"","overlay-type":"","overlay-color":"","overlay-gradient":""}}},"pwb-brand":[],"product_brand":[],"product_cat":[185,216],"product_tag":[],"class_list":{"0":"post-1084","1":"product","2":"type-product","3":"status-publish","4":"has-post-thumbnail","6":"product_cat-bolsas","7":"product_cat-bolsas-bolsas-brompton","8":"desktop-align-left","9":"tablet-align-left","10":"mobile-align-left","11":"ast-product-gallery-layout-first-image-large","12":"ast-product-tabs-layout-horizontal","14":"first","15":"outofstock","16":"taxable","17":"shipping-taxable","18":"purchasable","19":"product-type-simple"},"yoast_head":"<!-- This site is optimized with the Yoast SEO plugin v27.4 - https:\/\/yoast.com\/product\/yoast-seo-wordpress\/ -->\n<title>BRM METRO WATERPROOF POUCH - Folding Bikes House<\/title>\n<meta name=\"robots\" content=\"index, follow, max-snippet:-1, max-image-preview:large, max-video-preview:-1\" \/>\n<link rel=\"canonical\" href=\"https:\/\/www.foldingbikeshouse.com\/ca\/producto\/brm-metro-waterproof-pouch\/\" \/>\n<meta property=\"og:locale\" content=\"ca_ES\" \/>\n<meta property=\"og:type\" content=\"article\" \/>\n<meta property=\"og:title\" content=\"BRM METRO WATERPROOF POUCH - Folding Bikes House\" \/>\n<meta property=\"og:description\" content=\"La bolsa impermeable Brompton Metro tiene el tama\u00f1o perfecto para llevar tus cosas esenciales. Es una bolsa peque\u00f1a, elegante y pr\u00e1ctica que ofrece un acceso r\u00e1pido y f\u00e1cil a tu tel\u00e9fono, llaves, dinero y otras cosas. Es sorprendentemente espaciosa para una bolsa, ya que tiene una capacidad de 2 litros, ideal para viajar con todo lo que necesitas, pero manteniendo las cosas ligeras y f\u00e1ciles de manejar. Tambi\u00e9n se puede utilizar para obtener capacidad adicional en d\u00edas m\u00e1s grandes, m\u00e1s aventureros y espont\u00e1neos en la ciudad y m\u00e1s all\u00e1, \u00a1para que puedas estar preparado para cualquier cosa!  Puedes hacer las demandas, no el clima, con nuestra bolsa impermeable Metro porque es completamente impermeable al agua. Monta con confianza bajo la lluvia, sabiendo que tus pertenencias est\u00e1n bien protegidas, incluso en las condiciones m\u00e1s adversas. Esta bolsa tiene una parte superior enrollable que se puede sujetar a cualquier manillar o sill\u00edn y tambi\u00e9n funciona como un asa de transporte conveniente. Tiene un bolsillo frontal con cremallera para un acceso r\u00e1pido y f\u00e1cil, perfecto para tu billetera o tel\u00e9fono. Hace m\u00e1s que lo obvio; se convertir\u00e1 en parte de tu equipo de ciclismo y un gran compa\u00f1ero de viaje del que no podr\u00e1s prescindir. Aproveche al m\u00e1ximo su viaje con nuestra bolsa impermeable Metro para que pueda llevar m\u00e1s cosas y viajar gratis.\" \/>\n<meta property=\"og:url\" content=\"https:\/\/www.foldingbikeshouse.com\/ca\/producto\/brm-metro-waterproof-pouch\/\" \/>\n<meta property=\"og:site_name\" content=\"Folding Bikes House\" \/>\n<meta property=\"article:publisher\" content=\"https:\/\/www.facebook.com\/foldingbikeshousebcn\/\" \/>\n<meta property=\"article:modified_time\" content=\"2026-04-13T06:00:29+00:00\" \/>\n<meta property=\"og:image\" content=\"https:\/\/www.foldingbikeshouse.com\/wp-content\/uploads\/ges\/img\/img_1330_fd9dff92bacae67948a73aeb73f83a97_1.jpg\" \/>\n\t<meta property=\"og:image:width\" content=\"666\" \/>\n\t<meta property=\"og:image:height\" content=\"1000\" \/>\n\t<meta property=\"og:image:type\" content=\"image\/jpeg\" \/>\n<meta name=\"twitter:card\" content=\"summary_large_image\" \/>\n<meta name=\"twitter:label1\" content=\"Temps estimat de lectura\" \/>\n\t<meta name=\"twitter:data1\" content=\"1 minut\" \/>\n<script type=\"application\/ld+json\" class=\"yoast-schema-graph\">{\"@context\":\"https:\\\/\\\/schema.org\",\"@graph\":[{\"@type\":\"WebPage\",\"@id\":\"https:\\\/\\\/www.foldingbikeshouse.com\\\/ca\\\/producto\\\/brm-metro-waterproof-pouch\\\/\",\"url\":\"https:\\\/\\\/www.foldingbikeshouse.com\\\/ca\\\/producto\\\/brm-metro-waterproof-pouch\\\/\",\"name\":\"BRM METRO WATERPROOF POUCH - Folding Bikes House\",\"isPartOf\":{\"@id\":\"https:\\\/\\\/www.foldingbikeshouse.com\\\/ca\\\/#website\"},\"primaryImageOfPage\":{\"@id\":\"https:\\\/\\\/www.foldingbikeshouse.com\\\/ca\\\/producto\\\/brm-metro-waterproof-pouch\\\/#primaryimage\"},\"image\":{\"@id\":\"https:\\\/\\\/www.foldingbikeshouse.com\\\/ca\\\/producto\\\/brm-metro-waterproof-pouch\\\/#primaryimage\"},\"thumbnailUrl\":\"https:\\\/\\\/www.foldingbikeshouse.com\\\/wp-content\\\/uploads\\\/ges\\\/img\\\/img_1330_fd9dff92bacae67948a73aeb73f83a97_1.jpg\",\"datePublished\":\"2024-10-17T07:32:59+00:00\",\"dateModified\":\"2026-04-13T06:00:29+00:00\",\"breadcrumb\":{\"@id\":\"https:\\\/\\\/www.foldingbikeshouse.com\\\/ca\\\/producto\\\/brm-metro-waterproof-pouch\\\/#breadcrumb\"},\"inLanguage\":\"ca\",\"potentialAction\":[{\"@type\":\"ReadAction\",\"target\":[\"https:\\\/\\\/www.foldingbikeshouse.com\\\/ca\\\/producto\\\/brm-metro-waterproof-pouch\\\/\"]}]},{\"@type\":\"ImageObject\",\"inLanguage\":\"ca\",\"@id\":\"https:\\\/\\\/www.foldingbikeshouse.com\\\/ca\\\/producto\\\/brm-metro-waterproof-pouch\\\/#primaryimage\",\"url\":\"https:\\\/\\\/www.foldingbikeshouse.com\\\/wp-content\\\/uploads\\\/ges\\\/img\\\/img_1330_fd9dff92bacae67948a73aeb73f83a97_1.jpg\",\"contentUrl\":\"https:\\\/\\\/www.foldingbikeshouse.com\\\/wp-content\\\/uploads\\\/ges\\\/img\\\/img_1330_fd9dff92bacae67948a73aeb73f83a97_1.jpg\",\"width\":666,\"height\":1000},{\"@type\":\"BreadcrumbList\",\"@id\":\"https:\\\/\\\/www.foldingbikeshouse.com\\\/ca\\\/producto\\\/brm-metro-waterproof-pouch\\\/#breadcrumb\",\"itemListElement\":[{\"@type\":\"ListItem\",\"position\":1,\"name\":\"Portada\",\"item\":\"https:\\\/\\\/www.foldingbikeshouse.com\\\/ca\\\/\"},{\"@type\":\"ListItem\",\"position\":2,\"name\":\"Productes\",\"item\":\"https:\\\/\\\/www.foldingbikeshouse.com\\\/ca\\\/shop\\\/\"},{\"@type\":\"ListItem\",\"position\":3,\"name\":\"BRM METRO WATERPROOF POUCH\"}]},{\"@type\":\"WebSite\",\"@id\":\"https:\\\/\\\/www.foldingbikeshouse.com\\\/ca\\\/#website\",\"url\":\"https:\\\/\\\/www.foldingbikeshouse.com\\\/ca\\\/\",\"name\":\"Folding Bikes House\",\"description\":\"\",\"publisher\":{\"@id\":\"https:\\\/\\\/www.foldingbikeshouse.com\\\/ca\\\/#organization\"},\"potentialAction\":[{\"@type\":\"SearchAction\",\"target\":{\"@type\":\"EntryPoint\",\"urlTemplate\":\"https:\\\/\\\/www.foldingbikeshouse.com\\\/ca\\\/?s={search_term_string}\"},\"query-input\":{\"@type\":\"PropertyValueSpecification\",\"valueRequired\":true,\"valueName\":\"search_term_string\"}}],\"inLanguage\":\"ca\"},{\"@type\":\"Organization\",\"@id\":\"https:\\\/\\\/www.foldingbikeshouse.com\\\/ca\\\/#organization\",\"name\":\"Folding Bikes House\",\"url\":\"https:\\\/\\\/www.foldingbikeshouse.com\\\/ca\\\/\",\"logo\":{\"@type\":\"ImageObject\",\"inLanguage\":\"ca\",\"@id\":\"https:\\\/\\\/www.foldingbikeshouse.com\\\/ca\\\/#\\\/schema\\\/logo\\\/image\\\/\",\"url\":\"https:\\\/\\\/www.foldingbikeshouse.com\\\/wp-content\\\/uploads\\\/2024\\\/05\\\/logofbh-1.png\",\"contentUrl\":\"https:\\\/\\\/www.foldingbikeshouse.com\\\/wp-content\\\/uploads\\\/2024\\\/05\\\/logofbh-1.png\",\"width\":900,\"height\":900,\"caption\":\"Folding Bikes House\"},\"image\":{\"@id\":\"https:\\\/\\\/www.foldingbikeshouse.com\\\/ca\\\/#\\\/schema\\\/logo\\\/image\\\/\"},\"sameAs\":[\"https:\\\/\\\/www.facebook.com\\\/foldingbikeshousebcn\\\/\",\"https:\\\/\\\/www.instagram.com\\\/foldingbikeshousebcn\\\/\",\"https:\\\/\\\/www.youtube.com\\\/channel\\\/UC4CfEpAN0fWBp-_ca86OvuA\"]}]}<\/script>\n<!-- \/ Yoast SEO plugin. -->","yoast_head_json":{"title":"BRM METRO WATERPROOF POUCH - Folding Bikes House","robots":{"index":"index","follow":"follow","max-snippet":"max-snippet:-1","max-image-preview":"max-image-preview:large","max-video-preview":"max-video-preview:-1"},"canonical":"https:\/\/www.foldingbikeshouse.com\/ca\/producto\/brm-metro-waterproof-pouch\/","og_locale":"ca_ES","og_type":"article","og_title":"BRM METRO WATERPROOF POUCH - Folding Bikes House","og_description":"La bolsa impermeable Brompton Metro tiene el tama\u00f1o perfecto para llevar tus cosas esenciales. Es una bolsa peque\u00f1a, elegante y pr\u00e1ctica que ofrece un acceso r\u00e1pido y f\u00e1cil a tu tel\u00e9fono, llaves, dinero y otras cosas. Es sorprendentemente espaciosa para una bolsa, ya que tiene una capacidad de 2 litros, ideal para viajar con todo lo que necesitas, pero manteniendo las cosas ligeras y f\u00e1ciles de manejar. Tambi\u00e9n se puede utilizar para obtener capacidad adicional en d\u00edas m\u00e1s grandes, m\u00e1s aventureros y espont\u00e1neos en la ciudad y m\u00e1s all\u00e1, \u00a1para que puedas estar preparado para cualquier cosa!  Puedes hacer las demandas, no el clima, con nuestra bolsa impermeable Metro porque es completamente impermeable al agua. Monta con confianza bajo la lluvia, sabiendo que tus pertenencias est\u00e1n bien protegidas, incluso en las condiciones m\u00e1s adversas. Esta bolsa tiene una parte superior enrollable que se puede sujetar a cualquier manillar o sill\u00edn y tambi\u00e9n funciona como un asa de transporte conveniente. Tiene un bolsillo frontal con cremallera para un acceso r\u00e1pido y f\u00e1cil, perfecto para tu billetera o tel\u00e9fono. Hace m\u00e1s que lo obvio; se convertir\u00e1 en parte de tu equipo de ciclismo y un gran compa\u00f1ero de viaje del que no podr\u00e1s prescindir. Aproveche al m\u00e1ximo su viaje con nuestra bolsa impermeable Metro para que pueda llevar m\u00e1s cosas y viajar gratis.","og_url":"https:\/\/www.foldingbikeshouse.com\/ca\/producto\/brm-metro-waterproof-pouch\/","og_site_name":"Folding Bikes House","article_publisher":"https:\/\/www.facebook.com\/foldingbikeshousebcn\/","article_modified_time":"2026-04-13T06:00:29+00:00","og_image":[{"width":666,"height":1000,"url":"https:\/\/www.foldingbikeshouse.com\/wp-content\/uploads\/ges\/img\/img_1330_fd9dff92bacae67948a73aeb73f83a97_1.jpg","type":"image\/jpeg"}],"twitter_card":"summary_large_image","twitter_misc":{"Temps estimat de lectura":"1 minut"},"schema":{"@context":"https:\/\/schema.org","@graph":[{"@type":"WebPage","@id":"https:\/\/www.foldingbikeshouse.com\/ca\/producto\/brm-metro-waterproof-pouch\/","url":"https:\/\/www.foldingbikeshouse.com\/ca\/producto\/brm-metro-waterproof-pouch\/","name":"BRM METRO WATERPROOF POUCH - Folding Bikes House","isPartOf":{"@id":"https:\/\/www.foldingbikeshouse.com\/ca\/#website"},"primaryImageOfPage":{"@id":"https:\/\/www.foldingbikeshouse.com\/ca\/producto\/brm-metro-waterproof-pouch\/#primaryimage"},"image":{"@id":"https:\/\/www.foldingbikeshouse.com\/ca\/producto\/brm-metro-waterproof-pouch\/#primaryimage"},"thumbnailUrl":"https:\/\/www.foldingbikeshouse.com\/wp-content\/uploads\/ges\/img\/img_1330_fd9dff92bacae67948a73aeb73f83a97_1.jpg","datePublished":"2024-10-17T07:32:59+00:00","dateModified":"2026-04-13T06:00:29+00:00","breadcrumb":{"@id":"https:\/\/www.foldingbikeshouse.com\/ca\/producto\/brm-metro-waterproof-pouch\/#breadcrumb"},"inLanguage":"ca","potentialAction":[{"@type":"ReadAction","target":["https:\/\/www.foldingbikeshouse.com\/ca\/producto\/brm-metro-waterproof-pouch\/"]}]},{"@type":"ImageObject","inLanguage":"ca","@id":"https:\/\/www.foldingbikeshouse.com\/ca\/producto\/brm-metro-waterproof-pouch\/#primaryimage","url":"https:\/\/www.foldingbikeshouse.com\/wp-content\/uploads\/ges\/img\/img_1330_fd9dff92bacae67948a73aeb73f83a97_1.jpg","contentUrl":"https:\/\/www.foldingbikeshouse.com\/wp-content\/uploads\/ges\/img\/img_1330_fd9dff92bacae67948a73aeb73f83a97_1.jpg","width":666,"height":1000},{"@type":"BreadcrumbList","@id":"https:\/\/www.foldingbikeshouse.com\/ca\/producto\/brm-metro-waterproof-pouch\/#breadcrumb","itemListElement":[{"@type":"ListItem","position":1,"name":"Portada","item":"https:\/\/www.foldingbikeshouse.com\/ca\/"},{"@type":"ListItem","position":2,"name":"Productes","item":"https:\/\/www.foldingbikeshouse.com\/ca\/shop\/"},{"@type":"ListItem","position":3,"name":"BRM METRO WATERPROOF POUCH"}]},{"@type":"WebSite","@id":"https:\/\/www.foldingbikeshouse.com\/ca\/#website","url":"https:\/\/www.foldingbikeshouse.com\/ca\/","name":"Folding Bikes House","description":"","publisher":{"@id":"https:\/\/www.foldingbikeshouse.com\/ca\/#organization"},"potentialAction":[{"@type":"SearchAction","target":{"@type":"EntryPoint","urlTemplate":"https:\/\/www.foldingbikeshouse.com\/ca\/?s={search_term_string}"},"query-input":{"@type":"PropertyValueSpecification","valueRequired":true,"valueName":"search_term_string"}}],"inLanguage":"ca"},{"@type":"Organization","@id":"https:\/\/www.foldingbikeshouse.com\/ca\/#organization","name":"Folding Bikes House","url":"https:\/\/www.foldingbikeshouse.com\/ca\/","logo":{"@type":"ImageObject","inLanguage":"ca","@id":"https:\/\/www.foldingbikeshouse.com\/ca\/#\/schema\/logo\/image\/","url":"https:\/\/www.foldingbikeshouse.com\/wp-content\/uploads\/2024\/05\/logofbh-1.png","contentUrl":"https:\/\/www.foldingbikeshouse.com\/wp-content\/uploads\/2024\/05\/logofbh-1.png","width":900,"height":900,"caption":"Folding Bikes House"},"image":{"@id":"https:\/\/www.foldingbikeshouse.com\/ca\/#\/schema\/logo\/image\/"},"sameAs":["https:\/\/www.facebook.com\/foldingbikeshousebcn\/","https:\/\/www.instagram.com\/foldingbikeshousebcn\/","https:\/\/www.youtube.com\/channel\/UC4CfEpAN0fWBp-_ca86OvuA"]}]}},"brands":[],"_links":{"self":[{"href":"https:\/\/www.foldingbikeshouse.com\/ca\/wp-json\/wp\/v2\/product\/1084","targetHints":{"allow":["GET"]}}],"collection":[{"href":"https:\/\/www.foldingbikeshouse.com\/ca\/wp-json\/wp\/v2\/product"}],"about":[{"href":"https:\/\/www.foldingbikeshouse.com\/ca\/wp-json\/wp\/v2\/types\/product"}],"replies":[{"embeddable":true,"href":"https:\/\/www.foldingbikeshouse.com\/ca\/wp-json\/wp\/v2\/comments?post=1084"}],"version-history":[{"count":0,"href":"https:\/\/www.foldingbikeshouse.com\/ca\/wp-json\/wp\/v2\/product\/1084\/revisions"}],"wp:featuredmedia":[{"embeddable":true,"href":"https:\/\/www.foldingbikeshouse.com\/ca\/wp-json\/wp\/v2\/media\/88526"}],"wp:attachment":[{"href":"https:\/\/www.foldingbikeshouse.com\/ca\/wp-json\/wp\/v2\/media?parent=1084"}],"wp:term":[{"taxonomy":"pwb-brand","embeddable":true,"href":"https:\/\/www.foldingbikeshouse.com\/ca\/wp-json\/wp\/v2\/pwb-brand?post=1084"},{"taxonomy":"product_brand","embeddable":true,"href":"https:\/\/www.foldingbikeshouse.com\/ca\/wp-json\/wp\/v2\/product_brand?post=1084"},{"taxonomy":"product_cat","embeddable":true,"href":"https:\/\/www.foldingbikeshouse.com\/ca\/wp-json\/wp\/v2\/product_cat?post=1084"},{"taxonomy":"product_tag","embeddable":true,"href":"https:\/\/www.foldingbikeshouse.com\/ca\/wp-json\/wp\/v2\/product_tag?post=1084"}],"curies":[{"name":"wp","href":"https:\/\/api.w.org\/{rel}","templated":true}]}}