{"id":19464,"date":"2024-11-14T12:21:32","date_gmt":"2024-11-14T11:21:32","guid":{"rendered":"https:\/\/www.foldingbikeshouse.com\/?post_type=product&#038;p=19464"},"modified":"2026-04-13T07:55:32","modified_gmt":"2026-04-13T05:55:32","slug":"vello-gravel-edition","status":"publish","type":"product","link":"https:\/\/www.foldingbikeshouse.com\/ca\/producto\/vello-gravel-edition\/","title":{"rendered":"VELLO GRAVEL EDITION"},"content":{"rendered":"<p>La flexibilidad de una bicicleta plegable se combina con el rendimiento deportivo y la capacidad todoterreno de una bicicleta de grava. Actualmente, el h\u00e1bitat natural de los VELLO es el espacio urbano. El VELLO Gravel abre posibilidades completamente nuevas para su uso en terrenos accidentados alrededor de las ciudades. El mecanismo de plegado hace que la VELLO Gravel sea f\u00e1cil de llevar en el tren o en el coche. Por lo tanto, es muy f\u00e1cil acceder a las rutas de grava fuera de la ciudad.<\/p>\n<p>ESPECIFICACIONES T\u00c9CNICAS<\/p>\n<p>Cuadro: Multisize, unisex, cromoly\/amortiguador con plegado de elast\u00f3mero magn\u00e9tico<br \/>\nColor: Antracita<br \/>\nManillar, pu\u00f1os: Manillar bajo, ancho y acampanado con flare<br \/>\nSill\u00edn: Sill\u00edn Royal Viento, matriz de espuma<br \/>\nTija de sill\u00edn: Aleaci\u00f3n Satori 30,9 mm x 500 mm<br \/>\nV\u00e1stago: Altura totalmente ajustable<br \/>\nSistema de cambio: Shimano serie 105, cambio trasero de 10 velocidades, no el\u00e9ctrico<br \/>\nMandos: palancas de cambio y freno integradas STI, microSHIFT 10 velocidades<br \/>\nTransmisi\u00f3n: Cadena<br \/>\nPlato delantero: 54T con doble protector de cadena<br \/>\nFrenos: Frenos de disco<br \/>\nNeum\u00e1ticos: 20&#8243; 2.0 Schwalbe Billy Bonkers Performance<br \/>\nDesarrollo: 2,40m &#8211; 7,85m<br \/>\nPeso: 11,9 kg (aprox., sin pedales)<br \/>\nTama\u00f1o plegado: H: 65 cm x L: 79 cm x B: 39 cm<br \/>\nIncluye reflectores.<\/p>\n","protected":false},"excerpt":{"rendered":"<p>La flexibilidad de una bicicleta plegable se combina con el rendimiento deportivo y la capacidad todoterreno de una bicicleta de grava. Actualmente, el h\u00e1bitat natural de los VELLO es el espacio urbano. El VELLO Gravel abre posibilidades completamente nuevas para su uso en terrenos accidentados alrededor de las ciudades. El mecanismo de plegado hace que la VELLO Gravel sea f\u00e1cil de llevar en el tren o en el coche. Por lo tanto, es muy f\u00e1cil acceder a las rutas de grava fuera de la ciudad.<\/p>\n<p>ESPECIFICACIONES T\u00c9CNICAS<\/p>\n<p>Cuadro: Multisize, unisex, cromoly\/amortiguador con plegado de elast\u00f3mero magn\u00e9tico<br \/>\nColor: Antracita<br \/>\nManillar, pu\u00f1os: Manillar bajo, ancho y acampanado con flare<br \/>\nSill\u00edn: Sill\u00edn Royal Viento, matriz de espuma<br \/>\nTija de sill\u00edn: Aleaci\u00f3n Satori 30,9 mm x 500 mm<br \/>\nV\u00e1stago: Altura totalmente ajustable<br \/>\nSistema de cambio: Shimano serie 105, cambio trasero de 10 velocidades, no el\u00e9ctrico<br \/>\nMandos: palancas de cambio y freno integradas STI, microSHIFT 10 velocidades<br \/>\nTransmisi\u00f3n: Cadena<br \/>\nPlato delantero: 54T con doble protector de cadena<br \/>\nFrenos: Frenos de disco<br \/>\nNeum\u00e1ticos: 20&#8243; 2.0 Schwalbe Billy Bonkers Performance<br \/>\nDesarrollo: 2,40m &#8211; 7,85m<br \/>\nPeso: 11,9 kg (aprox., sin pedales)<br \/>\nTama\u00f1o plegado: H: 65 cm x L: 79 cm x B: 39 cm<br \/>\nIncluye reflectores.<\/p>\n","protected":false},"featured_media":87431,"comment_status":"open","ping_status":"closed","template":"","meta":{"site-sidebar-layout":"default","site-content-layout":"","ast-site-content-layout":"","site-content-style":"default","site-sidebar-style":"default","ast-global-header-display":"","ast-banner-title-visibility":"","ast-main-header-display":"","ast-hfb-above-header-display":"","ast-hfb-below-header-display":"","ast-hfb-mobile-header-display":"","site-post-title":"","ast-breadcrumbs-content":"","ast-featured-img":"","footer-sml-layout":"","theme-transparent-header-meta":"","adv-header-id-meta":"","stick-header-meta":"","header-above-stick-meta":"","header-main-stick-meta":"","header-below-stick-meta":"","astra-migrate-meta-layouts":"default","ast-page-background-enabled":"default","ast-page-background-meta":{"desktop":{"background-color":"var(--ast-global-color-4)","background-image":"","background-repeat":"repeat","background-position":"center center","background-size":"auto","background-attachment":"scroll","background-type":"","background-media":"","overlay-type":"","overlay-color":"","overlay-gradient":""},"tablet":{"background-color":"","background-image":"","background-repeat":"repeat","background-position":"center center","background-size":"auto","background-attachment":"scroll","background-type":"","background-media":"","overlay-type":"","overlay-color":"","overlay-gradient":""},"mobile":{"background-color":"","background-image":"","background-repeat":"repeat","background-position":"center center","background-size":"auto","background-attachment":"scroll","background-type":"","background-media":"","overlay-type":"","overlay-color":"","overlay-gradient":""}},"ast-content-background-meta":{"desktop":{"background-color":"var(--ast-global-color-5)","background-image":"","background-repeat":"repeat","background-position":"center center","background-size":"auto","background-attachment":"scroll","background-type":"","background-media":"","overlay-type":"","overlay-color":"","overlay-gradient":""},"tablet":{"background-color":"var(--ast-global-color-5)","background-image":"","background-repeat":"repeat","background-position":"center center","background-size":"auto","background-attachment":"scroll","background-type":"","background-media":"","overlay-type":"","overlay-color":"","overlay-gradient":""},"mobile":{"background-color":"var(--ast-global-color-5)","background-image":"","background-repeat":"repeat","background-position":"center center","background-size":"auto","background-attachment":"scroll","background-type":"","background-media":"","overlay-type":"","overlay-color":"","overlay-gradient":""}}},"pwb-brand":[],"product_brand":[],"product_cat":[173,186],"product_tag":[],"class_list":{"0":"post-19464","1":"product","2":"type-product","3":"status-publish","4":"has-post-thumbnail","6":"product_cat-bicicletas","7":"product_cat-bicicletas-vello","8":"desktop-align-left","9":"tablet-align-left","10":"mobile-align-left","11":"ast-product-gallery-layout-first-image-large","12":"ast-product-tabs-layout-horizontal","14":"first","15":"outofstock","16":"taxable","17":"shipping-taxable","18":"purchasable","19":"product-type-simple"},"yoast_head":"<!-- This site is optimized with the Yoast SEO plugin v27.4 - https:\/\/yoast.com\/product\/yoast-seo-wordpress\/ -->\n<title>VELLO GRAVEL EDITION - Folding Bikes House<\/title>\n<meta name=\"robots\" content=\"index, follow, max-snippet:-1, max-image-preview:large, max-video-preview:-1\" \/>\n<link rel=\"canonical\" href=\"https:\/\/www.foldingbikeshouse.com\/ca\/producto\/vello-gravel-edition\/\" \/>\n<meta property=\"og:locale\" content=\"ca_ES\" \/>\n<meta property=\"og:type\" content=\"article\" \/>\n<meta property=\"og:title\" content=\"VELLO GRAVEL EDITION - Folding Bikes House\" \/>\n<meta property=\"og:description\" content=\"La flexibilidad de una bicicleta plegable se combina con el rendimiento deportivo y la capacidad todoterreno de una bicicleta de grava. Actualmente, el h\u00e1bitat natural de los VELLO es el espacio urbano. El VELLO Gravel abre posibilidades completamente nuevas para su uso en terrenos accidentados alrededor de las ciudades. El mecanismo de plegado hace que la VELLO Gravel sea f\u00e1cil de llevar en el tren o en el coche. Por lo tanto, es muy f\u00e1cil acceder a las rutas de grava fuera de la ciudad. ESPECIFICACIONES T\u00c9CNICAS Cuadro: Multisize, unisex, cromoly\/amortiguador con plegado de elast\u00f3mero magn\u00e9tico Color: Antracita Manillar, pu\u00f1os: Manillar bajo, ancho y acampanado con flare Sill\u00edn: Sill\u00edn Royal Viento, matriz de espuma Tija de sill\u00edn: Aleaci\u00f3n Satori 30,9 mm x 500 mm V\u00e1stago: Altura totalmente ajustable Sistema de cambio: Shimano serie 105, cambio trasero de 10 velocidades, no el\u00e9ctrico Mandos: palancas de cambio y freno integradas STI, microSHIFT 10 velocidades Transmisi\u00f3n: Cadena Plato delantero: 54T con doble protector de cadena Frenos: Frenos de disco Neum\u00e1ticos: 20&quot; 2.0 Schwalbe Billy Bonkers Performance Desarrollo: 2,40m - 7,85m Peso: 11,9 kg (aprox., sin pedales) Tama\u00f1o plegado: H: 65 cm x L: 79 cm x B: 39 cm Incluye reflectores.\" \/>\n<meta property=\"og:url\" content=\"https:\/\/www.foldingbikeshouse.com\/ca\/producto\/vello-gravel-edition\/\" \/>\n<meta property=\"og:site_name\" content=\"Folding Bikes House\" \/>\n<meta property=\"article:publisher\" content=\"https:\/\/www.facebook.com\/foldingbikeshousebcn\/\" \/>\n<meta property=\"article:modified_time\" content=\"2026-04-13T05:55:32+00:00\" \/>\n<meta property=\"og:image\" content=\"https:\/\/www.foldingbikeshouse.com\/wp-content\/uploads\/ges\/img\/img_1431_ef280b9f1609953e94114a2fb9f1cd1c_1.jpg\" \/>\n\t<meta property=\"og:image:width\" content=\"999\" \/>\n\t<meta property=\"og:image:height\" content=\"666\" \/>\n\t<meta property=\"og:image:type\" content=\"image\/jpeg\" \/>\n<meta name=\"twitter:card\" content=\"summary_large_image\" \/>\n<meta name=\"twitter:label1\" content=\"Temps estimat de lectura\" \/>\n\t<meta name=\"twitter:data1\" content=\"1 minut\" \/>\n<script type=\"application\/ld+json\" class=\"yoast-schema-graph\">{\"@context\":\"https:\\\/\\\/schema.org\",\"@graph\":[{\"@type\":\"WebPage\",\"@id\":\"https:\\\/\\\/www.foldingbikeshouse.com\\\/ca\\\/producto\\\/vello-gravel-edition\\\/\",\"url\":\"https:\\\/\\\/www.foldingbikeshouse.com\\\/ca\\\/producto\\\/vello-gravel-edition\\\/\",\"name\":\"VELLO GRAVEL EDITION - Folding Bikes House\",\"isPartOf\":{\"@id\":\"https:\\\/\\\/www.foldingbikeshouse.com\\\/ca\\\/#website\"},\"primaryImageOfPage\":{\"@id\":\"https:\\\/\\\/www.foldingbikeshouse.com\\\/ca\\\/producto\\\/vello-gravel-edition\\\/#primaryimage\"},\"image\":{\"@id\":\"https:\\\/\\\/www.foldingbikeshouse.com\\\/ca\\\/producto\\\/vello-gravel-edition\\\/#primaryimage\"},\"thumbnailUrl\":\"https:\\\/\\\/www.foldingbikeshouse.com\\\/wp-content\\\/uploads\\\/ges\\\/img\\\/img_1431_ef280b9f1609953e94114a2fb9f1cd1c_1.jpg\",\"datePublished\":\"2024-11-14T11:21:32+00:00\",\"dateModified\":\"2026-04-13T05:55:32+00:00\",\"breadcrumb\":{\"@id\":\"https:\\\/\\\/www.foldingbikeshouse.com\\\/ca\\\/producto\\\/vello-gravel-edition\\\/#breadcrumb\"},\"inLanguage\":\"ca\",\"potentialAction\":[{\"@type\":\"ReadAction\",\"target\":[\"https:\\\/\\\/www.foldingbikeshouse.com\\\/ca\\\/producto\\\/vello-gravel-edition\\\/\"]}]},{\"@type\":\"ImageObject\",\"inLanguage\":\"ca\",\"@id\":\"https:\\\/\\\/www.foldingbikeshouse.com\\\/ca\\\/producto\\\/vello-gravel-edition\\\/#primaryimage\",\"url\":\"https:\\\/\\\/www.foldingbikeshouse.com\\\/wp-content\\\/uploads\\\/ges\\\/img\\\/img_1431_ef280b9f1609953e94114a2fb9f1cd1c_1.jpg\",\"contentUrl\":\"https:\\\/\\\/www.foldingbikeshouse.com\\\/wp-content\\\/uploads\\\/ges\\\/img\\\/img_1431_ef280b9f1609953e94114a2fb9f1cd1c_1.jpg\",\"width\":999,\"height\":666},{\"@type\":\"BreadcrumbList\",\"@id\":\"https:\\\/\\\/www.foldingbikeshouse.com\\\/ca\\\/producto\\\/vello-gravel-edition\\\/#breadcrumb\",\"itemListElement\":[{\"@type\":\"ListItem\",\"position\":1,\"name\":\"Portada\",\"item\":\"https:\\\/\\\/www.foldingbikeshouse.com\\\/ca\\\/\"},{\"@type\":\"ListItem\",\"position\":2,\"name\":\"Productes\",\"item\":\"https:\\\/\\\/www.foldingbikeshouse.com\\\/ca\\\/shop\\\/\"},{\"@type\":\"ListItem\",\"position\":3,\"name\":\"VELLO GRAVEL EDITION\"}]},{\"@type\":\"WebSite\",\"@id\":\"https:\\\/\\\/www.foldingbikeshouse.com\\\/ca\\\/#website\",\"url\":\"https:\\\/\\\/www.foldingbikeshouse.com\\\/ca\\\/\",\"name\":\"Folding Bikes House\",\"description\":\"\",\"publisher\":{\"@id\":\"https:\\\/\\\/www.foldingbikeshouse.com\\\/ca\\\/#organization\"},\"potentialAction\":[{\"@type\":\"SearchAction\",\"target\":{\"@type\":\"EntryPoint\",\"urlTemplate\":\"https:\\\/\\\/www.foldingbikeshouse.com\\\/ca\\\/?s={search_term_string}\"},\"query-input\":{\"@type\":\"PropertyValueSpecification\",\"valueRequired\":true,\"valueName\":\"search_term_string\"}}],\"inLanguage\":\"ca\"},{\"@type\":\"Organization\",\"@id\":\"https:\\\/\\\/www.foldingbikeshouse.com\\\/ca\\\/#organization\",\"name\":\"Folding Bikes House\",\"url\":\"https:\\\/\\\/www.foldingbikeshouse.com\\\/ca\\\/\",\"logo\":{\"@type\":\"ImageObject\",\"inLanguage\":\"ca\",\"@id\":\"https:\\\/\\\/www.foldingbikeshouse.com\\\/ca\\\/#\\\/schema\\\/logo\\\/image\\\/\",\"url\":\"https:\\\/\\\/www.foldingbikeshouse.com\\\/wp-content\\\/uploads\\\/2024\\\/05\\\/logofbh-1.png\",\"contentUrl\":\"https:\\\/\\\/www.foldingbikeshouse.com\\\/wp-content\\\/uploads\\\/2024\\\/05\\\/logofbh-1.png\",\"width\":900,\"height\":900,\"caption\":\"Folding Bikes House\"},\"image\":{\"@id\":\"https:\\\/\\\/www.foldingbikeshouse.com\\\/ca\\\/#\\\/schema\\\/logo\\\/image\\\/\"},\"sameAs\":[\"https:\\\/\\\/www.facebook.com\\\/foldingbikeshousebcn\\\/\",\"https:\\\/\\\/www.instagram.com\\\/foldingbikeshousebcn\\\/\",\"https:\\\/\\\/www.youtube.com\\\/channel\\\/UC4CfEpAN0fWBp-_ca86OvuA\"]}]}<\/script>\n<!-- \/ Yoast SEO plugin. -->","yoast_head_json":{"title":"VELLO GRAVEL EDITION - Folding Bikes House","robots":{"index":"index","follow":"follow","max-snippet":"max-snippet:-1","max-image-preview":"max-image-preview:large","max-video-preview":"max-video-preview:-1"},"canonical":"https:\/\/www.foldingbikeshouse.com\/ca\/producto\/vello-gravel-edition\/","og_locale":"ca_ES","og_type":"article","og_title":"VELLO GRAVEL EDITION - Folding Bikes House","og_description":"La flexibilidad de una bicicleta plegable se combina con el rendimiento deportivo y la capacidad todoterreno de una bicicleta de grava. Actualmente, el h\u00e1bitat natural de los VELLO es el espacio urbano. El VELLO Gravel abre posibilidades completamente nuevas para su uso en terrenos accidentados alrededor de las ciudades. El mecanismo de plegado hace que la VELLO Gravel sea f\u00e1cil de llevar en el tren o en el coche. Por lo tanto, es muy f\u00e1cil acceder a las rutas de grava fuera de la ciudad. ESPECIFICACIONES T\u00c9CNICAS Cuadro: Multisize, unisex, cromoly\/amortiguador con plegado de elast\u00f3mero magn\u00e9tico Color: Antracita Manillar, pu\u00f1os: Manillar bajo, ancho y acampanado con flare Sill\u00edn: Sill\u00edn Royal Viento, matriz de espuma Tija de sill\u00edn: Aleaci\u00f3n Satori 30,9 mm x 500 mm V\u00e1stago: Altura totalmente ajustable Sistema de cambio: Shimano serie 105, cambio trasero de 10 velocidades, no el\u00e9ctrico Mandos: palancas de cambio y freno integradas STI, microSHIFT 10 velocidades Transmisi\u00f3n: Cadena Plato delantero: 54T con doble protector de cadena Frenos: Frenos de disco Neum\u00e1ticos: 20\" 2.0 Schwalbe Billy Bonkers Performance Desarrollo: 2,40m - 7,85m Peso: 11,9 kg (aprox., sin pedales) Tama\u00f1o plegado: H: 65 cm x L: 79 cm x B: 39 cm Incluye reflectores.","og_url":"https:\/\/www.foldingbikeshouse.com\/ca\/producto\/vello-gravel-edition\/","og_site_name":"Folding Bikes House","article_publisher":"https:\/\/www.facebook.com\/foldingbikeshousebcn\/","article_modified_time":"2026-04-13T05:55:32+00:00","og_image":[{"width":999,"height":666,"url":"https:\/\/www.foldingbikeshouse.com\/wp-content\/uploads\/ges\/img\/img_1431_ef280b9f1609953e94114a2fb9f1cd1c_1.jpg","type":"image\/jpeg"}],"twitter_card":"summary_large_image","twitter_misc":{"Temps estimat de lectura":"1 minut"},"schema":{"@context":"https:\/\/schema.org","@graph":[{"@type":"WebPage","@id":"https:\/\/www.foldingbikeshouse.com\/ca\/producto\/vello-gravel-edition\/","url":"https:\/\/www.foldingbikeshouse.com\/ca\/producto\/vello-gravel-edition\/","name":"VELLO GRAVEL EDITION - Folding Bikes House","isPartOf":{"@id":"https:\/\/www.foldingbikeshouse.com\/ca\/#website"},"primaryImageOfPage":{"@id":"https:\/\/www.foldingbikeshouse.com\/ca\/producto\/vello-gravel-edition\/#primaryimage"},"image":{"@id":"https:\/\/www.foldingbikeshouse.com\/ca\/producto\/vello-gravel-edition\/#primaryimage"},"thumbnailUrl":"https:\/\/www.foldingbikeshouse.com\/wp-content\/uploads\/ges\/img\/img_1431_ef280b9f1609953e94114a2fb9f1cd1c_1.jpg","datePublished":"2024-11-14T11:21:32+00:00","dateModified":"2026-04-13T05:55:32+00:00","breadcrumb":{"@id":"https:\/\/www.foldingbikeshouse.com\/ca\/producto\/vello-gravel-edition\/#breadcrumb"},"inLanguage":"ca","potentialAction":[{"@type":"ReadAction","target":["https:\/\/www.foldingbikeshouse.com\/ca\/producto\/vello-gravel-edition\/"]}]},{"@type":"ImageObject","inLanguage":"ca","@id":"https:\/\/www.foldingbikeshouse.com\/ca\/producto\/vello-gravel-edition\/#primaryimage","url":"https:\/\/www.foldingbikeshouse.com\/wp-content\/uploads\/ges\/img\/img_1431_ef280b9f1609953e94114a2fb9f1cd1c_1.jpg","contentUrl":"https:\/\/www.foldingbikeshouse.com\/wp-content\/uploads\/ges\/img\/img_1431_ef280b9f1609953e94114a2fb9f1cd1c_1.jpg","width":999,"height":666},{"@type":"BreadcrumbList","@id":"https:\/\/www.foldingbikeshouse.com\/ca\/producto\/vello-gravel-edition\/#breadcrumb","itemListElement":[{"@type":"ListItem","position":1,"name":"Portada","item":"https:\/\/www.foldingbikeshouse.com\/ca\/"},{"@type":"ListItem","position":2,"name":"Productes","item":"https:\/\/www.foldingbikeshouse.com\/ca\/shop\/"},{"@type":"ListItem","position":3,"name":"VELLO GRAVEL EDITION"}]},{"@type":"WebSite","@id":"https:\/\/www.foldingbikeshouse.com\/ca\/#website","url":"https:\/\/www.foldingbikeshouse.com\/ca\/","name":"Folding Bikes House","description":"","publisher":{"@id":"https:\/\/www.foldingbikeshouse.com\/ca\/#organization"},"potentialAction":[{"@type":"SearchAction","target":{"@type":"EntryPoint","urlTemplate":"https:\/\/www.foldingbikeshouse.com\/ca\/?s={search_term_string}"},"query-input":{"@type":"PropertyValueSpecification","valueRequired":true,"valueName":"search_term_string"}}],"inLanguage":"ca"},{"@type":"Organization","@id":"https:\/\/www.foldingbikeshouse.com\/ca\/#organization","name":"Folding Bikes House","url":"https:\/\/www.foldingbikeshouse.com\/ca\/","logo":{"@type":"ImageObject","inLanguage":"ca","@id":"https:\/\/www.foldingbikeshouse.com\/ca\/#\/schema\/logo\/image\/","url":"https:\/\/www.foldingbikeshouse.com\/wp-content\/uploads\/2024\/05\/logofbh-1.png","contentUrl":"https:\/\/www.foldingbikeshouse.com\/wp-content\/uploads\/2024\/05\/logofbh-1.png","width":900,"height":900,"caption":"Folding Bikes House"},"image":{"@id":"https:\/\/www.foldingbikeshouse.com\/ca\/#\/schema\/logo\/image\/"},"sameAs":["https:\/\/www.facebook.com\/foldingbikeshousebcn\/","https:\/\/www.instagram.com\/foldingbikeshousebcn\/","https:\/\/www.youtube.com\/channel\/UC4CfEpAN0fWBp-_ca86OvuA"]}]}},"brands":[],"_links":{"self":[{"href":"https:\/\/www.foldingbikeshouse.com\/ca\/wp-json\/wp\/v2\/product\/19464","targetHints":{"allow":["GET"]}}],"collection":[{"href":"https:\/\/www.foldingbikeshouse.com\/ca\/wp-json\/wp\/v2\/product"}],"about":[{"href":"https:\/\/www.foldingbikeshouse.com\/ca\/wp-json\/wp\/v2\/types\/product"}],"replies":[{"embeddable":true,"href":"https:\/\/www.foldingbikeshouse.com\/ca\/wp-json\/wp\/v2\/comments?post=19464"}],"version-history":[{"count":0,"href":"https:\/\/www.foldingbikeshouse.com\/ca\/wp-json\/wp\/v2\/product\/19464\/revisions"}],"wp:featuredmedia":[{"embeddable":true,"href":"https:\/\/www.foldingbikeshouse.com\/ca\/wp-json\/wp\/v2\/media\/87431"}],"wp:attachment":[{"href":"https:\/\/www.foldingbikeshouse.com\/ca\/wp-json\/wp\/v2\/media?parent=19464"}],"wp:term":[{"taxonomy":"pwb-brand","embeddable":true,"href":"https:\/\/www.foldingbikeshouse.com\/ca\/wp-json\/wp\/v2\/pwb-brand?post=19464"},{"taxonomy":"product_brand","embeddable":true,"href":"https:\/\/www.foldingbikeshouse.com\/ca\/wp-json\/wp\/v2\/product_brand?post=19464"},{"taxonomy":"product_cat","embeddable":true,"href":"https:\/\/www.foldingbikeshouse.com\/ca\/wp-json\/wp\/v2\/product_cat?post=19464"},{"taxonomy":"product_tag","embeddable":true,"href":"https:\/\/www.foldingbikeshouse.com\/ca\/wp-json\/wp\/v2\/product_tag?post=19464"}],"curies":[{"name":"wp","href":"https:\/\/api.w.org\/{rel}","templated":true}]}}