{"id":2327,"date":"2025-11-13T13:00:43","date_gmt":"2025-11-13T12:00:43","guid":{"rendered":"https:\/\/www.foldingbikeshouse.com\/?post_type=product&#038;p=2327"},"modified":"2026-04-13T08:01:14","modified_gmt":"2026-04-13T06:01:14","slug":"e-basket","status":"publish","type":"product","link":"https:\/\/www.foldingbikeshouse.com\/ca\/producto\/e-basket\/","title":{"rendered":"E-BASKET"},"content":{"rendered":"<p>Nuestra Brompton Electric Basket Bag en gris oscuro ha sido adaptada de nuestra cl\u00e1sica Basket Bag plegable, \u00a1para que los ciclistas con una Brompton Electric ahora puedan disfrutar de sus beneficios! La cesta se fija a la parte delantera de tu Brompton Electric mediante el sistema de bloqueo frontal, lo que facilita llevarla contigo en cada viaje.<\/p>\n<p>Nuestra bolsa para cesta el\u00e9ctrica Brompton equivale a llevar una cesta de mimbre delantera tradicional en tu bicicleta, pero es m\u00e1s contempor\u00e1nea, mucho m\u00e1s funcional, elegante y con clase. Tiene una gran capacidad de carga, para que puedas llevar todo lo que necesites, ya sea para tu desplazamiento diario al trabajo, una excursi\u00f3n de un d\u00eda por la ciudad o un caf\u00e9 con amigos; Es un gran compa\u00f1ero de viaje para todo tipo de viajes.<\/p>\n<p>Nuestra Brompton Electric Basket Bag tiene un bolsillo interno con cremallera, perfecto para guardar tu tel\u00e9fono o cartera. El bucle de cinta externo le permite sujetar elementos adicionales, como su casco, cuando llegue a su destino. El soporte interno de aluminio y las cinchas laterales le permiten ajustar el tama\u00f1o de la bolsa y cerrar la abertura superior de forma r\u00e1pida y herm\u00e9tica. Est\u00e1 fabricado con materiales duraderos y de primera calidad, lo que lo hace confiable como un mejor amigo.<\/p>\n<p>La E-Basket es un kit vers\u00e1til para todas tus aventuras cotidianas, para que puedas salir y disfrutar de un viaje alegre y sencillo.<\/p>\n","protected":false},"excerpt":{"rendered":"<p>Nuestra Brompton Electric Basket Bag en gris oscuro ha sido adaptada de nuestra cl\u00e1sica Basket Bag plegable, \u00a1para que los ciclistas con una Brompton Electric ahora puedan disfrutar de sus beneficios! La cesta se fija a la parte delantera de tu Brompton Electric mediante el sistema de bloqueo frontal, lo que facilita llevarla contigo en cada viaje.<\/p>\n<p>Nuestra bolsa para cesta el\u00e9ctrica Brompton equivale a llevar una cesta de mimbre delantera tradicional en tu bicicleta, pero es m\u00e1s contempor\u00e1nea, mucho m\u00e1s funcional, elegante y con clase. Tiene una gran capacidad de carga, para que puedas llevar todo lo que necesites, ya sea para tu desplazamiento diario al trabajo, una excursi\u00f3n de un d\u00eda por la ciudad o un caf\u00e9 con amigos; Es un gran compa\u00f1ero de viaje para todo tipo de viajes.<\/p>\n<p>Nuestra Brompton Electric Basket Bag tiene un bolsillo interno con cremallera, perfecto para guardar tu tel\u00e9fono o cartera. El bucle de cinta externo le permite sujetar elementos adicionales, como su casco, cuando llegue a su destino. El soporte interno de aluminio y las cinchas laterales le permiten ajustar el tama\u00f1o de la bolsa y cerrar la abertura superior de forma r\u00e1pida y herm\u00e9tica. Est\u00e1 fabricado con materiales duraderos y de primera calidad, lo que lo hace confiable como un mejor amigo.<\/p>\n<p>La E-Basket es un kit vers\u00e1til para todas tus aventuras cotidianas, para que puedas salir y disfrutar de un viaje alegre y sencillo.<\/p>\n","protected":false},"featured_media":88700,"comment_status":"open","ping_status":"closed","template":"","meta":{"site-sidebar-layout":"default","site-content-layout":"","ast-site-content-layout":"","site-content-style":"default","site-sidebar-style":"default","ast-global-header-display":"","ast-banner-title-visibility":"","ast-main-header-display":"","ast-hfb-above-header-display":"","ast-hfb-below-header-display":"","ast-hfb-mobile-header-display":"","site-post-title":"","ast-breadcrumbs-content":"","ast-featured-img":"","footer-sml-layout":"","theme-transparent-header-meta":"","adv-header-id-meta":"","stick-header-meta":"","header-above-stick-meta":"","header-main-stick-meta":"","header-below-stick-meta":"","astra-migrate-meta-layouts":"default","ast-page-background-enabled":"default","ast-page-background-meta":{"desktop":{"background-color":"var(--ast-global-color-4)","background-image":"","background-repeat":"repeat","background-position":"center center","background-size":"auto","background-attachment":"scroll","background-type":"","background-media":"","overlay-type":"","overlay-color":"","overlay-gradient":""},"tablet":{"background-color":"","background-image":"","background-repeat":"repeat","background-position":"center center","background-size":"auto","background-attachment":"scroll","background-type":"","background-media":"","overlay-type":"","overlay-color":"","overlay-gradient":""},"mobile":{"background-color":"","background-image":"","background-repeat":"repeat","background-position":"center center","background-size":"auto","background-attachment":"scroll","background-type":"","background-media":"","overlay-type":"","overlay-color":"","overlay-gradient":""}},"ast-content-background-meta":{"desktop":{"background-color":"var(--ast-global-color-5)","background-image":"","background-repeat":"repeat","background-position":"center center","background-size":"auto","background-attachment":"scroll","background-type":"","background-media":"","overlay-type":"","overlay-color":"","overlay-gradient":""},"tablet":{"background-color":"var(--ast-global-color-5)","background-image":"","background-repeat":"repeat","background-position":"center center","background-size":"auto","background-attachment":"scroll","background-type":"","background-media":"","overlay-type":"","overlay-color":"","overlay-gradient":""},"mobile":{"background-color":"var(--ast-global-color-5)","background-image":"","background-repeat":"repeat","background-position":"center center","background-size":"auto","background-attachment":"scroll","background-type":"","background-media":"","overlay-type":"","overlay-color":"","overlay-gradient":""}}},"pwb-brand":[],"product_brand":[],"product_cat":[185,217],"product_tag":[],"class_list":{"0":"post-2327","1":"product","2":"type-product","3":"status-publish","4":"has-post-thumbnail","6":"product_cat-bolsas","7":"product_cat-bolsas-bolsas-brompton-electrica","8":"desktop-align-left","9":"tablet-align-left","10":"mobile-align-left","11":"ast-product-gallery-layout-first-image-large","12":"ast-product-gallery-with-no-image","13":"ast-product-tabs-layout-horizontal","15":"first","16":"instock","17":"taxable","18":"shipping-taxable","19":"purchasable","20":"product-type-simple"},"yoast_head":"<!-- This site is optimized with the Yoast SEO plugin v27.4 - https:\/\/yoast.com\/product\/yoast-seo-wordpress\/ -->\n<title>E-BASKET - Folding Bikes House<\/title>\n<meta name=\"robots\" content=\"index, follow, max-snippet:-1, max-image-preview:large, max-video-preview:-1\" \/>\n<link rel=\"canonical\" href=\"https:\/\/www.foldingbikeshouse.com\/ca\/producto\/e-basket\/\" \/>\n<meta property=\"og:locale\" content=\"ca_ES\" \/>\n<meta property=\"og:type\" content=\"article\" \/>\n<meta property=\"og:title\" content=\"E-BASKET - Folding Bikes House\" \/>\n<meta property=\"og:description\" content=\"Nuestra Brompton Electric Basket Bag en gris oscuro ha sido adaptada de nuestra cl\u00e1sica Basket Bag plegable, \u00a1para que los ciclistas con una Brompton Electric ahora puedan disfrutar de sus beneficios! La cesta se fija a la parte delantera de tu Brompton Electric mediante el sistema de bloqueo frontal, lo que facilita llevarla contigo en cada viaje. Nuestra bolsa para cesta el\u00e9ctrica Brompton equivale a llevar una cesta de mimbre delantera tradicional en tu bicicleta, pero es m\u00e1s contempor\u00e1nea, mucho m\u00e1s funcional, elegante y con clase. Tiene una gran capacidad de carga, para que puedas llevar todo lo que necesites, ya sea para tu desplazamiento diario al trabajo, una excursi\u00f3n de un d\u00eda por la ciudad o un caf\u00e9 con amigos; Es un gran compa\u00f1ero de viaje para todo tipo de viajes. Nuestra Brompton Electric Basket Bag tiene un bolsillo interno con cremallera, perfecto para guardar tu tel\u00e9fono o cartera. El bucle de cinta externo le permite sujetar elementos adicionales, como su casco, cuando llegue a su destino. El soporte interno de aluminio y las cinchas laterales le permiten ajustar el tama\u00f1o de la bolsa y cerrar la abertura superior de forma r\u00e1pida y herm\u00e9tica. Est\u00e1 fabricado con materiales duraderos y de primera calidad, lo que lo hace confiable como un mejor amigo. La E-Basket es un kit vers\u00e1til para todas tus aventuras cotidianas, para que puedas salir y disfrutar de un viaje alegre y sencillo.\" \/>\n<meta property=\"og:url\" content=\"https:\/\/www.foldingbikeshouse.com\/ca\/producto\/e-basket\/\" \/>\n<meta property=\"og:site_name\" content=\"Folding Bikes House\" \/>\n<meta property=\"article:publisher\" content=\"https:\/\/www.facebook.com\/foldingbikeshousebcn\/\" \/>\n<meta property=\"article:modified_time\" content=\"2026-04-13T06:01:14+00:00\" \/>\n<meta property=\"og:image\" content=\"https:\/\/www.foldingbikeshouse.com\/wp-content\/uploads\/ges\/img\/img_5936_555d9d55a765b70fb32a2fb8a1d5e691_1.jpg\" \/>\n\t<meta property=\"og:image:width\" content=\"215\" \/>\n\t<meta property=\"og:image:height\" content=\"140\" \/>\n\t<meta property=\"og:image:type\" content=\"image\/jpeg\" \/>\n<meta name=\"twitter:card\" content=\"summary_large_image\" \/>\n<meta name=\"twitter:label1\" content=\"Temps estimat de lectura\" \/>\n\t<meta name=\"twitter:data1\" content=\"1 minut\" \/>\n<script type=\"application\/ld+json\" class=\"yoast-schema-graph\">{\"@context\":\"https:\\\/\\\/schema.org\",\"@graph\":[{\"@type\":\"WebPage\",\"@id\":\"https:\\\/\\\/www.foldingbikeshouse.com\\\/ca\\\/producto\\\/e-basket\\\/\",\"url\":\"https:\\\/\\\/www.foldingbikeshouse.com\\\/ca\\\/producto\\\/e-basket\\\/\",\"name\":\"E-BASKET - Folding Bikes House\",\"isPartOf\":{\"@id\":\"https:\\\/\\\/www.foldingbikeshouse.com\\\/ca\\\/#website\"},\"primaryImageOfPage\":{\"@id\":\"https:\\\/\\\/www.foldingbikeshouse.com\\\/ca\\\/producto\\\/e-basket\\\/#primaryimage\"},\"image\":{\"@id\":\"https:\\\/\\\/www.foldingbikeshouse.com\\\/ca\\\/producto\\\/e-basket\\\/#primaryimage\"},\"thumbnailUrl\":\"https:\\\/\\\/www.foldingbikeshouse.com\\\/wp-content\\\/uploads\\\/ges\\\/img\\\/img_5936_555d9d55a765b70fb32a2fb8a1d5e691_1.jpg\",\"datePublished\":\"2025-11-13T12:00:43+00:00\",\"dateModified\":\"2026-04-13T06:01:14+00:00\",\"breadcrumb\":{\"@id\":\"https:\\\/\\\/www.foldingbikeshouse.com\\\/ca\\\/producto\\\/e-basket\\\/#breadcrumb\"},\"inLanguage\":\"ca\",\"potentialAction\":[{\"@type\":\"ReadAction\",\"target\":[\"https:\\\/\\\/www.foldingbikeshouse.com\\\/ca\\\/producto\\\/e-basket\\\/\"]}]},{\"@type\":\"ImageObject\",\"inLanguage\":\"ca\",\"@id\":\"https:\\\/\\\/www.foldingbikeshouse.com\\\/ca\\\/producto\\\/e-basket\\\/#primaryimage\",\"url\":\"https:\\\/\\\/www.foldingbikeshouse.com\\\/wp-content\\\/uploads\\\/ges\\\/img\\\/img_5936_555d9d55a765b70fb32a2fb8a1d5e691_1.jpg\",\"contentUrl\":\"https:\\\/\\\/www.foldingbikeshouse.com\\\/wp-content\\\/uploads\\\/ges\\\/img\\\/img_5936_555d9d55a765b70fb32a2fb8a1d5e691_1.jpg\",\"width\":215,\"height\":140},{\"@type\":\"BreadcrumbList\",\"@id\":\"https:\\\/\\\/www.foldingbikeshouse.com\\\/ca\\\/producto\\\/e-basket\\\/#breadcrumb\",\"itemListElement\":[{\"@type\":\"ListItem\",\"position\":1,\"name\":\"Portada\",\"item\":\"https:\\\/\\\/www.foldingbikeshouse.com\\\/ca\\\/\"},{\"@type\":\"ListItem\",\"position\":2,\"name\":\"Productes\",\"item\":\"https:\\\/\\\/www.foldingbikeshouse.com\\\/ca\\\/shop\\\/\"},{\"@type\":\"ListItem\",\"position\":3,\"name\":\"E-BASKET\"}]},{\"@type\":\"WebSite\",\"@id\":\"https:\\\/\\\/www.foldingbikeshouse.com\\\/ca\\\/#website\",\"url\":\"https:\\\/\\\/www.foldingbikeshouse.com\\\/ca\\\/\",\"name\":\"Folding Bikes House\",\"description\":\"\",\"publisher\":{\"@id\":\"https:\\\/\\\/www.foldingbikeshouse.com\\\/ca\\\/#organization\"},\"potentialAction\":[{\"@type\":\"SearchAction\",\"target\":{\"@type\":\"EntryPoint\",\"urlTemplate\":\"https:\\\/\\\/www.foldingbikeshouse.com\\\/ca\\\/?s={search_term_string}\"},\"query-input\":{\"@type\":\"PropertyValueSpecification\",\"valueRequired\":true,\"valueName\":\"search_term_string\"}}],\"inLanguage\":\"ca\"},{\"@type\":\"Organization\",\"@id\":\"https:\\\/\\\/www.foldingbikeshouse.com\\\/ca\\\/#organization\",\"name\":\"Folding Bikes House\",\"url\":\"https:\\\/\\\/www.foldingbikeshouse.com\\\/ca\\\/\",\"logo\":{\"@type\":\"ImageObject\",\"inLanguage\":\"ca\",\"@id\":\"https:\\\/\\\/www.foldingbikeshouse.com\\\/ca\\\/#\\\/schema\\\/logo\\\/image\\\/\",\"url\":\"https:\\\/\\\/www.foldingbikeshouse.com\\\/wp-content\\\/uploads\\\/2024\\\/05\\\/logofbh-1.png\",\"contentUrl\":\"https:\\\/\\\/www.foldingbikeshouse.com\\\/wp-content\\\/uploads\\\/2024\\\/05\\\/logofbh-1.png\",\"width\":900,\"height\":900,\"caption\":\"Folding Bikes House\"},\"image\":{\"@id\":\"https:\\\/\\\/www.foldingbikeshouse.com\\\/ca\\\/#\\\/schema\\\/logo\\\/image\\\/\"},\"sameAs\":[\"https:\\\/\\\/www.facebook.com\\\/foldingbikeshousebcn\\\/\",\"https:\\\/\\\/www.instagram.com\\\/foldingbikeshousebcn\\\/\",\"https:\\\/\\\/www.youtube.com\\\/channel\\\/UC4CfEpAN0fWBp-_ca86OvuA\"]}]}<\/script>\n<!-- \/ Yoast SEO plugin. -->","yoast_head_json":{"title":"E-BASKET - Folding Bikes House","robots":{"index":"index","follow":"follow","max-snippet":"max-snippet:-1","max-image-preview":"max-image-preview:large","max-video-preview":"max-video-preview:-1"},"canonical":"https:\/\/www.foldingbikeshouse.com\/ca\/producto\/e-basket\/","og_locale":"ca_ES","og_type":"article","og_title":"E-BASKET - Folding Bikes House","og_description":"Nuestra Brompton Electric Basket Bag en gris oscuro ha sido adaptada de nuestra cl\u00e1sica Basket Bag plegable, \u00a1para que los ciclistas con una Brompton Electric ahora puedan disfrutar de sus beneficios! La cesta se fija a la parte delantera de tu Brompton Electric mediante el sistema de bloqueo frontal, lo que facilita llevarla contigo en cada viaje. Nuestra bolsa para cesta el\u00e9ctrica Brompton equivale a llevar una cesta de mimbre delantera tradicional en tu bicicleta, pero es m\u00e1s contempor\u00e1nea, mucho m\u00e1s funcional, elegante y con clase. Tiene una gran capacidad de carga, para que puedas llevar todo lo que necesites, ya sea para tu desplazamiento diario al trabajo, una excursi\u00f3n de un d\u00eda por la ciudad o un caf\u00e9 con amigos; Es un gran compa\u00f1ero de viaje para todo tipo de viajes. Nuestra Brompton Electric Basket Bag tiene un bolsillo interno con cremallera, perfecto para guardar tu tel\u00e9fono o cartera. El bucle de cinta externo le permite sujetar elementos adicionales, como su casco, cuando llegue a su destino. El soporte interno de aluminio y las cinchas laterales le permiten ajustar el tama\u00f1o de la bolsa y cerrar la abertura superior de forma r\u00e1pida y herm\u00e9tica. Est\u00e1 fabricado con materiales duraderos y de primera calidad, lo que lo hace confiable como un mejor amigo. La E-Basket es un kit vers\u00e1til para todas tus aventuras cotidianas, para que puedas salir y disfrutar de un viaje alegre y sencillo.","og_url":"https:\/\/www.foldingbikeshouse.com\/ca\/producto\/e-basket\/","og_site_name":"Folding Bikes House","article_publisher":"https:\/\/www.facebook.com\/foldingbikeshousebcn\/","article_modified_time":"2026-04-13T06:01:14+00:00","og_image":[{"width":215,"height":140,"url":"https:\/\/www.foldingbikeshouse.com\/wp-content\/uploads\/ges\/img\/img_5936_555d9d55a765b70fb32a2fb8a1d5e691_1.jpg","type":"image\/jpeg"}],"twitter_card":"summary_large_image","twitter_misc":{"Temps estimat de lectura":"1 minut"},"schema":{"@context":"https:\/\/schema.org","@graph":[{"@type":"WebPage","@id":"https:\/\/www.foldingbikeshouse.com\/ca\/producto\/e-basket\/","url":"https:\/\/www.foldingbikeshouse.com\/ca\/producto\/e-basket\/","name":"E-BASKET - Folding Bikes House","isPartOf":{"@id":"https:\/\/www.foldingbikeshouse.com\/ca\/#website"},"primaryImageOfPage":{"@id":"https:\/\/www.foldingbikeshouse.com\/ca\/producto\/e-basket\/#primaryimage"},"image":{"@id":"https:\/\/www.foldingbikeshouse.com\/ca\/producto\/e-basket\/#primaryimage"},"thumbnailUrl":"https:\/\/www.foldingbikeshouse.com\/wp-content\/uploads\/ges\/img\/img_5936_555d9d55a765b70fb32a2fb8a1d5e691_1.jpg","datePublished":"2025-11-13T12:00:43+00:00","dateModified":"2026-04-13T06:01:14+00:00","breadcrumb":{"@id":"https:\/\/www.foldingbikeshouse.com\/ca\/producto\/e-basket\/#breadcrumb"},"inLanguage":"ca","potentialAction":[{"@type":"ReadAction","target":["https:\/\/www.foldingbikeshouse.com\/ca\/producto\/e-basket\/"]}]},{"@type":"ImageObject","inLanguage":"ca","@id":"https:\/\/www.foldingbikeshouse.com\/ca\/producto\/e-basket\/#primaryimage","url":"https:\/\/www.foldingbikeshouse.com\/wp-content\/uploads\/ges\/img\/img_5936_555d9d55a765b70fb32a2fb8a1d5e691_1.jpg","contentUrl":"https:\/\/www.foldingbikeshouse.com\/wp-content\/uploads\/ges\/img\/img_5936_555d9d55a765b70fb32a2fb8a1d5e691_1.jpg","width":215,"height":140},{"@type":"BreadcrumbList","@id":"https:\/\/www.foldingbikeshouse.com\/ca\/producto\/e-basket\/#breadcrumb","itemListElement":[{"@type":"ListItem","position":1,"name":"Portada","item":"https:\/\/www.foldingbikeshouse.com\/ca\/"},{"@type":"ListItem","position":2,"name":"Productes","item":"https:\/\/www.foldingbikeshouse.com\/ca\/shop\/"},{"@type":"ListItem","position":3,"name":"E-BASKET"}]},{"@type":"WebSite","@id":"https:\/\/www.foldingbikeshouse.com\/ca\/#website","url":"https:\/\/www.foldingbikeshouse.com\/ca\/","name":"Folding Bikes House","description":"","publisher":{"@id":"https:\/\/www.foldingbikeshouse.com\/ca\/#organization"},"potentialAction":[{"@type":"SearchAction","target":{"@type":"EntryPoint","urlTemplate":"https:\/\/www.foldingbikeshouse.com\/ca\/?s={search_term_string}"},"query-input":{"@type":"PropertyValueSpecification","valueRequired":true,"valueName":"search_term_string"}}],"inLanguage":"ca"},{"@type":"Organization","@id":"https:\/\/www.foldingbikeshouse.com\/ca\/#organization","name":"Folding Bikes House","url":"https:\/\/www.foldingbikeshouse.com\/ca\/","logo":{"@type":"ImageObject","inLanguage":"ca","@id":"https:\/\/www.foldingbikeshouse.com\/ca\/#\/schema\/logo\/image\/","url":"https:\/\/www.foldingbikeshouse.com\/wp-content\/uploads\/2024\/05\/logofbh-1.png","contentUrl":"https:\/\/www.foldingbikeshouse.com\/wp-content\/uploads\/2024\/05\/logofbh-1.png","width":900,"height":900,"caption":"Folding Bikes House"},"image":{"@id":"https:\/\/www.foldingbikeshouse.com\/ca\/#\/schema\/logo\/image\/"},"sameAs":["https:\/\/www.facebook.com\/foldingbikeshousebcn\/","https:\/\/www.instagram.com\/foldingbikeshousebcn\/","https:\/\/www.youtube.com\/channel\/UC4CfEpAN0fWBp-_ca86OvuA"]}]}},"brands":[],"_links":{"self":[{"href":"https:\/\/www.foldingbikeshouse.com\/ca\/wp-json\/wp\/v2\/product\/2327","targetHints":{"allow":["GET"]}}],"collection":[{"href":"https:\/\/www.foldingbikeshouse.com\/ca\/wp-json\/wp\/v2\/product"}],"about":[{"href":"https:\/\/www.foldingbikeshouse.com\/ca\/wp-json\/wp\/v2\/types\/product"}],"replies":[{"embeddable":true,"href":"https:\/\/www.foldingbikeshouse.com\/ca\/wp-json\/wp\/v2\/comments?post=2327"}],"version-history":[{"count":0,"href":"https:\/\/www.foldingbikeshouse.com\/ca\/wp-json\/wp\/v2\/product\/2327\/revisions"}],"wp:featuredmedia":[{"embeddable":true,"href":"https:\/\/www.foldingbikeshouse.com\/ca\/wp-json\/wp\/v2\/media\/88700"}],"wp:attachment":[{"href":"https:\/\/www.foldingbikeshouse.com\/ca\/wp-json\/wp\/v2\/media?parent=2327"}],"wp:term":[{"taxonomy":"pwb-brand","embeddable":true,"href":"https:\/\/www.foldingbikeshouse.com\/ca\/wp-json\/wp\/v2\/pwb-brand?post=2327"},{"taxonomy":"product_brand","embeddable":true,"href":"https:\/\/www.foldingbikeshouse.com\/ca\/wp-json\/wp\/v2\/product_brand?post=2327"},{"taxonomy":"product_cat","embeddable":true,"href":"https:\/\/www.foldingbikeshouse.com\/ca\/wp-json\/wp\/v2\/product_cat?post=2327"},{"taxonomy":"product_tag","embeddable":true,"href":"https:\/\/www.foldingbikeshouse.com\/ca\/wp-json\/wp\/v2\/product_tag?post=2327"}],"curies":[{"name":"wp","href":"https:\/\/api.w.org\/{rel}","templated":true}]}}