{"id":25478,"date":"2024-12-24T12:36:26","date_gmt":"2024-12-24T11:36:26","guid":{"rendered":"https:\/\/www.foldingbikeshouse.com\/?post_type=product&#038;p=25478"},"modified":"2026-04-13T07:48:41","modified_gmt":"2026-04-13T05:48:41","slug":"set-knog-blinder-mini-chippy","status":"publish","type":"product","link":"https:\/\/www.foldingbikeshouse.com\/ca\/producto\/set-knog-blinder-mini-chippy\/","title":{"rendered":"SET KNOG BLINDER MINI CHIPPY"},"content":{"rendered":"<p>Delantera<br \/>\nPotencia: 20 l\u00famenes<br \/>\nDimensiones: 31 x 31 x 14 mm<br \/>\nPeso: 18 g<br \/>\nTiempos de ejecuci\u00f3n: Steady (1.8 h), Strobe (3.5 h), Fading Flash (3 h), Lightning Flash (3.5 h), Eco flash (10 h).<br \/>\nHaz: 120\u00ba<br \/>\nCara: Reflectiva<br \/>\nImpermeable: si<br \/>\nBater\u00eda: bater\u00eda de pol\u00edmero de litio recargable a trav\u00e9s de conector USB integrado.<br \/>\nTipo de carga: A trav\u00e9s de conector USB integrado. Impermeable, resistente y puede ser enchufado directamente, sin necesidad de cables. \u2028<br \/>\nTiempo de carga: 2,5 horas<br \/>\nCorreas: El mismo sistema de correa que el MOB Blinder, lo que significa silicona m\u00e1s fuerte y correas intercambiables sin herramientas<\/p>\n<p>Trasera<br \/>\nPotencia: 11 l\u00famenes<br \/>\nDimensiones: 31 x 31 x 14 mm<br \/>\nPeso: 18 g<br \/>\nTiempos de ejecuci\u00f3n: Steady (1.8 h), Strobe (3.5 h), Fading Flash (3 h), Lightning Flash (3.5 h), Eco flash (10 h).<br \/>\nHaz: 120\u00ba<br \/>\nCara: Reflectiva<br \/>\nImpermeable: si<br \/>\nBater\u00eda: bater\u00eda de pol\u00edmero de litio recargable a trav\u00e9s de conector USB integrado.<br \/>\nTipo de carga: A trav\u00e9s de conector USB integrado. Impermeable, resistente y puede ser enchufado directamente, sin necesidad de cables. \u2028<br \/>\nTiempo de carga: 2,5 horas<br \/>\nCorreas: El mismo sistema de correa que el MOB Blinder, lo que significa silicona m\u00e1s fuerte y correas intercambiables sin herramientas<\/p>\n","protected":false},"excerpt":{"rendered":"<p>Delantera<br \/>\nPotencia: 20 l\u00famenes<br \/>\nDimensiones: 31 x 31 x 14 mm<br \/>\nPeso: 18 g<br \/>\nTiempos de ejecuci\u00f3n: Steady (1.8 h), Strobe (3.5 h), Fading Flash (3 h), Lightning Flash (3.5 h), Eco flash (10 h).<br \/>\nHaz: 120\u00ba<br \/>\nCara: Reflectiva<br \/>\nImpermeable: si<br \/>\nBater\u00eda: bater\u00eda de pol\u00edmero de litio recargable a trav\u00e9s de conector USB integrado.<br \/>\nTipo de carga: A trav\u00e9s de conector USB integrado. Impermeable, resistente y puede ser enchufado directamente, sin necesidad de cables. \u2028<br \/>\nTiempo de carga: 2,5 horas<br \/>\nCorreas: El mismo sistema de correa que el MOB Blinder, lo que significa silicona m\u00e1s fuerte y correas intercambiables sin herramientas<\/p>\n<p>Trasera<br \/>\nPotencia: 11 l\u00famenes<br \/>\nDimensiones: 31 x 31 x 14 mm<br \/>\nPeso: 18 g<br \/>\nTiempos de ejecuci\u00f3n: Steady (1.8 h), Strobe (3.5 h), Fading Flash (3 h), Lightning Flash (3.5 h), Eco flash (10 h).<br \/>\nHaz: 120\u00ba<br \/>\nCara: Reflectiva<br \/>\nImpermeable: si<br \/>\nBater\u00eda: bater\u00eda de pol\u00edmero de litio recargable a trav\u00e9s de conector USB integrado.<br \/>\nTipo de carga: A trav\u00e9s de conector USB integrado. Impermeable, resistente y puede ser enchufado directamente, sin necesidad de cables. \u2028<br \/>\nTiempo de carga: 2,5 horas<br \/>\nCorreas: El mismo sistema de correa que el MOB Blinder, lo que significa silicona m\u00e1s fuerte y correas intercambiables sin herramientas<\/p>\n","protected":false},"featured_media":87180,"comment_status":"open","ping_status":"closed","template":"","meta":{"site-sidebar-layout":"default","site-content-layout":"","ast-site-content-layout":"","site-content-style":"default","site-sidebar-style":"default","ast-global-header-display":"","ast-banner-title-visibility":"","ast-main-header-display":"","ast-hfb-above-header-display":"","ast-hfb-below-header-display":"","ast-hfb-mobile-header-display":"","site-post-title":"","ast-breadcrumbs-content":"","ast-featured-img":"","footer-sml-layout":"","theme-transparent-header-meta":"","adv-header-id-meta":"","stick-header-meta":"","header-above-stick-meta":"","header-main-stick-meta":"","header-below-stick-meta":"","astra-migrate-meta-layouts":"default","ast-page-background-enabled":"default","ast-page-background-meta":{"desktop":{"background-color":"var(--ast-global-color-4)","background-image":"","background-repeat":"repeat","background-position":"center center","background-size":"auto","background-attachment":"scroll","background-type":"","background-media":"","overlay-type":"","overlay-color":"","overlay-gradient":""},"tablet":{"background-color":"","background-image":"","background-repeat":"repeat","background-position":"center center","background-size":"auto","background-attachment":"scroll","background-type":"","background-media":"","overlay-type":"","overlay-color":"","overlay-gradient":""},"mobile":{"background-color":"","background-image":"","background-repeat":"repeat","background-position":"center center","background-size":"auto","background-attachment":"scroll","background-type":"","background-media":"","overlay-type":"","overlay-color":"","overlay-gradient":""}},"ast-content-background-meta":{"desktop":{"background-color":"var(--ast-global-color-5)","background-image":"","background-repeat":"repeat","background-position":"center center","background-size":"auto","background-attachment":"scroll","background-type":"","background-media":"","overlay-type":"","overlay-color":"","overlay-gradient":""},"tablet":{"background-color":"var(--ast-global-color-5)","background-image":"","background-repeat":"repeat","background-position":"center center","background-size":"auto","background-attachment":"scroll","background-type":"","background-media":"","overlay-type":"","overlay-color":"","overlay-gradient":""},"mobile":{"background-color":"var(--ast-global-color-5)","background-image":"","background-repeat":"repeat","background-position":"center center","background-size":"auto","background-attachment":"scroll","background-type":"","background-media":"","overlay-type":"","overlay-color":"","overlay-gradient":""}}},"pwb-brand":[164],"product_brand":[],"product_cat":[178],"product_tag":[],"class_list":{"0":"post-25478","1":"product","2":"type-product","3":"status-publish","4":"has-post-thumbnail","6":"pwb-brand-knoog","7":"product_cat-luces","8":"desktop-align-left","9":"tablet-align-left","10":"mobile-align-left","11":"ast-product-gallery-layout-first-image-large","12":"ast-product-gallery-with-no-image","13":"ast-product-tabs-layout-horizontal","15":"first","16":"outofstock","17":"taxable","18":"shipping-taxable","19":"purchasable","20":"product-type-simple"},"yoast_head":"<!-- This site is optimized with the Yoast SEO plugin v27.4 - https:\/\/yoast.com\/product\/yoast-seo-wordpress\/ -->\n<title>SET KNOG BLINDER MINI CHIPPY - Folding Bikes House<\/title>\n<meta name=\"robots\" content=\"index, follow, max-snippet:-1, max-image-preview:large, max-video-preview:-1\" \/>\n<link rel=\"canonical\" href=\"https:\/\/www.foldingbikeshouse.com\/ca\/producto\/set-knog-blinder-mini-chippy\/\" \/>\n<meta property=\"og:locale\" content=\"ca_ES\" \/>\n<meta property=\"og:type\" content=\"article\" \/>\n<meta property=\"og:title\" content=\"SET KNOG BLINDER MINI CHIPPY - Folding Bikes House\" \/>\n<meta property=\"og:description\" content=\"Delantera Potencia: 20 l\u00famenes Dimensiones: 31 x 31 x 14 mm Peso: 18 g Tiempos de ejecuci\u00f3n: Steady (1.8 h), Strobe (3.5 h), Fading Flash (3 h), Lightning Flash (3.5 h), Eco flash (10 h). Haz: 120\u00ba Cara: Reflectiva Impermeable: si Bater\u00eda: bater\u00eda de pol\u00edmero de litio recargable a trav\u00e9s de conector USB integrado. Tipo de carga: A trav\u00e9s de conector USB integrado. Impermeable, resistente y puede ser enchufado directamente, sin necesidad de cables. \u2028 Tiempo de carga: 2,5 horas Correas: El mismo sistema de correa que el MOB Blinder, lo que significa silicona m\u00e1s fuerte y correas intercambiables sin herramientas Trasera Potencia: 11 l\u00famenes Dimensiones: 31 x 31 x 14 mm Peso: 18 g Tiempos de ejecuci\u00f3n: Steady (1.8 h), Strobe (3.5 h), Fading Flash (3 h), Lightning Flash (3.5 h), Eco flash (10 h). Haz: 120\u00ba Cara: Reflectiva Impermeable: si Bater\u00eda: bater\u00eda de pol\u00edmero de litio recargable a trav\u00e9s de conector USB integrado. Tipo de carga: A trav\u00e9s de conector USB integrado. Impermeable, resistente y puede ser enchufado directamente, sin necesidad de cables. \u2028 Tiempo de carga: 2,5 horas Correas: El mismo sistema de correa que el MOB Blinder, lo que significa silicona m\u00e1s fuerte y correas intercambiables sin herramientas\" \/>\n<meta property=\"og:url\" content=\"https:\/\/www.foldingbikeshouse.com\/ca\/producto\/set-knog-blinder-mini-chippy\/\" \/>\n<meta property=\"og:site_name\" content=\"Folding Bikes House\" \/>\n<meta property=\"article:publisher\" content=\"https:\/\/www.facebook.com\/foldingbikeshousebcn\/\" \/>\n<meta property=\"article:modified_time\" content=\"2026-04-13T05:48:41+00:00\" \/>\n<meta property=\"og:image\" content=\"https:\/\/www.foldingbikeshouse.com\/wp-content\/uploads\/ges\/img\/img_335_fbaa702edffde5e897870c1e606e56ef_1.jpg\" \/>\n\t<meta property=\"og:image:width\" content=\"275\" \/>\n\t<meta property=\"og:image:height\" content=\"183\" \/>\n\t<meta property=\"og:image:type\" content=\"image\/jpeg\" \/>\n<meta name=\"twitter:card\" content=\"summary_large_image\" \/>\n<meta name=\"twitter:label1\" content=\"Temps estimat de lectura\" \/>\n\t<meta name=\"twitter:data1\" content=\"1 minut\" \/>\n<script type=\"application\/ld+json\" class=\"yoast-schema-graph\">{\"@context\":\"https:\\\/\\\/schema.org\",\"@graph\":[{\"@type\":\"WebPage\",\"@id\":\"https:\\\/\\\/www.foldingbikeshouse.com\\\/ca\\\/producto\\\/set-knog-blinder-mini-chippy\\\/\",\"url\":\"https:\\\/\\\/www.foldingbikeshouse.com\\\/ca\\\/producto\\\/set-knog-blinder-mini-chippy\\\/\",\"name\":\"SET KNOG BLINDER MINI CHIPPY - Folding Bikes House\",\"isPartOf\":{\"@id\":\"https:\\\/\\\/www.foldingbikeshouse.com\\\/ca\\\/#website\"},\"primaryImageOfPage\":{\"@id\":\"https:\\\/\\\/www.foldingbikeshouse.com\\\/ca\\\/producto\\\/set-knog-blinder-mini-chippy\\\/#primaryimage\"},\"image\":{\"@id\":\"https:\\\/\\\/www.foldingbikeshouse.com\\\/ca\\\/producto\\\/set-knog-blinder-mini-chippy\\\/#primaryimage\"},\"thumbnailUrl\":\"https:\\\/\\\/www.foldingbikeshouse.com\\\/wp-content\\\/uploads\\\/ges\\\/img\\\/img_335_fbaa702edffde5e897870c1e606e56ef_1.jpg\",\"datePublished\":\"2024-12-24T11:36:26+00:00\",\"dateModified\":\"2026-04-13T05:48:41+00:00\",\"breadcrumb\":{\"@id\":\"https:\\\/\\\/www.foldingbikeshouse.com\\\/ca\\\/producto\\\/set-knog-blinder-mini-chippy\\\/#breadcrumb\"},\"inLanguage\":\"ca\",\"potentialAction\":[{\"@type\":\"ReadAction\",\"target\":[\"https:\\\/\\\/www.foldingbikeshouse.com\\\/ca\\\/producto\\\/set-knog-blinder-mini-chippy\\\/\"]}]},{\"@type\":\"ImageObject\",\"inLanguage\":\"ca\",\"@id\":\"https:\\\/\\\/www.foldingbikeshouse.com\\\/ca\\\/producto\\\/set-knog-blinder-mini-chippy\\\/#primaryimage\",\"url\":\"https:\\\/\\\/www.foldingbikeshouse.com\\\/wp-content\\\/uploads\\\/ges\\\/img\\\/img_335_fbaa702edffde5e897870c1e606e56ef_1.jpg\",\"contentUrl\":\"https:\\\/\\\/www.foldingbikeshouse.com\\\/wp-content\\\/uploads\\\/ges\\\/img\\\/img_335_fbaa702edffde5e897870c1e606e56ef_1.jpg\",\"width\":275,\"height\":183},{\"@type\":\"BreadcrumbList\",\"@id\":\"https:\\\/\\\/www.foldingbikeshouse.com\\\/ca\\\/producto\\\/set-knog-blinder-mini-chippy\\\/#breadcrumb\",\"itemListElement\":[{\"@type\":\"ListItem\",\"position\":1,\"name\":\"Portada\",\"item\":\"https:\\\/\\\/www.foldingbikeshouse.com\\\/ca\\\/\"},{\"@type\":\"ListItem\",\"position\":2,\"name\":\"Productes\",\"item\":\"https:\\\/\\\/www.foldingbikeshouse.com\\\/ca\\\/shop\\\/\"},{\"@type\":\"ListItem\",\"position\":3,\"name\":\"SET KNOG BLINDER MINI CHIPPY\"}]},{\"@type\":\"WebSite\",\"@id\":\"https:\\\/\\\/www.foldingbikeshouse.com\\\/ca\\\/#website\",\"url\":\"https:\\\/\\\/www.foldingbikeshouse.com\\\/ca\\\/\",\"name\":\"Folding Bikes House\",\"description\":\"\",\"publisher\":{\"@id\":\"https:\\\/\\\/www.foldingbikeshouse.com\\\/ca\\\/#organization\"},\"potentialAction\":[{\"@type\":\"SearchAction\",\"target\":{\"@type\":\"EntryPoint\",\"urlTemplate\":\"https:\\\/\\\/www.foldingbikeshouse.com\\\/ca\\\/?s={search_term_string}\"},\"query-input\":{\"@type\":\"PropertyValueSpecification\",\"valueRequired\":true,\"valueName\":\"search_term_string\"}}],\"inLanguage\":\"ca\"},{\"@type\":\"Organization\",\"@id\":\"https:\\\/\\\/www.foldingbikeshouse.com\\\/ca\\\/#organization\",\"name\":\"Folding Bikes House\",\"url\":\"https:\\\/\\\/www.foldingbikeshouse.com\\\/ca\\\/\",\"logo\":{\"@type\":\"ImageObject\",\"inLanguage\":\"ca\",\"@id\":\"https:\\\/\\\/www.foldingbikeshouse.com\\\/ca\\\/#\\\/schema\\\/logo\\\/image\\\/\",\"url\":\"https:\\\/\\\/www.foldingbikeshouse.com\\\/wp-content\\\/uploads\\\/2024\\\/05\\\/logofbh-1.png\",\"contentUrl\":\"https:\\\/\\\/www.foldingbikeshouse.com\\\/wp-content\\\/uploads\\\/2024\\\/05\\\/logofbh-1.png\",\"width\":900,\"height\":900,\"caption\":\"Folding Bikes House\"},\"image\":{\"@id\":\"https:\\\/\\\/www.foldingbikeshouse.com\\\/ca\\\/#\\\/schema\\\/logo\\\/image\\\/\"},\"sameAs\":[\"https:\\\/\\\/www.facebook.com\\\/foldingbikeshousebcn\\\/\",\"https:\\\/\\\/www.instagram.com\\\/foldingbikeshousebcn\\\/\",\"https:\\\/\\\/www.youtube.com\\\/channel\\\/UC4CfEpAN0fWBp-_ca86OvuA\"]}]}<\/script>\n<!-- \/ Yoast SEO plugin. -->","yoast_head_json":{"title":"SET KNOG BLINDER MINI CHIPPY - Folding Bikes House","robots":{"index":"index","follow":"follow","max-snippet":"max-snippet:-1","max-image-preview":"max-image-preview:large","max-video-preview":"max-video-preview:-1"},"canonical":"https:\/\/www.foldingbikeshouse.com\/ca\/producto\/set-knog-blinder-mini-chippy\/","og_locale":"ca_ES","og_type":"article","og_title":"SET KNOG BLINDER MINI CHIPPY - Folding Bikes House","og_description":"Delantera Potencia: 20 l\u00famenes Dimensiones: 31 x 31 x 14 mm Peso: 18 g Tiempos de ejecuci\u00f3n: Steady (1.8 h), Strobe (3.5 h), Fading Flash (3 h), Lightning Flash (3.5 h), Eco flash (10 h). Haz: 120\u00ba Cara: Reflectiva Impermeable: si Bater\u00eda: bater\u00eda de pol\u00edmero de litio recargable a trav\u00e9s de conector USB integrado. Tipo de carga: A trav\u00e9s de conector USB integrado. Impermeable, resistente y puede ser enchufado directamente, sin necesidad de cables. \u2028 Tiempo de carga: 2,5 horas Correas: El mismo sistema de correa que el MOB Blinder, lo que significa silicona m\u00e1s fuerte y correas intercambiables sin herramientas Trasera Potencia: 11 l\u00famenes Dimensiones: 31 x 31 x 14 mm Peso: 18 g Tiempos de ejecuci\u00f3n: Steady (1.8 h), Strobe (3.5 h), Fading Flash (3 h), Lightning Flash (3.5 h), Eco flash (10 h). Haz: 120\u00ba Cara: Reflectiva Impermeable: si Bater\u00eda: bater\u00eda de pol\u00edmero de litio recargable a trav\u00e9s de conector USB integrado. Tipo de carga: A trav\u00e9s de conector USB integrado. Impermeable, resistente y puede ser enchufado directamente, sin necesidad de cables. \u2028 Tiempo de carga: 2,5 horas Correas: El mismo sistema de correa que el MOB Blinder, lo que significa silicona m\u00e1s fuerte y correas intercambiables sin herramientas","og_url":"https:\/\/www.foldingbikeshouse.com\/ca\/producto\/set-knog-blinder-mini-chippy\/","og_site_name":"Folding Bikes House","article_publisher":"https:\/\/www.facebook.com\/foldingbikeshousebcn\/","article_modified_time":"2026-04-13T05:48:41+00:00","og_image":[{"width":275,"height":183,"url":"https:\/\/www.foldingbikeshouse.com\/wp-content\/uploads\/ges\/img\/img_335_fbaa702edffde5e897870c1e606e56ef_1.jpg","type":"image\/jpeg"}],"twitter_card":"summary_large_image","twitter_misc":{"Temps estimat de lectura":"1 minut"},"schema":{"@context":"https:\/\/schema.org","@graph":[{"@type":"WebPage","@id":"https:\/\/www.foldingbikeshouse.com\/ca\/producto\/set-knog-blinder-mini-chippy\/","url":"https:\/\/www.foldingbikeshouse.com\/ca\/producto\/set-knog-blinder-mini-chippy\/","name":"SET KNOG BLINDER MINI CHIPPY - Folding Bikes House","isPartOf":{"@id":"https:\/\/www.foldingbikeshouse.com\/ca\/#website"},"primaryImageOfPage":{"@id":"https:\/\/www.foldingbikeshouse.com\/ca\/producto\/set-knog-blinder-mini-chippy\/#primaryimage"},"image":{"@id":"https:\/\/www.foldingbikeshouse.com\/ca\/producto\/set-knog-blinder-mini-chippy\/#primaryimage"},"thumbnailUrl":"https:\/\/www.foldingbikeshouse.com\/wp-content\/uploads\/ges\/img\/img_335_fbaa702edffde5e897870c1e606e56ef_1.jpg","datePublished":"2024-12-24T11:36:26+00:00","dateModified":"2026-04-13T05:48:41+00:00","breadcrumb":{"@id":"https:\/\/www.foldingbikeshouse.com\/ca\/producto\/set-knog-blinder-mini-chippy\/#breadcrumb"},"inLanguage":"ca","potentialAction":[{"@type":"ReadAction","target":["https:\/\/www.foldingbikeshouse.com\/ca\/producto\/set-knog-blinder-mini-chippy\/"]}]},{"@type":"ImageObject","inLanguage":"ca","@id":"https:\/\/www.foldingbikeshouse.com\/ca\/producto\/set-knog-blinder-mini-chippy\/#primaryimage","url":"https:\/\/www.foldingbikeshouse.com\/wp-content\/uploads\/ges\/img\/img_335_fbaa702edffde5e897870c1e606e56ef_1.jpg","contentUrl":"https:\/\/www.foldingbikeshouse.com\/wp-content\/uploads\/ges\/img\/img_335_fbaa702edffde5e897870c1e606e56ef_1.jpg","width":275,"height":183},{"@type":"BreadcrumbList","@id":"https:\/\/www.foldingbikeshouse.com\/ca\/producto\/set-knog-blinder-mini-chippy\/#breadcrumb","itemListElement":[{"@type":"ListItem","position":1,"name":"Portada","item":"https:\/\/www.foldingbikeshouse.com\/ca\/"},{"@type":"ListItem","position":2,"name":"Productes","item":"https:\/\/www.foldingbikeshouse.com\/ca\/shop\/"},{"@type":"ListItem","position":3,"name":"SET KNOG BLINDER MINI CHIPPY"}]},{"@type":"WebSite","@id":"https:\/\/www.foldingbikeshouse.com\/ca\/#website","url":"https:\/\/www.foldingbikeshouse.com\/ca\/","name":"Folding Bikes House","description":"","publisher":{"@id":"https:\/\/www.foldingbikeshouse.com\/ca\/#organization"},"potentialAction":[{"@type":"SearchAction","target":{"@type":"EntryPoint","urlTemplate":"https:\/\/www.foldingbikeshouse.com\/ca\/?s={search_term_string}"},"query-input":{"@type":"PropertyValueSpecification","valueRequired":true,"valueName":"search_term_string"}}],"inLanguage":"ca"},{"@type":"Organization","@id":"https:\/\/www.foldingbikeshouse.com\/ca\/#organization","name":"Folding Bikes House","url":"https:\/\/www.foldingbikeshouse.com\/ca\/","logo":{"@type":"ImageObject","inLanguage":"ca","@id":"https:\/\/www.foldingbikeshouse.com\/ca\/#\/schema\/logo\/image\/","url":"https:\/\/www.foldingbikeshouse.com\/wp-content\/uploads\/2024\/05\/logofbh-1.png","contentUrl":"https:\/\/www.foldingbikeshouse.com\/wp-content\/uploads\/2024\/05\/logofbh-1.png","width":900,"height":900,"caption":"Folding Bikes House"},"image":{"@id":"https:\/\/www.foldingbikeshouse.com\/ca\/#\/schema\/logo\/image\/"},"sameAs":["https:\/\/www.facebook.com\/foldingbikeshousebcn\/","https:\/\/www.instagram.com\/foldingbikeshousebcn\/","https:\/\/www.youtube.com\/channel\/UC4CfEpAN0fWBp-_ca86OvuA"]}]}},"brands":[{"id":164,"name":"KNOOG","slug":"knoog"}],"_links":{"self":[{"href":"https:\/\/www.foldingbikeshouse.com\/ca\/wp-json\/wp\/v2\/product\/25478","targetHints":{"allow":["GET"]}}],"collection":[{"href":"https:\/\/www.foldingbikeshouse.com\/ca\/wp-json\/wp\/v2\/product"}],"about":[{"href":"https:\/\/www.foldingbikeshouse.com\/ca\/wp-json\/wp\/v2\/types\/product"}],"replies":[{"embeddable":true,"href":"https:\/\/www.foldingbikeshouse.com\/ca\/wp-json\/wp\/v2\/comments?post=25478"}],"version-history":[{"count":0,"href":"https:\/\/www.foldingbikeshouse.com\/ca\/wp-json\/wp\/v2\/product\/25478\/revisions"}],"wp:featuredmedia":[{"embeddable":true,"href":"https:\/\/www.foldingbikeshouse.com\/ca\/wp-json\/wp\/v2\/media\/87180"}],"wp:attachment":[{"href":"https:\/\/www.foldingbikeshouse.com\/ca\/wp-json\/wp\/v2\/media?parent=25478"}],"wp:term":[{"taxonomy":"pwb-brand","embeddable":true,"href":"https:\/\/www.foldingbikeshouse.com\/ca\/wp-json\/wp\/v2\/pwb-brand?post=25478"},{"taxonomy":"product_brand","embeddable":true,"href":"https:\/\/www.foldingbikeshouse.com\/ca\/wp-json\/wp\/v2\/product_brand?post=25478"},{"taxonomy":"product_cat","embeddable":true,"href":"https:\/\/www.foldingbikeshouse.com\/ca\/wp-json\/wp\/v2\/product_cat?post=25478"},{"taxonomy":"product_tag","embeddable":true,"href":"https:\/\/www.foldingbikeshouse.com\/ca\/wp-json\/wp\/v2\/product_tag?post=25478"}],"curies":[{"name":"wp","href":"https:\/\/api.w.org\/{rel}","templated":true}]}}