{"id":2970,"date":"2024-10-16T15:55:32","date_gmt":"2024-10-16T13:55:32","guid":{"rendered":"https:\/\/www.foldingbikeshouse.com\/?post_type=product&#038;p=2970"},"modified":"2026-04-13T07:49:08","modified_gmt":"2026-04-13T05:49:08","slug":"cuentakilometros-sigma-bc-8-0-wl-ats","status":"publish","type":"product","link":"https:\/\/www.foldingbikeshouse.com\/ca\/producto\/cuentakilometros-sigma-bc-8-0-wl-ats\/","title":{"rendered":"CUENTAKILOMETROS SIGMA BC 8.0 WL ATS"},"content":{"rendered":"<p>El BC 8.0 versi\u00f3n inal\u00e0mbrica (WL) <br \/>\nPara los ciclistas que quieren las funciones b\u00e1sicas m\u00e1s el tiempo total en activo y la velocidad media en una gran pantalla, este modelo es el compa\u00f1ero ideal.<br \/>\nFUNCIONES:<br \/>\n&#8211; Velocidad actual<br \/>\n&#8211; Velocidad media<br \/>\n&#8211; Comparaci\u00f3n de velocidad actual\/media<br \/>\n&#8211; Distancia<br \/>\n&#8211; Distancia total<br \/>\n&#8211; Tiempo de la actividad<br \/>\n&#8211; Tiempo total en activo<br \/>\n&#8211; Hora (12 \/ 24h)<br \/>\nCARACTER\u00cdSTICAS:<br \/>\n&#8211; Visualizaci\u00f3n de textos completos en 7 idiomas<br \/>\n&#8211; Tama\u00f1os de neum\u00e1ticos predefinidos<br \/>\n&#8211; Inicio\/detenci\u00f3n autom\u00e1ticos<br \/>\n&#8211; A prueba de agua conforme a IPX8<br \/>\n&#8211; Compatible con UFSB<br \/>\n&#8211; Intervalo de servicio ajustable mediante UFSB<br \/>\nContenido de la caja del BC 8.0 WL:<br \/>\nCiclo computador (incluye pila), soporte para modelo inal\u00e1mbrico, transmisor ATS (incluye pila), im\u00e1n, material de fijaci\u00f3n y manual de instrucciones.<\/p>\n","protected":false},"excerpt":{"rendered":"<p>El BC 8.0 versi\u00f3n inal\u00e0mbrica (WL)<br \/>\nPara los ciclistas que quieren las funciones b\u00e1sicas m\u00e1s el tiempo total en activo y la velocidad media en una gran pantalla, este modelo es el compa\u00f1ero ideal.<br \/>\nFUNCIONES:<br \/>\n&#8211; Velocidad actual<br \/>\n&#8211; Velocidad media<br \/>\n&#8211; Comparaci\u00f3n de velocidad actual\/media<br \/>\n&#8211; Distancia<br \/>\n&#8211; Distancia total<br \/>\n&#8211; Tiempo de la actividad<br \/>\n&#8211; Tiempo total en activo<br \/>\n&#8211; Hora (12 \/ 24h)<br \/>\nCARACTER\u00cdSTICAS:<br \/>\n&#8211; Visualizaci\u00f3n de textos completos en 7 idiomas<br \/>\n&#8211; Tama\u00f1os de neum\u00e1ticos predefinidos<br \/>\n&#8211; Inicio\/detenci\u00f3n autom\u00e1ticos<br \/>\n&#8211; A prueba de agua conforme a IPX8<br \/>\n&#8211; Compatible con UFSB<br \/>\n&#8211; Intervalo de servicio ajustable mediante UFSB<br \/>\nContenido de la caja del BC 8.0 WL:<br \/>\nCiclo computador (incluye pila), soporte para modelo inal\u00e1mbrico, transmisor ATS (incluye pila), im\u00e1n, material de fijaci\u00f3n y manual de instrucciones.<\/p>\n","protected":false},"featured_media":87230,"comment_status":"open","ping_status":"closed","template":"","meta":{"site-sidebar-layout":"default","site-content-layout":"","ast-site-content-layout":"","site-content-style":"default","site-sidebar-style":"default","ast-global-header-display":"","ast-banner-title-visibility":"","ast-main-header-display":"","ast-hfb-above-header-display":"","ast-hfb-below-header-display":"","ast-hfb-mobile-header-display":"","site-post-title":"","ast-breadcrumbs-content":"","ast-featured-img":"","footer-sml-layout":"","theme-transparent-header-meta":"","adv-header-id-meta":"","stick-header-meta":"","header-above-stick-meta":"","header-main-stick-meta":"","header-below-stick-meta":"","astra-migrate-meta-layouts":"default","ast-page-background-enabled":"default","ast-page-background-meta":{"desktop":{"background-color":"var(--ast-global-color-4)","background-image":"","background-repeat":"repeat","background-position":"center center","background-size":"auto","background-attachment":"scroll","background-type":"","background-media":"","overlay-type":"","overlay-color":"","overlay-gradient":""},"tablet":{"background-color":"","background-image":"","background-repeat":"repeat","background-position":"center center","background-size":"auto","background-attachment":"scroll","background-type":"","background-media":"","overlay-type":"","overlay-color":"","overlay-gradient":""},"mobile":{"background-color":"","background-image":"","background-repeat":"repeat","background-position":"center center","background-size":"auto","background-attachment":"scroll","background-type":"","background-media":"","overlay-type":"","overlay-color":"","overlay-gradient":""}},"ast-content-background-meta":{"desktop":{"background-color":"var(--ast-global-color-5)","background-image":"","background-repeat":"repeat","background-position":"center center","background-size":"auto","background-attachment":"scroll","background-type":"","background-media":"","overlay-type":"","overlay-color":"","overlay-gradient":""},"tablet":{"background-color":"var(--ast-global-color-5)","background-image":"","background-repeat":"repeat","background-position":"center center","background-size":"auto","background-attachment":"scroll","background-type":"","background-media":"","overlay-type":"","overlay-color":"","overlay-gradient":""},"mobile":{"background-color":"var(--ast-global-color-5)","background-image":"","background-repeat":"repeat","background-position":"center center","background-size":"auto","background-attachment":"scroll","background-type":"","background-media":"","overlay-type":"","overlay-color":"","overlay-gradient":""}}},"pwb-brand":[71],"product_brand":[],"product_cat":[180],"product_tag":[],"class_list":{"0":"post-2970","1":"product","2":"type-product","3":"status-publish","4":"has-post-thumbnail","6":"pwb-brand-sigma","7":"product_cat-accesorios","8":"desktop-align-left","9":"tablet-align-left","10":"mobile-align-left","11":"ast-product-gallery-layout-first-image-large","12":"ast-product-gallery-with-no-image","13":"ast-product-tabs-layout-horizontal","15":"first","16":"outofstock","17":"taxable","18":"shipping-taxable","19":"purchasable","20":"product-type-simple"},"yoast_head":"<!-- This site is optimized with the Yoast SEO plugin v27.4 - https:\/\/yoast.com\/product\/yoast-seo-wordpress\/ -->\n<title>CUENTAKILOMETROS SIGMA BC 8.0 WL ATS - Folding Bikes House<\/title>\n<meta name=\"robots\" content=\"index, follow, max-snippet:-1, max-image-preview:large, max-video-preview:-1\" \/>\n<link rel=\"canonical\" href=\"https:\/\/www.foldingbikeshouse.com\/ca\/producto\/cuentakilometros-sigma-bc-8-0-wl-ats\/\" \/>\n<meta property=\"og:locale\" content=\"ca_ES\" \/>\n<meta property=\"og:type\" content=\"article\" \/>\n<meta property=\"og:title\" content=\"CUENTAKILOMETROS SIGMA BC 8.0 WL ATS - Folding Bikes House\" \/>\n<meta property=\"og:description\" content=\"El BC 8.0 versi\u00f3n inal\u00e0mbrica (WL) Para los ciclistas que quieren las funciones b\u00e1sicas m\u00e1s el tiempo total en activo y la velocidad media en una gran pantalla, este modelo es el compa\u00f1ero ideal. FUNCIONES: - Velocidad actual - Velocidad media - Comparaci\u00f3n de velocidad actual\/media - Distancia - Distancia total - Tiempo de la actividad - Tiempo total en activo - Hora (12 \/ 24h) CARACTER\u00cdSTICAS: - Visualizaci\u00f3n de textos completos en 7 idiomas - Tama\u00f1os de neum\u00e1ticos predefinidos - Inicio\/detenci\u00f3n autom\u00e1ticos - A prueba de agua conforme a IPX8 - Compatible con UFSB - Intervalo de servicio ajustable mediante UFSB Contenido de la caja del BC 8.0 WL: Ciclo computador (incluye pila), soporte para modelo inal\u00e1mbrico, transmisor ATS (incluye pila), im\u00e1n, material de fijaci\u00f3n y manual de instrucciones.\" \/>\n<meta property=\"og:url\" content=\"https:\/\/www.foldingbikeshouse.com\/ca\/producto\/cuentakilometros-sigma-bc-8-0-wl-ats\/\" \/>\n<meta property=\"og:site_name\" content=\"Folding Bikes House\" \/>\n<meta property=\"article:publisher\" content=\"https:\/\/www.facebook.com\/foldingbikeshousebcn\/\" \/>\n<meta property=\"article:modified_time\" content=\"2026-04-13T05:49:08+00:00\" \/>\n<meta property=\"og:image\" content=\"https:\/\/www.foldingbikeshouse.com\/wp-content\/uploads\/ges\/img\/img_10232_8dedbcae2033cde01fb2128fc6704c9e_1.jpg\" \/>\n\t<meta property=\"og:image:width\" content=\"711\" \/>\n\t<meta property=\"og:image:height\" content=\"315\" \/>\n\t<meta property=\"og:image:type\" content=\"image\/jpeg\" \/>\n<meta name=\"twitter:card\" content=\"summary_large_image\" \/>\n<meta name=\"twitter:label1\" content=\"Temps estimat de lectura\" \/>\n\t<meta name=\"twitter:data1\" content=\"1 minut\" \/>\n<script type=\"application\/ld+json\" class=\"yoast-schema-graph\">{\"@context\":\"https:\\\/\\\/schema.org\",\"@graph\":[{\"@type\":\"WebPage\",\"@id\":\"https:\\\/\\\/www.foldingbikeshouse.com\\\/ca\\\/producto\\\/cuentakilometros-sigma-bc-8-0-wl-ats\\\/\",\"url\":\"https:\\\/\\\/www.foldingbikeshouse.com\\\/ca\\\/producto\\\/cuentakilometros-sigma-bc-8-0-wl-ats\\\/\",\"name\":\"CUENTAKILOMETROS SIGMA BC 8.0 WL ATS - Folding Bikes House\",\"isPartOf\":{\"@id\":\"https:\\\/\\\/www.foldingbikeshouse.com\\\/ca\\\/#website\"},\"primaryImageOfPage\":{\"@id\":\"https:\\\/\\\/www.foldingbikeshouse.com\\\/ca\\\/producto\\\/cuentakilometros-sigma-bc-8-0-wl-ats\\\/#primaryimage\"},\"image\":{\"@id\":\"https:\\\/\\\/www.foldingbikeshouse.com\\\/ca\\\/producto\\\/cuentakilometros-sigma-bc-8-0-wl-ats\\\/#primaryimage\"},\"thumbnailUrl\":\"https:\\\/\\\/www.foldingbikeshouse.com\\\/wp-content\\\/uploads\\\/ges\\\/img\\\/img_10232_8dedbcae2033cde01fb2128fc6704c9e_1.jpg\",\"datePublished\":\"2024-10-16T13:55:32+00:00\",\"dateModified\":\"2026-04-13T05:49:08+00:00\",\"breadcrumb\":{\"@id\":\"https:\\\/\\\/www.foldingbikeshouse.com\\\/ca\\\/producto\\\/cuentakilometros-sigma-bc-8-0-wl-ats\\\/#breadcrumb\"},\"inLanguage\":\"ca\",\"potentialAction\":[{\"@type\":\"ReadAction\",\"target\":[\"https:\\\/\\\/www.foldingbikeshouse.com\\\/ca\\\/producto\\\/cuentakilometros-sigma-bc-8-0-wl-ats\\\/\"]}]},{\"@type\":\"ImageObject\",\"inLanguage\":\"ca\",\"@id\":\"https:\\\/\\\/www.foldingbikeshouse.com\\\/ca\\\/producto\\\/cuentakilometros-sigma-bc-8-0-wl-ats\\\/#primaryimage\",\"url\":\"https:\\\/\\\/www.foldingbikeshouse.com\\\/wp-content\\\/uploads\\\/ges\\\/img\\\/img_10232_8dedbcae2033cde01fb2128fc6704c9e_1.jpg\",\"contentUrl\":\"https:\\\/\\\/www.foldingbikeshouse.com\\\/wp-content\\\/uploads\\\/ges\\\/img\\\/img_10232_8dedbcae2033cde01fb2128fc6704c9e_1.jpg\",\"width\":711,\"height\":315},{\"@type\":\"BreadcrumbList\",\"@id\":\"https:\\\/\\\/www.foldingbikeshouse.com\\\/ca\\\/producto\\\/cuentakilometros-sigma-bc-8-0-wl-ats\\\/#breadcrumb\",\"itemListElement\":[{\"@type\":\"ListItem\",\"position\":1,\"name\":\"Portada\",\"item\":\"https:\\\/\\\/www.foldingbikeshouse.com\\\/ca\\\/\"},{\"@type\":\"ListItem\",\"position\":2,\"name\":\"Productes\",\"item\":\"https:\\\/\\\/www.foldingbikeshouse.com\\\/ca\\\/shop\\\/\"},{\"@type\":\"ListItem\",\"position\":3,\"name\":\"CUENTAKILOMETROS SIGMA BC 8.0 WL ATS\"}]},{\"@type\":\"WebSite\",\"@id\":\"https:\\\/\\\/www.foldingbikeshouse.com\\\/ca\\\/#website\",\"url\":\"https:\\\/\\\/www.foldingbikeshouse.com\\\/ca\\\/\",\"name\":\"Folding Bikes House\",\"description\":\"\",\"publisher\":{\"@id\":\"https:\\\/\\\/www.foldingbikeshouse.com\\\/ca\\\/#organization\"},\"potentialAction\":[{\"@type\":\"SearchAction\",\"target\":{\"@type\":\"EntryPoint\",\"urlTemplate\":\"https:\\\/\\\/www.foldingbikeshouse.com\\\/ca\\\/?s={search_term_string}\"},\"query-input\":{\"@type\":\"PropertyValueSpecification\",\"valueRequired\":true,\"valueName\":\"search_term_string\"}}],\"inLanguage\":\"ca\"},{\"@type\":\"Organization\",\"@id\":\"https:\\\/\\\/www.foldingbikeshouse.com\\\/ca\\\/#organization\",\"name\":\"Folding Bikes House\",\"url\":\"https:\\\/\\\/www.foldingbikeshouse.com\\\/ca\\\/\",\"logo\":{\"@type\":\"ImageObject\",\"inLanguage\":\"ca\",\"@id\":\"https:\\\/\\\/www.foldingbikeshouse.com\\\/ca\\\/#\\\/schema\\\/logo\\\/image\\\/\",\"url\":\"https:\\\/\\\/www.foldingbikeshouse.com\\\/wp-content\\\/uploads\\\/2024\\\/05\\\/logofbh-1.png\",\"contentUrl\":\"https:\\\/\\\/www.foldingbikeshouse.com\\\/wp-content\\\/uploads\\\/2024\\\/05\\\/logofbh-1.png\",\"width\":900,\"height\":900,\"caption\":\"Folding Bikes House\"},\"image\":{\"@id\":\"https:\\\/\\\/www.foldingbikeshouse.com\\\/ca\\\/#\\\/schema\\\/logo\\\/image\\\/\"},\"sameAs\":[\"https:\\\/\\\/www.facebook.com\\\/foldingbikeshousebcn\\\/\",\"https:\\\/\\\/www.instagram.com\\\/foldingbikeshousebcn\\\/\",\"https:\\\/\\\/www.youtube.com\\\/channel\\\/UC4CfEpAN0fWBp-_ca86OvuA\"]}]}<\/script>\n<!-- \/ Yoast SEO plugin. -->","yoast_head_json":{"title":"CUENTAKILOMETROS SIGMA BC 8.0 WL ATS - Folding Bikes House","robots":{"index":"index","follow":"follow","max-snippet":"max-snippet:-1","max-image-preview":"max-image-preview:large","max-video-preview":"max-video-preview:-1"},"canonical":"https:\/\/www.foldingbikeshouse.com\/ca\/producto\/cuentakilometros-sigma-bc-8-0-wl-ats\/","og_locale":"ca_ES","og_type":"article","og_title":"CUENTAKILOMETROS SIGMA BC 8.0 WL ATS - Folding Bikes House","og_description":"El BC 8.0 versi\u00f3n inal\u00e0mbrica (WL) Para los ciclistas que quieren las funciones b\u00e1sicas m\u00e1s el tiempo total en activo y la velocidad media en una gran pantalla, este modelo es el compa\u00f1ero ideal. FUNCIONES: - Velocidad actual - Velocidad media - Comparaci\u00f3n de velocidad actual\/media - Distancia - Distancia total - Tiempo de la actividad - Tiempo total en activo - Hora (12 \/ 24h) CARACTER\u00cdSTICAS: - Visualizaci\u00f3n de textos completos en 7 idiomas - Tama\u00f1os de neum\u00e1ticos predefinidos - Inicio\/detenci\u00f3n autom\u00e1ticos - A prueba de agua conforme a IPX8 - Compatible con UFSB - Intervalo de servicio ajustable mediante UFSB Contenido de la caja del BC 8.0 WL: Ciclo computador (incluye pila), soporte para modelo inal\u00e1mbrico, transmisor ATS (incluye pila), im\u00e1n, material de fijaci\u00f3n y manual de instrucciones.","og_url":"https:\/\/www.foldingbikeshouse.com\/ca\/producto\/cuentakilometros-sigma-bc-8-0-wl-ats\/","og_site_name":"Folding Bikes House","article_publisher":"https:\/\/www.facebook.com\/foldingbikeshousebcn\/","article_modified_time":"2026-04-13T05:49:08+00:00","og_image":[{"width":711,"height":315,"url":"https:\/\/www.foldingbikeshouse.com\/wp-content\/uploads\/ges\/img\/img_10232_8dedbcae2033cde01fb2128fc6704c9e_1.jpg","type":"image\/jpeg"}],"twitter_card":"summary_large_image","twitter_misc":{"Temps estimat de lectura":"1 minut"},"schema":{"@context":"https:\/\/schema.org","@graph":[{"@type":"WebPage","@id":"https:\/\/www.foldingbikeshouse.com\/ca\/producto\/cuentakilometros-sigma-bc-8-0-wl-ats\/","url":"https:\/\/www.foldingbikeshouse.com\/ca\/producto\/cuentakilometros-sigma-bc-8-0-wl-ats\/","name":"CUENTAKILOMETROS SIGMA BC 8.0 WL ATS - Folding Bikes House","isPartOf":{"@id":"https:\/\/www.foldingbikeshouse.com\/ca\/#website"},"primaryImageOfPage":{"@id":"https:\/\/www.foldingbikeshouse.com\/ca\/producto\/cuentakilometros-sigma-bc-8-0-wl-ats\/#primaryimage"},"image":{"@id":"https:\/\/www.foldingbikeshouse.com\/ca\/producto\/cuentakilometros-sigma-bc-8-0-wl-ats\/#primaryimage"},"thumbnailUrl":"https:\/\/www.foldingbikeshouse.com\/wp-content\/uploads\/ges\/img\/img_10232_8dedbcae2033cde01fb2128fc6704c9e_1.jpg","datePublished":"2024-10-16T13:55:32+00:00","dateModified":"2026-04-13T05:49:08+00:00","breadcrumb":{"@id":"https:\/\/www.foldingbikeshouse.com\/ca\/producto\/cuentakilometros-sigma-bc-8-0-wl-ats\/#breadcrumb"},"inLanguage":"ca","potentialAction":[{"@type":"ReadAction","target":["https:\/\/www.foldingbikeshouse.com\/ca\/producto\/cuentakilometros-sigma-bc-8-0-wl-ats\/"]}]},{"@type":"ImageObject","inLanguage":"ca","@id":"https:\/\/www.foldingbikeshouse.com\/ca\/producto\/cuentakilometros-sigma-bc-8-0-wl-ats\/#primaryimage","url":"https:\/\/www.foldingbikeshouse.com\/wp-content\/uploads\/ges\/img\/img_10232_8dedbcae2033cde01fb2128fc6704c9e_1.jpg","contentUrl":"https:\/\/www.foldingbikeshouse.com\/wp-content\/uploads\/ges\/img\/img_10232_8dedbcae2033cde01fb2128fc6704c9e_1.jpg","width":711,"height":315},{"@type":"BreadcrumbList","@id":"https:\/\/www.foldingbikeshouse.com\/ca\/producto\/cuentakilometros-sigma-bc-8-0-wl-ats\/#breadcrumb","itemListElement":[{"@type":"ListItem","position":1,"name":"Portada","item":"https:\/\/www.foldingbikeshouse.com\/ca\/"},{"@type":"ListItem","position":2,"name":"Productes","item":"https:\/\/www.foldingbikeshouse.com\/ca\/shop\/"},{"@type":"ListItem","position":3,"name":"CUENTAKILOMETROS SIGMA BC 8.0 WL ATS"}]},{"@type":"WebSite","@id":"https:\/\/www.foldingbikeshouse.com\/ca\/#website","url":"https:\/\/www.foldingbikeshouse.com\/ca\/","name":"Folding Bikes House","description":"","publisher":{"@id":"https:\/\/www.foldingbikeshouse.com\/ca\/#organization"},"potentialAction":[{"@type":"SearchAction","target":{"@type":"EntryPoint","urlTemplate":"https:\/\/www.foldingbikeshouse.com\/ca\/?s={search_term_string}"},"query-input":{"@type":"PropertyValueSpecification","valueRequired":true,"valueName":"search_term_string"}}],"inLanguage":"ca"},{"@type":"Organization","@id":"https:\/\/www.foldingbikeshouse.com\/ca\/#organization","name":"Folding Bikes House","url":"https:\/\/www.foldingbikeshouse.com\/ca\/","logo":{"@type":"ImageObject","inLanguage":"ca","@id":"https:\/\/www.foldingbikeshouse.com\/ca\/#\/schema\/logo\/image\/","url":"https:\/\/www.foldingbikeshouse.com\/wp-content\/uploads\/2024\/05\/logofbh-1.png","contentUrl":"https:\/\/www.foldingbikeshouse.com\/wp-content\/uploads\/2024\/05\/logofbh-1.png","width":900,"height":900,"caption":"Folding Bikes House"},"image":{"@id":"https:\/\/www.foldingbikeshouse.com\/ca\/#\/schema\/logo\/image\/"},"sameAs":["https:\/\/www.facebook.com\/foldingbikeshousebcn\/","https:\/\/www.instagram.com\/foldingbikeshousebcn\/","https:\/\/www.youtube.com\/channel\/UC4CfEpAN0fWBp-_ca86OvuA"]}]}},"brands":[{"id":71,"name":"SIGMA","slug":"sigma"}],"_links":{"self":[{"href":"https:\/\/www.foldingbikeshouse.com\/ca\/wp-json\/wp\/v2\/product\/2970","targetHints":{"allow":["GET"]}}],"collection":[{"href":"https:\/\/www.foldingbikeshouse.com\/ca\/wp-json\/wp\/v2\/product"}],"about":[{"href":"https:\/\/www.foldingbikeshouse.com\/ca\/wp-json\/wp\/v2\/types\/product"}],"replies":[{"embeddable":true,"href":"https:\/\/www.foldingbikeshouse.com\/ca\/wp-json\/wp\/v2\/comments?post=2970"}],"version-history":[{"count":0,"href":"https:\/\/www.foldingbikeshouse.com\/ca\/wp-json\/wp\/v2\/product\/2970\/revisions"}],"wp:featuredmedia":[{"embeddable":true,"href":"https:\/\/www.foldingbikeshouse.com\/ca\/wp-json\/wp\/v2\/media\/87230"}],"wp:attachment":[{"href":"https:\/\/www.foldingbikeshouse.com\/ca\/wp-json\/wp\/v2\/media?parent=2970"}],"wp:term":[{"taxonomy":"pwb-brand","embeddable":true,"href":"https:\/\/www.foldingbikeshouse.com\/ca\/wp-json\/wp\/v2\/pwb-brand?post=2970"},{"taxonomy":"product_brand","embeddable":true,"href":"https:\/\/www.foldingbikeshouse.com\/ca\/wp-json\/wp\/v2\/product_brand?post=2970"},{"taxonomy":"product_cat","embeddable":true,"href":"https:\/\/www.foldingbikeshouse.com\/ca\/wp-json\/wp\/v2\/product_cat?post=2970"},{"taxonomy":"product_tag","embeddable":true,"href":"https:\/\/www.foldingbikeshouse.com\/ca\/wp-json\/wp\/v2\/product_tag?post=2970"}],"curies":[{"name":"wp","href":"https:\/\/api.w.org\/{rel}","templated":true}]}}