{"id":3013,"date":"2025-10-21T11:54:05","date_gmt":"2025-10-21T09:54:05","guid":{"rendered":"https:\/\/www.foldingbikeshouse.com\/?post_type=product&#038;p=3013"},"modified":"2026-04-13T07:56:21","modified_gmt":"2026-04-13T05:56:21","slug":"pure-lite-splash-jacket-himalayan-salt-m","status":"publish","type":"product","link":"https:\/\/www.foldingbikeshouse.com\/ca\/producto\/pure-lite-splash-jacket-himalayan-salt-m\/","title":{"rendered":"PURE-LITE SPLASH JACKET"},"content":{"rendered":"<h3><img decoding=\"async\" alt=\"\" src=\"https:\/\/bcnjunction.gesio.be\/UserFiles\/images\/DETALLS%281%29.jpg\" style=\"width: 500px; height: 611px;\" \/><\/h3>\n<h3>&nbsp;<\/h3>\n<h3>&nbsp;<\/h3>\n<h3>DATOS T&Eacute;CNICOS<\/h3>\n<h4>&nbsp;<\/h4>\n<h4>TEJIDO LIGERO<\/h4>\n<p>El tejido de malla excepcionalmente ligero se seca muy r&aacute;pido y ofrece un nivel de ventilaci&oacute;n excepcional, con lo que es perfecto para rutas con altas temperaturas.&nbsp;Se puede guardar en su propio bolsillo<\/p>\n<p>&nbsp;<\/p>\n<h4>TRATAMIENTO REPELENTE AL AGUA<\/h4>\n<p>Un tratamiento repelente al agua duradero (DWR) sin fluorocarburos te ofrece protecci&oacute;n frente a la lluvia ligera y las salpicaduras de la carretera.<\/p>\n<p>&nbsp;<\/p>\n<h4>AJUSTE<\/h4>\n<p>Aberturas en las sisas que mejoran la ventilaci&oacute;n<\/p>\n<p>Forro de malla en el interior del cuello para una mayor comodidad<\/p>\n<p>Logotipos reflectantes para favorecer la visibilidad en condiciones de poca luz<\/p>\n","protected":false},"excerpt":{"rendered":"<p>Chaqueta ligera suficientemente fina y flexible para poder plegarla y guardarla en su propio bolsillo, se puede llevar sin problema en un bolsillo del jersey al salir de ruta.<\/p>\n<p>Su tejido de poliamida, el\u00e1stico en dos direcciones, cuenta con un tratamiento repelente al agua duradero (DWR) que te protege  de la lluvia ligera.<\/p>\n<p>Cuenta con un forro de tejido de malla en el cuello que ofrece un mayor confort en contacto con la piel. Los orificios de ventilaci\u00f3n debajo de los brazos mejoran la circulaci\u00f3n del aire y ofrecen una mayor comodidad.<\/p>\n<p>Incorpora una cremallera bidireccional que recorre todo el largo para controlar perfectamente la ventilaci\u00f3n y poder acceder f\u00e1cilmente a los bolsillos de las prendas que lleves debajo.<\/p>\n<p>Gracias a los logotipos reflectantes de POC, se te ver\u00e1 siempre en carreteras poco iluminadas.<\/p>\n","protected":false},"featured_media":52294,"comment_status":"open","ping_status":"closed","template":"","meta":{"site-sidebar-layout":"default","site-content-layout":"","ast-site-content-layout":"","site-content-style":"default","site-sidebar-style":"default","ast-global-header-display":"","ast-banner-title-visibility":"","ast-main-header-display":"","ast-hfb-above-header-display":"","ast-hfb-below-header-display":"","ast-hfb-mobile-header-display":"","site-post-title":"","ast-breadcrumbs-content":"","ast-featured-img":"","footer-sml-layout":"","theme-transparent-header-meta":"","adv-header-id-meta":"","stick-header-meta":"","header-above-stick-meta":"","header-main-stick-meta":"","header-below-stick-meta":"","astra-migrate-meta-layouts":"default","ast-page-background-enabled":"default","ast-page-background-meta":{"desktop":{"background-color":"var(--ast-global-color-4)","background-image":"","background-repeat":"repeat","background-position":"center center","background-size":"auto","background-attachment":"scroll","background-type":"","background-media":"","overlay-type":"","overlay-color":"","overlay-gradient":""},"tablet":{"background-color":"","background-image":"","background-repeat":"repeat","background-position":"center center","background-size":"auto","background-attachment":"scroll","background-type":"","background-media":"","overlay-type":"","overlay-color":"","overlay-gradient":""},"mobile":{"background-color":"","background-image":"","background-repeat":"repeat","background-position":"center center","background-size":"auto","background-attachment":"scroll","background-type":"","background-media":"","overlay-type":"","overlay-color":"","overlay-gradient":""}},"ast-content-background-meta":{"desktop":{"background-color":"var(--ast-global-color-5)","background-image":"","background-repeat":"repeat","background-position":"center center","background-size":"auto","background-attachment":"scroll","background-type":"","background-media":"","overlay-type":"","overlay-color":"","overlay-gradient":""},"tablet":{"background-color":"var(--ast-global-color-5)","background-image":"","background-repeat":"repeat","background-position":"center center","background-size":"auto","background-attachment":"scroll","background-type":"","background-media":"","overlay-type":"","overlay-color":"","overlay-gradient":""},"mobile":{"background-color":"var(--ast-global-color-5)","background-image":"","background-repeat":"repeat","background-position":"center center","background-size":"auto","background-attachment":"scroll","background-type":"","background-media":"","overlay-type":"","overlay-color":"","overlay-gradient":""}}},"pwb-brand":[87],"product_brand":[],"product_cat":[57],"product_tag":[],"class_list":{"0":"post-3013","1":"product","2":"type-product","3":"status-publish","4":"has-post-thumbnail","6":"pwb-brand-poc","7":"product_cat-sin-categorizar","8":"desktop-align-left","9":"tablet-align-left","10":"mobile-align-left","11":"ast-product-gallery-layout-first-image-large","12":"ast-product-single-variable","13":"ast-product-tabs-layout-horizontal","15":"first","16":"outofstock","17":"taxable","18":"shipping-taxable","19":"product-type-variable","20":"has-default-attributes"},"yoast_head":"<!-- This site is optimized with the Yoast SEO plugin v27.4 - https:\/\/yoast.com\/product\/yoast-seo-wordpress\/ -->\n<title>PURE-LITE SPLASH JACKET - Folding Bikes House<\/title>\n<meta name=\"robots\" content=\"index, follow, max-snippet:-1, max-image-preview:large, max-video-preview:-1\" \/>\n<link rel=\"canonical\" href=\"https:\/\/www.foldingbikeshouse.com\/ca\/producto\/pure-lite-splash-jacket-himalayan-salt-m\/\" \/>\n<meta property=\"og:locale\" content=\"ca_ES\" \/>\n<meta property=\"og:type\" content=\"article\" \/>\n<meta property=\"og:title\" content=\"PURE-LITE SPLASH JACKET - Folding Bikes House\" \/>\n<meta property=\"og:description\" content=\"Chaqueta ligera suficientemente fina y flexible para poder plegarla y guardarla en su propio bolsillo, se puede llevar sin problema en un bolsillo del jersey al salir de ruta. Su tejido de poliamida, el\u00e1stico en dos direcciones, cuenta con un tratamiento repelente al agua duradero (DWR) que te protege de la lluvia ligera. Cuenta con un forro de tejido de malla en el cuello que ofrece un mayor confort en contacto con la piel. Los orificios de ventilaci\u00f3n debajo de los brazos mejoran la circulaci\u00f3n del aire y ofrecen una mayor comodidad. Incorpora una cremallera bidireccional que recorre todo el largo para controlar perfectamente la ventilaci\u00f3n y poder acceder f\u00e1cilmente a los bolsillos de las prendas que lleves debajo. Gracias a los logotipos reflectantes de POC, se te ver\u00e1 siempre en carreteras poco iluminadas.\" \/>\n<meta property=\"og:url\" content=\"https:\/\/www.foldingbikeshouse.com\/ca\/producto\/pure-lite-splash-jacket-himalayan-salt-m\/\" \/>\n<meta property=\"og:site_name\" content=\"Folding Bikes House\" \/>\n<meta property=\"article:publisher\" content=\"https:\/\/www.facebook.com\/foldingbikeshousebcn\/\" \/>\n<meta property=\"article:modified_time\" content=\"2026-04-13T05:56:21+00:00\" \/>\n<meta property=\"og:image\" content=\"https:\/\/www.foldingbikeshouse.com\/wp-content\/uploads\/ges\/img\/img_10549_ef382da198609e133eaf72e2fab5544b_1.jpg\" \/>\n\t<meta property=\"og:image:width\" content=\"1000\" \/>\n\t<meta property=\"og:image:height\" content=\"1000\" \/>\n\t<meta property=\"og:image:type\" content=\"image\/jpeg\" \/>\n<meta name=\"twitter:card\" content=\"summary_large_image\" \/>\n<meta name=\"twitter:label1\" content=\"Temps estimat de lectura\" \/>\n\t<meta name=\"twitter:data1\" content=\"1 minut\" \/>\n<script type=\"application\/ld+json\" class=\"yoast-schema-graph\">{\"@context\":\"https:\\\/\\\/schema.org\",\"@graph\":[{\"@type\":\"WebPage\",\"@id\":\"https:\\\/\\\/www.foldingbikeshouse.com\\\/ca\\\/producto\\\/pure-lite-splash-jacket-himalayan-salt-m\\\/\",\"url\":\"https:\\\/\\\/www.foldingbikeshouse.com\\\/ca\\\/producto\\\/pure-lite-splash-jacket-himalayan-salt-m\\\/\",\"name\":\"PURE-LITE SPLASH JACKET - Folding Bikes House\",\"isPartOf\":{\"@id\":\"https:\\\/\\\/www.foldingbikeshouse.com\\\/ca\\\/#website\"},\"primaryImageOfPage\":{\"@id\":\"https:\\\/\\\/www.foldingbikeshouse.com\\\/ca\\\/producto\\\/pure-lite-splash-jacket-himalayan-salt-m\\\/#primaryimage\"},\"image\":{\"@id\":\"https:\\\/\\\/www.foldingbikeshouse.com\\\/ca\\\/producto\\\/pure-lite-splash-jacket-himalayan-salt-m\\\/#primaryimage\"},\"thumbnailUrl\":\"https:\\\/\\\/www.foldingbikeshouse.com\\\/wp-content\\\/uploads\\\/ges\\\/img\\\/img_10549_ef382da198609e133eaf72e2fab5544b_1.jpg\",\"datePublished\":\"2025-10-21T09:54:05+00:00\",\"dateModified\":\"2026-04-13T05:56:21+00:00\",\"breadcrumb\":{\"@id\":\"https:\\\/\\\/www.foldingbikeshouse.com\\\/ca\\\/producto\\\/pure-lite-splash-jacket-himalayan-salt-m\\\/#breadcrumb\"},\"inLanguage\":\"ca\",\"potentialAction\":[{\"@type\":\"ReadAction\",\"target\":[\"https:\\\/\\\/www.foldingbikeshouse.com\\\/ca\\\/producto\\\/pure-lite-splash-jacket-himalayan-salt-m\\\/\"]}]},{\"@type\":\"ImageObject\",\"inLanguage\":\"ca\",\"@id\":\"https:\\\/\\\/www.foldingbikeshouse.com\\\/ca\\\/producto\\\/pure-lite-splash-jacket-himalayan-salt-m\\\/#primaryimage\",\"url\":\"https:\\\/\\\/www.foldingbikeshouse.com\\\/wp-content\\\/uploads\\\/ges\\\/img\\\/img_10549_ef382da198609e133eaf72e2fab5544b_1.jpg\",\"contentUrl\":\"https:\\\/\\\/www.foldingbikeshouse.com\\\/wp-content\\\/uploads\\\/ges\\\/img\\\/img_10549_ef382da198609e133eaf72e2fab5544b_1.jpg\",\"width\":1000,\"height\":1000},{\"@type\":\"BreadcrumbList\",\"@id\":\"https:\\\/\\\/www.foldingbikeshouse.com\\\/ca\\\/producto\\\/pure-lite-splash-jacket-himalayan-salt-m\\\/#breadcrumb\",\"itemListElement\":[{\"@type\":\"ListItem\",\"position\":1,\"name\":\"Portada\",\"item\":\"https:\\\/\\\/www.foldingbikeshouse.com\\\/ca\\\/\"},{\"@type\":\"ListItem\",\"position\":2,\"name\":\"Productes\",\"item\":\"https:\\\/\\\/www.foldingbikeshouse.com\\\/ca\\\/shop\\\/\"},{\"@type\":\"ListItem\",\"position\":3,\"name\":\"PURE-LITE SPLASH JACKET\"}]},{\"@type\":\"WebSite\",\"@id\":\"https:\\\/\\\/www.foldingbikeshouse.com\\\/ca\\\/#website\",\"url\":\"https:\\\/\\\/www.foldingbikeshouse.com\\\/ca\\\/\",\"name\":\"Folding Bikes House\",\"description\":\"\",\"publisher\":{\"@id\":\"https:\\\/\\\/www.foldingbikeshouse.com\\\/ca\\\/#organization\"},\"potentialAction\":[{\"@type\":\"SearchAction\",\"target\":{\"@type\":\"EntryPoint\",\"urlTemplate\":\"https:\\\/\\\/www.foldingbikeshouse.com\\\/ca\\\/?s={search_term_string}\"},\"query-input\":{\"@type\":\"PropertyValueSpecification\",\"valueRequired\":true,\"valueName\":\"search_term_string\"}}],\"inLanguage\":\"ca\"},{\"@type\":\"Organization\",\"@id\":\"https:\\\/\\\/www.foldingbikeshouse.com\\\/ca\\\/#organization\",\"name\":\"Folding Bikes House\",\"url\":\"https:\\\/\\\/www.foldingbikeshouse.com\\\/ca\\\/\",\"logo\":{\"@type\":\"ImageObject\",\"inLanguage\":\"ca\",\"@id\":\"https:\\\/\\\/www.foldingbikeshouse.com\\\/ca\\\/#\\\/schema\\\/logo\\\/image\\\/\",\"url\":\"https:\\\/\\\/www.foldingbikeshouse.com\\\/wp-content\\\/uploads\\\/2024\\\/05\\\/logofbh-1.png\",\"contentUrl\":\"https:\\\/\\\/www.foldingbikeshouse.com\\\/wp-content\\\/uploads\\\/2024\\\/05\\\/logofbh-1.png\",\"width\":900,\"height\":900,\"caption\":\"Folding Bikes House\"},\"image\":{\"@id\":\"https:\\\/\\\/www.foldingbikeshouse.com\\\/ca\\\/#\\\/schema\\\/logo\\\/image\\\/\"},\"sameAs\":[\"https:\\\/\\\/www.facebook.com\\\/foldingbikeshousebcn\\\/\",\"https:\\\/\\\/www.instagram.com\\\/foldingbikeshousebcn\\\/\",\"https:\\\/\\\/www.youtube.com\\\/channel\\\/UC4CfEpAN0fWBp-_ca86OvuA\"]}]}<\/script>\n<!-- \/ Yoast SEO plugin. -->","yoast_head_json":{"title":"PURE-LITE SPLASH JACKET - Folding Bikes House","robots":{"index":"index","follow":"follow","max-snippet":"max-snippet:-1","max-image-preview":"max-image-preview:large","max-video-preview":"max-video-preview:-1"},"canonical":"https:\/\/www.foldingbikeshouse.com\/ca\/producto\/pure-lite-splash-jacket-himalayan-salt-m\/","og_locale":"ca_ES","og_type":"article","og_title":"PURE-LITE SPLASH JACKET - Folding Bikes House","og_description":"Chaqueta ligera suficientemente fina y flexible para poder plegarla y guardarla en su propio bolsillo, se puede llevar sin problema en un bolsillo del jersey al salir de ruta. Su tejido de poliamida, el\u00e1stico en dos direcciones, cuenta con un tratamiento repelente al agua duradero (DWR) que te protege de la lluvia ligera. Cuenta con un forro de tejido de malla en el cuello que ofrece un mayor confort en contacto con la piel. Los orificios de ventilaci\u00f3n debajo de los brazos mejoran la circulaci\u00f3n del aire y ofrecen una mayor comodidad. Incorpora una cremallera bidireccional que recorre todo el largo para controlar perfectamente la ventilaci\u00f3n y poder acceder f\u00e1cilmente a los bolsillos de las prendas que lleves debajo. Gracias a los logotipos reflectantes de POC, se te ver\u00e1 siempre en carreteras poco iluminadas.","og_url":"https:\/\/www.foldingbikeshouse.com\/ca\/producto\/pure-lite-splash-jacket-himalayan-salt-m\/","og_site_name":"Folding Bikes House","article_publisher":"https:\/\/www.facebook.com\/foldingbikeshousebcn\/","article_modified_time":"2026-04-13T05:56:21+00:00","og_image":[{"width":1000,"height":1000,"url":"https:\/\/www.foldingbikeshouse.com\/wp-content\/uploads\/ges\/img\/img_10549_ef382da198609e133eaf72e2fab5544b_1.jpg","type":"image\/jpeg"}],"twitter_card":"summary_large_image","twitter_misc":{"Temps estimat de lectura":"1 minut"},"schema":{"@context":"https:\/\/schema.org","@graph":[{"@type":"WebPage","@id":"https:\/\/www.foldingbikeshouse.com\/ca\/producto\/pure-lite-splash-jacket-himalayan-salt-m\/","url":"https:\/\/www.foldingbikeshouse.com\/ca\/producto\/pure-lite-splash-jacket-himalayan-salt-m\/","name":"PURE-LITE SPLASH JACKET - Folding Bikes House","isPartOf":{"@id":"https:\/\/www.foldingbikeshouse.com\/ca\/#website"},"primaryImageOfPage":{"@id":"https:\/\/www.foldingbikeshouse.com\/ca\/producto\/pure-lite-splash-jacket-himalayan-salt-m\/#primaryimage"},"image":{"@id":"https:\/\/www.foldingbikeshouse.com\/ca\/producto\/pure-lite-splash-jacket-himalayan-salt-m\/#primaryimage"},"thumbnailUrl":"https:\/\/www.foldingbikeshouse.com\/wp-content\/uploads\/ges\/img\/img_10549_ef382da198609e133eaf72e2fab5544b_1.jpg","datePublished":"2025-10-21T09:54:05+00:00","dateModified":"2026-04-13T05:56:21+00:00","breadcrumb":{"@id":"https:\/\/www.foldingbikeshouse.com\/ca\/producto\/pure-lite-splash-jacket-himalayan-salt-m\/#breadcrumb"},"inLanguage":"ca","potentialAction":[{"@type":"ReadAction","target":["https:\/\/www.foldingbikeshouse.com\/ca\/producto\/pure-lite-splash-jacket-himalayan-salt-m\/"]}]},{"@type":"ImageObject","inLanguage":"ca","@id":"https:\/\/www.foldingbikeshouse.com\/ca\/producto\/pure-lite-splash-jacket-himalayan-salt-m\/#primaryimage","url":"https:\/\/www.foldingbikeshouse.com\/wp-content\/uploads\/ges\/img\/img_10549_ef382da198609e133eaf72e2fab5544b_1.jpg","contentUrl":"https:\/\/www.foldingbikeshouse.com\/wp-content\/uploads\/ges\/img\/img_10549_ef382da198609e133eaf72e2fab5544b_1.jpg","width":1000,"height":1000},{"@type":"BreadcrumbList","@id":"https:\/\/www.foldingbikeshouse.com\/ca\/producto\/pure-lite-splash-jacket-himalayan-salt-m\/#breadcrumb","itemListElement":[{"@type":"ListItem","position":1,"name":"Portada","item":"https:\/\/www.foldingbikeshouse.com\/ca\/"},{"@type":"ListItem","position":2,"name":"Productes","item":"https:\/\/www.foldingbikeshouse.com\/ca\/shop\/"},{"@type":"ListItem","position":3,"name":"PURE-LITE SPLASH JACKET"}]},{"@type":"WebSite","@id":"https:\/\/www.foldingbikeshouse.com\/ca\/#website","url":"https:\/\/www.foldingbikeshouse.com\/ca\/","name":"Folding Bikes House","description":"","publisher":{"@id":"https:\/\/www.foldingbikeshouse.com\/ca\/#organization"},"potentialAction":[{"@type":"SearchAction","target":{"@type":"EntryPoint","urlTemplate":"https:\/\/www.foldingbikeshouse.com\/ca\/?s={search_term_string}"},"query-input":{"@type":"PropertyValueSpecification","valueRequired":true,"valueName":"search_term_string"}}],"inLanguage":"ca"},{"@type":"Organization","@id":"https:\/\/www.foldingbikeshouse.com\/ca\/#organization","name":"Folding Bikes House","url":"https:\/\/www.foldingbikeshouse.com\/ca\/","logo":{"@type":"ImageObject","inLanguage":"ca","@id":"https:\/\/www.foldingbikeshouse.com\/ca\/#\/schema\/logo\/image\/","url":"https:\/\/www.foldingbikeshouse.com\/wp-content\/uploads\/2024\/05\/logofbh-1.png","contentUrl":"https:\/\/www.foldingbikeshouse.com\/wp-content\/uploads\/2024\/05\/logofbh-1.png","width":900,"height":900,"caption":"Folding Bikes House"},"image":{"@id":"https:\/\/www.foldingbikeshouse.com\/ca\/#\/schema\/logo\/image\/"},"sameAs":["https:\/\/www.facebook.com\/foldingbikeshousebcn\/","https:\/\/www.instagram.com\/foldingbikeshousebcn\/","https:\/\/www.youtube.com\/channel\/UC4CfEpAN0fWBp-_ca86OvuA"]}]}},"brands":[{"id":87,"name":"POC","slug":"poc"}],"_links":{"self":[{"href":"https:\/\/www.foldingbikeshouse.com\/ca\/wp-json\/wp\/v2\/product\/3013","targetHints":{"allow":["GET"]}}],"collection":[{"href":"https:\/\/www.foldingbikeshouse.com\/ca\/wp-json\/wp\/v2\/product"}],"about":[{"href":"https:\/\/www.foldingbikeshouse.com\/ca\/wp-json\/wp\/v2\/types\/product"}],"replies":[{"embeddable":true,"href":"https:\/\/www.foldingbikeshouse.com\/ca\/wp-json\/wp\/v2\/comments?post=3013"}],"version-history":[{"count":0,"href":"https:\/\/www.foldingbikeshouse.com\/ca\/wp-json\/wp\/v2\/product\/3013\/revisions"}],"wp:featuredmedia":[{"embeddable":true,"href":"https:\/\/www.foldingbikeshouse.com\/ca\/wp-json\/wp\/v2\/media\/52294"}],"wp:attachment":[{"href":"https:\/\/www.foldingbikeshouse.com\/ca\/wp-json\/wp\/v2\/media?parent=3013"}],"wp:term":[{"taxonomy":"pwb-brand","embeddable":true,"href":"https:\/\/www.foldingbikeshouse.com\/ca\/wp-json\/wp\/v2\/pwb-brand?post=3013"},{"taxonomy":"product_brand","embeddable":true,"href":"https:\/\/www.foldingbikeshouse.com\/ca\/wp-json\/wp\/v2\/product_brand?post=3013"},{"taxonomy":"product_cat","embeddable":true,"href":"https:\/\/www.foldingbikeshouse.com\/ca\/wp-json\/wp\/v2\/product_cat?post=3013"},{"taxonomy":"product_tag","embeddable":true,"href":"https:\/\/www.foldingbikeshouse.com\/ca\/wp-json\/wp\/v2\/product_tag?post=3013"}],"curies":[{"name":"wp","href":"https:\/\/api.w.org\/{rel}","templated":true}]}}