{"id":449,"date":"2024-10-17T09:32:50","date_gmt":"2024-10-17T07:32:50","guid":{"rendered":"https:\/\/www.foldingbikeshouse.com\/?post_type=product&#038;p=449"},"modified":"2026-04-13T08:01:12","modified_gmt":"2026-04-13T06:01:12","slug":"brm-bolsa-radikal","status":"publish","type":"product","link":"https:\/\/www.foldingbikeshouse.com\/ca\/producto\/brm-bolsa-radikal\/","title":{"rendered":"BRM BOLSA RADIKAL"},"content":{"rendered":"<p>Con la bolsa de transporte Brompton, tu Brompton (u otra bicicleta plegable de 16&#8243;) se puede guardar completamente dentro de la bolsa, que se cierra con una cremallera. En algunos pa\u00edses, esto es obligatorio para el transporte p\u00fablico.  Para su transportado, se cosen dos grandes asas a la bolsa y se incluye una resistente correa de hombro de 2&#8243;. La bolsa de transporte Brompton se puede guardar en una bolsa que se puede sujetar al sill\u00edn de la Brompton. Nota: no funciona con tijas de sill\u00edn alargadas, pero s\u00ed con tijas de sill\u00edn telesc\u00f3picas.<br \/>\nFabricada en resistente Cordura negra.<\/p>\n","protected":false},"excerpt":{"rendered":"<p>Con la bolsa de transporte Brompton, tu Brompton (u otra bicicleta plegable de 16&#8243;) se puede guardar completamente dentro de la bolsa, que se cierra con una cremallera. En algunos pa\u00edses, esto es obligatorio para el transporte p\u00fablico.  Para su transportado, se cosen dos grandes asas a la bolsa y se incluye una resistente correa de hombro de 2&#8243;. La bolsa de transporte Brompton se puede guardar en una bolsa que se puede sujetar al sill\u00edn de la Brompton. Nota: no funciona con tijas de sill\u00edn alargadas, pero s\u00ed con tijas de sill\u00edn telesc\u00f3picas.<br \/>\nFabricada en resistente Cordura negra.<\/p>\n","protected":false},"featured_media":88693,"comment_status":"open","ping_status":"closed","template":"","meta":{"site-sidebar-layout":"default","site-content-layout":"","ast-site-content-layout":"","site-content-style":"default","site-sidebar-style":"default","ast-global-header-display":"","ast-banner-title-visibility":"","ast-main-header-display":"","ast-hfb-above-header-display":"","ast-hfb-below-header-display":"","ast-hfb-mobile-header-display":"","site-post-title":"","ast-breadcrumbs-content":"","ast-featured-img":"","footer-sml-layout":"","theme-transparent-header-meta":"","adv-header-id-meta":"","stick-header-meta":"","header-above-stick-meta":"","header-main-stick-meta":"","header-below-stick-meta":"","astra-migrate-meta-layouts":"default","ast-page-background-enabled":"default","ast-page-background-meta":{"desktop":{"background-color":"var(--ast-global-color-4)","background-image":"","background-repeat":"repeat","background-position":"center center","background-size":"auto","background-attachment":"scroll","background-type":"","background-media":"","overlay-type":"","overlay-color":"","overlay-gradient":""},"tablet":{"background-color":"","background-image":"","background-repeat":"repeat","background-position":"center center","background-size":"auto","background-attachment":"scroll","background-type":"","background-media":"","overlay-type":"","overlay-color":"","overlay-gradient":""},"mobile":{"background-color":"","background-image":"","background-repeat":"repeat","background-position":"center center","background-size":"auto","background-attachment":"scroll","background-type":"","background-media":"","overlay-type":"","overlay-color":"","overlay-gradient":""}},"ast-content-background-meta":{"desktop":{"background-color":"var(--ast-global-color-5)","background-image":"","background-repeat":"repeat","background-position":"center center","background-size":"auto","background-attachment":"scroll","background-type":"","background-media":"","overlay-type":"","overlay-color":"","overlay-gradient":""},"tablet":{"background-color":"var(--ast-global-color-5)","background-image":"","background-repeat":"repeat","background-position":"center center","background-size":"auto","background-attachment":"scroll","background-type":"","background-media":"","overlay-type":"","overlay-color":"","overlay-gradient":""},"mobile":{"background-color":"var(--ast-global-color-5)","background-image":"","background-repeat":"repeat","background-position":"center center","background-size":"auto","background-attachment":"scroll","background-type":"","background-media":"","overlay-type":"","overlay-color":"","overlay-gradient":""}}},"pwb-brand":[61],"product_brand":[],"product_cat":[185,216,217],"product_tag":[],"class_list":{"0":"post-449","1":"product","2":"type-product","3":"status-publish","4":"has-post-thumbnail","6":"pwb-brand-brompton","7":"product_cat-bolsas","8":"product_cat-bolsas-bolsas-brompton","9":"product_cat-bolsas-bolsas-brompton-electrica","10":"desktop-align-left","11":"tablet-align-left","12":"mobile-align-left","13":"ast-product-gallery-layout-first-image-large","14":"ast-product-gallery-with-no-image","15":"ast-product-tabs-layout-horizontal","17":"first","18":"outofstock","19":"taxable","20":"shipping-taxable","21":"purchasable","22":"product-type-simple"},"yoast_head":"<!-- This site is optimized with the Yoast SEO plugin v27.4 - https:\/\/yoast.com\/product\/yoast-seo-wordpress\/ -->\n<title>BRM BOLSA RADIKAL - Folding Bikes House<\/title>\n<meta name=\"robots\" content=\"index, follow, max-snippet:-1, max-image-preview:large, max-video-preview:-1\" \/>\n<link rel=\"canonical\" href=\"https:\/\/www.foldingbikeshouse.com\/ca\/producto\/brm-bolsa-radikal\/\" \/>\n<meta property=\"og:locale\" content=\"ca_ES\" \/>\n<meta property=\"og:type\" content=\"article\" \/>\n<meta property=\"og:title\" content=\"BRM BOLSA RADIKAL - Folding Bikes House\" \/>\n<meta property=\"og:description\" content=\"Con la bolsa de transporte Brompton, tu Brompton (u otra bicicleta plegable de 16&quot;) se puede guardar completamente dentro de la bolsa, que se cierra con una cremallera. En algunos pa\u00edses, esto es obligatorio para el transporte p\u00fablico. Para su transportado, se cosen dos grandes asas a la bolsa y se incluye una resistente correa de hombro de 2&quot;. La bolsa de transporte Brompton se puede guardar en una bolsa que se puede sujetar al sill\u00edn de la Brompton. Nota: no funciona con tijas de sill\u00edn alargadas, pero s\u00ed con tijas de sill\u00edn telesc\u00f3picas. Fabricada en resistente Cordura negra.\" \/>\n<meta property=\"og:url\" content=\"https:\/\/www.foldingbikeshouse.com\/ca\/producto\/brm-bolsa-radikal\/\" \/>\n<meta property=\"og:site_name\" content=\"Folding Bikes House\" \/>\n<meta property=\"article:publisher\" content=\"https:\/\/www.facebook.com\/foldingbikeshousebcn\/\" \/>\n<meta property=\"article:modified_time\" content=\"2026-04-13T06:01:12+00:00\" \/>\n<meta property=\"og:image\" content=\"https:\/\/www.foldingbikeshouse.com\/wp-content\/uploads\/ges\/img\/img_1061_5249926292148a3ec7e12f9565238679_1.jpg\" \/>\n\t<meta property=\"og:image:width\" content=\"800\" \/>\n\t<meta property=\"og:image:height\" content=\"800\" \/>\n\t<meta property=\"og:image:type\" content=\"image\/jpeg\" \/>\n<meta name=\"twitter:card\" content=\"summary_large_image\" \/>\n<meta name=\"twitter:label1\" content=\"Temps estimat de lectura\" \/>\n\t<meta name=\"twitter:data1\" content=\"1 minut\" \/>\n<script type=\"application\/ld+json\" class=\"yoast-schema-graph\">{\"@context\":\"https:\\\/\\\/schema.org\",\"@graph\":[{\"@type\":\"WebPage\",\"@id\":\"https:\\\/\\\/www.foldingbikeshouse.com\\\/ca\\\/producto\\\/brm-bolsa-radikal\\\/\",\"url\":\"https:\\\/\\\/www.foldingbikeshouse.com\\\/ca\\\/producto\\\/brm-bolsa-radikal\\\/\",\"name\":\"BRM BOLSA RADIKAL - Folding Bikes House\",\"isPartOf\":{\"@id\":\"https:\\\/\\\/www.foldingbikeshouse.com\\\/ca\\\/#website\"},\"primaryImageOfPage\":{\"@id\":\"https:\\\/\\\/www.foldingbikeshouse.com\\\/ca\\\/producto\\\/brm-bolsa-radikal\\\/#primaryimage\"},\"image\":{\"@id\":\"https:\\\/\\\/www.foldingbikeshouse.com\\\/ca\\\/producto\\\/brm-bolsa-radikal\\\/#primaryimage\"},\"thumbnailUrl\":\"https:\\\/\\\/www.foldingbikeshouse.com\\\/wp-content\\\/uploads\\\/ges\\\/img\\\/img_1061_5249926292148a3ec7e12f9565238679_1.jpg\",\"datePublished\":\"2024-10-17T07:32:50+00:00\",\"dateModified\":\"2026-04-13T06:01:12+00:00\",\"breadcrumb\":{\"@id\":\"https:\\\/\\\/www.foldingbikeshouse.com\\\/ca\\\/producto\\\/brm-bolsa-radikal\\\/#breadcrumb\"},\"inLanguage\":\"ca\",\"potentialAction\":[{\"@type\":\"ReadAction\",\"target\":[\"https:\\\/\\\/www.foldingbikeshouse.com\\\/ca\\\/producto\\\/brm-bolsa-radikal\\\/\"]}]},{\"@type\":\"ImageObject\",\"inLanguage\":\"ca\",\"@id\":\"https:\\\/\\\/www.foldingbikeshouse.com\\\/ca\\\/producto\\\/brm-bolsa-radikal\\\/#primaryimage\",\"url\":\"https:\\\/\\\/www.foldingbikeshouse.com\\\/wp-content\\\/uploads\\\/ges\\\/img\\\/img_1061_5249926292148a3ec7e12f9565238679_1.jpg\",\"contentUrl\":\"https:\\\/\\\/www.foldingbikeshouse.com\\\/wp-content\\\/uploads\\\/ges\\\/img\\\/img_1061_5249926292148a3ec7e12f9565238679_1.jpg\",\"width\":800,\"height\":800},{\"@type\":\"BreadcrumbList\",\"@id\":\"https:\\\/\\\/www.foldingbikeshouse.com\\\/ca\\\/producto\\\/brm-bolsa-radikal\\\/#breadcrumb\",\"itemListElement\":[{\"@type\":\"ListItem\",\"position\":1,\"name\":\"Portada\",\"item\":\"https:\\\/\\\/www.foldingbikeshouse.com\\\/ca\\\/\"},{\"@type\":\"ListItem\",\"position\":2,\"name\":\"Productes\",\"item\":\"https:\\\/\\\/www.foldingbikeshouse.com\\\/ca\\\/shop\\\/\"},{\"@type\":\"ListItem\",\"position\":3,\"name\":\"BRM BOLSA RADIKAL\"}]},{\"@type\":\"WebSite\",\"@id\":\"https:\\\/\\\/www.foldingbikeshouse.com\\\/ca\\\/#website\",\"url\":\"https:\\\/\\\/www.foldingbikeshouse.com\\\/ca\\\/\",\"name\":\"Folding Bikes House\",\"description\":\"\",\"publisher\":{\"@id\":\"https:\\\/\\\/www.foldingbikeshouse.com\\\/ca\\\/#organization\"},\"potentialAction\":[{\"@type\":\"SearchAction\",\"target\":{\"@type\":\"EntryPoint\",\"urlTemplate\":\"https:\\\/\\\/www.foldingbikeshouse.com\\\/ca\\\/?s={search_term_string}\"},\"query-input\":{\"@type\":\"PropertyValueSpecification\",\"valueRequired\":true,\"valueName\":\"search_term_string\"}}],\"inLanguage\":\"ca\"},{\"@type\":\"Organization\",\"@id\":\"https:\\\/\\\/www.foldingbikeshouse.com\\\/ca\\\/#organization\",\"name\":\"Folding Bikes House\",\"url\":\"https:\\\/\\\/www.foldingbikeshouse.com\\\/ca\\\/\",\"logo\":{\"@type\":\"ImageObject\",\"inLanguage\":\"ca\",\"@id\":\"https:\\\/\\\/www.foldingbikeshouse.com\\\/ca\\\/#\\\/schema\\\/logo\\\/image\\\/\",\"url\":\"https:\\\/\\\/www.foldingbikeshouse.com\\\/wp-content\\\/uploads\\\/2024\\\/05\\\/logofbh-1.png\",\"contentUrl\":\"https:\\\/\\\/www.foldingbikeshouse.com\\\/wp-content\\\/uploads\\\/2024\\\/05\\\/logofbh-1.png\",\"width\":900,\"height\":900,\"caption\":\"Folding Bikes House\"},\"image\":{\"@id\":\"https:\\\/\\\/www.foldingbikeshouse.com\\\/ca\\\/#\\\/schema\\\/logo\\\/image\\\/\"},\"sameAs\":[\"https:\\\/\\\/www.facebook.com\\\/foldingbikeshousebcn\\\/\",\"https:\\\/\\\/www.instagram.com\\\/foldingbikeshousebcn\\\/\",\"https:\\\/\\\/www.youtube.com\\\/channel\\\/UC4CfEpAN0fWBp-_ca86OvuA\"]}]}<\/script>\n<!-- \/ Yoast SEO plugin. -->","yoast_head_json":{"title":"BRM BOLSA RADIKAL - Folding Bikes House","robots":{"index":"index","follow":"follow","max-snippet":"max-snippet:-1","max-image-preview":"max-image-preview:large","max-video-preview":"max-video-preview:-1"},"canonical":"https:\/\/www.foldingbikeshouse.com\/ca\/producto\/brm-bolsa-radikal\/","og_locale":"ca_ES","og_type":"article","og_title":"BRM BOLSA RADIKAL - Folding Bikes House","og_description":"Con la bolsa de transporte Brompton, tu Brompton (u otra bicicleta plegable de 16\") se puede guardar completamente dentro de la bolsa, que se cierra con una cremallera. En algunos pa\u00edses, esto es obligatorio para el transporte p\u00fablico. Para su transportado, se cosen dos grandes asas a la bolsa y se incluye una resistente correa de hombro de 2\". La bolsa de transporte Brompton se puede guardar en una bolsa que se puede sujetar al sill\u00edn de la Brompton. Nota: no funciona con tijas de sill\u00edn alargadas, pero s\u00ed con tijas de sill\u00edn telesc\u00f3picas. Fabricada en resistente Cordura negra.","og_url":"https:\/\/www.foldingbikeshouse.com\/ca\/producto\/brm-bolsa-radikal\/","og_site_name":"Folding Bikes House","article_publisher":"https:\/\/www.facebook.com\/foldingbikeshousebcn\/","article_modified_time":"2026-04-13T06:01:12+00:00","og_image":[{"width":800,"height":800,"url":"https:\/\/www.foldingbikeshouse.com\/wp-content\/uploads\/ges\/img\/img_1061_5249926292148a3ec7e12f9565238679_1.jpg","type":"image\/jpeg"}],"twitter_card":"summary_large_image","twitter_misc":{"Temps estimat de lectura":"1 minut"},"schema":{"@context":"https:\/\/schema.org","@graph":[{"@type":"WebPage","@id":"https:\/\/www.foldingbikeshouse.com\/ca\/producto\/brm-bolsa-radikal\/","url":"https:\/\/www.foldingbikeshouse.com\/ca\/producto\/brm-bolsa-radikal\/","name":"BRM BOLSA RADIKAL - Folding Bikes House","isPartOf":{"@id":"https:\/\/www.foldingbikeshouse.com\/ca\/#website"},"primaryImageOfPage":{"@id":"https:\/\/www.foldingbikeshouse.com\/ca\/producto\/brm-bolsa-radikal\/#primaryimage"},"image":{"@id":"https:\/\/www.foldingbikeshouse.com\/ca\/producto\/brm-bolsa-radikal\/#primaryimage"},"thumbnailUrl":"https:\/\/www.foldingbikeshouse.com\/wp-content\/uploads\/ges\/img\/img_1061_5249926292148a3ec7e12f9565238679_1.jpg","datePublished":"2024-10-17T07:32:50+00:00","dateModified":"2026-04-13T06:01:12+00:00","breadcrumb":{"@id":"https:\/\/www.foldingbikeshouse.com\/ca\/producto\/brm-bolsa-radikal\/#breadcrumb"},"inLanguage":"ca","potentialAction":[{"@type":"ReadAction","target":["https:\/\/www.foldingbikeshouse.com\/ca\/producto\/brm-bolsa-radikal\/"]}]},{"@type":"ImageObject","inLanguage":"ca","@id":"https:\/\/www.foldingbikeshouse.com\/ca\/producto\/brm-bolsa-radikal\/#primaryimage","url":"https:\/\/www.foldingbikeshouse.com\/wp-content\/uploads\/ges\/img\/img_1061_5249926292148a3ec7e12f9565238679_1.jpg","contentUrl":"https:\/\/www.foldingbikeshouse.com\/wp-content\/uploads\/ges\/img\/img_1061_5249926292148a3ec7e12f9565238679_1.jpg","width":800,"height":800},{"@type":"BreadcrumbList","@id":"https:\/\/www.foldingbikeshouse.com\/ca\/producto\/brm-bolsa-radikal\/#breadcrumb","itemListElement":[{"@type":"ListItem","position":1,"name":"Portada","item":"https:\/\/www.foldingbikeshouse.com\/ca\/"},{"@type":"ListItem","position":2,"name":"Productes","item":"https:\/\/www.foldingbikeshouse.com\/ca\/shop\/"},{"@type":"ListItem","position":3,"name":"BRM BOLSA RADIKAL"}]},{"@type":"WebSite","@id":"https:\/\/www.foldingbikeshouse.com\/ca\/#website","url":"https:\/\/www.foldingbikeshouse.com\/ca\/","name":"Folding Bikes House","description":"","publisher":{"@id":"https:\/\/www.foldingbikeshouse.com\/ca\/#organization"},"potentialAction":[{"@type":"SearchAction","target":{"@type":"EntryPoint","urlTemplate":"https:\/\/www.foldingbikeshouse.com\/ca\/?s={search_term_string}"},"query-input":{"@type":"PropertyValueSpecification","valueRequired":true,"valueName":"search_term_string"}}],"inLanguage":"ca"},{"@type":"Organization","@id":"https:\/\/www.foldingbikeshouse.com\/ca\/#organization","name":"Folding Bikes House","url":"https:\/\/www.foldingbikeshouse.com\/ca\/","logo":{"@type":"ImageObject","inLanguage":"ca","@id":"https:\/\/www.foldingbikeshouse.com\/ca\/#\/schema\/logo\/image\/","url":"https:\/\/www.foldingbikeshouse.com\/wp-content\/uploads\/2024\/05\/logofbh-1.png","contentUrl":"https:\/\/www.foldingbikeshouse.com\/wp-content\/uploads\/2024\/05\/logofbh-1.png","width":900,"height":900,"caption":"Folding Bikes House"},"image":{"@id":"https:\/\/www.foldingbikeshouse.com\/ca\/#\/schema\/logo\/image\/"},"sameAs":["https:\/\/www.facebook.com\/foldingbikeshousebcn\/","https:\/\/www.instagram.com\/foldingbikeshousebcn\/","https:\/\/www.youtube.com\/channel\/UC4CfEpAN0fWBp-_ca86OvuA"]}]}},"brands":[{"id":61,"name":"BROMPTON","slug":"brompton"}],"_links":{"self":[{"href":"https:\/\/www.foldingbikeshouse.com\/ca\/wp-json\/wp\/v2\/product\/449","targetHints":{"allow":["GET"]}}],"collection":[{"href":"https:\/\/www.foldingbikeshouse.com\/ca\/wp-json\/wp\/v2\/product"}],"about":[{"href":"https:\/\/www.foldingbikeshouse.com\/ca\/wp-json\/wp\/v2\/types\/product"}],"replies":[{"embeddable":true,"href":"https:\/\/www.foldingbikeshouse.com\/ca\/wp-json\/wp\/v2\/comments?post=449"}],"version-history":[{"count":0,"href":"https:\/\/www.foldingbikeshouse.com\/ca\/wp-json\/wp\/v2\/product\/449\/revisions"}],"wp:featuredmedia":[{"embeddable":true,"href":"https:\/\/www.foldingbikeshouse.com\/ca\/wp-json\/wp\/v2\/media\/88693"}],"wp:attachment":[{"href":"https:\/\/www.foldingbikeshouse.com\/ca\/wp-json\/wp\/v2\/media?parent=449"}],"wp:term":[{"taxonomy":"pwb-brand","embeddable":true,"href":"https:\/\/www.foldingbikeshouse.com\/ca\/wp-json\/wp\/v2\/pwb-brand?post=449"},{"taxonomy":"product_brand","embeddable":true,"href":"https:\/\/www.foldingbikeshouse.com\/ca\/wp-json\/wp\/v2\/product_brand?post=449"},{"taxonomy":"product_cat","embeddable":true,"href":"https:\/\/www.foldingbikeshouse.com\/ca\/wp-json\/wp\/v2\/product_cat?post=449"},{"taxonomy":"product_tag","embeddable":true,"href":"https:\/\/www.foldingbikeshouse.com\/ca\/wp-json\/wp\/v2\/product_tag?post=449"}],"curies":[{"name":"wp","href":"https:\/\/api.w.org\/{rel}","templated":true}]}}