{"id":5604,"date":"2024-10-16T15:54:04","date_gmt":"2024-10-16T13:54:04","guid":{"rendered":"https:\/\/www.foldingbikeshouse.com\/?post_type=product&#038;p=5604"},"modified":"2026-04-13T08:01:31","modified_gmt":"2026-04-13T06:01:31","slug":"brm-luz-sillin-usb-cateye","status":"publish","type":"product","link":"https:\/\/www.foldingbikeshouse.com\/ca\/producto\/brm-luz-sillin-usb-cateye\/","title":{"rendered":"Brompton luz sillin usb cateye"},"content":{"rendered":"<p>El Cateye Rapid Mini es la misma luz que CatEye ya fabrica, pero se ofrece aqu\u00ed con un soporte dise\u00f1ado por Brompton para permitir que la l\u00e1mpara se monte debajo de la silla de montar;<br \/>\nEl soporte se adhiere a una muesca cuadrada que se encuentra en la parte inferior de los soportes est\u00e1ndar de Brompton fabricados desde 2016. Si la parte inferior de la silla no tiene una muesca cuadrada (2 cm x 2 cm aprox.), Entonces este soporte y la luz no son compatibles;<br \/>\nPosicionado debajo de la silla de montar para una mayor visibilidad en el tr\u00e1fico;<br \/>\nSalida de 25 l\u00famenes;<br \/>\n4 modos de luz: constante, flash, r\u00e1pido y pulso;<br \/>\nFunciona hasta 30 horas;<br \/>\nBater\u00eda recargable de ion litio;<br \/>\nUSB recargable (cable micro USB incluido);<br \/>\nIndicador de bater\u00eda baja;<br \/>\nPeque\u00f1o tama\u00f1o conveniente;<br \/>\nPeso (aprox.): 32 g;<br \/>\nCompatible con sillines Brompton fabricados desde 2016.<\/p>\n","protected":false},"excerpt":{"rendered":"<p>El Cateye Rapid Mini es la misma luz que CatEye ya fabrica, pero se ofrece aqu\u00ed con un soporte dise\u00f1ado por Brompton para permitir que la l\u00e1mpara se monte debajo de la silla de montar;<br \/>\nEl soporte se adhiere a una muesca cuadrada que se encuentra en la parte inferior de los soportes est\u00e1ndar de Brompton fabricados desde 2016. Si la parte inferior de la silla no tiene una muesca cuadrada (2 cm x 2 cm aprox.), Entonces este soporte y la luz no son compatibles;<br \/>\nPosicionado debajo de la silla de montar para una mayor visibilidad en el tr\u00e1fico;<br \/>\nSalida de 25 l\u00famenes;<br \/>\n4 modos de luz: constante, flash, r\u00e1pido y pulso;<br \/>\nFunciona hasta 30 horas;<br \/>\nBater\u00eda recargable de ion litio;<br \/>\nUSB recargable (cable micro USB incluido);<br \/>\nIndicador de bater\u00eda baja;<br \/>\nPeque\u00f1o tama\u00f1o conveniente;<br \/>\nPeso (aprox.): 32 g;<br \/>\nCompatible con sillines Brompton fabricados desde 2016.<\/p>\n","protected":false},"featured_media":88767,"comment_status":"open","ping_status":"closed","template":"","meta":{"site-sidebar-layout":"default","site-content-layout":"","ast-site-content-layout":"","site-content-style":"default","site-sidebar-style":"default","ast-global-header-display":"","ast-banner-title-visibility":"","ast-main-header-display":"","ast-hfb-above-header-display":"","ast-hfb-below-header-display":"","ast-hfb-mobile-header-display":"","site-post-title":"","ast-breadcrumbs-content":"","ast-featured-img":"","footer-sml-layout":"","theme-transparent-header-meta":"","adv-header-id-meta":"","stick-header-meta":"","header-above-stick-meta":"","header-main-stick-meta":"","header-below-stick-meta":"","astra-migrate-meta-layouts":"default","ast-page-background-enabled":"default","ast-page-background-meta":{"desktop":{"background-color":"var(--ast-global-color-4)","background-image":"","background-repeat":"repeat","background-position":"center center","background-size":"auto","background-attachment":"scroll","background-type":"","background-media":"","overlay-type":"","overlay-color":"","overlay-gradient":""},"tablet":{"background-color":"","background-image":"","background-repeat":"repeat","background-position":"center center","background-size":"auto","background-attachment":"scroll","background-type":"","background-media":"","overlay-type":"","overlay-color":"","overlay-gradient":""},"mobile":{"background-color":"","background-image":"","background-repeat":"repeat","background-position":"center center","background-size":"auto","background-attachment":"scroll","background-type":"","background-media":"","overlay-type":"","overlay-color":"","overlay-gradient":""}},"ast-content-background-meta":{"desktop":{"background-color":"var(--ast-global-color-5)","background-image":"","background-repeat":"repeat","background-position":"center center","background-size":"auto","background-attachment":"scroll","background-type":"","background-media":"","overlay-type":"","overlay-color":"","overlay-gradient":""},"tablet":{"background-color":"var(--ast-global-color-5)","background-image":"","background-repeat":"repeat","background-position":"center center","background-size":"auto","background-attachment":"scroll","background-type":"","background-media":"","overlay-type":"","overlay-color":"","overlay-gradient":""},"mobile":{"background-color":"var(--ast-global-color-5)","background-image":"","background-repeat":"repeat","background-position":"center center","background-size":"auto","background-attachment":"scroll","background-type":"","background-media":"","overlay-type":"","overlay-color":"","overlay-gradient":""}}},"pwb-brand":[61],"product_brand":[],"product_cat":[246,236,178],"product_tag":[],"class_list":{"0":"post-5604","1":"product","2":"type-product","3":"status-publish","4":"has-post-thumbnail","6":"pwb-brand-brompton","7":"product_cat-brompton-recambiosbrompton-luces","8":"product_cat-brompton-recambios","9":"product_cat-luces","10":"desktop-align-left","11":"tablet-align-left","12":"mobile-align-left","13":"ast-product-gallery-layout-first-image-large","14":"ast-product-gallery-with-no-image","15":"ast-product-tabs-layout-horizontal","17":"first","18":"outofstock","19":"taxable","20":"shipping-taxable","21":"purchasable","22":"product-type-simple"},"yoast_head":"<!-- This site is optimized with the Yoast SEO plugin v27.4 - https:\/\/yoast.com\/product\/yoast-seo-wordpress\/ -->\n<title>Brompton luz sillin usb cateye - Folding Bikes House<\/title>\n<meta name=\"robots\" content=\"index, follow, max-snippet:-1, max-image-preview:large, max-video-preview:-1\" \/>\n<link rel=\"canonical\" href=\"https:\/\/www.foldingbikeshouse.com\/ca\/producto\/brm-luz-sillin-usb-cateye\/\" \/>\n<meta property=\"og:locale\" content=\"ca_ES\" \/>\n<meta property=\"og:type\" content=\"article\" \/>\n<meta property=\"og:title\" content=\"Brompton luz sillin usb cateye - Folding Bikes House\" \/>\n<meta property=\"og:description\" content=\"El Cateye Rapid Mini es la misma luz que CatEye ya fabrica, pero se ofrece aqu\u00ed con un soporte dise\u00f1ado por Brompton para permitir que la l\u00e1mpara se monte debajo de la silla de montar; El soporte se adhiere a una muesca cuadrada que se encuentra en la parte inferior de los soportes est\u00e1ndar de Brompton fabricados desde 2016. Si la parte inferior de la silla no tiene una muesca cuadrada (2 cm x 2 cm aprox.), Entonces este soporte y la luz no son compatibles; Posicionado debajo de la silla de montar para una mayor visibilidad en el tr\u00e1fico; Salida de 25 l\u00famenes; 4 modos de luz: constante, flash, r\u00e1pido y pulso; Funciona hasta 30 horas; Bater\u00eda recargable de ion litio; USB recargable (cable micro USB incluido); Indicador de bater\u00eda baja; Peque\u00f1o tama\u00f1o conveniente; Peso (aprox.): 32 g; Compatible con sillines Brompton fabricados desde 2016.\" \/>\n<meta property=\"og:url\" content=\"https:\/\/www.foldingbikeshouse.com\/ca\/producto\/brm-luz-sillin-usb-cateye\/\" \/>\n<meta property=\"og:site_name\" content=\"Folding Bikes House\" \/>\n<meta property=\"article:publisher\" content=\"https:\/\/www.facebook.com\/foldingbikeshousebcn\/\" \/>\n<meta property=\"article:modified_time\" content=\"2026-04-13T06:01:31+00:00\" \/>\n<meta property=\"og:image\" content=\"https:\/\/www.foldingbikeshouse.com\/wp-content\/uploads\/ges\/img\/img_1019_83707e81861cd59a6bc4f47d151edde7_1.png\" \/>\n\t<meta property=\"og:image:width\" content=\"700\" \/>\n\t<meta property=\"og:image:height\" content=\"500\" \/>\n\t<meta property=\"og:image:type\" content=\"image\/png\" \/>\n<meta name=\"twitter:card\" content=\"summary_large_image\" \/>\n<meta name=\"twitter:label1\" content=\"Temps estimat de lectura\" \/>\n\t<meta name=\"twitter:data1\" content=\"1 minut\" \/>\n<script type=\"application\/ld+json\" class=\"yoast-schema-graph\">{\"@context\":\"https:\\\/\\\/schema.org\",\"@graph\":[{\"@type\":\"WebPage\",\"@id\":\"https:\\\/\\\/www.foldingbikeshouse.com\\\/ca\\\/producto\\\/brm-luz-sillin-usb-cateye\\\/\",\"url\":\"https:\\\/\\\/www.foldingbikeshouse.com\\\/ca\\\/producto\\\/brm-luz-sillin-usb-cateye\\\/\",\"name\":\"Brompton luz sillin usb cateye - Folding Bikes House\",\"isPartOf\":{\"@id\":\"https:\\\/\\\/www.foldingbikeshouse.com\\\/ca\\\/#website\"},\"primaryImageOfPage\":{\"@id\":\"https:\\\/\\\/www.foldingbikeshouse.com\\\/ca\\\/producto\\\/brm-luz-sillin-usb-cateye\\\/#primaryimage\"},\"image\":{\"@id\":\"https:\\\/\\\/www.foldingbikeshouse.com\\\/ca\\\/producto\\\/brm-luz-sillin-usb-cateye\\\/#primaryimage\"},\"thumbnailUrl\":\"https:\\\/\\\/www.foldingbikeshouse.com\\\/wp-content\\\/uploads\\\/ges\\\/img\\\/img_1019_83707e81861cd59a6bc4f47d151edde7_1.png\",\"datePublished\":\"2024-10-16T13:54:04+00:00\",\"dateModified\":\"2026-04-13T06:01:31+00:00\",\"breadcrumb\":{\"@id\":\"https:\\\/\\\/www.foldingbikeshouse.com\\\/ca\\\/producto\\\/brm-luz-sillin-usb-cateye\\\/#breadcrumb\"},\"inLanguage\":\"ca\",\"potentialAction\":[{\"@type\":\"ReadAction\",\"target\":[\"https:\\\/\\\/www.foldingbikeshouse.com\\\/ca\\\/producto\\\/brm-luz-sillin-usb-cateye\\\/\"]}]},{\"@type\":\"ImageObject\",\"inLanguage\":\"ca\",\"@id\":\"https:\\\/\\\/www.foldingbikeshouse.com\\\/ca\\\/producto\\\/brm-luz-sillin-usb-cateye\\\/#primaryimage\",\"url\":\"https:\\\/\\\/www.foldingbikeshouse.com\\\/wp-content\\\/uploads\\\/ges\\\/img\\\/img_1019_83707e81861cd59a6bc4f47d151edde7_1.png\",\"contentUrl\":\"https:\\\/\\\/www.foldingbikeshouse.com\\\/wp-content\\\/uploads\\\/ges\\\/img\\\/img_1019_83707e81861cd59a6bc4f47d151edde7_1.png\",\"width\":700,\"height\":500},{\"@type\":\"BreadcrumbList\",\"@id\":\"https:\\\/\\\/www.foldingbikeshouse.com\\\/ca\\\/producto\\\/brm-luz-sillin-usb-cateye\\\/#breadcrumb\",\"itemListElement\":[{\"@type\":\"ListItem\",\"position\":1,\"name\":\"Portada\",\"item\":\"https:\\\/\\\/www.foldingbikeshouse.com\\\/ca\\\/\"},{\"@type\":\"ListItem\",\"position\":2,\"name\":\"Productes\",\"item\":\"https:\\\/\\\/www.foldingbikeshouse.com\\\/ca\\\/shop\\\/\"},{\"@type\":\"ListItem\",\"position\":3,\"name\":\"Brompton luz sillin usb cateye\"}]},{\"@type\":\"WebSite\",\"@id\":\"https:\\\/\\\/www.foldingbikeshouse.com\\\/ca\\\/#website\",\"url\":\"https:\\\/\\\/www.foldingbikeshouse.com\\\/ca\\\/\",\"name\":\"Folding Bikes House\",\"description\":\"\",\"publisher\":{\"@id\":\"https:\\\/\\\/www.foldingbikeshouse.com\\\/ca\\\/#organization\"},\"potentialAction\":[{\"@type\":\"SearchAction\",\"target\":{\"@type\":\"EntryPoint\",\"urlTemplate\":\"https:\\\/\\\/www.foldingbikeshouse.com\\\/ca\\\/?s={search_term_string}\"},\"query-input\":{\"@type\":\"PropertyValueSpecification\",\"valueRequired\":true,\"valueName\":\"search_term_string\"}}],\"inLanguage\":\"ca\"},{\"@type\":\"Organization\",\"@id\":\"https:\\\/\\\/www.foldingbikeshouse.com\\\/ca\\\/#organization\",\"name\":\"Folding Bikes House\",\"url\":\"https:\\\/\\\/www.foldingbikeshouse.com\\\/ca\\\/\",\"logo\":{\"@type\":\"ImageObject\",\"inLanguage\":\"ca\",\"@id\":\"https:\\\/\\\/www.foldingbikeshouse.com\\\/ca\\\/#\\\/schema\\\/logo\\\/image\\\/\",\"url\":\"https:\\\/\\\/www.foldingbikeshouse.com\\\/wp-content\\\/uploads\\\/2024\\\/05\\\/logofbh-1.png\",\"contentUrl\":\"https:\\\/\\\/www.foldingbikeshouse.com\\\/wp-content\\\/uploads\\\/2024\\\/05\\\/logofbh-1.png\",\"width\":900,\"height\":900,\"caption\":\"Folding Bikes House\"},\"image\":{\"@id\":\"https:\\\/\\\/www.foldingbikeshouse.com\\\/ca\\\/#\\\/schema\\\/logo\\\/image\\\/\"},\"sameAs\":[\"https:\\\/\\\/www.facebook.com\\\/foldingbikeshousebcn\\\/\",\"https:\\\/\\\/www.instagram.com\\\/foldingbikeshousebcn\\\/\",\"https:\\\/\\\/www.youtube.com\\\/channel\\\/UC4CfEpAN0fWBp-_ca86OvuA\"]}]}<\/script>\n<!-- \/ Yoast SEO plugin. -->","yoast_head_json":{"title":"Brompton luz sillin usb cateye - Folding Bikes House","robots":{"index":"index","follow":"follow","max-snippet":"max-snippet:-1","max-image-preview":"max-image-preview:large","max-video-preview":"max-video-preview:-1"},"canonical":"https:\/\/www.foldingbikeshouse.com\/ca\/producto\/brm-luz-sillin-usb-cateye\/","og_locale":"ca_ES","og_type":"article","og_title":"Brompton luz sillin usb cateye - Folding Bikes House","og_description":"El Cateye Rapid Mini es la misma luz que CatEye ya fabrica, pero se ofrece aqu\u00ed con un soporte dise\u00f1ado por Brompton para permitir que la l\u00e1mpara se monte debajo de la silla de montar; El soporte se adhiere a una muesca cuadrada que se encuentra en la parte inferior de los soportes est\u00e1ndar de Brompton fabricados desde 2016. Si la parte inferior de la silla no tiene una muesca cuadrada (2 cm x 2 cm aprox.), Entonces este soporte y la luz no son compatibles; Posicionado debajo de la silla de montar para una mayor visibilidad en el tr\u00e1fico; Salida de 25 l\u00famenes; 4 modos de luz: constante, flash, r\u00e1pido y pulso; Funciona hasta 30 horas; Bater\u00eda recargable de ion litio; USB recargable (cable micro USB incluido); Indicador de bater\u00eda baja; Peque\u00f1o tama\u00f1o conveniente; Peso (aprox.): 32 g; Compatible con sillines Brompton fabricados desde 2016.","og_url":"https:\/\/www.foldingbikeshouse.com\/ca\/producto\/brm-luz-sillin-usb-cateye\/","og_site_name":"Folding Bikes House","article_publisher":"https:\/\/www.facebook.com\/foldingbikeshousebcn\/","article_modified_time":"2026-04-13T06:01:31+00:00","og_image":[{"width":700,"height":500,"url":"https:\/\/www.foldingbikeshouse.com\/wp-content\/uploads\/ges\/img\/img_1019_83707e81861cd59a6bc4f47d151edde7_1.png","type":"image\/png"}],"twitter_card":"summary_large_image","twitter_misc":{"Temps estimat de lectura":"1 minut"},"schema":{"@context":"https:\/\/schema.org","@graph":[{"@type":"WebPage","@id":"https:\/\/www.foldingbikeshouse.com\/ca\/producto\/brm-luz-sillin-usb-cateye\/","url":"https:\/\/www.foldingbikeshouse.com\/ca\/producto\/brm-luz-sillin-usb-cateye\/","name":"Brompton luz sillin usb cateye - Folding Bikes House","isPartOf":{"@id":"https:\/\/www.foldingbikeshouse.com\/ca\/#website"},"primaryImageOfPage":{"@id":"https:\/\/www.foldingbikeshouse.com\/ca\/producto\/brm-luz-sillin-usb-cateye\/#primaryimage"},"image":{"@id":"https:\/\/www.foldingbikeshouse.com\/ca\/producto\/brm-luz-sillin-usb-cateye\/#primaryimage"},"thumbnailUrl":"https:\/\/www.foldingbikeshouse.com\/wp-content\/uploads\/ges\/img\/img_1019_83707e81861cd59a6bc4f47d151edde7_1.png","datePublished":"2024-10-16T13:54:04+00:00","dateModified":"2026-04-13T06:01:31+00:00","breadcrumb":{"@id":"https:\/\/www.foldingbikeshouse.com\/ca\/producto\/brm-luz-sillin-usb-cateye\/#breadcrumb"},"inLanguage":"ca","potentialAction":[{"@type":"ReadAction","target":["https:\/\/www.foldingbikeshouse.com\/ca\/producto\/brm-luz-sillin-usb-cateye\/"]}]},{"@type":"ImageObject","inLanguage":"ca","@id":"https:\/\/www.foldingbikeshouse.com\/ca\/producto\/brm-luz-sillin-usb-cateye\/#primaryimage","url":"https:\/\/www.foldingbikeshouse.com\/wp-content\/uploads\/ges\/img\/img_1019_83707e81861cd59a6bc4f47d151edde7_1.png","contentUrl":"https:\/\/www.foldingbikeshouse.com\/wp-content\/uploads\/ges\/img\/img_1019_83707e81861cd59a6bc4f47d151edde7_1.png","width":700,"height":500},{"@type":"BreadcrumbList","@id":"https:\/\/www.foldingbikeshouse.com\/ca\/producto\/brm-luz-sillin-usb-cateye\/#breadcrumb","itemListElement":[{"@type":"ListItem","position":1,"name":"Portada","item":"https:\/\/www.foldingbikeshouse.com\/ca\/"},{"@type":"ListItem","position":2,"name":"Productes","item":"https:\/\/www.foldingbikeshouse.com\/ca\/shop\/"},{"@type":"ListItem","position":3,"name":"Brompton luz sillin usb cateye"}]},{"@type":"WebSite","@id":"https:\/\/www.foldingbikeshouse.com\/ca\/#website","url":"https:\/\/www.foldingbikeshouse.com\/ca\/","name":"Folding Bikes House","description":"","publisher":{"@id":"https:\/\/www.foldingbikeshouse.com\/ca\/#organization"},"potentialAction":[{"@type":"SearchAction","target":{"@type":"EntryPoint","urlTemplate":"https:\/\/www.foldingbikeshouse.com\/ca\/?s={search_term_string}"},"query-input":{"@type":"PropertyValueSpecification","valueRequired":true,"valueName":"search_term_string"}}],"inLanguage":"ca"},{"@type":"Organization","@id":"https:\/\/www.foldingbikeshouse.com\/ca\/#organization","name":"Folding Bikes House","url":"https:\/\/www.foldingbikeshouse.com\/ca\/","logo":{"@type":"ImageObject","inLanguage":"ca","@id":"https:\/\/www.foldingbikeshouse.com\/ca\/#\/schema\/logo\/image\/","url":"https:\/\/www.foldingbikeshouse.com\/wp-content\/uploads\/2024\/05\/logofbh-1.png","contentUrl":"https:\/\/www.foldingbikeshouse.com\/wp-content\/uploads\/2024\/05\/logofbh-1.png","width":900,"height":900,"caption":"Folding Bikes House"},"image":{"@id":"https:\/\/www.foldingbikeshouse.com\/ca\/#\/schema\/logo\/image\/"},"sameAs":["https:\/\/www.facebook.com\/foldingbikeshousebcn\/","https:\/\/www.instagram.com\/foldingbikeshousebcn\/","https:\/\/www.youtube.com\/channel\/UC4CfEpAN0fWBp-_ca86OvuA"]}]}},"brands":[{"id":61,"name":"BROMPTON","slug":"brompton"}],"_links":{"self":[{"href":"https:\/\/www.foldingbikeshouse.com\/ca\/wp-json\/wp\/v2\/product\/5604","targetHints":{"allow":["GET"]}}],"collection":[{"href":"https:\/\/www.foldingbikeshouse.com\/ca\/wp-json\/wp\/v2\/product"}],"about":[{"href":"https:\/\/www.foldingbikeshouse.com\/ca\/wp-json\/wp\/v2\/types\/product"}],"replies":[{"embeddable":true,"href":"https:\/\/www.foldingbikeshouse.com\/ca\/wp-json\/wp\/v2\/comments?post=5604"}],"version-history":[{"count":0,"href":"https:\/\/www.foldingbikeshouse.com\/ca\/wp-json\/wp\/v2\/product\/5604\/revisions"}],"wp:featuredmedia":[{"embeddable":true,"href":"https:\/\/www.foldingbikeshouse.com\/ca\/wp-json\/wp\/v2\/media\/88767"}],"wp:attachment":[{"href":"https:\/\/www.foldingbikeshouse.com\/ca\/wp-json\/wp\/v2\/media?parent=5604"}],"wp:term":[{"taxonomy":"pwb-brand","embeddable":true,"href":"https:\/\/www.foldingbikeshouse.com\/ca\/wp-json\/wp\/v2\/pwb-brand?post=5604"},{"taxonomy":"product_brand","embeddable":true,"href":"https:\/\/www.foldingbikeshouse.com\/ca\/wp-json\/wp\/v2\/product_brand?post=5604"},{"taxonomy":"product_cat","embeddable":true,"href":"https:\/\/www.foldingbikeshouse.com\/ca\/wp-json\/wp\/v2\/product_cat?post=5604"},{"taxonomy":"product_tag","embeddable":true,"href":"https:\/\/www.foldingbikeshouse.com\/ca\/wp-json\/wp\/v2\/product_tag?post=5604"}],"curies":[{"name":"wp","href":"https:\/\/api.w.org\/{rel}","templated":true}]}}