{"id":6043,"date":"2024-10-16T15:56:28","date_gmt":"2024-10-16T13:56:28","guid":{"rendered":"https:\/\/www.foldingbikeshouse.com\/?post_type=product&#038;p=6043"},"modified":"2026-03-24T14:20:15","modified_gmt":"2026-03-24T13:20:15","slug":"thousand-rose-gold-s","status":"publish","type":"product","link":"https:\/\/www.foldingbikeshouse.com\/ca\/producto\/thousand-rose-gold-s\/","title":{"rendered":"THOUSAND ROSE GOLD S"},"content":{"rendered":"<p>El casco Thousand es el complemento perfecto para desplazarte por la ciudad con total seguridad, con m\u00e1s ventilaci\u00f3n para una conducci\u00f3n m\u00e1s fresca,  y un dise\u00f1o m\u00e1s c\u00f3modo para adaptarse a todos los ciclistas, Heritage  es nuestra colecci\u00f3n cl\u00e1sica.<\/p>\n","protected":false},"excerpt":{"rendered":"<p>El casco Thousand es el complemento perfecto para desplazarte por la ciudad con total seguridad, con m\u00e1s ventilaci\u00f3n para una conducci\u00f3n m\u00e1s fresca,  y un dise\u00f1o m\u00e1s c\u00f3modo para adaptarse a todos los ciclistas, Heritage  es nuestra colecci\u00f3n cl\u00e1sica.<\/p>\n","protected":false},"featured_media":86015,"comment_status":"open","ping_status":"closed","template":"","meta":{"site-sidebar-layout":"default","site-content-layout":"","ast-site-content-layout":"","site-content-style":"default","site-sidebar-style":"default","ast-global-header-display":"","ast-banner-title-visibility":"","ast-main-header-display":"","ast-hfb-above-header-display":"","ast-hfb-below-header-display":"","ast-hfb-mobile-header-display":"","site-post-title":"","ast-breadcrumbs-content":"","ast-featured-img":"","footer-sml-layout":"","theme-transparent-header-meta":"","adv-header-id-meta":"","stick-header-meta":"","header-above-stick-meta":"","header-main-stick-meta":"","header-below-stick-meta":"","astra-migrate-meta-layouts":"default","ast-page-background-enabled":"default","ast-page-background-meta":{"desktop":{"background-color":"var(--ast-global-color-4)","background-image":"","background-repeat":"repeat","background-position":"center center","background-size":"auto","background-attachment":"scroll","background-type":"","background-media":"","overlay-type":"","overlay-color":"","overlay-gradient":""},"tablet":{"background-color":"","background-image":"","background-repeat":"repeat","background-position":"center center","background-size":"auto","background-attachment":"scroll","background-type":"","background-media":"","overlay-type":"","overlay-color":"","overlay-gradient":""},"mobile":{"background-color":"","background-image":"","background-repeat":"repeat","background-position":"center center","background-size":"auto","background-attachment":"scroll","background-type":"","background-media":"","overlay-type":"","overlay-color":"","overlay-gradient":""}},"ast-content-background-meta":{"desktop":{"background-color":"var(--ast-global-color-5)","background-image":"","background-repeat":"repeat","background-position":"center center","background-size":"auto","background-attachment":"scroll","background-type":"","background-media":"","overlay-type":"","overlay-color":"","overlay-gradient":""},"tablet":{"background-color":"var(--ast-global-color-5)","background-image":"","background-repeat":"repeat","background-position":"center center","background-size":"auto","background-attachment":"scroll","background-type":"","background-media":"","overlay-type":"","overlay-color":"","overlay-gradient":""},"mobile":{"background-color":"var(--ast-global-color-5)","background-image":"","background-repeat":"repeat","background-position":"center center","background-size":"auto","background-attachment":"scroll","background-type":"","background-media":"","overlay-type":"","overlay-color":"","overlay-gradient":""}}},"pwb-brand":[],"product_brand":[],"product_cat":[183],"product_tag":[],"class_list":{"0":"post-6043","1":"product","2":"type-product","3":"status-publish","4":"has-post-thumbnail","6":"product_cat-casco-thousand","7":"desktop-align-left","8":"tablet-align-left","9":"mobile-align-left","10":"ast-product-gallery-layout-first-image-large","11":"ast-product-tabs-layout-horizontal","13":"first","14":"outofstock","15":"taxable","16":"shipping-taxable","17":"purchasable","18":"product-type-simple"},"yoast_head":"<!-- This site is optimized with the Yoast SEO plugin v26.4 - https:\/\/yoast.com\/wordpress\/plugins\/seo\/ -->\n<title>THOUSAND ROSE GOLD S - Folding Bikes House<\/title>\n<meta name=\"robots\" content=\"index, follow, max-snippet:-1, max-image-preview:large, max-video-preview:-1\" \/>\n<link rel=\"canonical\" href=\"https:\/\/www.foldingbikeshouse.com\/ca\/producto\/thousand-rose-gold-s\/\" \/>\n<meta property=\"og:locale\" content=\"ca_ES\" \/>\n<meta property=\"og:type\" content=\"article\" \/>\n<meta property=\"og:title\" content=\"THOUSAND ROSE GOLD S - Folding Bikes House\" \/>\n<meta property=\"og:description\" content=\"El casco Thousand es el complemento perfecto para desplazarte por la ciudad con total seguridad, con m\u00e1s ventilaci\u00f3n para una conducci\u00f3n m\u00e1s fresca, y un dise\u00f1o m\u00e1s c\u00f3modo para adaptarse a todos los ciclistas, Heritage es nuestra colecci\u00f3n cl\u00e1sica.\" \/>\n<meta property=\"og:url\" content=\"https:\/\/www.foldingbikeshouse.com\/ca\/producto\/thousand-rose-gold-s\/\" \/>\n<meta property=\"og:site_name\" content=\"Folding Bikes House\" \/>\n<meta property=\"article:publisher\" content=\"https:\/\/www.facebook.com\/foldingbikeshousebcn\/\" \/>\n<meta property=\"article:modified_time\" content=\"2026-03-24T13:20:15+00:00\" \/>\n<meta property=\"og:image\" content=\"https:\/\/www.foldingbikeshouse.com\/wp-content\/uploads\/ges\/img\/img_1515_07d39ae9d6845976f262dd01771d625b_1.jpg\" \/>\n\t<meta property=\"og:image:width\" content=\"600\" \/>\n\t<meta property=\"og:image:height\" content=\"384\" \/>\n\t<meta property=\"og:image:type\" content=\"image\/jpeg\" \/>\n<meta name=\"twitter:card\" content=\"summary_large_image\" \/>\n<script type=\"application\/ld+json\" class=\"yoast-schema-graph\">{\"@context\":\"https:\/\/schema.org\",\"@graph\":[{\"@type\":\"WebPage\",\"@id\":\"https:\/\/www.foldingbikeshouse.com\/ca\/producto\/thousand-rose-gold-s\/\",\"url\":\"https:\/\/www.foldingbikeshouse.com\/ca\/producto\/thousand-rose-gold-s\/\",\"name\":\"THOUSAND ROSE GOLD S - Folding Bikes House\",\"isPartOf\":{\"@id\":\"https:\/\/www.foldingbikeshouse.com\/ca\/#website\"},\"primaryImageOfPage\":{\"@id\":\"https:\/\/www.foldingbikeshouse.com\/ca\/producto\/thousand-rose-gold-s\/#primaryimage\"},\"image\":{\"@id\":\"https:\/\/www.foldingbikeshouse.com\/ca\/producto\/thousand-rose-gold-s\/#primaryimage\"},\"thumbnailUrl\":\"https:\/\/www.foldingbikeshouse.com\/wp-content\/uploads\/ges\/img\/img_1515_07d39ae9d6845976f262dd01771d625b_1.jpg\",\"datePublished\":\"2024-10-16T13:56:28+00:00\",\"dateModified\":\"2026-03-24T13:20:15+00:00\",\"breadcrumb\":{\"@id\":\"https:\/\/www.foldingbikeshouse.com\/ca\/producto\/thousand-rose-gold-s\/#breadcrumb\"},\"inLanguage\":\"ca\",\"potentialAction\":[{\"@type\":\"ReadAction\",\"target\":[\"https:\/\/www.foldingbikeshouse.com\/ca\/producto\/thousand-rose-gold-s\/\"]}]},{\"@type\":\"ImageObject\",\"inLanguage\":\"ca\",\"@id\":\"https:\/\/www.foldingbikeshouse.com\/ca\/producto\/thousand-rose-gold-s\/#primaryimage\",\"url\":\"https:\/\/www.foldingbikeshouse.com\/wp-content\/uploads\/ges\/img\/img_1515_07d39ae9d6845976f262dd01771d625b_1.jpg\",\"contentUrl\":\"https:\/\/www.foldingbikeshouse.com\/wp-content\/uploads\/ges\/img\/img_1515_07d39ae9d6845976f262dd01771d625b_1.jpg\",\"width\":600,\"height\":384},{\"@type\":\"BreadcrumbList\",\"@id\":\"https:\/\/www.foldingbikeshouse.com\/ca\/producto\/thousand-rose-gold-s\/#breadcrumb\",\"itemListElement\":[{\"@type\":\"ListItem\",\"position\":1,\"name\":\"Portada\",\"item\":\"https:\/\/www.foldingbikeshouse.com\/ca\/\"},{\"@type\":\"ListItem\",\"position\":2,\"name\":\"Productes\",\"item\":\"https:\/\/www.foldingbikeshouse.com\/ca\/shop\/\"},{\"@type\":\"ListItem\",\"position\":3,\"name\":\"THOUSAND ROSE GOLD S\"}]},{\"@type\":\"WebSite\",\"@id\":\"https:\/\/www.foldingbikeshouse.com\/ca\/#website\",\"url\":\"https:\/\/www.foldingbikeshouse.com\/ca\/\",\"name\":\"Folding Bikes House\",\"description\":\"\",\"publisher\":{\"@id\":\"https:\/\/www.foldingbikeshouse.com\/ca\/#organization\"},\"potentialAction\":[{\"@type\":\"SearchAction\",\"target\":{\"@type\":\"EntryPoint\",\"urlTemplate\":\"https:\/\/www.foldingbikeshouse.com\/ca\/?s={search_term_string}\"},\"query-input\":{\"@type\":\"PropertyValueSpecification\",\"valueRequired\":true,\"valueName\":\"search_term_string\"}}],\"inLanguage\":\"ca\"},{\"@type\":\"Organization\",\"@id\":\"https:\/\/www.foldingbikeshouse.com\/ca\/#organization\",\"name\":\"Folding Bikes House\",\"url\":\"https:\/\/www.foldingbikeshouse.com\/ca\/\",\"logo\":{\"@type\":\"ImageObject\",\"inLanguage\":\"ca\",\"@id\":\"https:\/\/www.foldingbikeshouse.com\/ca\/#\/schema\/logo\/image\/\",\"url\":\"https:\/\/www.foldingbikeshouse.com\/wp-content\/uploads\/2024\/05\/logofbh-1.png\",\"contentUrl\":\"https:\/\/www.foldingbikeshouse.com\/wp-content\/uploads\/2024\/05\/logofbh-1.png\",\"width\":900,\"height\":900,\"caption\":\"Folding Bikes House\"},\"image\":{\"@id\":\"https:\/\/www.foldingbikeshouse.com\/ca\/#\/schema\/logo\/image\/\"},\"sameAs\":[\"https:\/\/www.facebook.com\/foldingbikeshousebcn\/\",\"https:\/\/www.instagram.com\/foldingbikeshousebcn\/\",\"https:\/\/www.youtube.com\/channel\/UC4CfEpAN0fWBp-_ca86OvuA\"]}]}<\/script>\n<!-- \/ Yoast SEO plugin. -->","yoast_head_json":{"title":"THOUSAND ROSE GOLD S - Folding Bikes House","robots":{"index":"index","follow":"follow","max-snippet":"max-snippet:-1","max-image-preview":"max-image-preview:large","max-video-preview":"max-video-preview:-1"},"canonical":"https:\/\/www.foldingbikeshouse.com\/ca\/producto\/thousand-rose-gold-s\/","og_locale":"ca_ES","og_type":"article","og_title":"THOUSAND ROSE GOLD S - Folding Bikes House","og_description":"El casco Thousand es el complemento perfecto para desplazarte por la ciudad con total seguridad, con m\u00e1s ventilaci\u00f3n para una conducci\u00f3n m\u00e1s fresca, y un dise\u00f1o m\u00e1s c\u00f3modo para adaptarse a todos los ciclistas, Heritage es nuestra colecci\u00f3n cl\u00e1sica.","og_url":"https:\/\/www.foldingbikeshouse.com\/ca\/producto\/thousand-rose-gold-s\/","og_site_name":"Folding Bikes House","article_publisher":"https:\/\/www.facebook.com\/foldingbikeshousebcn\/","article_modified_time":"2026-03-24T13:20:15+00:00","og_image":[{"width":600,"height":384,"url":"https:\/\/www.foldingbikeshouse.com\/wp-content\/uploads\/ges\/img\/img_1515_07d39ae9d6845976f262dd01771d625b_1.jpg","type":"image\/jpeg"}],"twitter_card":"summary_large_image","schema":{"@context":"https:\/\/schema.org","@graph":[{"@type":"WebPage","@id":"https:\/\/www.foldingbikeshouse.com\/ca\/producto\/thousand-rose-gold-s\/","url":"https:\/\/www.foldingbikeshouse.com\/ca\/producto\/thousand-rose-gold-s\/","name":"THOUSAND ROSE GOLD S - Folding Bikes House","isPartOf":{"@id":"https:\/\/www.foldingbikeshouse.com\/ca\/#website"},"primaryImageOfPage":{"@id":"https:\/\/www.foldingbikeshouse.com\/ca\/producto\/thousand-rose-gold-s\/#primaryimage"},"image":{"@id":"https:\/\/www.foldingbikeshouse.com\/ca\/producto\/thousand-rose-gold-s\/#primaryimage"},"thumbnailUrl":"https:\/\/www.foldingbikeshouse.com\/wp-content\/uploads\/ges\/img\/img_1515_07d39ae9d6845976f262dd01771d625b_1.jpg","datePublished":"2024-10-16T13:56:28+00:00","dateModified":"2026-03-24T13:20:15+00:00","breadcrumb":{"@id":"https:\/\/www.foldingbikeshouse.com\/ca\/producto\/thousand-rose-gold-s\/#breadcrumb"},"inLanguage":"ca","potentialAction":[{"@type":"ReadAction","target":["https:\/\/www.foldingbikeshouse.com\/ca\/producto\/thousand-rose-gold-s\/"]}]},{"@type":"ImageObject","inLanguage":"ca","@id":"https:\/\/www.foldingbikeshouse.com\/ca\/producto\/thousand-rose-gold-s\/#primaryimage","url":"https:\/\/www.foldingbikeshouse.com\/wp-content\/uploads\/ges\/img\/img_1515_07d39ae9d6845976f262dd01771d625b_1.jpg","contentUrl":"https:\/\/www.foldingbikeshouse.com\/wp-content\/uploads\/ges\/img\/img_1515_07d39ae9d6845976f262dd01771d625b_1.jpg","width":600,"height":384},{"@type":"BreadcrumbList","@id":"https:\/\/www.foldingbikeshouse.com\/ca\/producto\/thousand-rose-gold-s\/#breadcrumb","itemListElement":[{"@type":"ListItem","position":1,"name":"Portada","item":"https:\/\/www.foldingbikeshouse.com\/ca\/"},{"@type":"ListItem","position":2,"name":"Productes","item":"https:\/\/www.foldingbikeshouse.com\/ca\/shop\/"},{"@type":"ListItem","position":3,"name":"THOUSAND ROSE GOLD S"}]},{"@type":"WebSite","@id":"https:\/\/www.foldingbikeshouse.com\/ca\/#website","url":"https:\/\/www.foldingbikeshouse.com\/ca\/","name":"Folding Bikes House","description":"","publisher":{"@id":"https:\/\/www.foldingbikeshouse.com\/ca\/#organization"},"potentialAction":[{"@type":"SearchAction","target":{"@type":"EntryPoint","urlTemplate":"https:\/\/www.foldingbikeshouse.com\/ca\/?s={search_term_string}"},"query-input":{"@type":"PropertyValueSpecification","valueRequired":true,"valueName":"search_term_string"}}],"inLanguage":"ca"},{"@type":"Organization","@id":"https:\/\/www.foldingbikeshouse.com\/ca\/#organization","name":"Folding Bikes House","url":"https:\/\/www.foldingbikeshouse.com\/ca\/","logo":{"@type":"ImageObject","inLanguage":"ca","@id":"https:\/\/www.foldingbikeshouse.com\/ca\/#\/schema\/logo\/image\/","url":"https:\/\/www.foldingbikeshouse.com\/wp-content\/uploads\/2024\/05\/logofbh-1.png","contentUrl":"https:\/\/www.foldingbikeshouse.com\/wp-content\/uploads\/2024\/05\/logofbh-1.png","width":900,"height":900,"caption":"Folding Bikes House"},"image":{"@id":"https:\/\/www.foldingbikeshouse.com\/ca\/#\/schema\/logo\/image\/"},"sameAs":["https:\/\/www.facebook.com\/foldingbikeshousebcn\/","https:\/\/www.instagram.com\/foldingbikeshousebcn\/","https:\/\/www.youtube.com\/channel\/UC4CfEpAN0fWBp-_ca86OvuA"]}]}},"brands":[],"_links":{"self":[{"href":"https:\/\/www.foldingbikeshouse.com\/ca\/wp-json\/wp\/v2\/product\/6043","targetHints":{"allow":["GET"]}}],"collection":[{"href":"https:\/\/www.foldingbikeshouse.com\/ca\/wp-json\/wp\/v2\/product"}],"about":[{"href":"https:\/\/www.foldingbikeshouse.com\/ca\/wp-json\/wp\/v2\/types\/product"}],"replies":[{"embeddable":true,"href":"https:\/\/www.foldingbikeshouse.com\/ca\/wp-json\/wp\/v2\/comments?post=6043"}],"version-history":[{"count":2,"href":"https:\/\/www.foldingbikeshouse.com\/ca\/wp-json\/wp\/v2\/product\/6043\/revisions"}],"predecessor-version":[{"id":79196,"href":"https:\/\/www.foldingbikeshouse.com\/ca\/wp-json\/wp\/v2\/product\/6043\/revisions\/79196"}],"wp:featuredmedia":[{"embeddable":true,"href":"https:\/\/www.foldingbikeshouse.com\/ca\/wp-json\/wp\/v2\/media\/86015"}],"wp:attachment":[{"href":"https:\/\/www.foldingbikeshouse.com\/ca\/wp-json\/wp\/v2\/media?parent=6043"}],"wp:term":[{"taxonomy":"pwb-brand","embeddable":true,"href":"https:\/\/www.foldingbikeshouse.com\/ca\/wp-json\/wp\/v2\/pwb-brand?post=6043"},{"taxonomy":"product_brand","embeddable":true,"href":"https:\/\/www.foldingbikeshouse.com\/ca\/wp-json\/wp\/v2\/product_brand?post=6043"},{"taxonomy":"product_cat","embeddable":true,"href":"https:\/\/www.foldingbikeshouse.com\/ca\/wp-json\/wp\/v2\/product_cat?post=6043"},{"taxonomy":"product_tag","embeddable":true,"href":"https:\/\/www.foldingbikeshouse.com\/ca\/wp-json\/wp\/v2\/product_tag?post=6043"}],"curies":[{"name":"wp","href":"https:\/\/api.w.org\/{rel}","templated":true}]}}