{"id":6168,"date":"2024-10-17T09:32:54","date_gmt":"2024-10-17T07:32:54","guid":{"rendered":"https:\/\/www.foldingbikeshouse.com\/?post_type=product&#038;p=6168"},"modified":"2026-04-13T08:01:13","modified_gmt":"2026-04-13T06:01:13","slug":"brm-bolsa-e-bike-20l","status":"publish","type":"product","link":"https:\/\/www.foldingbikeshouse.com\/ca\/producto\/brm-bolsa-e-bike-20l\/","title":{"rendered":"BRM BOLSA E BIKE 20L"},"content":{"rendered":"<p>Nuestra bolsa City Bag para la Brompton Electric es perfecta para las personas muy activas, para las personas aventureras que no se detienen ante nada o para las que van en bicicleta al trabajo y quieren aprovechar al m\u00e1ximo cada segundo de su d\u00eda. Con la incre\u00edble City Bag, podr\u00e1s disfrutar del viaje y llevar cada d\u00eda la alegr\u00eda de moverte de una forma \u00fanica.<\/p>\n<p>Nuestra City Bag viene preparada con un soporte para el port\u00e1til, bolsillos delanteros y traseros, e incluso ofrece acceso a la bater\u00eda para que puedas cargar el tel\u00e9fono o la tableta mientras pedaleas. No dejes que el clima te detenga; la bolsa tambi\u00e9n viene con una cubierta para lluvia de alta visibilidad. \u00bfPor qu\u00e9 bailar bajo la lluvia cuando puedes montar con estilo?<\/p>\n<p>Hecha con resistente tejido Cordura, la pr\u00e1ctica City Bag te permitir\u00e1 llegar a todo siempre que quieras. Con nuestra bolsa Brompton City Bag, no solo estar\u00e1s invirtiendo en un m\u00e9todo de almacenamiento de mano, sino que obtendr\u00e1s una nueva experiencia de viaje ideal para un estilo de vida moderno lleno de exploraci\u00f3n y posibilidades.<\/p>\n","protected":false},"excerpt":{"rendered":"<p>Nuestra bolsa City Bag para la Brompton Electric es perfecta para las personas muy activas, para las personas aventureras que no se detienen ante nada o para las que van en bicicleta al trabajo y quieren aprovechar al m\u00e1ximo cada segundo de su d\u00eda. Con la incre\u00edble City Bag, podr\u00e1s disfrutar del viaje y llevar cada d\u00eda la alegr\u00eda de moverte de una forma \u00fanica.<\/p>\n<p>Nuestra City Bag viene preparada con un soporte para el port\u00e1til, bolsillos delanteros y traseros, e incluso ofrece acceso a la bater\u00eda para que puedas cargar el tel\u00e9fono o la tableta mientras pedaleas. No dejes que el clima te detenga; la bolsa tambi\u00e9n viene con una cubierta para lluvia de alta visibilidad. \u00bfPor qu\u00e9 bailar bajo la lluvia cuando puedes montar con estilo?<\/p>\n<p>Hecha con resistente tejido Cordura, la pr\u00e1ctica City Bag te permitir\u00e1 llegar a todo siempre que quieras. Con nuestra bolsa Brompton City Bag, no solo estar\u00e1s invirtiendo en un m\u00e9todo de almacenamiento de mano, sino que obtendr\u00e1s una nueva experiencia de viaje ideal para un estilo de vida moderno lleno de exploraci\u00f3n y posibilidades.<\/p>\n","protected":false},"featured_media":88697,"comment_status":"open","ping_status":"closed","template":"","meta":{"site-sidebar-layout":"default","site-content-layout":"","ast-site-content-layout":"","site-content-style":"default","site-sidebar-style":"default","ast-global-header-display":"","ast-banner-title-visibility":"","ast-main-header-display":"","ast-hfb-above-header-display":"","ast-hfb-below-header-display":"","ast-hfb-mobile-header-display":"","site-post-title":"","ast-breadcrumbs-content":"","ast-featured-img":"","footer-sml-layout":"","theme-transparent-header-meta":"","adv-header-id-meta":"","stick-header-meta":"","header-above-stick-meta":"","header-main-stick-meta":"","header-below-stick-meta":"","astra-migrate-meta-layouts":"default","ast-page-background-enabled":"default","ast-page-background-meta":{"desktop":{"background-color":"var(--ast-global-color-4)","background-image":"","background-repeat":"repeat","background-position":"center center","background-size":"auto","background-attachment":"scroll","background-type":"","background-media":"","overlay-type":"","overlay-color":"","overlay-gradient":""},"tablet":{"background-color":"","background-image":"","background-repeat":"repeat","background-position":"center center","background-size":"auto","background-attachment":"scroll","background-type":"","background-media":"","overlay-type":"","overlay-color":"","overlay-gradient":""},"mobile":{"background-color":"","background-image":"","background-repeat":"repeat","background-position":"center center","background-size":"auto","background-attachment":"scroll","background-type":"","background-media":"","overlay-type":"","overlay-color":"","overlay-gradient":""}},"ast-content-background-meta":{"desktop":{"background-color":"var(--ast-global-color-5)","background-image":"","background-repeat":"repeat","background-position":"center center","background-size":"auto","background-attachment":"scroll","background-type":"","background-media":"","overlay-type":"","overlay-color":"","overlay-gradient":""},"tablet":{"background-color":"var(--ast-global-color-5)","background-image":"","background-repeat":"repeat","background-position":"center center","background-size":"auto","background-attachment":"scroll","background-type":"","background-media":"","overlay-type":"","overlay-color":"","overlay-gradient":""},"mobile":{"background-color":"var(--ast-global-color-5)","background-image":"","background-repeat":"repeat","background-position":"center center","background-size":"auto","background-attachment":"scroll","background-type":"","background-media":"","overlay-type":"","overlay-color":"","overlay-gradient":""}}},"pwb-brand":[],"product_brand":[],"product_cat":[185,217],"product_tag":[],"class_list":{"0":"post-6168","1":"product","2":"type-product","3":"status-publish","4":"has-post-thumbnail","6":"product_cat-bolsas","7":"product_cat-bolsas-bolsas-brompton-electrica","8":"desktop-align-left","9":"tablet-align-left","10":"mobile-align-left","11":"ast-product-gallery-layout-first-image-large","12":"ast-product-gallery-with-no-image","13":"ast-product-tabs-layout-horizontal","15":"first","16":"outofstock","17":"taxable","18":"shipping-taxable","19":"purchasable","20":"product-type-simple"},"yoast_head":"<!-- This site is optimized with the Yoast SEO plugin v27.4 - https:\/\/yoast.com\/product\/yoast-seo-wordpress\/ -->\n<title>BRM BOLSA E BIKE 20L - Folding Bikes House<\/title>\n<meta name=\"robots\" content=\"index, follow, max-snippet:-1, max-image-preview:large, max-video-preview:-1\" \/>\n<link rel=\"canonical\" href=\"https:\/\/www.foldingbikeshouse.com\/ca\/producto\/brm-bolsa-e-bike-20l\/\" \/>\n<meta property=\"og:locale\" content=\"ca_ES\" \/>\n<meta property=\"og:type\" content=\"article\" \/>\n<meta property=\"og:title\" content=\"BRM BOLSA E BIKE 20L - Folding Bikes House\" \/>\n<meta property=\"og:description\" content=\"Nuestra bolsa City Bag para la Brompton Electric es perfecta para las personas muy activas, para las personas aventureras que no se detienen ante nada o para las que van en bicicleta al trabajo y quieren aprovechar al m\u00e1ximo cada segundo de su d\u00eda. Con la incre\u00edble City Bag, podr\u00e1s disfrutar del viaje y llevar cada d\u00eda la alegr\u00eda de moverte de una forma \u00fanica. Nuestra City Bag viene preparada con un soporte para el port\u00e1til, bolsillos delanteros y traseros, e incluso ofrece acceso a la bater\u00eda para que puedas cargar el tel\u00e9fono o la tableta mientras pedaleas. No dejes que el clima te detenga; la bolsa tambi\u00e9n viene con una cubierta para lluvia de alta visibilidad. \u00bfPor qu\u00e9 bailar bajo la lluvia cuando puedes montar con estilo? Hecha con resistente tejido Cordura, la pr\u00e1ctica City Bag te permitir\u00e1 llegar a todo siempre que quieras. Con nuestra bolsa Brompton City Bag, no solo estar\u00e1s invirtiendo en un m\u00e9todo de almacenamiento de mano, sino que obtendr\u00e1s una nueva experiencia de viaje ideal para un estilo de vida moderno lleno de exploraci\u00f3n y posibilidades.\" \/>\n<meta property=\"og:url\" content=\"https:\/\/www.foldingbikeshouse.com\/ca\/producto\/brm-bolsa-e-bike-20l\/\" \/>\n<meta property=\"og:site_name\" content=\"Folding Bikes House\" \/>\n<meta property=\"article:publisher\" content=\"https:\/\/www.facebook.com\/foldingbikeshousebcn\/\" \/>\n<meta property=\"article:modified_time\" content=\"2026-04-13T06:01:13+00:00\" \/>\n<meta property=\"og:image\" content=\"https:\/\/www.foldingbikeshouse.com\/wp-content\/uploads\/ges\/img\/img_1218_0e4be630a5172bd3fe7a141e3adb6980_1.jpg\" \/>\n\t<meta property=\"og:image:width\" content=\"700\" \/>\n\t<meta property=\"og:image:height\" content=\"500\" \/>\n\t<meta property=\"og:image:type\" content=\"image\/jpeg\" \/>\n<meta name=\"twitter:card\" content=\"summary_large_image\" \/>\n<meta name=\"twitter:label1\" content=\"Temps estimat de lectura\" \/>\n\t<meta name=\"twitter:data1\" content=\"1 minut\" \/>\n<script type=\"application\/ld+json\" class=\"yoast-schema-graph\">{\"@context\":\"https:\\\/\\\/schema.org\",\"@graph\":[{\"@type\":\"WebPage\",\"@id\":\"https:\\\/\\\/www.foldingbikeshouse.com\\\/ca\\\/producto\\\/brm-bolsa-e-bike-20l\\\/\",\"url\":\"https:\\\/\\\/www.foldingbikeshouse.com\\\/ca\\\/producto\\\/brm-bolsa-e-bike-20l\\\/\",\"name\":\"BRM BOLSA E BIKE 20L - Folding Bikes House\",\"isPartOf\":{\"@id\":\"https:\\\/\\\/www.foldingbikeshouse.com\\\/ca\\\/#website\"},\"primaryImageOfPage\":{\"@id\":\"https:\\\/\\\/www.foldingbikeshouse.com\\\/ca\\\/producto\\\/brm-bolsa-e-bike-20l\\\/#primaryimage\"},\"image\":{\"@id\":\"https:\\\/\\\/www.foldingbikeshouse.com\\\/ca\\\/producto\\\/brm-bolsa-e-bike-20l\\\/#primaryimage\"},\"thumbnailUrl\":\"https:\\\/\\\/www.foldingbikeshouse.com\\\/wp-content\\\/uploads\\\/ges\\\/img\\\/img_1218_0e4be630a5172bd3fe7a141e3adb6980_1.jpg\",\"datePublished\":\"2024-10-17T07:32:54+00:00\",\"dateModified\":\"2026-04-13T06:01:13+00:00\",\"breadcrumb\":{\"@id\":\"https:\\\/\\\/www.foldingbikeshouse.com\\\/ca\\\/producto\\\/brm-bolsa-e-bike-20l\\\/#breadcrumb\"},\"inLanguage\":\"ca\",\"potentialAction\":[{\"@type\":\"ReadAction\",\"target\":[\"https:\\\/\\\/www.foldingbikeshouse.com\\\/ca\\\/producto\\\/brm-bolsa-e-bike-20l\\\/\"]}]},{\"@type\":\"ImageObject\",\"inLanguage\":\"ca\",\"@id\":\"https:\\\/\\\/www.foldingbikeshouse.com\\\/ca\\\/producto\\\/brm-bolsa-e-bike-20l\\\/#primaryimage\",\"url\":\"https:\\\/\\\/www.foldingbikeshouse.com\\\/wp-content\\\/uploads\\\/ges\\\/img\\\/img_1218_0e4be630a5172bd3fe7a141e3adb6980_1.jpg\",\"contentUrl\":\"https:\\\/\\\/www.foldingbikeshouse.com\\\/wp-content\\\/uploads\\\/ges\\\/img\\\/img_1218_0e4be630a5172bd3fe7a141e3adb6980_1.jpg\",\"width\":700,\"height\":500},{\"@type\":\"BreadcrumbList\",\"@id\":\"https:\\\/\\\/www.foldingbikeshouse.com\\\/ca\\\/producto\\\/brm-bolsa-e-bike-20l\\\/#breadcrumb\",\"itemListElement\":[{\"@type\":\"ListItem\",\"position\":1,\"name\":\"Portada\",\"item\":\"https:\\\/\\\/www.foldingbikeshouse.com\\\/ca\\\/\"},{\"@type\":\"ListItem\",\"position\":2,\"name\":\"Productes\",\"item\":\"https:\\\/\\\/www.foldingbikeshouse.com\\\/ca\\\/shop\\\/\"},{\"@type\":\"ListItem\",\"position\":3,\"name\":\"BRM BOLSA E BIKE 20L\"}]},{\"@type\":\"WebSite\",\"@id\":\"https:\\\/\\\/www.foldingbikeshouse.com\\\/ca\\\/#website\",\"url\":\"https:\\\/\\\/www.foldingbikeshouse.com\\\/ca\\\/\",\"name\":\"Folding Bikes House\",\"description\":\"\",\"publisher\":{\"@id\":\"https:\\\/\\\/www.foldingbikeshouse.com\\\/ca\\\/#organization\"},\"potentialAction\":[{\"@type\":\"SearchAction\",\"target\":{\"@type\":\"EntryPoint\",\"urlTemplate\":\"https:\\\/\\\/www.foldingbikeshouse.com\\\/ca\\\/?s={search_term_string}\"},\"query-input\":{\"@type\":\"PropertyValueSpecification\",\"valueRequired\":true,\"valueName\":\"search_term_string\"}}],\"inLanguage\":\"ca\"},{\"@type\":\"Organization\",\"@id\":\"https:\\\/\\\/www.foldingbikeshouse.com\\\/ca\\\/#organization\",\"name\":\"Folding Bikes House\",\"url\":\"https:\\\/\\\/www.foldingbikeshouse.com\\\/ca\\\/\",\"logo\":{\"@type\":\"ImageObject\",\"inLanguage\":\"ca\",\"@id\":\"https:\\\/\\\/www.foldingbikeshouse.com\\\/ca\\\/#\\\/schema\\\/logo\\\/image\\\/\",\"url\":\"https:\\\/\\\/www.foldingbikeshouse.com\\\/wp-content\\\/uploads\\\/2024\\\/05\\\/logofbh-1.png\",\"contentUrl\":\"https:\\\/\\\/www.foldingbikeshouse.com\\\/wp-content\\\/uploads\\\/2024\\\/05\\\/logofbh-1.png\",\"width\":900,\"height\":900,\"caption\":\"Folding Bikes House\"},\"image\":{\"@id\":\"https:\\\/\\\/www.foldingbikeshouse.com\\\/ca\\\/#\\\/schema\\\/logo\\\/image\\\/\"},\"sameAs\":[\"https:\\\/\\\/www.facebook.com\\\/foldingbikeshousebcn\\\/\",\"https:\\\/\\\/www.instagram.com\\\/foldingbikeshousebcn\\\/\",\"https:\\\/\\\/www.youtube.com\\\/channel\\\/UC4CfEpAN0fWBp-_ca86OvuA\"]}]}<\/script>\n<!-- \/ Yoast SEO plugin. -->","yoast_head_json":{"title":"BRM BOLSA E BIKE 20L - Folding Bikes House","robots":{"index":"index","follow":"follow","max-snippet":"max-snippet:-1","max-image-preview":"max-image-preview:large","max-video-preview":"max-video-preview:-1"},"canonical":"https:\/\/www.foldingbikeshouse.com\/ca\/producto\/brm-bolsa-e-bike-20l\/","og_locale":"ca_ES","og_type":"article","og_title":"BRM BOLSA E BIKE 20L - Folding Bikes House","og_description":"Nuestra bolsa City Bag para la Brompton Electric es perfecta para las personas muy activas, para las personas aventureras que no se detienen ante nada o para las que van en bicicleta al trabajo y quieren aprovechar al m\u00e1ximo cada segundo de su d\u00eda. Con la incre\u00edble City Bag, podr\u00e1s disfrutar del viaje y llevar cada d\u00eda la alegr\u00eda de moverte de una forma \u00fanica. Nuestra City Bag viene preparada con un soporte para el port\u00e1til, bolsillos delanteros y traseros, e incluso ofrece acceso a la bater\u00eda para que puedas cargar el tel\u00e9fono o la tableta mientras pedaleas. No dejes que el clima te detenga; la bolsa tambi\u00e9n viene con una cubierta para lluvia de alta visibilidad. \u00bfPor qu\u00e9 bailar bajo la lluvia cuando puedes montar con estilo? Hecha con resistente tejido Cordura, la pr\u00e1ctica City Bag te permitir\u00e1 llegar a todo siempre que quieras. Con nuestra bolsa Brompton City Bag, no solo estar\u00e1s invirtiendo en un m\u00e9todo de almacenamiento de mano, sino que obtendr\u00e1s una nueva experiencia de viaje ideal para un estilo de vida moderno lleno de exploraci\u00f3n y posibilidades.","og_url":"https:\/\/www.foldingbikeshouse.com\/ca\/producto\/brm-bolsa-e-bike-20l\/","og_site_name":"Folding Bikes House","article_publisher":"https:\/\/www.facebook.com\/foldingbikeshousebcn\/","article_modified_time":"2026-04-13T06:01:13+00:00","og_image":[{"width":700,"height":500,"url":"https:\/\/www.foldingbikeshouse.com\/wp-content\/uploads\/ges\/img\/img_1218_0e4be630a5172bd3fe7a141e3adb6980_1.jpg","type":"image\/jpeg"}],"twitter_card":"summary_large_image","twitter_misc":{"Temps estimat de lectura":"1 minut"},"schema":{"@context":"https:\/\/schema.org","@graph":[{"@type":"WebPage","@id":"https:\/\/www.foldingbikeshouse.com\/ca\/producto\/brm-bolsa-e-bike-20l\/","url":"https:\/\/www.foldingbikeshouse.com\/ca\/producto\/brm-bolsa-e-bike-20l\/","name":"BRM BOLSA E BIKE 20L - Folding Bikes House","isPartOf":{"@id":"https:\/\/www.foldingbikeshouse.com\/ca\/#website"},"primaryImageOfPage":{"@id":"https:\/\/www.foldingbikeshouse.com\/ca\/producto\/brm-bolsa-e-bike-20l\/#primaryimage"},"image":{"@id":"https:\/\/www.foldingbikeshouse.com\/ca\/producto\/brm-bolsa-e-bike-20l\/#primaryimage"},"thumbnailUrl":"https:\/\/www.foldingbikeshouse.com\/wp-content\/uploads\/ges\/img\/img_1218_0e4be630a5172bd3fe7a141e3adb6980_1.jpg","datePublished":"2024-10-17T07:32:54+00:00","dateModified":"2026-04-13T06:01:13+00:00","breadcrumb":{"@id":"https:\/\/www.foldingbikeshouse.com\/ca\/producto\/brm-bolsa-e-bike-20l\/#breadcrumb"},"inLanguage":"ca","potentialAction":[{"@type":"ReadAction","target":["https:\/\/www.foldingbikeshouse.com\/ca\/producto\/brm-bolsa-e-bike-20l\/"]}]},{"@type":"ImageObject","inLanguage":"ca","@id":"https:\/\/www.foldingbikeshouse.com\/ca\/producto\/brm-bolsa-e-bike-20l\/#primaryimage","url":"https:\/\/www.foldingbikeshouse.com\/wp-content\/uploads\/ges\/img\/img_1218_0e4be630a5172bd3fe7a141e3adb6980_1.jpg","contentUrl":"https:\/\/www.foldingbikeshouse.com\/wp-content\/uploads\/ges\/img\/img_1218_0e4be630a5172bd3fe7a141e3adb6980_1.jpg","width":700,"height":500},{"@type":"BreadcrumbList","@id":"https:\/\/www.foldingbikeshouse.com\/ca\/producto\/brm-bolsa-e-bike-20l\/#breadcrumb","itemListElement":[{"@type":"ListItem","position":1,"name":"Portada","item":"https:\/\/www.foldingbikeshouse.com\/ca\/"},{"@type":"ListItem","position":2,"name":"Productes","item":"https:\/\/www.foldingbikeshouse.com\/ca\/shop\/"},{"@type":"ListItem","position":3,"name":"BRM BOLSA E BIKE 20L"}]},{"@type":"WebSite","@id":"https:\/\/www.foldingbikeshouse.com\/ca\/#website","url":"https:\/\/www.foldingbikeshouse.com\/ca\/","name":"Folding Bikes House","description":"","publisher":{"@id":"https:\/\/www.foldingbikeshouse.com\/ca\/#organization"},"potentialAction":[{"@type":"SearchAction","target":{"@type":"EntryPoint","urlTemplate":"https:\/\/www.foldingbikeshouse.com\/ca\/?s={search_term_string}"},"query-input":{"@type":"PropertyValueSpecification","valueRequired":true,"valueName":"search_term_string"}}],"inLanguage":"ca"},{"@type":"Organization","@id":"https:\/\/www.foldingbikeshouse.com\/ca\/#organization","name":"Folding Bikes House","url":"https:\/\/www.foldingbikeshouse.com\/ca\/","logo":{"@type":"ImageObject","inLanguage":"ca","@id":"https:\/\/www.foldingbikeshouse.com\/ca\/#\/schema\/logo\/image\/","url":"https:\/\/www.foldingbikeshouse.com\/wp-content\/uploads\/2024\/05\/logofbh-1.png","contentUrl":"https:\/\/www.foldingbikeshouse.com\/wp-content\/uploads\/2024\/05\/logofbh-1.png","width":900,"height":900,"caption":"Folding Bikes House"},"image":{"@id":"https:\/\/www.foldingbikeshouse.com\/ca\/#\/schema\/logo\/image\/"},"sameAs":["https:\/\/www.facebook.com\/foldingbikeshousebcn\/","https:\/\/www.instagram.com\/foldingbikeshousebcn\/","https:\/\/www.youtube.com\/channel\/UC4CfEpAN0fWBp-_ca86OvuA"]}]}},"brands":[],"_links":{"self":[{"href":"https:\/\/www.foldingbikeshouse.com\/ca\/wp-json\/wp\/v2\/product\/6168","targetHints":{"allow":["GET"]}}],"collection":[{"href":"https:\/\/www.foldingbikeshouse.com\/ca\/wp-json\/wp\/v2\/product"}],"about":[{"href":"https:\/\/www.foldingbikeshouse.com\/ca\/wp-json\/wp\/v2\/types\/product"}],"replies":[{"embeddable":true,"href":"https:\/\/www.foldingbikeshouse.com\/ca\/wp-json\/wp\/v2\/comments?post=6168"}],"version-history":[{"count":0,"href":"https:\/\/www.foldingbikeshouse.com\/ca\/wp-json\/wp\/v2\/product\/6168\/revisions"}],"wp:featuredmedia":[{"embeddable":true,"href":"https:\/\/www.foldingbikeshouse.com\/ca\/wp-json\/wp\/v2\/media\/88697"}],"wp:attachment":[{"href":"https:\/\/www.foldingbikeshouse.com\/ca\/wp-json\/wp\/v2\/media?parent=6168"}],"wp:term":[{"taxonomy":"pwb-brand","embeddable":true,"href":"https:\/\/www.foldingbikeshouse.com\/ca\/wp-json\/wp\/v2\/pwb-brand?post=6168"},{"taxonomy":"product_brand","embeddable":true,"href":"https:\/\/www.foldingbikeshouse.com\/ca\/wp-json\/wp\/v2\/product_brand?post=6168"},{"taxonomy":"product_cat","embeddable":true,"href":"https:\/\/www.foldingbikeshouse.com\/ca\/wp-json\/wp\/v2\/product_cat?post=6168"},{"taxonomy":"product_tag","embeddable":true,"href":"https:\/\/www.foldingbikeshouse.com\/ca\/wp-json\/wp\/v2\/product_tag?post=6168"}],"curies":[{"name":"wp","href":"https:\/\/api.w.org\/{rel}","templated":true}]}}