{"id":628,"date":"2024-10-16T15:55:13","date_gmt":"2024-10-16T13:55:13","guid":{"rendered":"https:\/\/www.foldingbikeshouse.com\/?post_type=product&#038;p=628"},"modified":"2026-04-13T07:48:55","modified_gmt":"2026-04-13T05:48:55","slug":"bossa-viatge-vincita","status":"publish","type":"product","link":"https:\/\/www.foldingbikeshouse.com\/ca\/producto\/bossa-viatge-vincita\/","title":{"rendered":"BOSSA VIATGE VINCITA"},"content":{"rendered":"<p>Ya sea que est\u00e9s preparando el equipaje para un fin de semana o para un viaje en bicicleta por el pa\u00eds, el set de viaje Vincita Sightseer es lo que necesitas. Este d\u00fao incluye un equipaje de transporte grande con ruedas y una bolsa de ropa adicional, para que puedas preparar el equipaje para el camino que tienes por delante.<\/p>\n<p>\u00bfNo sabes c\u00f3mo llevar la bolsa de transporte en tu bicicleta Brompton? La Vincita Sightseer ofrece un soporte integrado para el cuadro de equipaje para enganchar c\u00f3modamente la bolsa al bloque delantero. Est\u00e1 fabricada con un exterior de poli\u00e9ster resistente, un acolchado de espuma de 5 mm para una protecci\u00f3n adicional, una base de cart\u00f3n corrugado de 10 mm con alta resistencia a los impactos y ruedas giratorias de alta resistencia para una f\u00e1cil maniobrabilidad. La bolsa est\u00e1 dise\u00f1ada para el viajero sofisticado.<\/p>\n<p>** No compatible con la l\u00ednea T de Brompton **<\/p>\n","protected":false},"excerpt":{"rendered":"<p>Ya sea que est\u00e9s preparando el equipaje para un fin de semana o para un viaje en bicicleta por el pa\u00eds, el set de viaje Vincita Sightseer es lo que necesitas. Este d\u00fao incluye un equipaje de transporte grande con ruedas y una bolsa de ropa adicional, para que puedas preparar el equipaje para el camino que tienes por delante.<\/p>\n<p>\u00bfNo sabes c\u00f3mo llevar la bolsa de transporte en tu bicicleta Brompton? La Vincita Sightseer ofrece un soporte integrado para el cuadro de equipaje para enganchar c\u00f3modamente la bolsa al bloque delantero. Est\u00e1 fabricada con un exterior de poli\u00e9ster resistente, un acolchado de espuma de 5 mm para una protecci\u00f3n adicional, una base de cart\u00f3n corrugado de 10 mm con alta resistencia a los impactos y ruedas giratorias de alta resistencia para una f\u00e1cil maniobrabilidad. La bolsa est\u00e1 dise\u00f1ada para el viajero sofisticado.<\/p>\n<p>** No compatible con la l\u00ednea T de Brompton **<\/p>\n","protected":false},"featured_media":87206,"comment_status":"open","ping_status":"closed","template":"","meta":{"site-sidebar-layout":"default","site-content-layout":"","ast-site-content-layout":"","site-content-style":"default","site-sidebar-style":"default","ast-global-header-display":"","ast-banner-title-visibility":"","ast-main-header-display":"","ast-hfb-above-header-display":"","ast-hfb-below-header-display":"","ast-hfb-mobile-header-display":"","site-post-title":"","ast-breadcrumbs-content":"","ast-featured-img":"","footer-sml-layout":"","theme-transparent-header-meta":"","adv-header-id-meta":"","stick-header-meta":"","header-above-stick-meta":"","header-main-stick-meta":"","header-below-stick-meta":"","astra-migrate-meta-layouts":"default","ast-page-background-enabled":"default","ast-page-background-meta":{"desktop":{"background-color":"var(--ast-global-color-4)","background-image":"","background-repeat":"repeat","background-position":"center center","background-size":"auto","background-attachment":"scroll","background-type":"","background-media":"","overlay-type":"","overlay-color":"","overlay-gradient":""},"tablet":{"background-color":"","background-image":"","background-repeat":"repeat","background-position":"center center","background-size":"auto","background-attachment":"scroll","background-type":"","background-media":"","overlay-type":"","overlay-color":"","overlay-gradient":""},"mobile":{"background-color":"","background-image":"","background-repeat":"repeat","background-position":"center center","background-size":"auto","background-attachment":"scroll","background-type":"","background-media":"","overlay-type":"","overlay-color":"","overlay-gradient":""}},"ast-content-background-meta":{"desktop":{"background-color":"var(--ast-global-color-5)","background-image":"","background-repeat":"repeat","background-position":"center center","background-size":"auto","background-attachment":"scroll","background-type":"","background-media":"","overlay-type":"","overlay-color":"","overlay-gradient":""},"tablet":{"background-color":"var(--ast-global-color-5)","background-image":"","background-repeat":"repeat","background-position":"center center","background-size":"auto","background-attachment":"scroll","background-type":"","background-media":"","overlay-type":"","overlay-color":"","overlay-gradient":""},"mobile":{"background-color":"var(--ast-global-color-5)","background-image":"","background-repeat":"repeat","background-position":"center center","background-size":"auto","background-attachment":"scroll","background-type":"","background-media":"","overlay-type":"","overlay-color":"","overlay-gradient":""}}},"pwb-brand":[66],"product_brand":[],"product_cat":[180],"product_tag":[],"class_list":{"0":"post-628","1":"product","2":"type-product","3":"status-publish","4":"has-post-thumbnail","6":"pwb-brand-vincita","7":"product_cat-accesorios","8":"desktop-align-left","9":"tablet-align-left","10":"mobile-align-left","11":"ast-product-gallery-layout-first-image-large","12":"ast-product-tabs-layout-horizontal","14":"first","15":"instock","16":"taxable","17":"shipping-taxable","18":"purchasable","19":"product-type-simple"},"yoast_head":"<!-- This site is optimized with the Yoast SEO plugin v27.4 - https:\/\/yoast.com\/product\/yoast-seo-wordpress\/ -->\n<title>BOSSA VIATGE VINCITA - Folding Bikes House<\/title>\n<meta name=\"robots\" content=\"index, follow, max-snippet:-1, max-image-preview:large, max-video-preview:-1\" \/>\n<link rel=\"canonical\" href=\"https:\/\/www.foldingbikeshouse.com\/ca\/producto\/bossa-viatge-vincita\/\" \/>\n<meta property=\"og:locale\" content=\"ca_ES\" \/>\n<meta property=\"og:type\" content=\"article\" \/>\n<meta property=\"og:title\" content=\"BOSSA VIATGE VINCITA - Folding Bikes House\" \/>\n<meta property=\"og:description\" content=\"Ya sea que est\u00e9s preparando el equipaje para un fin de semana o para un viaje en bicicleta por el pa\u00eds, el set de viaje Vincita Sightseer es lo que necesitas. Este d\u00fao incluye un equipaje de transporte grande con ruedas y una bolsa de ropa adicional, para que puedas preparar el equipaje para el camino que tienes por delante. \u00bfNo sabes c\u00f3mo llevar la bolsa de transporte en tu bicicleta Brompton? La Vincita Sightseer ofrece un soporte integrado para el cuadro de equipaje para enganchar c\u00f3modamente la bolsa al bloque delantero. Est\u00e1 fabricada con un exterior de poli\u00e9ster resistente, un acolchado de espuma de 5 mm para una protecci\u00f3n adicional, una base de cart\u00f3n corrugado de 10 mm con alta resistencia a los impactos y ruedas giratorias de alta resistencia para una f\u00e1cil maniobrabilidad. La bolsa est\u00e1 dise\u00f1ada para el viajero sofisticado. ** No compatible con la l\u00ednea T de Brompton **\" \/>\n<meta property=\"og:url\" content=\"https:\/\/www.foldingbikeshouse.com\/ca\/producto\/bossa-viatge-vincita\/\" \/>\n<meta property=\"og:site_name\" content=\"Folding Bikes House\" \/>\n<meta property=\"article:publisher\" content=\"https:\/\/www.facebook.com\/foldingbikeshousebcn\/\" \/>\n<meta property=\"article:modified_time\" content=\"2026-04-13T05:48:55+00:00\" \/>\n<meta property=\"og:image\" content=\"https:\/\/www.foldingbikeshouse.com\/wp-content\/uploads\/ges\/img\/img_7263_9686e56060b6886995d11084475e0c20_1.jpeg\" \/>\n\t<meta property=\"og:image:width\" content=\"1000\" \/>\n\t<meta property=\"og:image:height\" content=\"1000\" \/>\n\t<meta property=\"og:image:type\" content=\"image\/jpeg\" \/>\n<meta name=\"twitter:card\" content=\"summary_large_image\" \/>\n<meta name=\"twitter:label1\" content=\"Temps estimat de lectura\" \/>\n\t<meta name=\"twitter:data1\" content=\"1 minut\" \/>\n<script type=\"application\/ld+json\" class=\"yoast-schema-graph\">{\"@context\":\"https:\\\/\\\/schema.org\",\"@graph\":[{\"@type\":\"WebPage\",\"@id\":\"https:\\\/\\\/www.foldingbikeshouse.com\\\/ca\\\/producto\\\/bossa-viatge-vincita\\\/\",\"url\":\"https:\\\/\\\/www.foldingbikeshouse.com\\\/ca\\\/producto\\\/bossa-viatge-vincita\\\/\",\"name\":\"BOSSA VIATGE VINCITA - Folding Bikes House\",\"isPartOf\":{\"@id\":\"https:\\\/\\\/www.foldingbikeshouse.com\\\/ca\\\/#website\"},\"primaryImageOfPage\":{\"@id\":\"https:\\\/\\\/www.foldingbikeshouse.com\\\/ca\\\/producto\\\/bossa-viatge-vincita\\\/#primaryimage\"},\"image\":{\"@id\":\"https:\\\/\\\/www.foldingbikeshouse.com\\\/ca\\\/producto\\\/bossa-viatge-vincita\\\/#primaryimage\"},\"thumbnailUrl\":\"https:\\\/\\\/www.foldingbikeshouse.com\\\/wp-content\\\/uploads\\\/ges\\\/img\\\/img_7263_9686e56060b6886995d11084475e0c20_1.jpeg\",\"datePublished\":\"2024-10-16T13:55:13+00:00\",\"dateModified\":\"2026-04-13T05:48:55+00:00\",\"breadcrumb\":{\"@id\":\"https:\\\/\\\/www.foldingbikeshouse.com\\\/ca\\\/producto\\\/bossa-viatge-vincita\\\/#breadcrumb\"},\"inLanguage\":\"ca\",\"potentialAction\":[{\"@type\":\"ReadAction\",\"target\":[\"https:\\\/\\\/www.foldingbikeshouse.com\\\/ca\\\/producto\\\/bossa-viatge-vincita\\\/\"]}]},{\"@type\":\"ImageObject\",\"inLanguage\":\"ca\",\"@id\":\"https:\\\/\\\/www.foldingbikeshouse.com\\\/ca\\\/producto\\\/bossa-viatge-vincita\\\/#primaryimage\",\"url\":\"https:\\\/\\\/www.foldingbikeshouse.com\\\/wp-content\\\/uploads\\\/ges\\\/img\\\/img_7263_9686e56060b6886995d11084475e0c20_1.jpeg\",\"contentUrl\":\"https:\\\/\\\/www.foldingbikeshouse.com\\\/wp-content\\\/uploads\\\/ges\\\/img\\\/img_7263_9686e56060b6886995d11084475e0c20_1.jpeg\",\"width\":1000,\"height\":1000},{\"@type\":\"BreadcrumbList\",\"@id\":\"https:\\\/\\\/www.foldingbikeshouse.com\\\/ca\\\/producto\\\/bossa-viatge-vincita\\\/#breadcrumb\",\"itemListElement\":[{\"@type\":\"ListItem\",\"position\":1,\"name\":\"Portada\",\"item\":\"https:\\\/\\\/www.foldingbikeshouse.com\\\/ca\\\/\"},{\"@type\":\"ListItem\",\"position\":2,\"name\":\"Productes\",\"item\":\"https:\\\/\\\/www.foldingbikeshouse.com\\\/ca\\\/shop\\\/\"},{\"@type\":\"ListItem\",\"position\":3,\"name\":\"BOSSA VIATGE VINCITA\"}]},{\"@type\":\"WebSite\",\"@id\":\"https:\\\/\\\/www.foldingbikeshouse.com\\\/ca\\\/#website\",\"url\":\"https:\\\/\\\/www.foldingbikeshouse.com\\\/ca\\\/\",\"name\":\"Folding Bikes House\",\"description\":\"\",\"publisher\":{\"@id\":\"https:\\\/\\\/www.foldingbikeshouse.com\\\/ca\\\/#organization\"},\"potentialAction\":[{\"@type\":\"SearchAction\",\"target\":{\"@type\":\"EntryPoint\",\"urlTemplate\":\"https:\\\/\\\/www.foldingbikeshouse.com\\\/ca\\\/?s={search_term_string}\"},\"query-input\":{\"@type\":\"PropertyValueSpecification\",\"valueRequired\":true,\"valueName\":\"search_term_string\"}}],\"inLanguage\":\"ca\"},{\"@type\":\"Organization\",\"@id\":\"https:\\\/\\\/www.foldingbikeshouse.com\\\/ca\\\/#organization\",\"name\":\"Folding Bikes House\",\"url\":\"https:\\\/\\\/www.foldingbikeshouse.com\\\/ca\\\/\",\"logo\":{\"@type\":\"ImageObject\",\"inLanguage\":\"ca\",\"@id\":\"https:\\\/\\\/www.foldingbikeshouse.com\\\/ca\\\/#\\\/schema\\\/logo\\\/image\\\/\",\"url\":\"https:\\\/\\\/www.foldingbikeshouse.com\\\/wp-content\\\/uploads\\\/2024\\\/05\\\/logofbh-1.png\",\"contentUrl\":\"https:\\\/\\\/www.foldingbikeshouse.com\\\/wp-content\\\/uploads\\\/2024\\\/05\\\/logofbh-1.png\",\"width\":900,\"height\":900,\"caption\":\"Folding Bikes House\"},\"image\":{\"@id\":\"https:\\\/\\\/www.foldingbikeshouse.com\\\/ca\\\/#\\\/schema\\\/logo\\\/image\\\/\"},\"sameAs\":[\"https:\\\/\\\/www.facebook.com\\\/foldingbikeshousebcn\\\/\",\"https:\\\/\\\/www.instagram.com\\\/foldingbikeshousebcn\\\/\",\"https:\\\/\\\/www.youtube.com\\\/channel\\\/UC4CfEpAN0fWBp-_ca86OvuA\"]}]}<\/script>\n<!-- \/ Yoast SEO plugin. -->","yoast_head_json":{"title":"BOSSA VIATGE VINCITA - Folding Bikes House","robots":{"index":"index","follow":"follow","max-snippet":"max-snippet:-1","max-image-preview":"max-image-preview:large","max-video-preview":"max-video-preview:-1"},"canonical":"https:\/\/www.foldingbikeshouse.com\/ca\/producto\/bossa-viatge-vincita\/","og_locale":"ca_ES","og_type":"article","og_title":"BOSSA VIATGE VINCITA - Folding Bikes House","og_description":"Ya sea que est\u00e9s preparando el equipaje para un fin de semana o para un viaje en bicicleta por el pa\u00eds, el set de viaje Vincita Sightseer es lo que necesitas. Este d\u00fao incluye un equipaje de transporte grande con ruedas y una bolsa de ropa adicional, para que puedas preparar el equipaje para el camino que tienes por delante. \u00bfNo sabes c\u00f3mo llevar la bolsa de transporte en tu bicicleta Brompton? La Vincita Sightseer ofrece un soporte integrado para el cuadro de equipaje para enganchar c\u00f3modamente la bolsa al bloque delantero. Est\u00e1 fabricada con un exterior de poli\u00e9ster resistente, un acolchado de espuma de 5 mm para una protecci\u00f3n adicional, una base de cart\u00f3n corrugado de 10 mm con alta resistencia a los impactos y ruedas giratorias de alta resistencia para una f\u00e1cil maniobrabilidad. La bolsa est\u00e1 dise\u00f1ada para el viajero sofisticado. ** No compatible con la l\u00ednea T de Brompton **","og_url":"https:\/\/www.foldingbikeshouse.com\/ca\/producto\/bossa-viatge-vincita\/","og_site_name":"Folding Bikes House","article_publisher":"https:\/\/www.facebook.com\/foldingbikeshousebcn\/","article_modified_time":"2026-04-13T05:48:55+00:00","og_image":[{"width":1000,"height":1000,"url":"https:\/\/www.foldingbikeshouse.com\/wp-content\/uploads\/ges\/img\/img_7263_9686e56060b6886995d11084475e0c20_1.jpeg","type":"image\/jpeg"}],"twitter_card":"summary_large_image","twitter_misc":{"Temps estimat de lectura":"1 minut"},"schema":{"@context":"https:\/\/schema.org","@graph":[{"@type":"WebPage","@id":"https:\/\/www.foldingbikeshouse.com\/ca\/producto\/bossa-viatge-vincita\/","url":"https:\/\/www.foldingbikeshouse.com\/ca\/producto\/bossa-viatge-vincita\/","name":"BOSSA VIATGE VINCITA - Folding Bikes House","isPartOf":{"@id":"https:\/\/www.foldingbikeshouse.com\/ca\/#website"},"primaryImageOfPage":{"@id":"https:\/\/www.foldingbikeshouse.com\/ca\/producto\/bossa-viatge-vincita\/#primaryimage"},"image":{"@id":"https:\/\/www.foldingbikeshouse.com\/ca\/producto\/bossa-viatge-vincita\/#primaryimage"},"thumbnailUrl":"https:\/\/www.foldingbikeshouse.com\/wp-content\/uploads\/ges\/img\/img_7263_9686e56060b6886995d11084475e0c20_1.jpeg","datePublished":"2024-10-16T13:55:13+00:00","dateModified":"2026-04-13T05:48:55+00:00","breadcrumb":{"@id":"https:\/\/www.foldingbikeshouse.com\/ca\/producto\/bossa-viatge-vincita\/#breadcrumb"},"inLanguage":"ca","potentialAction":[{"@type":"ReadAction","target":["https:\/\/www.foldingbikeshouse.com\/ca\/producto\/bossa-viatge-vincita\/"]}]},{"@type":"ImageObject","inLanguage":"ca","@id":"https:\/\/www.foldingbikeshouse.com\/ca\/producto\/bossa-viatge-vincita\/#primaryimage","url":"https:\/\/www.foldingbikeshouse.com\/wp-content\/uploads\/ges\/img\/img_7263_9686e56060b6886995d11084475e0c20_1.jpeg","contentUrl":"https:\/\/www.foldingbikeshouse.com\/wp-content\/uploads\/ges\/img\/img_7263_9686e56060b6886995d11084475e0c20_1.jpeg","width":1000,"height":1000},{"@type":"BreadcrumbList","@id":"https:\/\/www.foldingbikeshouse.com\/ca\/producto\/bossa-viatge-vincita\/#breadcrumb","itemListElement":[{"@type":"ListItem","position":1,"name":"Portada","item":"https:\/\/www.foldingbikeshouse.com\/ca\/"},{"@type":"ListItem","position":2,"name":"Productes","item":"https:\/\/www.foldingbikeshouse.com\/ca\/shop\/"},{"@type":"ListItem","position":3,"name":"BOSSA VIATGE VINCITA"}]},{"@type":"WebSite","@id":"https:\/\/www.foldingbikeshouse.com\/ca\/#website","url":"https:\/\/www.foldingbikeshouse.com\/ca\/","name":"Folding Bikes House","description":"","publisher":{"@id":"https:\/\/www.foldingbikeshouse.com\/ca\/#organization"},"potentialAction":[{"@type":"SearchAction","target":{"@type":"EntryPoint","urlTemplate":"https:\/\/www.foldingbikeshouse.com\/ca\/?s={search_term_string}"},"query-input":{"@type":"PropertyValueSpecification","valueRequired":true,"valueName":"search_term_string"}}],"inLanguage":"ca"},{"@type":"Organization","@id":"https:\/\/www.foldingbikeshouse.com\/ca\/#organization","name":"Folding Bikes House","url":"https:\/\/www.foldingbikeshouse.com\/ca\/","logo":{"@type":"ImageObject","inLanguage":"ca","@id":"https:\/\/www.foldingbikeshouse.com\/ca\/#\/schema\/logo\/image\/","url":"https:\/\/www.foldingbikeshouse.com\/wp-content\/uploads\/2024\/05\/logofbh-1.png","contentUrl":"https:\/\/www.foldingbikeshouse.com\/wp-content\/uploads\/2024\/05\/logofbh-1.png","width":900,"height":900,"caption":"Folding Bikes House"},"image":{"@id":"https:\/\/www.foldingbikeshouse.com\/ca\/#\/schema\/logo\/image\/"},"sameAs":["https:\/\/www.facebook.com\/foldingbikeshousebcn\/","https:\/\/www.instagram.com\/foldingbikeshousebcn\/","https:\/\/www.youtube.com\/channel\/UC4CfEpAN0fWBp-_ca86OvuA"]}]}},"brands":[{"id":66,"name":"VINCITA","slug":"vincita"}],"_links":{"self":[{"href":"https:\/\/www.foldingbikeshouse.com\/ca\/wp-json\/wp\/v2\/product\/628","targetHints":{"allow":["GET"]}}],"collection":[{"href":"https:\/\/www.foldingbikeshouse.com\/ca\/wp-json\/wp\/v2\/product"}],"about":[{"href":"https:\/\/www.foldingbikeshouse.com\/ca\/wp-json\/wp\/v2\/types\/product"}],"replies":[{"embeddable":true,"href":"https:\/\/www.foldingbikeshouse.com\/ca\/wp-json\/wp\/v2\/comments?post=628"}],"version-history":[{"count":0,"href":"https:\/\/www.foldingbikeshouse.com\/ca\/wp-json\/wp\/v2\/product\/628\/revisions"}],"wp:featuredmedia":[{"embeddable":true,"href":"https:\/\/www.foldingbikeshouse.com\/ca\/wp-json\/wp\/v2\/media\/87206"}],"wp:attachment":[{"href":"https:\/\/www.foldingbikeshouse.com\/ca\/wp-json\/wp\/v2\/media?parent=628"}],"wp:term":[{"taxonomy":"pwb-brand","embeddable":true,"href":"https:\/\/www.foldingbikeshouse.com\/ca\/wp-json\/wp\/v2\/pwb-brand?post=628"},{"taxonomy":"product_brand","embeddable":true,"href":"https:\/\/www.foldingbikeshouse.com\/ca\/wp-json\/wp\/v2\/product_brand?post=628"},{"taxonomy":"product_cat","embeddable":true,"href":"https:\/\/www.foldingbikeshouse.com\/ca\/wp-json\/wp\/v2\/product_cat?post=628"},{"taxonomy":"product_tag","embeddable":true,"href":"https:\/\/www.foldingbikeshouse.com\/ca\/wp-json\/wp\/v2\/product_tag?post=628"}],"curies":[{"name":"wp","href":"https:\/\/api.w.org\/{rel}","templated":true}]}}