{"id":63189,"date":"2025-10-30T10:59:02","date_gmt":"2025-10-30T09:59:02","guid":{"rendered":"https:\/\/www.foldingbikeshouse.com\/?post_type=product&#038;p=63189"},"modified":"2026-04-13T07:56:36","modified_gmt":"2026-04-13T05:56:36","slug":"brompton-electric-p-line-h4l-cloud-metallic","status":"publish","type":"product","link":"https:\/\/www.foldingbikeshouse.com\/ca\/producto\/brompton-electric-p-line-h4l-cloud-metallic\/","title":{"rendered":"Brompton Electric P-Line H4L Cloud Metallic"},"content":{"rendered":"<p>Bicicleta Plegable Brompton El\u00e9ctrica P-LINE H4L.<br \/>\nColor de cuadro y extremidades: CLOUD METALLIC<br \/>\n4 velocidades para un desarrollo perfecto dentro de la ciudad<br \/>\nExtremidades en Titanio <br \/>\nManillar H, el mas popular,  para personas desde 180 cm.<br \/>\nIncluye guardabarros.<br \/>\nPedal extraible<br \/>\nLuces delantera y posterior alimentadas por la bater\u00eda.<br \/>\nSill\u00edn con asa de transporte integrado.<br \/>\nCuadro de acero para m\u00e1xima resistencia y durabilidad.<br \/>\nHorquilla Especifica para Brompton El\u00e9ctrica reforzada.<br \/>\nMotor en rueda delantera de 250W Brushless.<br \/>\nAsistencia hasta 25 km\/h.<br \/>\nNUEVO SISTEMA E-MOTIQ<br \/>\nBater\u00eda 345 Wh 36V con puerto de carga USB.<br \/>\nAutonom\u00eda hasta 90km.<br \/>\nPeso de la bicicleta: 16<br \/>\nPeso de la bater\u00eda: 2 kg.<br \/>\nPeso conjunto: 16<br \/>\nMedidas plegada: 645 mm de alto X 565 mm de largo X 270 mm de ancho.<br \/>\nPlato de 50 dientes con protector.<br \/>\nPlegado en menos de 15 segundos.<br \/>\nFabricada a mano en Londres.<\/p>\n","protected":false},"excerpt":{"rendered":"<p>Bicicleta Plegable Brompton El\u00e9ctrica P-LINE H4L.<br \/>\nColor de cuadro y extremidades: CLOUD METALLIC<br \/>\n4 velocidades para un desarrollo perfecto dentro de la ciudad<br \/>\nExtremidades en Titanio<br \/>\nManillar H, el mas popular,  para personas desde 180 cm.<br \/>\nIncluye guardabarros.<br \/>\nPedal extraible<br \/>\nLuces delantera y posterior alimentadas por la bater\u00eda.<br \/>\nSill\u00edn con asa de transporte integrado.<br \/>\nCuadro de acero para m\u00e1xima resistencia y durabilidad.<br \/>\nHorquilla Especifica para Brompton El\u00e9ctrica reforzada.<br \/>\nMotor en rueda delantera de 250W Brushless.<br \/>\nAsistencia hasta 25 km\/h.<br \/>\nNUEVO SISTEMA E-MOTIQ<br \/>\nBater\u00eda 345 Wh 36V con puerto de carga USB.<br \/>\nAutonom\u00eda hasta 90km.<br \/>\nPeso de la bicicleta: 16<br \/>\nPeso de la bater\u00eda: 2 kg.<br \/>\nPeso conjunto: 16<br \/>\nMedidas plegada: 645 mm de alto X 565 mm de largo X 270 mm de ancho.<br \/>\nPlato de 50 dientes con protector.<br \/>\nPlegado en menos de 15 segundos.<br \/>\nFabricada a mano en Londres.<\/p>\n","protected":false},"featured_media":87644,"comment_status":"open","ping_status":"closed","template":"","meta":{"site-sidebar-layout":"default","site-content-layout":"","ast-site-content-layout":"default","site-content-style":"default","site-sidebar-style":"default","ast-global-header-display":"","ast-banner-title-visibility":"","ast-main-header-display":"","ast-hfb-above-header-display":"","ast-hfb-below-header-display":"","ast-hfb-mobile-header-display":"","site-post-title":"","ast-breadcrumbs-content":"","ast-featured-img":"","footer-sml-layout":"","theme-transparent-header-meta":"default","adv-header-id-meta":"","stick-header-meta":"default","header-above-stick-meta":"","header-main-stick-meta":"","header-below-stick-meta":"","astra-migrate-meta-layouts":"set","ast-page-background-enabled":"default","ast-page-background-meta":{"desktop":{"background-color":"var(--ast-global-color-4)","background-image":"","background-repeat":"repeat","background-position":"center center","background-size":"auto","background-attachment":"scroll","background-type":"","background-media":"","overlay-type":"","overlay-color":"","overlay-gradient":""},"tablet":{"background-color":"","background-image":"","background-repeat":"repeat","background-position":"center center","background-size":"auto","background-attachment":"scroll","background-type":"","background-media":"","overlay-type":"","overlay-color":"","overlay-gradient":""},"mobile":{"background-color":"","background-image":"","background-repeat":"repeat","background-position":"center center","background-size":"auto","background-attachment":"scroll","background-type":"","background-media":"","overlay-type":"","overlay-color":"","overlay-gradient":""}},"ast-content-background-meta":{"desktop":{"background-color":"var(--ast-global-color-5)","background-image":"","background-repeat":"repeat","background-position":"center center","background-size":"auto","background-attachment":"scroll","background-type":"","background-media":"","overlay-type":"","overlay-color":"","overlay-gradient":""},"tablet":{"background-color":"var(--ast-global-color-5)","background-image":"","background-repeat":"repeat","background-position":"center center","background-size":"auto","background-attachment":"scroll","background-type":"","background-media":"","overlay-type":"","overlay-color":"","overlay-gradient":""},"mobile":{"background-color":"var(--ast-global-color-5)","background-image":"","background-repeat":"repeat","background-position":"center center","background-size":"auto","background-attachment":"scroll","background-type":"","background-media":"","overlay-type":"","overlay-color":"","overlay-gradient":""}}},"pwb-brand":[61],"product_brand":[],"product_cat":[173,174,189],"product_tag":[],"class_list":{"0":"post-63189","1":"product","2":"type-product","3":"status-publish","4":"has-post-thumbnail","6":"pwb-brand-brompton","7":"product_cat-bicicletas","8":"product_cat-bicicletas-bicicletas-brompton","9":"product_cat-bicicletas-bicicletas-bromptonp-line-electrica","10":"desktop-align-left","11":"tablet-align-left","12":"mobile-align-left","13":"ast-product-gallery-layout-first-image-large","14":"ast-product-tabs-layout-horizontal","16":"first","17":"outofstock","18":"taxable","19":"shipping-taxable","20":"purchasable","21":"product-type-simple"},"yoast_head":"<!-- This site is optimized with the Yoast SEO plugin v26.4 - https:\/\/yoast.com\/wordpress\/plugins\/seo\/ -->\n<title>Brompton Electric P-Line H4L Cloud Metallic - Folding Bikes House<\/title>\n<meta name=\"robots\" content=\"index, follow, max-snippet:-1, max-image-preview:large, max-video-preview:-1\" \/>\n<link rel=\"canonical\" href=\"https:\/\/www.foldingbikeshouse.com\/ca\/producto\/brompton-electric-p-line-h4l-cloud-metallic\/\" \/>\n<meta property=\"og:locale\" content=\"ca_ES\" \/>\n<meta property=\"og:type\" content=\"article\" \/>\n<meta property=\"og:title\" content=\"Brompton Electric P-Line H4L Cloud Metallic - Folding Bikes House\" \/>\n<meta property=\"og:description\" content=\"Bicicleta Plegable Brompton El\u00e9ctrica P-LINE H4L. Color de cuadro y extremidades: CLOUD METALLIC 4 velocidades para un desarrollo perfecto dentro de la ciudad Extremidades en Titanio Manillar H, el mas popular, para personas desde 180 cm. Incluye guardabarros. Pedal extraible Luces delantera y posterior alimentadas por la bater\u00eda. Sill\u00edn con asa de transporte integrado. Cuadro de acero para m\u00e1xima resistencia y durabilidad. Horquilla Especifica para Brompton El\u00e9ctrica reforzada. Motor en rueda delantera de 250W Brushless. Asistencia hasta 25 km\/h. NUEVO SISTEMA E-MOTIQ Bater\u00eda 345 Wh 36V con puerto de carga USB. Autonom\u00eda hasta 90km. Peso de la bicicleta: 16 Peso de la bater\u00eda: 2 kg. Peso conjunto: 16 Medidas plegada: 645 mm de alto X 565 mm de largo X 270 mm de ancho. Plato de 50 dientes con protector. Plegado en menos de 15 segundos. Fabricada a mano en Londres.\" \/>\n<meta property=\"og:url\" content=\"https:\/\/www.foldingbikeshouse.com\/ca\/producto\/brompton-electric-p-line-h4l-cloud-metallic\/\" \/>\n<meta property=\"og:site_name\" content=\"Folding Bikes House\" \/>\n<meta property=\"article:publisher\" content=\"https:\/\/www.facebook.com\/foldingbikeshousebcn\/\" \/>\n<meta property=\"article:modified_time\" content=\"2026-04-13T05:56:36+00:00\" \/>\n<meta property=\"og:image\" content=\"https:\/\/www.foldingbikeshouse.com\/wp-content\/uploads\/ges\/img\/img_18201_fa9bc0bf0beae85f1586896fb41e884f_1.jpg\" \/>\n\t<meta property=\"og:image:width\" content=\"800\" \/>\n\t<meta property=\"og:image:height\" content=\"533\" \/>\n\t<meta property=\"og:image:type\" content=\"image\/jpeg\" \/>\n<meta name=\"twitter:card\" content=\"summary_large_image\" \/>\n<meta name=\"twitter:label1\" content=\"Temps estimat de lectura\" \/>\n\t<meta name=\"twitter:data1\" content=\"1 minut\" \/>\n<script type=\"application\/ld+json\" class=\"yoast-schema-graph\">{\"@context\":\"https:\/\/schema.org\",\"@graph\":[{\"@type\":\"WebPage\",\"@id\":\"https:\/\/www.foldingbikeshouse.com\/ca\/producto\/brompton-electric-p-line-h4l-cloud-metallic\/\",\"url\":\"https:\/\/www.foldingbikeshouse.com\/ca\/producto\/brompton-electric-p-line-h4l-cloud-metallic\/\",\"name\":\"Brompton Electric P-Line H4L Cloud Metallic - Folding Bikes House\",\"isPartOf\":{\"@id\":\"https:\/\/www.foldingbikeshouse.com\/ca\/#website\"},\"primaryImageOfPage\":{\"@id\":\"https:\/\/www.foldingbikeshouse.com\/ca\/producto\/brompton-electric-p-line-h4l-cloud-metallic\/#primaryimage\"},\"image\":{\"@id\":\"https:\/\/www.foldingbikeshouse.com\/ca\/producto\/brompton-electric-p-line-h4l-cloud-metallic\/#primaryimage\"},\"thumbnailUrl\":\"https:\/\/www.foldingbikeshouse.com\/wp-content\/uploads\/ges\/img\/img_18201_fa9bc0bf0beae85f1586896fb41e884f_1.jpg\",\"datePublished\":\"2025-10-30T09:59:02+00:00\",\"dateModified\":\"2026-04-13T05:56:36+00:00\",\"breadcrumb\":{\"@id\":\"https:\/\/www.foldingbikeshouse.com\/ca\/producto\/brompton-electric-p-line-h4l-cloud-metallic\/#breadcrumb\"},\"inLanguage\":\"ca\",\"potentialAction\":[{\"@type\":\"ReadAction\",\"target\":[\"https:\/\/www.foldingbikeshouse.com\/ca\/producto\/brompton-electric-p-line-h4l-cloud-metallic\/\"]}]},{\"@type\":\"ImageObject\",\"inLanguage\":\"ca\",\"@id\":\"https:\/\/www.foldingbikeshouse.com\/ca\/producto\/brompton-electric-p-line-h4l-cloud-metallic\/#primaryimage\",\"url\":\"https:\/\/www.foldingbikeshouse.com\/wp-content\/uploads\/ges\/img\/img_18201_fa9bc0bf0beae85f1586896fb41e884f_1.jpg\",\"contentUrl\":\"https:\/\/www.foldingbikeshouse.com\/wp-content\/uploads\/ges\/img\/img_18201_fa9bc0bf0beae85f1586896fb41e884f_1.jpg\",\"width\":800,\"height\":533},{\"@type\":\"BreadcrumbList\",\"@id\":\"https:\/\/www.foldingbikeshouse.com\/ca\/producto\/brompton-electric-p-line-h4l-cloud-metallic\/#breadcrumb\",\"itemListElement\":[{\"@type\":\"ListItem\",\"position\":1,\"name\":\"Portada\",\"item\":\"https:\/\/www.foldingbikeshouse.com\/ca\/\"},{\"@type\":\"ListItem\",\"position\":2,\"name\":\"Productes\",\"item\":\"https:\/\/www.foldingbikeshouse.com\/ca\/shop\/\"},{\"@type\":\"ListItem\",\"position\":3,\"name\":\"Brompton Electric P-Line H4L Cloud Metallic\"}]},{\"@type\":\"WebSite\",\"@id\":\"https:\/\/www.foldingbikeshouse.com\/ca\/#website\",\"url\":\"https:\/\/www.foldingbikeshouse.com\/ca\/\",\"name\":\"Folding Bikes House\",\"description\":\"\",\"publisher\":{\"@id\":\"https:\/\/www.foldingbikeshouse.com\/ca\/#organization\"},\"potentialAction\":[{\"@type\":\"SearchAction\",\"target\":{\"@type\":\"EntryPoint\",\"urlTemplate\":\"https:\/\/www.foldingbikeshouse.com\/ca\/?s={search_term_string}\"},\"query-input\":{\"@type\":\"PropertyValueSpecification\",\"valueRequired\":true,\"valueName\":\"search_term_string\"}}],\"inLanguage\":\"ca\"},{\"@type\":\"Organization\",\"@id\":\"https:\/\/www.foldingbikeshouse.com\/ca\/#organization\",\"name\":\"Folding Bikes House\",\"url\":\"https:\/\/www.foldingbikeshouse.com\/ca\/\",\"logo\":{\"@type\":\"ImageObject\",\"inLanguage\":\"ca\",\"@id\":\"https:\/\/www.foldingbikeshouse.com\/ca\/#\/schema\/logo\/image\/\",\"url\":\"https:\/\/www.foldingbikeshouse.com\/wp-content\/uploads\/2024\/05\/logofbh-1.png\",\"contentUrl\":\"https:\/\/www.foldingbikeshouse.com\/wp-content\/uploads\/2024\/05\/logofbh-1.png\",\"width\":900,\"height\":900,\"caption\":\"Folding Bikes House\"},\"image\":{\"@id\":\"https:\/\/www.foldingbikeshouse.com\/ca\/#\/schema\/logo\/image\/\"},\"sameAs\":[\"https:\/\/www.facebook.com\/foldingbikeshousebcn\/\",\"https:\/\/www.instagram.com\/foldingbikeshousebcn\/\",\"https:\/\/www.youtube.com\/channel\/UC4CfEpAN0fWBp-_ca86OvuA\"]}]}<\/script>\n<!-- \/ Yoast SEO plugin. -->","yoast_head_json":{"title":"Brompton Electric P-Line H4L Cloud Metallic - Folding Bikes House","robots":{"index":"index","follow":"follow","max-snippet":"max-snippet:-1","max-image-preview":"max-image-preview:large","max-video-preview":"max-video-preview:-1"},"canonical":"https:\/\/www.foldingbikeshouse.com\/ca\/producto\/brompton-electric-p-line-h4l-cloud-metallic\/","og_locale":"ca_ES","og_type":"article","og_title":"Brompton Electric P-Line H4L Cloud Metallic - Folding Bikes House","og_description":"Bicicleta Plegable Brompton El\u00e9ctrica P-LINE H4L. Color de cuadro y extremidades: CLOUD METALLIC 4 velocidades para un desarrollo perfecto dentro de la ciudad Extremidades en Titanio Manillar H, el mas popular, para personas desde 180 cm. Incluye guardabarros. Pedal extraible Luces delantera y posterior alimentadas por la bater\u00eda. Sill\u00edn con asa de transporte integrado. Cuadro de acero para m\u00e1xima resistencia y durabilidad. Horquilla Especifica para Brompton El\u00e9ctrica reforzada. Motor en rueda delantera de 250W Brushless. Asistencia hasta 25 km\/h. NUEVO SISTEMA E-MOTIQ Bater\u00eda 345 Wh 36V con puerto de carga USB. Autonom\u00eda hasta 90km. Peso de la bicicleta: 16 Peso de la bater\u00eda: 2 kg. Peso conjunto: 16 Medidas plegada: 645 mm de alto X 565 mm de largo X 270 mm de ancho. Plato de 50 dientes con protector. Plegado en menos de 15 segundos. Fabricada a mano en Londres.","og_url":"https:\/\/www.foldingbikeshouse.com\/ca\/producto\/brompton-electric-p-line-h4l-cloud-metallic\/","og_site_name":"Folding Bikes House","article_publisher":"https:\/\/www.facebook.com\/foldingbikeshousebcn\/","article_modified_time":"2026-04-13T05:56:36+00:00","og_image":[{"width":800,"height":533,"url":"https:\/\/www.foldingbikeshouse.com\/wp-content\/uploads\/ges\/img\/img_18201_fa9bc0bf0beae85f1586896fb41e884f_1.jpg","type":"image\/jpeg"}],"twitter_card":"summary_large_image","twitter_misc":{"Temps estimat de lectura":"1 minut"},"schema":{"@context":"https:\/\/schema.org","@graph":[{"@type":"WebPage","@id":"https:\/\/www.foldingbikeshouse.com\/ca\/producto\/brompton-electric-p-line-h4l-cloud-metallic\/","url":"https:\/\/www.foldingbikeshouse.com\/ca\/producto\/brompton-electric-p-line-h4l-cloud-metallic\/","name":"Brompton Electric P-Line H4L Cloud Metallic - Folding Bikes House","isPartOf":{"@id":"https:\/\/www.foldingbikeshouse.com\/ca\/#website"},"primaryImageOfPage":{"@id":"https:\/\/www.foldingbikeshouse.com\/ca\/producto\/brompton-electric-p-line-h4l-cloud-metallic\/#primaryimage"},"image":{"@id":"https:\/\/www.foldingbikeshouse.com\/ca\/producto\/brompton-electric-p-line-h4l-cloud-metallic\/#primaryimage"},"thumbnailUrl":"https:\/\/www.foldingbikeshouse.com\/wp-content\/uploads\/ges\/img\/img_18201_fa9bc0bf0beae85f1586896fb41e884f_1.jpg","datePublished":"2025-10-30T09:59:02+00:00","dateModified":"2026-04-13T05:56:36+00:00","breadcrumb":{"@id":"https:\/\/www.foldingbikeshouse.com\/ca\/producto\/brompton-electric-p-line-h4l-cloud-metallic\/#breadcrumb"},"inLanguage":"ca","potentialAction":[{"@type":"ReadAction","target":["https:\/\/www.foldingbikeshouse.com\/ca\/producto\/brompton-electric-p-line-h4l-cloud-metallic\/"]}]},{"@type":"ImageObject","inLanguage":"ca","@id":"https:\/\/www.foldingbikeshouse.com\/ca\/producto\/brompton-electric-p-line-h4l-cloud-metallic\/#primaryimage","url":"https:\/\/www.foldingbikeshouse.com\/wp-content\/uploads\/ges\/img\/img_18201_fa9bc0bf0beae85f1586896fb41e884f_1.jpg","contentUrl":"https:\/\/www.foldingbikeshouse.com\/wp-content\/uploads\/ges\/img\/img_18201_fa9bc0bf0beae85f1586896fb41e884f_1.jpg","width":800,"height":533},{"@type":"BreadcrumbList","@id":"https:\/\/www.foldingbikeshouse.com\/ca\/producto\/brompton-electric-p-line-h4l-cloud-metallic\/#breadcrumb","itemListElement":[{"@type":"ListItem","position":1,"name":"Portada","item":"https:\/\/www.foldingbikeshouse.com\/ca\/"},{"@type":"ListItem","position":2,"name":"Productes","item":"https:\/\/www.foldingbikeshouse.com\/ca\/shop\/"},{"@type":"ListItem","position":3,"name":"Brompton Electric P-Line H4L Cloud Metallic"}]},{"@type":"WebSite","@id":"https:\/\/www.foldingbikeshouse.com\/ca\/#website","url":"https:\/\/www.foldingbikeshouse.com\/ca\/","name":"Folding Bikes House","description":"","publisher":{"@id":"https:\/\/www.foldingbikeshouse.com\/ca\/#organization"},"potentialAction":[{"@type":"SearchAction","target":{"@type":"EntryPoint","urlTemplate":"https:\/\/www.foldingbikeshouse.com\/ca\/?s={search_term_string}"},"query-input":{"@type":"PropertyValueSpecification","valueRequired":true,"valueName":"search_term_string"}}],"inLanguage":"ca"},{"@type":"Organization","@id":"https:\/\/www.foldingbikeshouse.com\/ca\/#organization","name":"Folding Bikes House","url":"https:\/\/www.foldingbikeshouse.com\/ca\/","logo":{"@type":"ImageObject","inLanguage":"ca","@id":"https:\/\/www.foldingbikeshouse.com\/ca\/#\/schema\/logo\/image\/","url":"https:\/\/www.foldingbikeshouse.com\/wp-content\/uploads\/2024\/05\/logofbh-1.png","contentUrl":"https:\/\/www.foldingbikeshouse.com\/wp-content\/uploads\/2024\/05\/logofbh-1.png","width":900,"height":900,"caption":"Folding Bikes House"},"image":{"@id":"https:\/\/www.foldingbikeshouse.com\/ca\/#\/schema\/logo\/image\/"},"sameAs":["https:\/\/www.facebook.com\/foldingbikeshousebcn\/","https:\/\/www.instagram.com\/foldingbikeshousebcn\/","https:\/\/www.youtube.com\/channel\/UC4CfEpAN0fWBp-_ca86OvuA"]}]}},"brands":[{"id":61,"name":"BROMPTON","slug":"brompton"}],"_links":{"self":[{"href":"https:\/\/www.foldingbikeshouse.com\/ca\/wp-json\/wp\/v2\/product\/63189","targetHints":{"allow":["GET"]}}],"collection":[{"href":"https:\/\/www.foldingbikeshouse.com\/ca\/wp-json\/wp\/v2\/product"}],"about":[{"href":"https:\/\/www.foldingbikeshouse.com\/ca\/wp-json\/wp\/v2\/types\/product"}],"replies":[{"embeddable":true,"href":"https:\/\/www.foldingbikeshouse.com\/ca\/wp-json\/wp\/v2\/comments?post=63189"}],"version-history":[{"count":5,"href":"https:\/\/www.foldingbikeshouse.com\/ca\/wp-json\/wp\/v2\/product\/63189\/revisions"}],"predecessor-version":[{"id":79472,"href":"https:\/\/www.foldingbikeshouse.com\/ca\/wp-json\/wp\/v2\/product\/63189\/revisions\/79472"}],"wp:featuredmedia":[{"embeddable":true,"href":"https:\/\/www.foldingbikeshouse.com\/ca\/wp-json\/wp\/v2\/media\/87644"}],"wp:attachment":[{"href":"https:\/\/www.foldingbikeshouse.com\/ca\/wp-json\/wp\/v2\/media?parent=63189"}],"wp:term":[{"taxonomy":"pwb-brand","embeddable":true,"href":"https:\/\/www.foldingbikeshouse.com\/ca\/wp-json\/wp\/v2\/pwb-brand?post=63189"},{"taxonomy":"product_brand","embeddable":true,"href":"https:\/\/www.foldingbikeshouse.com\/ca\/wp-json\/wp\/v2\/product_brand?post=63189"},{"taxonomy":"product_cat","embeddable":true,"href":"https:\/\/www.foldingbikeshouse.com\/ca\/wp-json\/wp\/v2\/product_cat?post=63189"},{"taxonomy":"product_tag","embeddable":true,"href":"https:\/\/www.foldingbikeshouse.com\/ca\/wp-json\/wp\/v2\/product_tag?post=63189"}],"curies":[{"name":"wp","href":"https:\/\/api.w.org\/{rel}","templated":true}]}}