{"id":63938,"date":"2024-12-24T14:35:48","date_gmt":"2024-12-24T13:35:48","guid":{"rendered":"https:\/\/www.foldingbikeshouse.com\/producto\/brompton-t-line-urban-s4l-titanio\/"},"modified":"2026-02-05T14:12:32","modified_gmt":"2026-02-05T13:12:32","slug":"brompton-t-line-urban-s4l-titanio","status":"publish","type":"product","link":"https:\/\/www.foldingbikeshouse.com\/ca\/producto\/brompton-t-line-urban-s4l-titanio\/","title":{"rendered":"Brompton T-Line Urban S4L Titanio"},"content":{"rendered":"<p><strong>Todo es nuevo. Menos su capacidad para plegarse.<\/strong><\/p>\n<p>El nuevo marco de titanio ultraligero.<\/p>\n<p>M&aacute;s de 150 componentes especialmente dise&ntilde;ados para reducir el peso.<\/p>\n<p>Tres a&ntilde;os de obsesi&oacute;n por escoger el material adecuado y de pruebas rigurosas.<\/p>\n<p>Todo es nuevo, menos su capacidad para plegarse.<\/p>\n<p>Esa era la obsesi&oacute;n de nuestro fundador, Andrew Ritchie, hace 40 a&ntilde;os.<\/p>\n<p>La misma de siempre, pero perfeccionada.<\/p>\n<p>Es la original y sigue siendo la mejor.<\/p>\n<p>&nbsp;<\/p>\n<p><strong>Ultraligera. Fuerte como el acero.<\/strong><\/p>\n<p>El cuadro de titanio de T Line est&aacute; completamente redise&ntilde;ado.<\/p>\n<p>Pesa un 37 % menos que su equivalente original de acero y es igual de fuerte.<\/p>\n<p>&nbsp;<\/p>\n<p>T Line pesa un total de 7,45 kg, similar a una bicicleta de carbono de carretera.<\/p>\n<p>Sin embargo, un jugador de rugby de 110 kg podr&iacute;a montar en ella c&oacute;modamente.<\/p>\n<p>Y resiste la crudeza de la ciudad.<\/p>\n","protected":false},"excerpt":{"rendered":"<p>Bicicleta Plegable Brompton P-LINE S4L TITANIO<br \/>\nColor de cuadro y Acabado Titanio<br \/>\nModelo Urban con 4 velocidades ideal para la ciudad y la mas ligera.<br \/>\nManillar S, para una conducci\u00f3n mas deportiva<br \/>\nIncluye guardabarros<br \/>\nCuadro fabricado en Titanio<br \/>\nHorquilla, manillar, tubo de sill\u00edn y bielas fabricadas en Carbono<br \/>\nPlato de 54 dientes con protector.<br \/>\nCubiertas Schwalbe One<br \/>\nPeso des de 7,45 kg<br \/>\nTama\u00f1o plegado: 645 mm Alto x 565 mm Largo x 270 mm Ancho<br \/>\nPlegado en menos de 15 segundos.<br \/>\nFabricada a mano en Londres<\/p>\n","protected":false},"featured_media":43754,"comment_status":"closed","ping_status":"closed","template":"","meta":{"site-sidebar-layout":"default","site-content-layout":"","ast-site-content-layout":"","site-content-style":"default","site-sidebar-style":"default","ast-global-header-display":"","ast-banner-title-visibility":"","ast-main-header-display":"","ast-hfb-above-header-display":"","ast-hfb-below-header-display":"","ast-hfb-mobile-header-display":"","site-post-title":"","ast-breadcrumbs-content":"","ast-featured-img":"","footer-sml-layout":"","theme-transparent-header-meta":"","adv-header-id-meta":"","stick-header-meta":"","header-above-stick-meta":"","header-main-stick-meta":"","header-below-stick-meta":"","astra-migrate-meta-layouts":"default","ast-page-background-enabled":"default","ast-page-background-meta":{"desktop":{"background-color":"var(--ast-global-color-4)","background-image":"","background-repeat":"repeat","background-position":"center center","background-size":"auto","background-attachment":"scroll","background-type":"","background-media":"","overlay-type":"","overlay-color":"","overlay-gradient":""},"tablet":{"background-color":"","background-image":"","background-repeat":"repeat","background-position":"center center","background-size":"auto","background-attachment":"scroll","background-type":"","background-media":"","overlay-type":"","overlay-color":"","overlay-gradient":""},"mobile":{"background-color":"","background-image":"","background-repeat":"repeat","background-position":"center center","background-size":"auto","background-attachment":"scroll","background-type":"","background-media":"","overlay-type":"","overlay-color":"","overlay-gradient":""}},"ast-content-background-meta":{"desktop":{"background-color":"var(--ast-global-color-5)","background-image":"","background-repeat":"repeat","background-position":"center center","background-size":"auto","background-attachment":"scroll","background-type":"","background-media":"","overlay-type":"","overlay-color":"","overlay-gradient":""},"tablet":{"background-color":"var(--ast-global-color-5)","background-image":"","background-repeat":"repeat","background-position":"center center","background-size":"auto","background-attachment":"scroll","background-type":"","background-media":"","overlay-type":"","overlay-color":"","overlay-gradient":""},"mobile":{"background-color":"var(--ast-global-color-5)","background-image":"","background-repeat":"repeat","background-position":"center center","background-size":"auto","background-attachment":"scroll","background-type":"","background-media":"","overlay-type":"","overlay-color":"","overlay-gradient":""}}},"pwb-brand":[61],"product_brand":[],"product_cat":[213],"product_tag":[],"class_list":{"0":"post-63938","1":"product","2":"type-product","3":"status-publish","4":"has-post-thumbnail","6":"pwb-brand-brompton","7":"product_cat-sin-categorizar","8":"desktop-align-left","9":"tablet-align-left","10":"mobile-align-left","11":"ast-product-gallery-layout-first-image-large","12":"ast-product-tabs-layout-horizontal","14":"first","15":"instock","16":"taxable","17":"shipping-taxable","18":"purchasable","19":"product-type-simple"},"yoast_head":"<!-- This site is optimized with the Yoast SEO plugin v27.4 - https:\/\/yoast.com\/product\/yoast-seo-wordpress\/ -->\n<title>Brompton T-Line Urban S4L Titanio - Folding Bikes House<\/title>\n<meta name=\"robots\" content=\"index, follow, max-snippet:-1, max-image-preview:large, max-video-preview:-1\" \/>\n<link rel=\"canonical\" href=\"https:\/\/www.foldingbikeshouse.com\/ca\/producto\/brompton-t-line-urban-s4l-titanio\/\" \/>\n<meta property=\"og:locale\" content=\"ca_ES\" \/>\n<meta property=\"og:type\" content=\"article\" \/>\n<meta property=\"og:title\" content=\"Brompton T-Line Urban S4L Titanio - Folding Bikes House\" \/>\n<meta property=\"og:description\" content=\"Bicicleta Plegable Brompton P-LINE S4L TITANIO Color de cuadro y Acabado Titanio Modelo Urban con 4 velocidades ideal para la ciudad y la mas ligera. Manillar S, para una conducci\u00f3n mas deportiva Incluye guardabarros Cuadro fabricado en Titanio Horquilla, manillar, tubo de sill\u00edn y bielas fabricadas en Carbono Plato de 54 dientes con protector. Cubiertas Schwalbe One Peso des de 7,45 kg Tama\u00f1o plegado: 645 mm Alto x 565 mm Largo x 270 mm Ancho Plegado en menos de 15 segundos. Fabricada a mano en Londres\" \/>\n<meta property=\"og:url\" content=\"https:\/\/www.foldingbikeshouse.com\/ca\/producto\/brompton-t-line-urban-s4l-titanio\/\" \/>\n<meta property=\"og:site_name\" content=\"Folding Bikes House\" \/>\n<meta property=\"article:publisher\" content=\"https:\/\/www.facebook.com\/foldingbikeshousebcn\/\" \/>\n<meta property=\"article:modified_time\" content=\"2026-02-05T13:12:32+00:00\" \/>\n<meta property=\"og:image\" content=\"https:\/\/www.foldingbikeshouse.com\/wp-content\/uploads\/ges\/img\/img_17556_6a1951909c7b4c47cb2527559823fd15_1.jpg\" \/>\n\t<meta property=\"og:image:width\" content=\"1000\" \/>\n\t<meta property=\"og:image:height\" content=\"667\" \/>\n\t<meta property=\"og:image:type\" content=\"image\/jpeg\" \/>\n<meta name=\"twitter:card\" content=\"summary_large_image\" \/>\n<meta name=\"twitter:label1\" content=\"Temps estimat de lectura\" \/>\n\t<meta name=\"twitter:data1\" content=\"1 minut\" \/>\n<script type=\"application\/ld+json\" class=\"yoast-schema-graph\">{\"@context\":\"https:\\\/\\\/schema.org\",\"@graph\":[{\"@type\":\"WebPage\",\"@id\":\"https:\\\/\\\/www.foldingbikeshouse.com\\\/ca\\\/producto\\\/brompton-t-line-urban-s4l-titanio\\\/\",\"url\":\"https:\\\/\\\/www.foldingbikeshouse.com\\\/ca\\\/producto\\\/brompton-t-line-urban-s4l-titanio\\\/\",\"name\":\"Brompton T-Line Urban S4L Titanio - Folding Bikes House\",\"isPartOf\":{\"@id\":\"https:\\\/\\\/www.foldingbikeshouse.com\\\/ca\\\/#website\"},\"primaryImageOfPage\":{\"@id\":\"https:\\\/\\\/www.foldingbikeshouse.com\\\/ca\\\/producto\\\/brompton-t-line-urban-s4l-titanio\\\/#primaryimage\"},\"image\":{\"@id\":\"https:\\\/\\\/www.foldingbikeshouse.com\\\/ca\\\/producto\\\/brompton-t-line-urban-s4l-titanio\\\/#primaryimage\"},\"thumbnailUrl\":\"https:\\\/\\\/www.foldingbikeshouse.com\\\/wp-content\\\/uploads\\\/ges\\\/img\\\/img_17556_6a1951909c7b4c47cb2527559823fd15_1.jpg\",\"datePublished\":\"2024-12-24T13:35:48+00:00\",\"dateModified\":\"2026-02-05T13:12:32+00:00\",\"breadcrumb\":{\"@id\":\"https:\\\/\\\/www.foldingbikeshouse.com\\\/ca\\\/producto\\\/brompton-t-line-urban-s4l-titanio\\\/#breadcrumb\"},\"inLanguage\":\"ca\",\"potentialAction\":[{\"@type\":\"ReadAction\",\"target\":[\"https:\\\/\\\/www.foldingbikeshouse.com\\\/ca\\\/producto\\\/brompton-t-line-urban-s4l-titanio\\\/\"]}]},{\"@type\":\"ImageObject\",\"inLanguage\":\"ca\",\"@id\":\"https:\\\/\\\/www.foldingbikeshouse.com\\\/ca\\\/producto\\\/brompton-t-line-urban-s4l-titanio\\\/#primaryimage\",\"url\":\"https:\\\/\\\/www.foldingbikeshouse.com\\\/wp-content\\\/uploads\\\/ges\\\/img\\\/img_17556_6a1951909c7b4c47cb2527559823fd15_1.jpg\",\"contentUrl\":\"https:\\\/\\\/www.foldingbikeshouse.com\\\/wp-content\\\/uploads\\\/ges\\\/img\\\/img_17556_6a1951909c7b4c47cb2527559823fd15_1.jpg\",\"width\":1000,\"height\":667},{\"@type\":\"BreadcrumbList\",\"@id\":\"https:\\\/\\\/www.foldingbikeshouse.com\\\/ca\\\/producto\\\/brompton-t-line-urban-s4l-titanio\\\/#breadcrumb\",\"itemListElement\":[{\"@type\":\"ListItem\",\"position\":1,\"name\":\"Portada\",\"item\":\"https:\\\/\\\/www.foldingbikeshouse.com\\\/ca\\\/\"},{\"@type\":\"ListItem\",\"position\":2,\"name\":\"Productes\",\"item\":\"https:\\\/\\\/www.foldingbikeshouse.com\\\/ca\\\/shop\\\/\"},{\"@type\":\"ListItem\",\"position\":3,\"name\":\"Brompton T-Line Urban S4L Titanio\"}]},{\"@type\":\"WebSite\",\"@id\":\"https:\\\/\\\/www.foldingbikeshouse.com\\\/ca\\\/#website\",\"url\":\"https:\\\/\\\/www.foldingbikeshouse.com\\\/ca\\\/\",\"name\":\"Folding Bikes House\",\"description\":\"\",\"publisher\":{\"@id\":\"https:\\\/\\\/www.foldingbikeshouse.com\\\/ca\\\/#organization\"},\"potentialAction\":[{\"@type\":\"SearchAction\",\"target\":{\"@type\":\"EntryPoint\",\"urlTemplate\":\"https:\\\/\\\/www.foldingbikeshouse.com\\\/ca\\\/?s={search_term_string}\"},\"query-input\":{\"@type\":\"PropertyValueSpecification\",\"valueRequired\":true,\"valueName\":\"search_term_string\"}}],\"inLanguage\":\"ca\"},{\"@type\":\"Organization\",\"@id\":\"https:\\\/\\\/www.foldingbikeshouse.com\\\/ca\\\/#organization\",\"name\":\"Folding Bikes House\",\"url\":\"https:\\\/\\\/www.foldingbikeshouse.com\\\/ca\\\/\",\"logo\":{\"@type\":\"ImageObject\",\"inLanguage\":\"ca\",\"@id\":\"https:\\\/\\\/www.foldingbikeshouse.com\\\/ca\\\/#\\\/schema\\\/logo\\\/image\\\/\",\"url\":\"https:\\\/\\\/www.foldingbikeshouse.com\\\/wp-content\\\/uploads\\\/2024\\\/05\\\/logofbh-1.png\",\"contentUrl\":\"https:\\\/\\\/www.foldingbikeshouse.com\\\/wp-content\\\/uploads\\\/2024\\\/05\\\/logofbh-1.png\",\"width\":900,\"height\":900,\"caption\":\"Folding Bikes House\"},\"image\":{\"@id\":\"https:\\\/\\\/www.foldingbikeshouse.com\\\/ca\\\/#\\\/schema\\\/logo\\\/image\\\/\"},\"sameAs\":[\"https:\\\/\\\/www.facebook.com\\\/foldingbikeshousebcn\\\/\",\"https:\\\/\\\/www.instagram.com\\\/foldingbikeshousebcn\\\/\",\"https:\\\/\\\/www.youtube.com\\\/channel\\\/UC4CfEpAN0fWBp-_ca86OvuA\"]}]}<\/script>\n<!-- \/ Yoast SEO plugin. -->","yoast_head_json":{"title":"Brompton T-Line Urban S4L Titanio - Folding Bikes House","robots":{"index":"index","follow":"follow","max-snippet":"max-snippet:-1","max-image-preview":"max-image-preview:large","max-video-preview":"max-video-preview:-1"},"canonical":"https:\/\/www.foldingbikeshouse.com\/ca\/producto\/brompton-t-line-urban-s4l-titanio\/","og_locale":"ca_ES","og_type":"article","og_title":"Brompton T-Line Urban S4L Titanio - Folding Bikes House","og_description":"Bicicleta Plegable Brompton P-LINE S4L TITANIO Color de cuadro y Acabado Titanio Modelo Urban con 4 velocidades ideal para la ciudad y la mas ligera. Manillar S, para una conducci\u00f3n mas deportiva Incluye guardabarros Cuadro fabricado en Titanio Horquilla, manillar, tubo de sill\u00edn y bielas fabricadas en Carbono Plato de 54 dientes con protector. Cubiertas Schwalbe One Peso des de 7,45 kg Tama\u00f1o plegado: 645 mm Alto x 565 mm Largo x 270 mm Ancho Plegado en menos de 15 segundos. Fabricada a mano en Londres","og_url":"https:\/\/www.foldingbikeshouse.com\/ca\/producto\/brompton-t-line-urban-s4l-titanio\/","og_site_name":"Folding Bikes House","article_publisher":"https:\/\/www.facebook.com\/foldingbikeshousebcn\/","article_modified_time":"2026-02-05T13:12:32+00:00","og_image":[{"width":1000,"height":667,"url":"https:\/\/www.foldingbikeshouse.com\/wp-content\/uploads\/ges\/img\/img_17556_6a1951909c7b4c47cb2527559823fd15_1.jpg","type":"image\/jpeg"}],"twitter_card":"summary_large_image","twitter_misc":{"Temps estimat de lectura":"1 minut"},"schema":{"@context":"https:\/\/schema.org","@graph":[{"@type":"WebPage","@id":"https:\/\/www.foldingbikeshouse.com\/ca\/producto\/brompton-t-line-urban-s4l-titanio\/","url":"https:\/\/www.foldingbikeshouse.com\/ca\/producto\/brompton-t-line-urban-s4l-titanio\/","name":"Brompton T-Line Urban S4L Titanio - Folding Bikes House","isPartOf":{"@id":"https:\/\/www.foldingbikeshouse.com\/ca\/#website"},"primaryImageOfPage":{"@id":"https:\/\/www.foldingbikeshouse.com\/ca\/producto\/brompton-t-line-urban-s4l-titanio\/#primaryimage"},"image":{"@id":"https:\/\/www.foldingbikeshouse.com\/ca\/producto\/brompton-t-line-urban-s4l-titanio\/#primaryimage"},"thumbnailUrl":"https:\/\/www.foldingbikeshouse.com\/wp-content\/uploads\/ges\/img\/img_17556_6a1951909c7b4c47cb2527559823fd15_1.jpg","datePublished":"2024-12-24T13:35:48+00:00","dateModified":"2026-02-05T13:12:32+00:00","breadcrumb":{"@id":"https:\/\/www.foldingbikeshouse.com\/ca\/producto\/brompton-t-line-urban-s4l-titanio\/#breadcrumb"},"inLanguage":"ca","potentialAction":[{"@type":"ReadAction","target":["https:\/\/www.foldingbikeshouse.com\/ca\/producto\/brompton-t-line-urban-s4l-titanio\/"]}]},{"@type":"ImageObject","inLanguage":"ca","@id":"https:\/\/www.foldingbikeshouse.com\/ca\/producto\/brompton-t-line-urban-s4l-titanio\/#primaryimage","url":"https:\/\/www.foldingbikeshouse.com\/wp-content\/uploads\/ges\/img\/img_17556_6a1951909c7b4c47cb2527559823fd15_1.jpg","contentUrl":"https:\/\/www.foldingbikeshouse.com\/wp-content\/uploads\/ges\/img\/img_17556_6a1951909c7b4c47cb2527559823fd15_1.jpg","width":1000,"height":667},{"@type":"BreadcrumbList","@id":"https:\/\/www.foldingbikeshouse.com\/ca\/producto\/brompton-t-line-urban-s4l-titanio\/#breadcrumb","itemListElement":[{"@type":"ListItem","position":1,"name":"Portada","item":"https:\/\/www.foldingbikeshouse.com\/ca\/"},{"@type":"ListItem","position":2,"name":"Productes","item":"https:\/\/www.foldingbikeshouse.com\/ca\/shop\/"},{"@type":"ListItem","position":3,"name":"Brompton T-Line Urban S4L Titanio"}]},{"@type":"WebSite","@id":"https:\/\/www.foldingbikeshouse.com\/ca\/#website","url":"https:\/\/www.foldingbikeshouse.com\/ca\/","name":"Folding Bikes House","description":"","publisher":{"@id":"https:\/\/www.foldingbikeshouse.com\/ca\/#organization"},"potentialAction":[{"@type":"SearchAction","target":{"@type":"EntryPoint","urlTemplate":"https:\/\/www.foldingbikeshouse.com\/ca\/?s={search_term_string}"},"query-input":{"@type":"PropertyValueSpecification","valueRequired":true,"valueName":"search_term_string"}}],"inLanguage":"ca"},{"@type":"Organization","@id":"https:\/\/www.foldingbikeshouse.com\/ca\/#organization","name":"Folding Bikes House","url":"https:\/\/www.foldingbikeshouse.com\/ca\/","logo":{"@type":"ImageObject","inLanguage":"ca","@id":"https:\/\/www.foldingbikeshouse.com\/ca\/#\/schema\/logo\/image\/","url":"https:\/\/www.foldingbikeshouse.com\/wp-content\/uploads\/2024\/05\/logofbh-1.png","contentUrl":"https:\/\/www.foldingbikeshouse.com\/wp-content\/uploads\/2024\/05\/logofbh-1.png","width":900,"height":900,"caption":"Folding Bikes House"},"image":{"@id":"https:\/\/www.foldingbikeshouse.com\/ca\/#\/schema\/logo\/image\/"},"sameAs":["https:\/\/www.facebook.com\/foldingbikeshousebcn\/","https:\/\/www.instagram.com\/foldingbikeshousebcn\/","https:\/\/www.youtube.com\/channel\/UC4CfEpAN0fWBp-_ca86OvuA"]}]}},"brands":[{"id":61,"name":"BROMPTON","slug":"brompton"}],"_links":{"self":[{"href":"https:\/\/www.foldingbikeshouse.com\/ca\/wp-json\/wp\/v2\/product\/63938","targetHints":{"allow":["GET"]}}],"collection":[{"href":"https:\/\/www.foldingbikeshouse.com\/ca\/wp-json\/wp\/v2\/product"}],"about":[{"href":"https:\/\/www.foldingbikeshouse.com\/ca\/wp-json\/wp\/v2\/types\/product"}],"replies":[{"embeddable":true,"href":"https:\/\/www.foldingbikeshouse.com\/ca\/wp-json\/wp\/v2\/comments?post=63938"}],"version-history":[{"count":0,"href":"https:\/\/www.foldingbikeshouse.com\/ca\/wp-json\/wp\/v2\/product\/63938\/revisions"}],"wp:featuredmedia":[{"embeddable":true,"href":"https:\/\/www.foldingbikeshouse.com\/ca\/wp-json\/wp\/v2\/media\/43754"}],"wp:attachment":[{"href":"https:\/\/www.foldingbikeshouse.com\/ca\/wp-json\/wp\/v2\/media?parent=63938"}],"wp:term":[{"taxonomy":"pwb-brand","embeddable":true,"href":"https:\/\/www.foldingbikeshouse.com\/ca\/wp-json\/wp\/v2\/pwb-brand?post=63938"},{"taxonomy":"product_brand","embeddable":true,"href":"https:\/\/www.foldingbikeshouse.com\/ca\/wp-json\/wp\/v2\/product_brand?post=63938"},{"taxonomy":"product_cat","embeddable":true,"href":"https:\/\/www.foldingbikeshouse.com\/ca\/wp-json\/wp\/v2\/product_cat?post=63938"},{"taxonomy":"product_tag","embeddable":true,"href":"https:\/\/www.foldingbikeshouse.com\/ca\/wp-json\/wp\/v2\/product_tag?post=63938"}],"curies":[{"name":"wp","href":"https:\/\/api.w.org\/{rel}","templated":true}]}}