{"id":65473,"date":"2025-01-16T13:20:57","date_gmt":"2025-01-16T12:20:57","guid":{"rendered":"https:\/\/www.foldingbikeshouse.com\/producto\/brompton-c-line-urban-m2l-black\/"},"modified":"2026-02-05T14:12:24","modified_gmt":"2026-02-05T13:12:24","slug":"brompton-c-line-urban-m2l-black","status":"publish","type":"product","link":"https:\/\/www.foldingbikeshouse.com\/ca\/producto\/brompton-c-line-urban-m2l-black\/","title":{"rendered":"Brompton C-Line Urban M2L Black"},"content":{"rendered":"<p>Bicicleta Plegable Brompton C-LINE M2L.<br \/>\nColor de cuadro Black<br \/>\nModelo Urban con 2 velocidades ideal para ciudades con poco desnivel<br \/>\nManillar M, el cl\u00e1sico para m\u00e1xima comodidad para personas hasta 180 cm. <br \/>\nIncluye guardabarros.<br \/>\nCuadro de acero para m\u00e1xima resistencia y durabilidad.<br \/>\nPlato de 50 dientes con protector.<br \/>\nCubiertas Schwalbe Marathon Racer<br \/>\nBomba de hinchado.<br \/>\nPeso 11.8 kg<br \/>\nTama\u00f1o plegado: 645 mm Alto x 565 mm Largo x 270 mm Ancho<br \/>\nPlegado en menos de 15 segundos.<br \/>\nFabricada a mano en Londres.<\/p>\n","protected":false},"excerpt":{"rendered":"<p>Bicicleta Plegable Brompton C-LINE M2L.<br \/>\nColor de cuadro Black<br \/>\nModelo Urban con 2 velocidades ideal para ciudades con poco desnivel<br \/>\nManillar M, el cl\u00e1sico para m\u00e1xima comodidad para personas hasta 180 cm.<br \/>\nIncluye guardabarros.<br \/>\nCuadro de acero para m\u00e1xima resistencia y durabilidad.<br \/>\nPlato de 50 dientes con protector.<br \/>\nCubiertas Schwalbe Marathon Racer<br \/>\nBomba de hinchado.<br \/>\nPeso 11.8 kg<br \/>\nTama\u00f1o plegado: 645 mm Alto x 565 mm Largo x 270 mm Ancho<br \/>\nPlegado en menos de 15 segundos.<br \/>\nFabricada a mano en Londres.<\/p>\n","protected":false},"featured_media":64786,"comment_status":"closed","ping_status":"closed","template":"","meta":{"site-sidebar-layout":"default","site-content-layout":"","ast-site-content-layout":"","site-content-style":"default","site-sidebar-style":"default","ast-global-header-display":"","ast-banner-title-visibility":"","ast-main-header-display":"","ast-hfb-above-header-display":"","ast-hfb-below-header-display":"","ast-hfb-mobile-header-display":"","site-post-title":"","ast-breadcrumbs-content":"","ast-featured-img":"","footer-sml-layout":"","theme-transparent-header-meta":"","adv-header-id-meta":"","stick-header-meta":"","header-above-stick-meta":"","header-main-stick-meta":"","header-below-stick-meta":"","astra-migrate-meta-layouts":"default","ast-page-background-enabled":"default","ast-page-background-meta":{"desktop":{"background-color":"var(--ast-global-color-4)","background-image":"","background-repeat":"repeat","background-position":"center center","background-size":"auto","background-attachment":"scroll","background-type":"","background-media":"","overlay-type":"","overlay-color":"","overlay-gradient":""},"tablet":{"background-color":"","background-image":"","background-repeat":"repeat","background-position":"center center","background-size":"auto","background-attachment":"scroll","background-type":"","background-media":"","overlay-type":"","overlay-color":"","overlay-gradient":""},"mobile":{"background-color":"","background-image":"","background-repeat":"repeat","background-position":"center center","background-size":"auto","background-attachment":"scroll","background-type":"","background-media":"","overlay-type":"","overlay-color":"","overlay-gradient":""}},"ast-content-background-meta":{"desktop":{"background-color":"var(--ast-global-color-5)","background-image":"","background-repeat":"repeat","background-position":"center center","background-size":"auto","background-attachment":"scroll","background-type":"","background-media":"","overlay-type":"","overlay-color":"","overlay-gradient":""},"tablet":{"background-color":"var(--ast-global-color-5)","background-image":"","background-repeat":"repeat","background-position":"center center","background-size":"auto","background-attachment":"scroll","background-type":"","background-media":"","overlay-type":"","overlay-color":"","overlay-gradient":""},"mobile":{"background-color":"var(--ast-global-color-5)","background-image":"","background-repeat":"repeat","background-position":"center center","background-size":"auto","background-attachment":"scroll","background-type":"","background-media":"","overlay-type":"","overlay-color":"","overlay-gradient":""}}},"pwb-brand":[61],"product_brand":[],"product_cat":[194,196,197],"product_tag":[],"class_list":{"0":"post-65473","1":"product","2":"type-product","3":"status-publish","4":"has-post-thumbnail","6":"pwb-brand-brompton","7":"product_cat-bicicletes","8":"product_cat-bicicletes-brompton","9":"product_cat-c-line","10":"desktop-align-left","11":"tablet-align-left","12":"mobile-align-left","13":"ast-product-gallery-layout-first-image-large","14":"ast-product-tabs-layout-horizontal","16":"first","17":"outofstock","18":"taxable","19":"shipping-taxable","20":"purchasable","21":"product-type-simple"},"yoast_head":"<!-- This site is optimized with the Yoast SEO plugin v26.4 - https:\/\/yoast.com\/wordpress\/plugins\/seo\/ -->\n<title>Brompton C-Line Urban M2L Black - Folding Bikes House<\/title>\n<meta name=\"robots\" content=\"index, follow, max-snippet:-1, max-image-preview:large, max-video-preview:-1\" \/>\n<link rel=\"canonical\" href=\"https:\/\/www.foldingbikeshouse.com\/ca\/producto\/brompton-c-line-urban-m2l-black\/\" \/>\n<meta property=\"og:locale\" content=\"ca_ES\" \/>\n<meta property=\"og:type\" content=\"article\" \/>\n<meta property=\"og:title\" content=\"Brompton C-Line Urban M2L Black - Folding Bikes House\" \/>\n<meta property=\"og:description\" content=\"Bicicleta Plegable Brompton C-LINE M2L. Color de cuadro Black Modelo Urban con 2 velocidades ideal para ciudades con poco desnivel Manillar M, el cl\u00e1sico para m\u00e1xima comodidad para personas hasta 180 cm. Incluye guardabarros. Cuadro de acero para m\u00e1xima resistencia y durabilidad. Plato de 50 dientes con protector. Cubiertas Schwalbe Marathon Racer Bomba de hinchado. Peso 11.8 kg Tama\u00f1o plegado: 645 mm Alto x 565 mm Largo x 270 mm Ancho Plegado en menos de 15 segundos. Fabricada a mano en Londres.\" \/>\n<meta property=\"og:url\" content=\"https:\/\/www.foldingbikeshouse.com\/ca\/producto\/brompton-c-line-urban-m2l-black\/\" \/>\n<meta property=\"og:site_name\" content=\"Folding Bikes House\" \/>\n<meta property=\"article:publisher\" content=\"https:\/\/www.facebook.com\/foldingbikeshousebcn\/\" \/>\n<meta property=\"article:modified_time\" content=\"2026-02-05T13:12:24+00:00\" \/>\n<meta property=\"og:image\" content=\"https:\/\/www.foldingbikeshouse.com\/wp-content\/uploads\/ges\/img\/img_17878_fd97a05c7bf064f41110dec9babd93a1_1.jpg\" \/>\n\t<meta property=\"og:image:width\" content=\"960\" \/>\n\t<meta property=\"og:image:height\" content=\"641\" \/>\n\t<meta property=\"og:image:type\" content=\"image\/jpeg\" \/>\n<meta name=\"twitter:card\" content=\"summary_large_image\" \/>\n<script type=\"application\/ld+json\" class=\"yoast-schema-graph\">{\"@context\":\"https:\/\/schema.org\",\"@graph\":[{\"@type\":\"WebPage\",\"@id\":\"https:\/\/www.foldingbikeshouse.com\/ca\/producto\/brompton-c-line-urban-m2l-black\/\",\"url\":\"https:\/\/www.foldingbikeshouse.com\/ca\/producto\/brompton-c-line-urban-m2l-black\/\",\"name\":\"Brompton C-Line Urban M2L Black - Folding Bikes House\",\"isPartOf\":{\"@id\":\"https:\/\/www.foldingbikeshouse.com\/ca\/#website\"},\"primaryImageOfPage\":{\"@id\":\"https:\/\/www.foldingbikeshouse.com\/ca\/producto\/brompton-c-line-urban-m2l-black\/#primaryimage\"},\"image\":{\"@id\":\"https:\/\/www.foldingbikeshouse.com\/ca\/producto\/brompton-c-line-urban-m2l-black\/#primaryimage\"},\"thumbnailUrl\":\"https:\/\/www.foldingbikeshouse.com\/wp-content\/uploads\/ges\/img\/img_17878_fd97a05c7bf064f41110dec9babd93a1_1.jpg\",\"datePublished\":\"2025-01-16T12:20:57+00:00\",\"dateModified\":\"2026-02-05T13:12:24+00:00\",\"breadcrumb\":{\"@id\":\"https:\/\/www.foldingbikeshouse.com\/ca\/producto\/brompton-c-line-urban-m2l-black\/#breadcrumb\"},\"inLanguage\":\"ca\",\"potentialAction\":[{\"@type\":\"ReadAction\",\"target\":[\"https:\/\/www.foldingbikeshouse.com\/ca\/producto\/brompton-c-line-urban-m2l-black\/\"]}]},{\"@type\":\"ImageObject\",\"inLanguage\":\"ca\",\"@id\":\"https:\/\/www.foldingbikeshouse.com\/ca\/producto\/brompton-c-line-urban-m2l-black\/#primaryimage\",\"url\":\"https:\/\/www.foldingbikeshouse.com\/wp-content\/uploads\/ges\/img\/img_17878_fd97a05c7bf064f41110dec9babd93a1_1.jpg\",\"contentUrl\":\"https:\/\/www.foldingbikeshouse.com\/wp-content\/uploads\/ges\/img\/img_17878_fd97a05c7bf064f41110dec9babd93a1_1.jpg\",\"width\":960,\"height\":641},{\"@type\":\"BreadcrumbList\",\"@id\":\"https:\/\/www.foldingbikeshouse.com\/ca\/producto\/brompton-c-line-urban-m2l-black\/#breadcrumb\",\"itemListElement\":[{\"@type\":\"ListItem\",\"position\":1,\"name\":\"Portada\",\"item\":\"https:\/\/www.foldingbikeshouse.com\/ca\/\"},{\"@type\":\"ListItem\",\"position\":2,\"name\":\"Productes\",\"item\":\"https:\/\/www.foldingbikeshouse.com\/ca\/shop\/\"},{\"@type\":\"ListItem\",\"position\":3,\"name\":\"Brompton C-Line Urban M2L Black\"}]},{\"@type\":\"WebSite\",\"@id\":\"https:\/\/www.foldingbikeshouse.com\/ca\/#website\",\"url\":\"https:\/\/www.foldingbikeshouse.com\/ca\/\",\"name\":\"Folding Bikes House\",\"description\":\"\",\"publisher\":{\"@id\":\"https:\/\/www.foldingbikeshouse.com\/ca\/#organization\"},\"potentialAction\":[{\"@type\":\"SearchAction\",\"target\":{\"@type\":\"EntryPoint\",\"urlTemplate\":\"https:\/\/www.foldingbikeshouse.com\/ca\/?s={search_term_string}\"},\"query-input\":{\"@type\":\"PropertyValueSpecification\",\"valueRequired\":true,\"valueName\":\"search_term_string\"}}],\"inLanguage\":\"ca\"},{\"@type\":\"Organization\",\"@id\":\"https:\/\/www.foldingbikeshouse.com\/ca\/#organization\",\"name\":\"Folding Bikes House\",\"url\":\"https:\/\/www.foldingbikeshouse.com\/ca\/\",\"logo\":{\"@type\":\"ImageObject\",\"inLanguage\":\"ca\",\"@id\":\"https:\/\/www.foldingbikeshouse.com\/ca\/#\/schema\/logo\/image\/\",\"url\":\"https:\/\/www.foldingbikeshouse.com\/wp-content\/uploads\/2024\/05\/logofbh-1.png\",\"contentUrl\":\"https:\/\/www.foldingbikeshouse.com\/wp-content\/uploads\/2024\/05\/logofbh-1.png\",\"width\":900,\"height\":900,\"caption\":\"Folding Bikes House\"},\"image\":{\"@id\":\"https:\/\/www.foldingbikeshouse.com\/ca\/#\/schema\/logo\/image\/\"},\"sameAs\":[\"https:\/\/www.facebook.com\/foldingbikeshousebcn\/\",\"https:\/\/www.instagram.com\/foldingbikeshousebcn\/\",\"https:\/\/www.youtube.com\/channel\/UC4CfEpAN0fWBp-_ca86OvuA\"]}]}<\/script>\n<!-- \/ Yoast SEO plugin. -->","yoast_head_json":{"title":"Brompton C-Line Urban M2L Black - Folding Bikes House","robots":{"index":"index","follow":"follow","max-snippet":"max-snippet:-1","max-image-preview":"max-image-preview:large","max-video-preview":"max-video-preview:-1"},"canonical":"https:\/\/www.foldingbikeshouse.com\/ca\/producto\/brompton-c-line-urban-m2l-black\/","og_locale":"ca_ES","og_type":"article","og_title":"Brompton C-Line Urban M2L Black - Folding Bikes House","og_description":"Bicicleta Plegable Brompton C-LINE M2L. Color de cuadro Black Modelo Urban con 2 velocidades ideal para ciudades con poco desnivel Manillar M, el cl\u00e1sico para m\u00e1xima comodidad para personas hasta 180 cm. Incluye guardabarros. Cuadro de acero para m\u00e1xima resistencia y durabilidad. Plato de 50 dientes con protector. Cubiertas Schwalbe Marathon Racer Bomba de hinchado. Peso 11.8 kg Tama\u00f1o plegado: 645 mm Alto x 565 mm Largo x 270 mm Ancho Plegado en menos de 15 segundos. Fabricada a mano en Londres.","og_url":"https:\/\/www.foldingbikeshouse.com\/ca\/producto\/brompton-c-line-urban-m2l-black\/","og_site_name":"Folding Bikes House","article_publisher":"https:\/\/www.facebook.com\/foldingbikeshousebcn\/","article_modified_time":"2026-02-05T13:12:24+00:00","og_image":[{"width":960,"height":641,"url":"https:\/\/www.foldingbikeshouse.com\/wp-content\/uploads\/ges\/img\/img_17878_fd97a05c7bf064f41110dec9babd93a1_1.jpg","type":"image\/jpeg"}],"twitter_card":"summary_large_image","schema":{"@context":"https:\/\/schema.org","@graph":[{"@type":"WebPage","@id":"https:\/\/www.foldingbikeshouse.com\/ca\/producto\/brompton-c-line-urban-m2l-black\/","url":"https:\/\/www.foldingbikeshouse.com\/ca\/producto\/brompton-c-line-urban-m2l-black\/","name":"Brompton C-Line Urban M2L Black - Folding Bikes House","isPartOf":{"@id":"https:\/\/www.foldingbikeshouse.com\/ca\/#website"},"primaryImageOfPage":{"@id":"https:\/\/www.foldingbikeshouse.com\/ca\/producto\/brompton-c-line-urban-m2l-black\/#primaryimage"},"image":{"@id":"https:\/\/www.foldingbikeshouse.com\/ca\/producto\/brompton-c-line-urban-m2l-black\/#primaryimage"},"thumbnailUrl":"https:\/\/www.foldingbikeshouse.com\/wp-content\/uploads\/ges\/img\/img_17878_fd97a05c7bf064f41110dec9babd93a1_1.jpg","datePublished":"2025-01-16T12:20:57+00:00","dateModified":"2026-02-05T13:12:24+00:00","breadcrumb":{"@id":"https:\/\/www.foldingbikeshouse.com\/ca\/producto\/brompton-c-line-urban-m2l-black\/#breadcrumb"},"inLanguage":"ca","potentialAction":[{"@type":"ReadAction","target":["https:\/\/www.foldingbikeshouse.com\/ca\/producto\/brompton-c-line-urban-m2l-black\/"]}]},{"@type":"ImageObject","inLanguage":"ca","@id":"https:\/\/www.foldingbikeshouse.com\/ca\/producto\/brompton-c-line-urban-m2l-black\/#primaryimage","url":"https:\/\/www.foldingbikeshouse.com\/wp-content\/uploads\/ges\/img\/img_17878_fd97a05c7bf064f41110dec9babd93a1_1.jpg","contentUrl":"https:\/\/www.foldingbikeshouse.com\/wp-content\/uploads\/ges\/img\/img_17878_fd97a05c7bf064f41110dec9babd93a1_1.jpg","width":960,"height":641},{"@type":"BreadcrumbList","@id":"https:\/\/www.foldingbikeshouse.com\/ca\/producto\/brompton-c-line-urban-m2l-black\/#breadcrumb","itemListElement":[{"@type":"ListItem","position":1,"name":"Portada","item":"https:\/\/www.foldingbikeshouse.com\/ca\/"},{"@type":"ListItem","position":2,"name":"Productes","item":"https:\/\/www.foldingbikeshouse.com\/ca\/shop\/"},{"@type":"ListItem","position":3,"name":"Brompton C-Line Urban M2L Black"}]},{"@type":"WebSite","@id":"https:\/\/www.foldingbikeshouse.com\/ca\/#website","url":"https:\/\/www.foldingbikeshouse.com\/ca\/","name":"Folding Bikes House","description":"","publisher":{"@id":"https:\/\/www.foldingbikeshouse.com\/ca\/#organization"},"potentialAction":[{"@type":"SearchAction","target":{"@type":"EntryPoint","urlTemplate":"https:\/\/www.foldingbikeshouse.com\/ca\/?s={search_term_string}"},"query-input":{"@type":"PropertyValueSpecification","valueRequired":true,"valueName":"search_term_string"}}],"inLanguage":"ca"},{"@type":"Organization","@id":"https:\/\/www.foldingbikeshouse.com\/ca\/#organization","name":"Folding Bikes House","url":"https:\/\/www.foldingbikeshouse.com\/ca\/","logo":{"@type":"ImageObject","inLanguage":"ca","@id":"https:\/\/www.foldingbikeshouse.com\/ca\/#\/schema\/logo\/image\/","url":"https:\/\/www.foldingbikeshouse.com\/wp-content\/uploads\/2024\/05\/logofbh-1.png","contentUrl":"https:\/\/www.foldingbikeshouse.com\/wp-content\/uploads\/2024\/05\/logofbh-1.png","width":900,"height":900,"caption":"Folding Bikes House"},"image":{"@id":"https:\/\/www.foldingbikeshouse.com\/ca\/#\/schema\/logo\/image\/"},"sameAs":["https:\/\/www.facebook.com\/foldingbikeshousebcn\/","https:\/\/www.instagram.com\/foldingbikeshousebcn\/","https:\/\/www.youtube.com\/channel\/UC4CfEpAN0fWBp-_ca86OvuA"]}]}},"brands":[{"id":61,"name":"BROMPTON","slug":"brompton"}],"_links":{"self":[{"href":"https:\/\/www.foldingbikeshouse.com\/ca\/wp-json\/wp\/v2\/product\/65473","targetHints":{"allow":["GET"]}}],"collection":[{"href":"https:\/\/www.foldingbikeshouse.com\/ca\/wp-json\/wp\/v2\/product"}],"about":[{"href":"https:\/\/www.foldingbikeshouse.com\/ca\/wp-json\/wp\/v2\/types\/product"}],"replies":[{"embeddable":true,"href":"https:\/\/www.foldingbikeshouse.com\/ca\/wp-json\/wp\/v2\/comments?post=65473"}],"version-history":[{"count":1,"href":"https:\/\/www.foldingbikeshouse.com\/ca\/wp-json\/wp\/v2\/product\/65473\/revisions"}],"predecessor-version":[{"id":77731,"href":"https:\/\/www.foldingbikeshouse.com\/ca\/wp-json\/wp\/v2\/product\/65473\/revisions\/77731"}],"wp:featuredmedia":[{"embeddable":true,"href":"https:\/\/www.foldingbikeshouse.com\/ca\/wp-json\/wp\/v2\/media\/64786"}],"wp:attachment":[{"href":"https:\/\/www.foldingbikeshouse.com\/ca\/wp-json\/wp\/v2\/media?parent=65473"}],"wp:term":[{"taxonomy":"pwb-brand","embeddable":true,"href":"https:\/\/www.foldingbikeshouse.com\/ca\/wp-json\/wp\/v2\/pwb-brand?post=65473"},{"taxonomy":"product_brand","embeddable":true,"href":"https:\/\/www.foldingbikeshouse.com\/ca\/wp-json\/wp\/v2\/product_brand?post=65473"},{"taxonomy":"product_cat","embeddable":true,"href":"https:\/\/www.foldingbikeshouse.com\/ca\/wp-json\/wp\/v2\/product_cat?post=65473"},{"taxonomy":"product_tag","embeddable":true,"href":"https:\/\/www.foldingbikeshouse.com\/ca\/wp-json\/wp\/v2\/product_tag?post=65473"}],"curies":[{"name":"wp","href":"https:\/\/api.w.org\/{rel}","templated":true}]}}