{"id":67841,"date":"2025-11-17T10:35:26","date_gmt":"2025-11-17T09:35:26","guid":{"rendered":"https:\/\/www.foldingbikeshouse.com\/?post_type=product&#038;p=67841"},"modified":"2026-04-13T07:58:10","modified_gmt":"2026-04-13T05:58:10","slug":"brompton-c-line-electrica-h4l-amethyst-lacquer","status":"publish","type":"product","link":"https:\/\/www.foldingbikeshouse.com\/ca\/producto\/brompton-c-line-electrica-h4l-amethyst-lacquer\/","title":{"rendered":"Brompton C Line Electrica H4L Amethyst Lacquer"},"content":{"rendered":"<p>Especificaciones t\u00e9cnicas:<\/p>\n<p>-Cuadro y horquilla de acero para m\u00e1xima resistencia y durabilidad.<\/p>\n<p>-Modelo Explore 4 velocidades (H4L).<\/p>\n<p>-Manillar H, el m\u00e1s alto, ideal para personas de m\u00e1s de 180 cm.<\/p>\n<p>-Guardabarros trasero y delantero <\/p>\n<p>-Pedal izquierdo plegable<\/p>\n<p>-Sill\u00edn standard.<\/p>\n<p>-Plato de 50 dientes con protector.<\/p>\n<p>-Cubiertas Schwalbe Marathon Racer.<\/p>\n<p>-Luces delantera y trasera alimentadas por la bater\u00eda.<\/p>\n<p>-Plegado en menos de 15 segundos.<\/p>\n<p>-Peso total (bici + bater\u00eda): 17 kg.<\/p>\n<p>-Medidas plegada: 645 mm (alto) \u00d7 565 mm (largo) \u00d7 270 mm (ancho).<\/p>\n<p>-Fabricada a mano en Londres.<\/p>\n<p>Caracter\u00edsticas principales:<\/p>\n<p>-Motor trasero e-Motiq de 250W con hasta 30 Nm de empuje, ofreciendo una tracci\u00f3n m\u00e1s natural y eficiente.<\/p>\n<p>-Bater\u00eda e-Motiq de 345 Wh (36V) con autonom\u00eda de hasta 90 km y carga completa en solo 5 horas.<\/p>\n<p>-Sensor de potencia y unidad de control inteligente e-Motiq, que ajustan la asistencia seg\u00fan tu pedaleo.<\/p>\n<p>-Nuevo display en el manillar, con indicador de kilometraje, nivel de bater\u00eda y modos de asistencia.<\/p>\n<p>-Control de asistencia de arranque, para una salida suave desde el primer giro.<\/p>\n<p>-Luz delantera integrada e-Motiq y cableado interno, con un dise\u00f1o m\u00e1s limpio y mejor protegido<\/p>\n","protected":false},"excerpt":{"rendered":"<p>Especificaciones t\u00e9cnicas:<\/p>\n<p>-Cuadro y horquilla de acero para m\u00e1xima resistencia y durabilidad.<\/p>\n<p>-Modelo Explore 4 velocidades (H4L).<\/p>\n<p>-Manillar H, el m\u00e1s alto, ideal para personas de m\u00e1s de 180 cm.<\/p>\n<p>-Guardabarros trasero y delantero <\/p>\n<p>-Pedal izquierdo plegable<\/p>\n<p>-Sill\u00edn standard.<\/p>\n<p>-Plato de 50 dientes con protector.<\/p>\n<p>-Cubiertas Schwalbe Marathon Racer.<\/p>\n<p>-Luces delantera y trasera alimentadas por la bater\u00eda.<\/p>\n<p>-Plegado en menos de 15 segundos.<\/p>\n<p>-Peso total (bici + bater\u00eda): 17 kg.<\/p>\n<p>-Medidas plegada: 645 mm (alto) \u00d7 565 mm (largo) \u00d7 270 mm (ancho).<\/p>\n<p>-Fabricada a mano en Londres.<\/p>\n<p>Caracter\u00edsticas principales:<\/p>\n<p>-Motor trasero e-Motiq de 250W con hasta 30 Nm de empuje, ofreciendo una tracci\u00f3n m\u00e1s natural y eficiente.<\/p>\n<p>-Bater\u00eda e-Motiq de 345 Wh (36V) con autonom\u00eda de hasta 90 km y carga completa en solo 5 horas.<\/p>\n<p>-Sensor de potencia y unidad de control inteligente e-Motiq, que ajustan la asistencia seg\u00fan tu pedaleo.<\/p>\n<p>-Nuevo display en el manillar, con indicador de kilometraje, nivel de bater\u00eda y modos de asistencia.<\/p>\n<p>-Control de asistencia de arranque, para una salida suave desde el primer giro.<\/p>\n<p>-Luz delantera integrada e-Motiq y cableado interno, con un dise\u00f1o m\u00e1s limpio y mejor protegido<\/p>\n","protected":false},"featured_media":87959,"comment_status":"open","ping_status":"closed","template":"","meta":{"site-sidebar-layout":"default","site-content-layout":"","ast-site-content-layout":"","site-content-style":"default","site-sidebar-style":"default","ast-global-header-display":"","ast-banner-title-visibility":"","ast-main-header-display":"","ast-hfb-above-header-display":"","ast-hfb-below-header-display":"","ast-hfb-mobile-header-display":"","site-post-title":"","ast-breadcrumbs-content":"","ast-featured-img":"","footer-sml-layout":"","theme-transparent-header-meta":"","adv-header-id-meta":"","stick-header-meta":"","header-above-stick-meta":"","header-main-stick-meta":"","header-below-stick-meta":"","astra-migrate-meta-layouts":"default","ast-page-background-enabled":"default","ast-page-background-meta":{"desktop":{"background-color":"var(--ast-global-color-4)","background-image":"","background-repeat":"repeat","background-position":"center center","background-size":"auto","background-attachment":"scroll","background-type":"","background-media":"","overlay-type":"","overlay-color":"","overlay-gradient":""},"tablet":{"background-color":"","background-image":"","background-repeat":"repeat","background-position":"center center","background-size":"auto","background-attachment":"scroll","background-type":"","background-media":"","overlay-type":"","overlay-color":"","overlay-gradient":""},"mobile":{"background-color":"","background-image":"","background-repeat":"repeat","background-position":"center center","background-size":"auto","background-attachment":"scroll","background-type":"","background-media":"","overlay-type":"","overlay-color":"","overlay-gradient":""}},"ast-content-background-meta":{"desktop":{"background-color":"var(--ast-global-color-5)","background-image":"","background-repeat":"repeat","background-position":"center center","background-size":"auto","background-attachment":"scroll","background-type":"","background-media":"","overlay-type":"","overlay-color":"","overlay-gradient":""},"tablet":{"background-color":"var(--ast-global-color-5)","background-image":"","background-repeat":"repeat","background-position":"center center","background-size":"auto","background-attachment":"scroll","background-type":"","background-media":"","overlay-type":"","overlay-color":"","overlay-gradient":""},"mobile":{"background-color":"var(--ast-global-color-5)","background-image":"","background-repeat":"repeat","background-position":"center center","background-size":"auto","background-attachment":"scroll","background-type":"","background-media":"","overlay-type":"","overlay-color":"","overlay-gradient":""}}},"pwb-brand":[61],"product_brand":[],"product_cat":[173,174,190],"product_tag":[],"class_list":{"0":"post-67841","1":"product","2":"type-product","3":"status-publish","4":"has-post-thumbnail","6":"pwb-brand-brompton","7":"product_cat-bicicletas","8":"product_cat-bicicletas-bicicletas-brompton","9":"product_cat-bicicletas-bicicletas-bromptonc-line-electrica","10":"desktop-align-left","11":"tablet-align-left","12":"mobile-align-left","13":"ast-product-gallery-layout-first-image-large","14":"ast-product-gallery-with-no-image","15":"ast-product-tabs-layout-horizontal","17":"first","18":"outofstock","19":"taxable","20":"shipping-taxable","21":"purchasable","22":"product-type-simple"},"yoast_head":"<!-- This site is optimized with the Yoast SEO plugin v27.4 - https:\/\/yoast.com\/product\/yoast-seo-wordpress\/ -->\n<title>Brompton C Line Electrica H4L Amethyst Lacquer - Folding Bikes House<\/title>\n<meta name=\"robots\" content=\"index, follow, max-snippet:-1, max-image-preview:large, max-video-preview:-1\" \/>\n<link rel=\"canonical\" href=\"https:\/\/www.foldingbikeshouse.com\/ca\/producto\/brompton-c-line-electrica-h4l-amethyst-lacquer\/\" \/>\n<meta property=\"og:locale\" content=\"ca_ES\" \/>\n<meta property=\"og:type\" content=\"article\" \/>\n<meta property=\"og:title\" content=\"Brompton C Line Electrica H4L Amethyst Lacquer - Folding Bikes House\" \/>\n<meta property=\"og:description\" content=\"Especificaciones t\u00e9cnicas: -Cuadro y horquilla de acero para m\u00e1xima resistencia y durabilidad. -Modelo Explore 4 velocidades (H4L). -Manillar H, el m\u00e1s alto, ideal para personas de m\u00e1s de 180 cm. -Guardabarros trasero y delantero  -Pedal izquierdo plegable -Sill\u00edn standard. -Plato de 50 dientes con protector. -Cubiertas Schwalbe Marathon Racer. -Luces delantera y trasera alimentadas por la bater\u00eda. -Plegado en menos de 15 segundos. -Peso total (bici + bater\u00eda): 17 kg. -Medidas plegada: 645 mm (alto) \u00d7 565 mm (largo) \u00d7 270 mm (ancho). -Fabricada a mano en Londres. Caracter\u00edsticas principales: -Motor trasero e-Motiq de 250W con hasta 30 Nm de empuje, ofreciendo una tracci\u00f3n m\u00e1s natural y eficiente. -Bater\u00eda e-Motiq de 345 Wh (36V) con autonom\u00eda de hasta 90 km y carga completa en solo 5 horas. -Sensor de potencia y unidad de control inteligente e-Motiq, que ajustan la asistencia seg\u00fan tu pedaleo. -Nuevo display en el manillar, con indicador de kilometraje, nivel de bater\u00eda y modos de asistencia. -Control de asistencia de arranque, para una salida suave desde el primer giro. -Luz delantera integrada e-Motiq y cableado interno, con un dise\u00f1o m\u00e1s limpio y mejor protegido\" \/>\n<meta property=\"og:url\" content=\"https:\/\/www.foldingbikeshouse.com\/ca\/producto\/brompton-c-line-electrica-h4l-amethyst-lacquer\/\" \/>\n<meta property=\"og:site_name\" content=\"Folding Bikes House\" \/>\n<meta property=\"article:publisher\" content=\"https:\/\/www.facebook.com\/foldingbikeshousebcn\/\" \/>\n<meta property=\"article:modified_time\" content=\"2026-04-13T05:58:10+00:00\" \/>\n<meta property=\"og:image\" content=\"https:\/\/www.foldingbikeshouse.com\/wp-content\/uploads\/ges\/img\/img_17987_c4fe21ed31f2e7b499265555c068f3fc_1.jpg\" \/>\n\t<meta property=\"og:image:width\" content=\"799\" \/>\n\t<meta property=\"og:image:height\" content=\"533\" \/>\n\t<meta property=\"og:image:type\" content=\"image\/jpeg\" \/>\n<meta name=\"twitter:card\" content=\"summary_large_image\" \/>\n<meta name=\"twitter:label1\" content=\"Temps estimat de lectura\" \/>\n\t<meta name=\"twitter:data1\" content=\"1 minut\" \/>\n<script type=\"application\/ld+json\" class=\"yoast-schema-graph\">{\"@context\":\"https:\\\/\\\/schema.org\",\"@graph\":[{\"@type\":\"WebPage\",\"@id\":\"https:\\\/\\\/www.foldingbikeshouse.com\\\/ca\\\/producto\\\/brompton-c-line-electrica-h4l-amethyst-lacquer\\\/\",\"url\":\"https:\\\/\\\/www.foldingbikeshouse.com\\\/ca\\\/producto\\\/brompton-c-line-electrica-h4l-amethyst-lacquer\\\/\",\"name\":\"Brompton C Line Electrica H4L Amethyst Lacquer - Folding Bikes House\",\"isPartOf\":{\"@id\":\"https:\\\/\\\/www.foldingbikeshouse.com\\\/ca\\\/#website\"},\"primaryImageOfPage\":{\"@id\":\"https:\\\/\\\/www.foldingbikeshouse.com\\\/ca\\\/producto\\\/brompton-c-line-electrica-h4l-amethyst-lacquer\\\/#primaryimage\"},\"image\":{\"@id\":\"https:\\\/\\\/www.foldingbikeshouse.com\\\/ca\\\/producto\\\/brompton-c-line-electrica-h4l-amethyst-lacquer\\\/#primaryimage\"},\"thumbnailUrl\":\"https:\\\/\\\/www.foldingbikeshouse.com\\\/wp-content\\\/uploads\\\/ges\\\/img\\\/img_18195_a689b778d413e48d97127cef2ba0db58_1.jpg\",\"datePublished\":\"2025-11-17T09:35:26+00:00\",\"dateModified\":\"2026-04-13T05:58:10+00:00\",\"breadcrumb\":{\"@id\":\"https:\\\/\\\/www.foldingbikeshouse.com\\\/ca\\\/producto\\\/brompton-c-line-electrica-h4l-amethyst-lacquer\\\/#breadcrumb\"},\"inLanguage\":\"ca\",\"potentialAction\":[{\"@type\":\"ReadAction\",\"target\":[\"https:\\\/\\\/www.foldingbikeshouse.com\\\/ca\\\/producto\\\/brompton-c-line-electrica-h4l-amethyst-lacquer\\\/\"]}]},{\"@type\":\"ImageObject\",\"inLanguage\":\"ca\",\"@id\":\"https:\\\/\\\/www.foldingbikeshouse.com\\\/ca\\\/producto\\\/brompton-c-line-electrica-h4l-amethyst-lacquer\\\/#primaryimage\",\"url\":\"https:\\\/\\\/www.foldingbikeshouse.com\\\/wp-content\\\/uploads\\\/ges\\\/img\\\/img_18195_a689b778d413e48d97127cef2ba0db58_1.jpg\",\"contentUrl\":\"https:\\\/\\\/www.foldingbikeshouse.com\\\/wp-content\\\/uploads\\\/ges\\\/img\\\/img_18195_a689b778d413e48d97127cef2ba0db58_1.jpg\",\"width\":800,\"height\":533},{\"@type\":\"BreadcrumbList\",\"@id\":\"https:\\\/\\\/www.foldingbikeshouse.com\\\/ca\\\/producto\\\/brompton-c-line-electrica-h4l-amethyst-lacquer\\\/#breadcrumb\",\"itemListElement\":[{\"@type\":\"ListItem\",\"position\":1,\"name\":\"Portada\",\"item\":\"https:\\\/\\\/www.foldingbikeshouse.com\\\/ca\\\/\"},{\"@type\":\"ListItem\",\"position\":2,\"name\":\"Productes\",\"item\":\"https:\\\/\\\/www.foldingbikeshouse.com\\\/ca\\\/shop\\\/\"},{\"@type\":\"ListItem\",\"position\":3,\"name\":\"Brompton C Line Electrica H4L Amethyst Lacquer\"}]},{\"@type\":\"WebSite\",\"@id\":\"https:\\\/\\\/www.foldingbikeshouse.com\\\/ca\\\/#website\",\"url\":\"https:\\\/\\\/www.foldingbikeshouse.com\\\/ca\\\/\",\"name\":\"Folding Bikes House\",\"description\":\"\",\"publisher\":{\"@id\":\"https:\\\/\\\/www.foldingbikeshouse.com\\\/ca\\\/#organization\"},\"potentialAction\":[{\"@type\":\"SearchAction\",\"target\":{\"@type\":\"EntryPoint\",\"urlTemplate\":\"https:\\\/\\\/www.foldingbikeshouse.com\\\/ca\\\/?s={search_term_string}\"},\"query-input\":{\"@type\":\"PropertyValueSpecification\",\"valueRequired\":true,\"valueName\":\"search_term_string\"}}],\"inLanguage\":\"ca\"},{\"@type\":\"Organization\",\"@id\":\"https:\\\/\\\/www.foldingbikeshouse.com\\\/ca\\\/#organization\",\"name\":\"Folding Bikes House\",\"url\":\"https:\\\/\\\/www.foldingbikeshouse.com\\\/ca\\\/\",\"logo\":{\"@type\":\"ImageObject\",\"inLanguage\":\"ca\",\"@id\":\"https:\\\/\\\/www.foldingbikeshouse.com\\\/ca\\\/#\\\/schema\\\/logo\\\/image\\\/\",\"url\":\"https:\\\/\\\/www.foldingbikeshouse.com\\\/wp-content\\\/uploads\\\/2024\\\/05\\\/logofbh-1.png\",\"contentUrl\":\"https:\\\/\\\/www.foldingbikeshouse.com\\\/wp-content\\\/uploads\\\/2024\\\/05\\\/logofbh-1.png\",\"width\":900,\"height\":900,\"caption\":\"Folding Bikes House\"},\"image\":{\"@id\":\"https:\\\/\\\/www.foldingbikeshouse.com\\\/ca\\\/#\\\/schema\\\/logo\\\/image\\\/\"},\"sameAs\":[\"https:\\\/\\\/www.facebook.com\\\/foldingbikeshousebcn\\\/\",\"https:\\\/\\\/www.instagram.com\\\/foldingbikeshousebcn\\\/\",\"https:\\\/\\\/www.youtube.com\\\/channel\\\/UC4CfEpAN0fWBp-_ca86OvuA\"]}]}<\/script>\n<!-- \/ Yoast SEO plugin. -->","yoast_head_json":{"title":"Brompton C Line Electrica H4L Amethyst Lacquer - Folding Bikes House","robots":{"index":"index","follow":"follow","max-snippet":"max-snippet:-1","max-image-preview":"max-image-preview:large","max-video-preview":"max-video-preview:-1"},"canonical":"https:\/\/www.foldingbikeshouse.com\/ca\/producto\/brompton-c-line-electrica-h4l-amethyst-lacquer\/","og_locale":"ca_ES","og_type":"article","og_title":"Brompton C Line Electrica H4L Amethyst Lacquer - Folding Bikes House","og_description":"Especificaciones t\u00e9cnicas: -Cuadro y horquilla de acero para m\u00e1xima resistencia y durabilidad. -Modelo Explore 4 velocidades (H4L). -Manillar H, el m\u00e1s alto, ideal para personas de m\u00e1s de 180 cm. -Guardabarros trasero y delantero  -Pedal izquierdo plegable -Sill\u00edn standard. -Plato de 50 dientes con protector. -Cubiertas Schwalbe Marathon Racer. -Luces delantera y trasera alimentadas por la bater\u00eda. -Plegado en menos de 15 segundos. -Peso total (bici + bater\u00eda): 17 kg. -Medidas plegada: 645 mm (alto) \u00d7 565 mm (largo) \u00d7 270 mm (ancho). -Fabricada a mano en Londres. Caracter\u00edsticas principales: -Motor trasero e-Motiq de 250W con hasta 30 Nm de empuje, ofreciendo una tracci\u00f3n m\u00e1s natural y eficiente. -Bater\u00eda e-Motiq de 345 Wh (36V) con autonom\u00eda de hasta 90 km y carga completa en solo 5 horas. -Sensor de potencia y unidad de control inteligente e-Motiq, que ajustan la asistencia seg\u00fan tu pedaleo. -Nuevo display en el manillar, con indicador de kilometraje, nivel de bater\u00eda y modos de asistencia. -Control de asistencia de arranque, para una salida suave desde el primer giro. -Luz delantera integrada e-Motiq y cableado interno, con un dise\u00f1o m\u00e1s limpio y mejor protegido","og_url":"https:\/\/www.foldingbikeshouse.com\/ca\/producto\/brompton-c-line-electrica-h4l-amethyst-lacquer\/","og_site_name":"Folding Bikes House","article_publisher":"https:\/\/www.facebook.com\/foldingbikeshousebcn\/","article_modified_time":"2026-04-13T05:58:10+00:00","og_image":[{"width":799,"height":533,"url":"https:\/\/www.foldingbikeshouse.com\/wp-content\/uploads\/ges\/img\/img_17987_c4fe21ed31f2e7b499265555c068f3fc_1.jpg","type":"image\/jpeg"}],"twitter_card":"summary_large_image","twitter_misc":{"Temps estimat de lectura":"1 minut"},"schema":{"@context":"https:\/\/schema.org","@graph":[{"@type":"WebPage","@id":"https:\/\/www.foldingbikeshouse.com\/ca\/producto\/brompton-c-line-electrica-h4l-amethyst-lacquer\/","url":"https:\/\/www.foldingbikeshouse.com\/ca\/producto\/brompton-c-line-electrica-h4l-amethyst-lacquer\/","name":"Brompton C Line Electrica H4L Amethyst Lacquer - Folding Bikes House","isPartOf":{"@id":"https:\/\/www.foldingbikeshouse.com\/ca\/#website"},"primaryImageOfPage":{"@id":"https:\/\/www.foldingbikeshouse.com\/ca\/producto\/brompton-c-line-electrica-h4l-amethyst-lacquer\/#primaryimage"},"image":{"@id":"https:\/\/www.foldingbikeshouse.com\/ca\/producto\/brompton-c-line-electrica-h4l-amethyst-lacquer\/#primaryimage"},"thumbnailUrl":"https:\/\/www.foldingbikeshouse.com\/wp-content\/uploads\/ges\/img\/img_18195_a689b778d413e48d97127cef2ba0db58_1.jpg","datePublished":"2025-11-17T09:35:26+00:00","dateModified":"2026-04-13T05:58:10+00:00","breadcrumb":{"@id":"https:\/\/www.foldingbikeshouse.com\/ca\/producto\/brompton-c-line-electrica-h4l-amethyst-lacquer\/#breadcrumb"},"inLanguage":"ca","potentialAction":[{"@type":"ReadAction","target":["https:\/\/www.foldingbikeshouse.com\/ca\/producto\/brompton-c-line-electrica-h4l-amethyst-lacquer\/"]}]},{"@type":"ImageObject","inLanguage":"ca","@id":"https:\/\/www.foldingbikeshouse.com\/ca\/producto\/brompton-c-line-electrica-h4l-amethyst-lacquer\/#primaryimage","url":"https:\/\/www.foldingbikeshouse.com\/wp-content\/uploads\/ges\/img\/img_18195_a689b778d413e48d97127cef2ba0db58_1.jpg","contentUrl":"https:\/\/www.foldingbikeshouse.com\/wp-content\/uploads\/ges\/img\/img_18195_a689b778d413e48d97127cef2ba0db58_1.jpg","width":800,"height":533},{"@type":"BreadcrumbList","@id":"https:\/\/www.foldingbikeshouse.com\/ca\/producto\/brompton-c-line-electrica-h4l-amethyst-lacquer\/#breadcrumb","itemListElement":[{"@type":"ListItem","position":1,"name":"Portada","item":"https:\/\/www.foldingbikeshouse.com\/ca\/"},{"@type":"ListItem","position":2,"name":"Productes","item":"https:\/\/www.foldingbikeshouse.com\/ca\/shop\/"},{"@type":"ListItem","position":3,"name":"Brompton C Line Electrica H4L Amethyst Lacquer"}]},{"@type":"WebSite","@id":"https:\/\/www.foldingbikeshouse.com\/ca\/#website","url":"https:\/\/www.foldingbikeshouse.com\/ca\/","name":"Folding Bikes House","description":"","publisher":{"@id":"https:\/\/www.foldingbikeshouse.com\/ca\/#organization"},"potentialAction":[{"@type":"SearchAction","target":{"@type":"EntryPoint","urlTemplate":"https:\/\/www.foldingbikeshouse.com\/ca\/?s={search_term_string}"},"query-input":{"@type":"PropertyValueSpecification","valueRequired":true,"valueName":"search_term_string"}}],"inLanguage":"ca"},{"@type":"Organization","@id":"https:\/\/www.foldingbikeshouse.com\/ca\/#organization","name":"Folding Bikes House","url":"https:\/\/www.foldingbikeshouse.com\/ca\/","logo":{"@type":"ImageObject","inLanguage":"ca","@id":"https:\/\/www.foldingbikeshouse.com\/ca\/#\/schema\/logo\/image\/","url":"https:\/\/www.foldingbikeshouse.com\/wp-content\/uploads\/2024\/05\/logofbh-1.png","contentUrl":"https:\/\/www.foldingbikeshouse.com\/wp-content\/uploads\/2024\/05\/logofbh-1.png","width":900,"height":900,"caption":"Folding Bikes House"},"image":{"@id":"https:\/\/www.foldingbikeshouse.com\/ca\/#\/schema\/logo\/image\/"},"sameAs":["https:\/\/www.facebook.com\/foldingbikeshousebcn\/","https:\/\/www.instagram.com\/foldingbikeshousebcn\/","https:\/\/www.youtube.com\/channel\/UC4CfEpAN0fWBp-_ca86OvuA"]}]}},"brands":[{"id":61,"name":"BROMPTON","slug":"brompton"}],"_links":{"self":[{"href":"https:\/\/www.foldingbikeshouse.com\/ca\/wp-json\/wp\/v2\/product\/67841","targetHints":{"allow":["GET"]}}],"collection":[{"href":"https:\/\/www.foldingbikeshouse.com\/ca\/wp-json\/wp\/v2\/product"}],"about":[{"href":"https:\/\/www.foldingbikeshouse.com\/ca\/wp-json\/wp\/v2\/types\/product"}],"replies":[{"embeddable":true,"href":"https:\/\/www.foldingbikeshouse.com\/ca\/wp-json\/wp\/v2\/comments?post=67841"}],"version-history":[{"count":0,"href":"https:\/\/www.foldingbikeshouse.com\/ca\/wp-json\/wp\/v2\/product\/67841\/revisions"}],"wp:featuredmedia":[{"embeddable":true,"href":"https:\/\/www.foldingbikeshouse.com\/ca\/wp-json\/wp\/v2\/media\/87959"}],"wp:attachment":[{"href":"https:\/\/www.foldingbikeshouse.com\/ca\/wp-json\/wp\/v2\/media?parent=67841"}],"wp:term":[{"taxonomy":"pwb-brand","embeddable":true,"href":"https:\/\/www.foldingbikeshouse.com\/ca\/wp-json\/wp\/v2\/pwb-brand?post=67841"},{"taxonomy":"product_brand","embeddable":true,"href":"https:\/\/www.foldingbikeshouse.com\/ca\/wp-json\/wp\/v2\/product_brand?post=67841"},{"taxonomy":"product_cat","embeddable":true,"href":"https:\/\/www.foldingbikeshouse.com\/ca\/wp-json\/wp\/v2\/product_cat?post=67841"},{"taxonomy":"product_tag","embeddable":true,"href":"https:\/\/www.foldingbikeshouse.com\/ca\/wp-json\/wp\/v2\/product_tag?post=67841"}],"curies":[{"name":"wp","href":"https:\/\/api.w.org\/{rel}","templated":true}]}}